{"id":3078,"date":"2025-09-03T11:56:41","date_gmt":"2025-09-03T09:56:41","guid":{"rendered":"https:\/\/camping-parfums-ete.fr\/tourisme-vendee\/chateau-de-talmont\/"},"modified":"2025-09-24T11:14:31","modified_gmt":"2025-09-24T09:14:31","slug":"chateau-de-talmont","status":"publish","type":"page","link":"https:\/\/camping-parfums-ete.fr\/nl\/toerisme-vendee\/chateau-de-talmont\/","title":{"rendered":"Kasteel van Talmont-Saint-Hilaire"},"content":{"rendered":"\n<p>Als je op zoek bent naar een gedenkwaardig uitje tijdens je kampeervakantie, mis dan een bezoek aan het majestueuze<strong> Ch\u00e2teau de Talmont in Talmont-Saint-Hilaire<\/strong> niet. Op slechts 15 minuten rijden van uw rustige verblijf op de <a href=\"https:\/\/camping-parfums-ete.fr\/camping-talmont-saint-hilaire\/\">4-sterrencamping bij Talmont-Saint-Hilaire<\/a> belooft dit uitstapje een verrijkend en boeiend dagje uit te worden. Profiteer van deze nabijheid om de geschiedenis in te duiken en een emblematische plek in de regio te ontdekken, terwijl u geniet van het comfort en de diensten van uw camping. Of je nu van geschiedenis houdt, van de natuur houdt of gewoon op zoek bent naar een interessante activiteit voor het hele gezin, het <strong>Ch\u00e2teau de Talmont in de Vend\u00e9e<\/strong> zal aan al je verwachtingen voldoen en je een unieke ervaring bieden.   <\/p>\n\n<h2 class=\"wp-block-heading has-custom-color-1-color has-text-color has-link-color has-retcaro-font-family wp-elements-f8488e13f7591d2992cf0f824a1e205b\" style=\"font-size:clamp(1.743rem, 1.743rem + ((1vw - 0.2rem) * 2.095), 3rem);line-height:1\">De geschiedenis van kasteel Talmont<\/h2>\n\n<p>Het kasteel van Talmont, gebouwd in de 11e eeuw, is een levende getuigenis van middeleeuwse architectuur en de tumultueuze geschiedenis van de regio. Dit versterkte kasteel, <strong>gebouwd door de machtige Willem de Kale<\/strong>, speelde een strategische rol tijdens de Godsdienstoorlogen en was het toneel van talrijke belegeringen. Door de eeuwen heen is het het toneel geweest van vele historische gebeurtenissen en heeft het vele emblematische figuren zien passeren, die de identiteit van Talmont-Saint-Hilaire hebben helpen vormen. Als je door de binnenplaatsen en vestingmuren wandelt, voel je de unieke sfeer van deze plaatsen vol geschiedenis. De imposante torens en overblijfselen van de omringende muren voeren je terug naar een vervlogen tijdperk, toen ridders en heren het land domineerden. Elke steen vertelt een verhaal, elk hoekje verbergt een geheim, waardoor je bezoek een echte onderdompeling in het verleden wordt.    <\/p>\n\n<h2 class=\"wp-block-heading has-custom-color-1-color has-text-color has-link-color has-retcaro-font-family wp-elements-3a83bfc3570bda72d97f5e2a2704f9da\" style=\"font-size:clamp(1.743rem, 1.743rem + ((1vw - 0.2rem) * 2.095), 3rem);line-height:1\">Rondleidingen en tentoonstellingen<\/h2>\n\n<p><strong>Ch\u00e2teau de Talmont<\/strong> biedt <strong>een gevarieerde bezoekerservaring voor het hele gezin<\/strong>. Geschiedenisliefhebbers kunnen hun hart ophalen bij de tentoonstellingen en reconstructies die het dagelijks leven in de middeleeuwen illustreren. Verklarende panelen beschrijven de verschillende bouwfasen en de belangrijkste gebeurtenissen in de geschiedenis van het kasteel, zodat iedereen de rijkdom van de site kan begrijpen en waarderen. Jongere bezoekers kunnen genieten van <strong>interactieve workshops<\/strong> en <strong>middeleeuwse<\/strong> activiteiten. Met deze leuke en leerzame activiteiten kunnen ze het leven in de middeleeuwen op een leuke en boeiende manier ontdekken. <strong>Rondleidingen<\/strong> zijn beschikbaar voor degenen die meer willen weten, en <strong>roofvogelshows<\/strong> geven een spectaculair tintje aan je bezoek. Tijdens de zomer biedt het kasteel ook nachtelijke bezoeken aan, wat een ander en magisch perspectief van deze historische plek biedt.      <\/p>\n\n<div class=\"wp-block-columns is-layout-flex wp-container-core-columns-is-layout-28f84493 wp-block-columns-is-layout-flex\">\n<div class=\"wp-block-column is-layout-flow wp-block-column-is-layout-flow\">\n<figure class=\"wp-block-image size-full\"><img decoding=\"async\" width=\"900\" height=\"600\" src=\"https:\/\/camping-parfums-ete.fr\/wp-content\/uploads\/2025\/09\/blog-1-vendee-chateau-talmont-1.webp\" alt=\"blog verkoop kasteel talmont\" class=\"wp-image-1822\" style=\"object-fit:cover\" srcset=\"https:\/\/camping-parfums-ete.fr\/wp-content\/uploads\/2025\/09\/blog-1-vendee-chateau-talmont-1.webp 900w, https:\/\/camping-parfums-ete.fr\/wp-content\/uploads\/2025\/09\/blog-1-vendee-chateau-talmont-1-300x200.webp 300w, https:\/\/camping-parfums-ete.fr\/wp-content\/uploads\/2025\/09\/blog-1-vendee-chateau-talmont-1-768x512.webp 768w\" sizes=\"(max-width: 900px) 100vw, 900px\" \/><\/figure>\n<\/div>\n\n\n\n<div class=\"wp-block-column is-layout-flow wp-block-column-is-layout-flow\">\n<figure class=\"wp-block-image size-full\"><img decoding=\"async\" width=\"900\" height=\"600\" src=\"https:\/\/camping-parfums-ete.fr\/wp-content\/uploads\/2025\/09\/blog-1-vendee-chateau-talmont-2.webp\" alt=\"blog verkoop kasteel talmont\" class=\"wp-image-1825\" srcset=\"https:\/\/camping-parfums-ete.fr\/wp-content\/uploads\/2025\/09\/blog-1-vendee-chateau-talmont-2.webp 900w, https:\/\/camping-parfums-ete.fr\/wp-content\/uploads\/2025\/09\/blog-1-vendee-chateau-talmont-2-300x200.webp 300w, https:\/\/camping-parfums-ete.fr\/wp-content\/uploads\/2025\/09\/blog-1-vendee-chateau-talmont-2-768x512.webp 768w\" sizes=\"(max-width: 900px) 100vw, 900px\" \/><\/figure>\n<\/div>\n<\/div>\n\n<div class=\"wp-block-group has-custom-color-1-color has-custom-color-2-background-color has-text-color has-background has-link-color wp-elements-25b24ff8c2cec2868ca2279d5a032f15 has-global-padding is-layout-constrained wp-container-core-group-is-layout-0d0226ac wp-block-group-is-layout-constrained\" style=\"border-left-width:5px;padding-top:20px;padding-right:20px;padding-bottom:20px;padding-left:20px\">\n<p class=\"has-base-2-color has-text-color has-link-color wp-elements-fec33feb4ad2a267d70a141b456fd8b3\"><strong>Praktische informatie:<\/strong> Afstand van de camping: <em>7 km<\/em><\/p>\n<\/div>\n\n<div class=\"wp-block-buttons is-layout-flex wp-block-buttons-is-layout-flex\">\n<div class=\"wp-block-button btn-2 is-style-outline is-style-outline--1\"><a class=\"wp-block-button__link has-custom-color-3-color has-text-color has-link-color has-border-color has-custom-color-3-border-color has-custom-font-size wp-element-button\" href=\"https:\/\/chateaudetalmont.com\/\" style=\"border-width:2px;border-radius:0px;padding-top:10px;padding-right:30px;padding-bottom:10px;padding-left:30px;font-size:clamp(14.642px, 0.915rem + ((1vw - 3.2px) * 0.766), 22px);font-style:normal;font-weight:600\">Openingstijden en prijzen<\/a><\/div>\n<\/div>\n\n<div style=\"height:20px\" aria-hidden=\"true\" class=\"wp-block-spacer gt-hide-mobile\"><\/div>\n\n<h2 class=\"wp-block-heading has-custom-color-1-color has-text-color has-link-color has-retcaro-font-family wp-elements-7ddcef6c16d2e28eb1ea82ed04609e45\" style=\"font-size:clamp(1.743rem, 1.743rem + ((1vw - 0.2rem) * 2.095), 3rem);line-height:1\">Uw kampeervakantie in de buurt van Talmont-Saint-Hilaire<\/h2>\n\n<p>Na een dag vol ontdekkingen keer je terug naar de rust en het comfort van camping Les Parfums d&#8217;\u00c9t\u00e9. Deze 4-sterrencamping ligt aan zee en is de ideale keuze voor een ontspannende en verkwikkende vakantie. Geniet van het zwembad om af te koelen of ontspan midden in de natuur in een rustige en serene omgeving. Of je nu kiest voor een traditionele kampeerplaats of voor het comfort van een Stacaravan, je zult genieten van alle voorzieningen die je nodig hebt voor een aangenaam verblijf. Op camping Les Parfums d&#8217;\u00c9t\u00e9 heerst een gezellige en familiale sfeer. Genesteld in een groene omgeving, biedt het de perfecte plek om te ontspannen na je culturele ontdekkingen. Dankzij de <strong>nabijheid van het Ch\u00e2teau de Talmont<\/strong> kunt u ontspanning combineren met ontdekkingen, wat uw vakantie nog aangenamer maakt. Door te kiezen voor <strong>camping Les Parfums d&#8217;\u00c9t\u00e9 in de buurt van Talmont-Saint-Hilaire<\/strong>, kies je voor een unieke ervaring die natuur, comfort en historisch erfgoed combineert.       <\/p>\n","protected":false},"excerpt":{"rendered":"<p>Als je op zoek bent naar een gedenkwaardig uitje tijdens je kampeervakantie, mis dan een bezoek aan het majestueuze Ch\u00e2teau de Talmont in Talmont-Saint-Hilaire niet. Op slechts 15 minuten rijden van uw rustige verblijf op de 4-sterrencamping bij Talmont-Saint-Hilaire belooft dit uitstapje een verrijkend en boeiend dagje uit te worden. Profiteer van deze nabijheid om [&hellip;]<\/p>\n","protected":false},"author":1,"featured_media":3079,"parent":2857,"menu_order":0,"comment_status":"closed","ping_status":"closed","template":"wp-custom-template-sous-pages-blog-articles","meta":{"_acf_changed":false,"_seopress_robots_primary_cat":"","_seopress_titles_title":"Ch\u00e2teau de Talmont - Middeleeuwse bezoeken en evenementen in de buurt van de camping in de Vend\u00e9e","_seopress_titles_desc":"Ontdek Ch\u00e2teau de Talmont, een 11e-eeuws middeleeuws fort in Talmont-Saint-Hilaire. Rondleidingen, evenementen en schattenjachten voor het hele gezin. Op 30 minuten van camping Parfums d'\u00c9t\u00e9.  ","_seopress_robots_index":"","_gt_ctv_global_id":"","_gt_ctv_id_group":false,"inline_featured_image":false,"gt_fse_maillage_image":"https:\/\/camping-parfums-ete.fr\/wp-content\/uploads\/2025\/09\/blog-1-vendee-chateau-talmont.webp","gt_fse_maillage_titre":"Kasteel van Talmont-Saint-Hilaireauto","gt_fse_maillage_alt":"Kasteel van Talmont-Saint-Hilaire","gt_fse_maillage_resume":"","footnotes":""},"categories":[],"tags":[],"class_list":["post-3078","page","type-page","status-publish","has-post-thumbnail","hentry"],"acf":[],"_links":{"self":[{"href":"https:\/\/camping-parfums-ete.fr\/nl\/wp-json\/wp\/v2\/pages\/3078","targetHints":{"allow":["GET"]}}],"collection":[{"href":"https:\/\/camping-parfums-ete.fr\/nl\/wp-json\/wp\/v2\/pages"}],"about":[{"href":"https:\/\/camping-parfums-ete.fr\/nl\/wp-json\/wp\/v2\/types\/page"}],"author":[{"embeddable":true,"href":"https:\/\/camping-parfums-ete.fr\/nl\/wp-json\/wp\/v2\/users\/1"}],"replies":[{"embeddable":true,"href":"https:\/\/camping-parfums-ete.fr\/nl\/wp-json\/wp\/v2\/comments?post=3078"}],"version-history":[{"count":0,"href":"https:\/\/camping-parfums-ete.fr\/nl\/wp-json\/wp\/v2\/pages\/3078\/revisions"}],"up":[{"embeddable":true,"href":"https:\/\/camping-parfums-ete.fr\/nl\/wp-json\/wp\/v2\/pages\/2857"}],"wp:featuredmedia":[{"embeddable":true,"href":"https:\/\/camping-parfums-ete.fr\/nl\/wp-json\/wp\/v2\/media\/3079"}],"wp:attachment":[{"href":"https:\/\/camping-parfums-ete.fr\/nl\/wp-json\/wp\/v2\/media?parent=3078"}],"wp:term":[{"taxonomy":"category","embeddable":true,"href":"https:\/\/camping-parfums-ete.fr\/nl\/wp-json\/wp\/v2\/categories?post=3078"},{"taxonomy":"post_tag","embeddable":true,"href":"https:\/\/camping-parfums-ete.fr\/nl\/wp-json\/wp\/v2\/tags?post=3078"}],"curies":[{"name":"wp","href":"https:\/\/api.w.org\/{rel}","templated":true}]}}