{"id":3067,"date":"2025-09-03T12:12:47","date_gmt":"2025-09-03T10:12:47","guid":{"rendered":"https:\/\/camping-parfums-ete.fr\/tourisme-vendee\/chateau-des-aventuriers\/"},"modified":"2025-09-24T11:14:31","modified_gmt":"2025-09-24T09:14:31","slug":"chateau-des-aventuriers","status":"publish","type":"page","link":"https:\/\/camping-parfums-ete.fr\/nl\/toerisme-vendee\/chateau-des-aventuriers\/","title":{"rendered":"Kasteel van de avonturiers"},"content":{"rendered":"\n<p>Op zoek naar een leuk park om met het hele gezin naartoe te gaan? Het Ch\u00e2teau des Aventuriers ligt op slechts een paar kilometer van camping La Ventouse. Een ideaal park om de geschiedenis te leren kennen en tegelijkertijd plezier te maken!  <\/p>\n\n<p><strong>Er zijn 4 routes gekoppeld aan verschillende tijdperken:<\/strong><\/p>\n\n<ul class=\"wp-block-list\">\n<li><strong>De schat van de piraat<\/strong>: ga op een gigantische schattenjacht in de kasteeltuinen. Ben jij slim en vindingrijk genoeg om de 20 raadsels op te lossen en de aanwijzingen te vinden? <\/li>\n\n\n\n<li><strong>Het spookhuis<\/strong>: Als je eenmaal over de drempel van het huis bent gestapt, is er geen weg meer terug: om verder te komen en te ontsnappen, dagen de spoken je uit om hun valstrikken te verijdelen en hun raadsels op te lossen.<\/li>\n\n\n\n<li><strong>Van dinosaurussen tot de prehistorie<\/strong>: ontdek augmented reality. Je wordt direct teruggevoerd naar de tijd van de dinosauri\u00ebrs en leert over alle wezens die jarenlang op aarde leefden. <\/li>\n\n\n\n<li><strong>Kasteelonderzoek<\/strong>: Gebruik je smartphone of tablet in het kasteel om terug te gaan naar 1907 en deel te nemen aan een augmented reality detectiveverhaal! Los de raadsels \u00e9\u00e9n voor \u00e9\u00e9n op om de aanwijzingen te vinden en het mysterie van de dood van Ma\u00eetre Fichu op te lossen. <\/li>\n<\/ul>\n\n<p>Kom voor meer informatie naar de receptie van de camping of bezoek hun website. Je vindt er alle informatie die je nodig hebt om je bezoek voor te bereiden <a href=\"https:\/\/www.chateau-aventuriers.com\/\">www.chateau-aventuriers.com<\/a> <\/p>\n","protected":false},"excerpt":{"rendered":"<p>Op zoek naar een leuk park om met het hele gezin naartoe te gaan? Het Ch\u00e2teau des Aventuriers ligt op slechts een paar kilometer van camping La Ventouse. Een ideaal park om de geschiedenis te leren kennen en tegelijkertijd plezier te maken! Er zijn 4 routes gekoppeld aan verschillende tijdperken: Kom voor meer informatie naar [&hellip;]<\/p>\n","protected":false},"author":1,"featured_media":3068,"parent":2857,"menu_order":0,"comment_status":"closed","ping_status":"closed","template":"wp-custom-template-sous-pages-blog-articles","meta":{"_acf_changed":false,"_seopress_robots_primary_cat":"","_seopress_titles_title":"Ch\u00e2teau des Aventuriers - Pretpark in Vend\u00e9e","_seopress_titles_desc":"Geniet van een gezinsavontuur in het Ch\u00e2teau des Aventuriers: schattenjacht, augmented reality en historische puzzels. Gelegen in de buurt van camping Parfums d'\u00c9t\u00e9. ","_seopress_robots_index":"","_gt_ctv_global_id":"","_gt_ctv_id_group":false,"inline_featured_image":false,"gt_fse_maillage_image":"https:\/\/camping-parfums-ete.fr\/wp-content\/uploads\/2025\/09\/blog-1-Chateau-des-aventuriers.webp","gt_fse_maillage_titre":"Kasteel van de avonturiers","gt_fse_maillage_alt":"Kasteel van de avonturiers","gt_fse_maillage_resume":"","footnotes":""},"categories":[],"tags":[],"class_list":["post-3067","page","type-page","status-publish","has-post-thumbnail","hentry"],"acf":[],"_links":{"self":[{"href":"https:\/\/camping-parfums-ete.fr\/nl\/wp-json\/wp\/v2\/pages\/3067","targetHints":{"allow":["GET"]}}],"collection":[{"href":"https:\/\/camping-parfums-ete.fr\/nl\/wp-json\/wp\/v2\/pages"}],"about":[{"href":"https:\/\/camping-parfums-ete.fr\/nl\/wp-json\/wp\/v2\/types\/page"}],"author":[{"embeddable":true,"href":"https:\/\/camping-parfums-ete.fr\/nl\/wp-json\/wp\/v2\/users\/1"}],"replies":[{"embeddable":true,"href":"https:\/\/camping-parfums-ete.fr\/nl\/wp-json\/wp\/v2\/comments?post=3067"}],"version-history":[{"count":0,"href":"https:\/\/camping-parfums-ete.fr\/nl\/wp-json\/wp\/v2\/pages\/3067\/revisions"}],"up":[{"embeddable":true,"href":"https:\/\/camping-parfums-ete.fr\/nl\/wp-json\/wp\/v2\/pages\/2857"}],"wp:featuredmedia":[{"embeddable":true,"href":"https:\/\/camping-parfums-ete.fr\/nl\/wp-json\/wp\/v2\/media\/3068"}],"wp:attachment":[{"href":"https:\/\/camping-parfums-ete.fr\/nl\/wp-json\/wp\/v2\/media?parent=3067"}],"wp:term":[{"taxonomy":"category","embeddable":true,"href":"https:\/\/camping-parfums-ete.fr\/nl\/wp-json\/wp\/v2\/categories?post=3067"},{"taxonomy":"post_tag","embeddable":true,"href":"https:\/\/camping-parfums-ete.fr\/nl\/wp-json\/wp\/v2\/tags?post=3067"}],"curies":[{"name":"wp","href":"https:\/\/api.w.org\/{rel}","templated":true}]}}