{"id":3062,"date":"2025-09-03T12:20:47","date_gmt":"2025-09-03T10:20:47","guid":{"rendered":"https:\/\/camping-parfums-ete.fr\/tourisme-vendee\/haras-de-vendee\/"},"modified":"2025-09-24T11:14:33","modified_gmt":"2025-09-24T09:14:33","slug":"haras-de-vendee","status":"publish","type":"page","link":"https:\/\/camping-parfums-ete.fr\/nl\/toerisme-vendee\/haras-de-vendee\/","title":{"rendered":"Haras de Vend\u00e9e"},"content":{"rendered":"\n<p>In het hart van La Roche sur Yon, een park van 4,5 hectare waar je je passie voor paarden kunt delen en hun cultuur kunt leren kennen, met creatieve ruitershows, een conservatorium met paarden uit de hele wereld en de expertise van de zadelmakers en hoefsmeden van de National Stud.<br\/><\/p>\n\n<div class=\"wp-block-group has-custom-color-1-color has-custom-color-2-background-color has-text-color has-background has-link-color wp-elements-c59615e8b8242696b7a6fe5b1d43303b has-global-padding is-layout-constrained wp-container-core-group-is-layout-0d0226ac wp-block-group-is-layout-constrained\" style=\"border-left-width:5px;padding-top:20px;padding-right:20px;padding-bottom:20px;padding-left:20px\">\n<p class=\"has-base-2-color has-text-color has-link-color wp-elements-66452b89a111c68a063c51781330bb02\"><strong>Praktische informatie:<\/strong> Afstand van de camping: 35 km<\/p>\n<\/div>\n\n<div style=\"height:20px\" aria-hidden=\"true\" class=\"wp-block-spacer gt-hide-mobile\"><\/div>\n\n<div class=\"wp-block-buttons is-layout-flex wp-block-buttons-is-layout-flex\">\n<div class=\"wp-block-button btn-2 is-style-outline is-style-outline--1\"><a class=\"wp-block-button__link has-custom-color-3-color has-text-color has-link-color has-border-color has-custom-color-3-border-color has-custom-font-size wp-element-button\" href=\"https:\/\/nossites.vendee.fr\/haras-de-la-vendee\" style=\"border-width:2px;border-radius:0px;padding-top:10px;padding-right:30px;padding-bottom:10px;padding-left:30px;font-size:clamp(14.642px, 0.915rem + ((1vw - 3.2px) * 0.766), 22px);font-style:normal;font-weight:600\">Openingstijden en prijzen<\/a><\/div>\n<\/div>\n","protected":false},"excerpt":{"rendered":"<p>In het hart van La Roche sur Yon, een park van 4,5 hectare waar je je passie voor paarden kunt delen en hun cultuur kunt leren kennen, met creatieve ruitershows, een conservatorium met paarden uit de hele wereld en de expertise van de zadelmakers en hoefsmeden van de National Stud. Praktische informatie: Afstand van de [&hellip;]<\/p>\n","protected":false},"author":1,"featured_media":3063,"parent":2857,"menu_order":21,"comment_status":"closed","ping_status":"closed","template":"wp-custom-template-sous-pages-blog-articles","meta":{"_acf_changed":false,"_seopress_robots_primary_cat":"","_seopress_titles_title":"Haras de Vend\u00e9e - Fokkerij en ruitershows in La Roche-sur-Yon","_seopress_titles_desc":"De Haras de Vend\u00e9e, op 30 minuten van camping Parfums d'\u00c9t\u00e9, biedt paardenshows en rondleidingen door de faciliteiten.","_seopress_robots_index":"","_gt_ctv_global_id":"","_gt_ctv_id_group":false,"inline_featured_image":false,"gt_fse_maillage_image":"https:\/\/camping-parfums-ete.fr\/wp-content\/uploads\/2025\/09\/blog-1-haras-de-vendee.webp","gt_fse_maillage_titre":"Haras de Vend\u00e9e","gt_fse_maillage_alt":"Haras de Vend\u00e9e","gt_fse_maillage_resume":"","footnotes":""},"categories":[],"tags":[],"class_list":["post-3062","page","type-page","status-publish","has-post-thumbnail","hentry"],"acf":[],"_links":{"self":[{"href":"https:\/\/camping-parfums-ete.fr\/nl\/wp-json\/wp\/v2\/pages\/3062","targetHints":{"allow":["GET"]}}],"collection":[{"href":"https:\/\/camping-parfums-ete.fr\/nl\/wp-json\/wp\/v2\/pages"}],"about":[{"href":"https:\/\/camping-parfums-ete.fr\/nl\/wp-json\/wp\/v2\/types\/page"}],"author":[{"embeddable":true,"href":"https:\/\/camping-parfums-ete.fr\/nl\/wp-json\/wp\/v2\/users\/1"}],"replies":[{"embeddable":true,"href":"https:\/\/camping-parfums-ete.fr\/nl\/wp-json\/wp\/v2\/comments?post=3062"}],"version-history":[{"count":0,"href":"https:\/\/camping-parfums-ete.fr\/nl\/wp-json\/wp\/v2\/pages\/3062\/revisions"}],"up":[{"embeddable":true,"href":"https:\/\/camping-parfums-ete.fr\/nl\/wp-json\/wp\/v2\/pages\/2857"}],"wp:featuredmedia":[{"embeddable":true,"href":"https:\/\/camping-parfums-ete.fr\/nl\/wp-json\/wp\/v2\/media\/3063"}],"wp:attachment":[{"href":"https:\/\/camping-parfums-ete.fr\/nl\/wp-json\/wp\/v2\/media?parent=3062"}],"wp:term":[{"taxonomy":"category","embeddable":true,"href":"https:\/\/camping-parfums-ete.fr\/nl\/wp-json\/wp\/v2\/categories?post=3062"},{"taxonomy":"post_tag","embeddable":true,"href":"https:\/\/camping-parfums-ete.fr\/nl\/wp-json\/wp\/v2\/tags?post=3062"}],"curies":[{"name":"wp","href":"https:\/\/api.w.org\/{rel}","templated":true}]}}