{"id":2995,"date":"2025-08-04T15:21:12","date_gmt":"2025-08-04T13:21:12","guid":{"rendered":"https:\/\/camping-parfums-ete.fr\/camping-piscine-chauffee-jard-sur-mer\/"},"modified":"2025-09-24T09:11:44","modified_gmt":"2025-09-24T07:11:44","slug":"camping-verwarmd-zwembad-jard-sur-mer","status":"publish","type":"page","link":"https:\/\/camping-parfums-ete.fr\/nl\/camping-verwarmd-zwembad-jard-sur-mer\/","title":{"rendered":"Zwembad"},"content":{"rendered":"\n<div class=\"wp-block-group title-breadcrumb has-global-padding is-layout-constrained wp-container-core-group-is-layout-e82caa68 wp-block-group-is-layout-constrained\" style=\"padding-top:8rem;padding-right:5rem;padding-bottom:8rem;padding-left:5rem\">\n<div class=\"wp-block-group is-horizontal is-content-justification-center is-layout-flex wp-container-core-group-is-layout-7d41eec0 wp-block-group-is-layout-flex\">\n<p class=\"has-text-align-center has-custom-color-1-color has-text-color has-link-color wp-elements-368ca4addeacb3c609646d5f8af25f97\"><a href=\"https:\/\/camping-parfums-ete.fr\/nl\/\" data-type=\"page\" data-id=\"5\">Camping Parfums d&#8217;\u00e9t\u00e9<\/a> &gt;<\/p>\n\n\n<p class=\"has-text-align-center has-custom-color-1-color has-text-color has-link-color\">Zwembad<\/p>\n<\/div>\n\n\n\n<h1 class=\"wp-block-heading has-text-align-center has-custom-color-1-color has-text-color has-link-color has-retcaro-font-family wp-elements-ac364f65573905bfe30ed4e898b52562\" style=\"font-size:clamp(1.743rem, 1.743rem + ((1vw - 0.2rem) * 2.095), 3rem);line-height:1\">Camping met verwarmd Zwembad in de Vend\u00e9e<\/h1>\n<\/div>\n\n<div class=\"wp-block-group gt_1-cta-1photofull_003 has-global-padding is-layout-constrained wp-container-core-group-is-layout-4480ce65 wp-block-group-is-layout-constrained\" style=\"margin-top:0;margin-bottom:0\">\n<div data-swiper=\"{&quot;speed&quot;:1000,&quot;autoplay&quot;:{&quot;delay&quot;:5000,&quot;disableOnInteraction&quot;:false},&quot;spaceBetween&quot;:0,&quot;slidesPerView&quot;:1,&quot;pagination&quot;:{&quot;el&quot;:&quot;.swiper-pagination&quot;,&quot;dynamicBullets&quot;:true,&quot;clickable&quot;:true,&quot;type&quot;:&quot;bullets&quot;},&quot;navigation&quot;:{&quot;nextEl&quot;:&quot;.swiper-button-next&quot;,&quot;prevEl&quot;:&quot;.swiper-button-prev&quot;},&quot;breakpoints&quot;:[{&quot;slidesPerView&quot;:1}]}\" class=\"wp-block-cover\" style=\"padding-top:0px;padding-right:0px;padding-bottom:0px;padding-left:0px\"><img decoding=\"async\" width=\"2560\" height=\"1707\" class=\"wp-block-cover__image-background wp-image-2385 size-full\" alt=\"Piscine Parfum d ete\" src=\"https:\/\/camping-parfums-ete.fr\/wp-content\/uploads\/2025\/09\/Piscine_Parfum_d_ete-scaled.jpg\" data-object-fit=\"cover\" srcset=\"https:\/\/camping-parfums-ete.fr\/wp-content\/uploads\/2025\/09\/Piscine_Parfum_d_ete-scaled.jpg 2560w, https:\/\/camping-parfums-ete.fr\/wp-content\/uploads\/2025\/09\/Piscine_Parfum_d_ete-300x200.jpg 300w, https:\/\/camping-parfums-ete.fr\/wp-content\/uploads\/2025\/09\/Piscine_Parfum_d_ete-1024x683.jpg 1024w, https:\/\/camping-parfums-ete.fr\/wp-content\/uploads\/2025\/09\/Piscine_Parfum_d_ete-768x512.jpg 768w, https:\/\/camping-parfums-ete.fr\/wp-content\/uploads\/2025\/09\/Piscine_Parfum_d_ete-1536x1024.jpg 1536w, https:\/\/camping-parfums-ete.fr\/wp-content\/uploads\/2025\/09\/Piscine_Parfum_d_ete-2048x1365.jpg 2048w\" sizes=\"(max-width: 2560px) 100vw, 2560px\" \/><span aria-hidden=\"true\" class=\"wp-block-cover__background has-background-dim\" style=\"background-color:#666d6b\"><\/span><div class=\"wp-block-cover__inner-container has-global-padding is-layout-constrained wp-container-core-cover-is-layout-f5c98baf wp-block-cover-is-layout-constrained\">\n<div class=\"wp-block-columns is-layout-flex wp-container-core-columns-is-layout-28f84493 wp-block-columns-is-layout-flex\">\n<div class=\"wp-block-column has-custom-color-2-background-color has-background is-layout-flow wp-block-column-is-layout-flow\" style=\"padding-top:10.31em;padding-right:8.69em;padding-bottom:10.31em;padding-left:8.69em;flex-basis:50%\">\n<h2 class=\"wp-block-heading has-base-2-color has-text-color has-link-color has-retcaro-font-family wp-elements-7061db07963aee89c0693c6e6e1d8c15\" style=\"font-size:clamp(1.743rem, 1.743rem + ((1vw - 0.2rem) * 2.095), 3rem);line-height:1\">Neem een duik in het verwarmde Zwembad van Jard-sur-Mer<\/h2>\n\n\n\n<div style=\"height:20px\" aria-hidden=\"true\" class=\"wp-block-spacer gt-hide-mobile\"><\/div>\n\n\n\n<p class=\"has-base-2-color has-text-color has-link-color wp-elements-4dc8e898de91263a58c4101a86ec7439\">Kom en ontdek onze camping met verwarmd Zwembad in de Vend\u00e9e, met <strong>water van 28\u00b0C<\/strong>, ideaal om te ontspannen in de zon. <\/p>\n\n\n\n<p class=\"has-base-2-color has-text-color has-link-color wp-elements-192119beec10eea622c01c6cd5cc6b4e\">Of je nu wilt zwemmen, ontspannen of plezier maken met de familie, ons Zwembad is de perfecte plek om wat quality time door te brengen. Een deel van het zwembad is ook uitgerust met een schaduwzeil, dat een koelere plek biedt voor degenen die zich liever beschermen tegen de zon terwijl ze dicht bij het water blijven. <\/p>\n\n\n\n<p class=\"has-base-2-color has-text-color has-link-color wp-elements-ac680b54e93da4d2bed81a656b84b039\">Het zwembad is elke dag geopend van 9 tot 19 uur en wacht op je voor een <strong>verfrissende en ontspannende ervaring<\/strong> tijdens je verblijf. Kom en geniet van elke dag! <\/p>\n<\/div>\n<\/div>\n<\/div><\/div>\n<\/div>\n\n<div class=\"wp-block-group gt_1-cta-1photo_002 inverse has-global-padding is-layout-constrained wp-container-core-group-is-layout-d6554d75 wp-block-group-is-layout-constrained\" style=\"margin-top:0px;margin-bottom:0px\">\n<div class=\"wp-block-columns are-vertically-aligned-center is-layout-flex wp-container-core-columns-is-layout-33ba964e wp-block-columns-is-layout-flex\">\n<div class=\"wp-block-column is-vertically-aligned-center image has-custom-color-4-background-color has-background is-layout-flow wp-block-column-is-layout-flow\" style=\"padding-top:8rem;padding-bottom:8rem;flex-basis:50%\">\n<figure class=\"wp-block-image size-full\"><img decoding=\"async\" width=\"2560\" height=\"1707\" src=\"https:\/\/camping-parfums-ete.fr\/wp-content\/uploads\/2025\/09\/Patougeoire_Camping_Parfum_d_ete_-scaled.jpg\" alt=\"Camping Parfum d'ete\" class=\"wp-image-2392\" srcset=\"https:\/\/camping-parfums-ete.fr\/wp-content\/uploads\/2025\/09\/Patougeoire_Camping_Parfum_d_ete_-scaled.jpg 2560w, https:\/\/camping-parfums-ete.fr\/wp-content\/uploads\/2025\/09\/Patougeoire_Camping_Parfum_d_ete_-300x200.jpg 300w, https:\/\/camping-parfums-ete.fr\/wp-content\/uploads\/2025\/09\/Patougeoire_Camping_Parfum_d_ete_-1024x683.jpg 1024w, https:\/\/camping-parfums-ete.fr\/wp-content\/uploads\/2025\/09\/Patougeoire_Camping_Parfum_d_ete_-768x512.jpg 768w, https:\/\/camping-parfums-ete.fr\/wp-content\/uploads\/2025\/09\/Patougeoire_Camping_Parfum_d_ete_-1536x1024.jpg 1536w, https:\/\/camping-parfums-ete.fr\/wp-content\/uploads\/2025\/09\/Patougeoire_Camping_Parfum_d_ete_-2048x1365.jpg 2048w\" sizes=\"(max-width: 2560px) 100vw, 2560px\" \/><\/figure>\n<\/div>\n\n\n\n<div class=\"wp-block-column is-vertically-aligned-center content is-layout-flow wp-block-column-is-layout-flow\" style=\"padding-top:8rem;padding-bottom:8em;padding-left:8rem;flex-basis:50%\">\n<h2 class=\"wp-block-heading has-custom-color-1-color has-text-color has-link-color has-retcaro-font-family wp-elements-d78ef8149b407033c73a7cb8fd7eec2f\" style=\"font-size:clamp(1.743rem, 1.743rem + ((1vw - 0.2rem) * 2.095), 3rem);line-height:1\">Het pierenbad om het plezier van water te ontdekken<\/h2>\n\n\n\n<div style=\"height:20px\" aria-hidden=\"true\" class=\"wp-block-spacer gt-hide-mobile\"><\/div>\n\n\n\n<p>Ontdek het <strong>pierenbadje<\/strong> op onze <a href=\"https:\/\/camping-parfums-ete.fr\/nl\/\" data-type=\"page\" data-id=\"5\">camping in Jard-sur-Mer<\/a>, speciaal ontworpen voor peuters, een veilige en leuke plek waar je kinderen zich in alle rust kunnen vermaken.<\/p>\n\n\n\n<p>Met ondiep, geschikt water is het pierenbad de ideale plek voor kinderen van 0 tot 6 jaar om te spelen, te spetteren en af te koelen onder het toeziend oog van hun ouders.<\/p>\n\n\n\n<p> Het ligt naast het hoofdzwembad, zodat jongere kinderen <strong>veilig van het water kunnen genieten<\/strong>. Het is elke dag geopend van 9.00 tot 19.00 uur en is de perfecte plek voor plezier en lachen met het hele gezin. <\/p>\n\n\n\n<div style=\"height:20px\" aria-hidden=\"true\" class=\"wp-block-spacer gt-hide-mobile\"><\/div>\n\n\n\n<div class=\"wp-block-buttons is-layout-flex wp-block-buttons-is-layout-flex\">\n<div class=\"wp-block-button btn-2 is-style-outline is-style-outline--1\"><a class=\"wp-block-button__link has-custom-color-1-color has-text-color has-link-color has-border-color has-custom-color-3-border-color has-custom-font-size wp-element-button\" style=\"border-width:2px;border-radius:0px;padding-top:10px;padding-right:30px;padding-bottom:10px;padding-left:30px;font-size:clamp(14.642px, 0.915rem + ((1vw - 3.2px) * 0.766), 22px);font-style:normal;font-weight:600\">Ontdekken<\/a><\/div>\n<\/div>\n<\/div>\n<\/div>\n<\/div>\n\n<div class=\"wp-block-group contenu-simple has-custom-color-1-background-color has-background has-global-padding is-layout-constrained wp-container-core-group-is-layout-d16f4fc3 wp-block-group-is-layout-constrained\" style=\"padding-top:6rem;padding-bottom:6rem;background-image:url(&apos;https:\/\/camping-parfums-ete.fr\/wp-content\/uploads\/2025\/08\/bouquet-footer.svg&apos;);background-position:50% 50%;background-repeat:no-repeat;background-size:contain;background-attachment:scroll;\">\n<div class=\"wp-block-columns are-vertically-aligned-center is-layout-flex wp-container-core-columns-is-layout-89b078ac wp-block-columns-is-layout-flex\">\n<div class=\"wp-block-column is-vertically-aligned-center is-layout-flow wp-block-column-is-layout-flow\" style=\"flex-basis:66.66%\">\n<h2 class=\"wp-block-heading has-base-2-color has-text-color has-link-color has-retcaro-font-family wp-elements-08200f7d3fd9ec9f7c44c3f8f06e2838\" style=\"font-size:clamp(1.743rem, 1.743rem + ((1vw - 0.2rem) * 2.095), 3rem);line-height:1\">Ontspannen onder de zon van de Vend\u00e9e op de ligstoelen bij het Zwembad<\/h2>\n\n\n\n<div style=\"height:20px\" aria-hidden=\"true\" class=\"wp-block-spacer gt-hide-mobile\"><\/div>\n\n\n\n<p class=\"has-base-2-color has-text-color has-link-color wp-elements-1b40b0452aa8221f043c9deb1b21bc6a\">Gun jezelf een moment van puur <strong>nietsdoen<\/strong> in de zon van de Vend\u00e9e, comfortabel zittend op een van onze <strong>ligstoelen in het Zwembad<\/strong>. Profiteer van onze ontspanningsruimte waar ligstoelen vrij toegankelijk zijn voor al onze vakantiegangers, zonder voorafgaande Boeking.  <\/p>\n\n\n\n<p class=\"has-base-2-color has-text-color has-link-color wp-elements-ad83b0d67a9a5047330cabb336812240\">Je kunt je ontspannen onder de <strong>schaduwzeilen <\/strong>, die voor een aangename koelte zorgen, terwijl je geniet van een ontspannen duik in het zwembad, dat verwarmd is tot 28\u00b0C. Of je nu houdt van zonnebaden of zwemmen, ons zwembad is de ideale plek om te ontspannen en volop te genieten van de geneugten van de zomer in de Vend\u00e9e. <\/p>\n<\/div>\n\n\n\n<div class=\"wp-block-column is-vertically-aligned-center is-layout-flow wp-block-column-is-layout-flow\" style=\"flex-basis:33.33%\">\n<figure class=\"wp-block-image size-full\"><img decoding=\"async\" width=\"1627\" height=\"1705\" src=\"https:\/\/camping-parfums-ete.fr\/wp-content\/uploads\/2025\/09\/Transats_Camping_Parfum_d_ete-scaled-e1758007737734.jpg\" alt=\"Ligstoelen Camping Parfum d'ete\" class=\"wp-image-2397\" style=\"aspect-ratio:1;object-fit:cover\" srcset=\"https:\/\/camping-parfums-ete.fr\/wp-content\/uploads\/2025\/09\/Transats_Camping_Parfum_d_ete-scaled-e1758007737734.jpg 1627w, https:\/\/camping-parfums-ete.fr\/wp-content\/uploads\/2025\/09\/Transats_Camping_Parfum_d_ete-scaled-e1758007737734-286x300.jpg 286w, https:\/\/camping-parfums-ete.fr\/wp-content\/uploads\/2025\/09\/Transats_Camping_Parfum_d_ete-scaled-e1758007737734-977x1024.jpg 977w, https:\/\/camping-parfums-ete.fr\/wp-content\/uploads\/2025\/09\/Transats_Camping_Parfum_d_ete-scaled-e1758007737734-768x805.jpg 768w, https:\/\/camping-parfums-ete.fr\/wp-content\/uploads\/2025\/09\/Transats_Camping_Parfum_d_ete-scaled-e1758007737734-1466x1536.jpg 1466w\" sizes=\"(max-width: 1627px) 100vw, 1627px\" \/><\/figure>\n<\/div>\n<\/div>\n<\/div>\n\n<div class=\"wp-block-group bloc-maillage has-custom-color-2-background-color has-background has-global-padding is-layout-constrained wp-container-core-group-is-layout-d71674b8 wp-block-group-is-layout-constrained\" style=\"padding-top:8rem;padding-right:8rem;padding-bottom:8rem;padding-left:8rem\">\n<p class=\"has-text-align-center has-base-2-color has-text-color has-link-color has-retcaro-font-family wp-elements-3dadddad5a11b5477368f6c477131df6\" style=\"font-size:clamp(1.743rem, 1.743rem + ((1vw - 0.2rem) * 2.095), 3rem);line-height:1\">Ontdek onze activiteiten, accommodaties en diensten<\/p>\n\n\n\n<div style=\"height:80px\" aria-hidden=\"true\" class=\"wp-block-spacer gt-show-mobile\"><\/div>\n\n\n\n<div class=\"wp-block-group maillage is-layout-flow wp-block-group-is-layout-flow\">\n<div class=\"wp-block-query alignfull is-layout-flow wp-block-query-is-layout-flow\"><ul class=\"columns-3 wp-block-post-template is-layout-grid wp-container-core-post-template-is-layout-572542b5 wp-block-post-template-is-layout-grid\"><li class=\"wp-block-post post-2816 page type-page status-publish has-post-thumbnail hentry\">\n\n<div class=\"wp-block-group overflow-hidden gt-maillage has-global-padding is-layout-constrained wp-block-group-is-layout-constrained\">\n<figure class=\"wp-block-image gt-maillage__image\"><img decoding=\"async\" src=\"https:\/\/camping-parfums-ete.fr\/wp-content\/uploads\/2025\/09\/activites-camping-scaled.jpg\" alt=\"camping activiteiten\" style=\"aspect-ratio:3\/4;object-fit:cover\"\/><\/figure>\n\n\n\n<p class=\"has-text-align-left gt-maillage__title gt-btn-arrow has-base-2-color has-text-color has-link-color has-basteleur-font-family wp-elements-c3fce88dbfe2f55436b5c55d179b053b\" style=\"border-right-style:none;border-right-width:0px;border-bottom-style:none;border-bottom-width:0px;padding-right:1rem;font-size:clamp(1.403rem, 1.403rem + ((1vw - 0.2rem) * 1.495), 2.3rem);font-style:normal;font-weight:500;text-transform:none\">Activiteiten<\/p>\n\n\n<a class=\"is-style-lien-cover wp-block-read-more\" href=\"https:\/\/camping-parfums-ete.fr\/nl\/camping-activiteiten-animatie-jard-sur-mer\/\" target=\"_self\">Lees verder<span class=\"screen-reader-text\">: Activiteiten<\/span><\/a><\/div>\n\n<\/li><li class=\"wp-block-post post-3009 page type-page status-publish has-post-thumbnail hentry\">\n\n<div class=\"wp-block-group overflow-hidden gt-maillage has-global-padding is-layout-constrained wp-block-group-is-layout-constrained\">\n<figure class=\"wp-block-image gt-maillage__image\"><img decoding=\"async\" src=\"https:\/\/camping-parfums-ete.fr\/wp-content\/uploads\/2025\/08\/Mobil-home-Loggia-32m\u00b2-.jpg\" alt=\"Stacaravan Loggia m\u00b2 (m\u00b2)  \" style=\"aspect-ratio:3\/4;object-fit:cover\"\/><\/figure>\n\n\n\n<p class=\"has-text-align-left gt-maillage__title gt-btn-arrow has-base-2-color has-text-color has-link-color has-basteleur-font-family wp-elements-c3fce88dbfe2f55436b5c55d179b053b\" style=\"border-right-style:none;border-right-width:0px;border-bottom-style:none;border-bottom-width:0px;padding-right:1rem;font-size:clamp(1.403rem, 1.403rem + ((1vw - 0.2rem) * 1.495), 2.3rem);font-style:normal;font-weight:500;text-transform:none\">Accommodaties<\/p>\n\n\n<a class=\"is-style-lien-cover wp-block-read-more\" href=\"https:\/\/camping-parfums-ete.fr\/nl\/verhuur-stacaravan-bijzondere-accommodatie-jard-sur-mer\/\" target=\"_self\">Lees verder<span class=\"screen-reader-text\">: Accommodaties<\/span><\/a><\/div>\n\n<\/li><li class=\"wp-block-post post-2780 page type-page status-publish has-post-thumbnail hentry\">\n\n<div class=\"wp-block-group overflow-hidden gt-maillage has-global-padding is-layout-constrained wp-block-group-is-layout-constrained\">\n<figure class=\"wp-block-image gt-maillage__image\"><img decoding=\"async\" src=\"https:\/\/camping-parfums-ete.fr\/wp-content\/uploads\/2025\/09\/Ginguette_Camping_Parfum_d_ete-scaled.jpg\" alt=\"Camping Parfum d&apos;ete\" style=\"aspect-ratio:3\/4;object-fit:cover\"\/><\/figure>\n\n\n\n<p class=\"has-text-align-left gt-maillage__title gt-btn-arrow has-base-2-color has-text-color has-link-color has-basteleur-font-family wp-elements-c3fce88dbfe2f55436b5c55d179b053b\" style=\"border-right-style:none;border-right-width:0px;border-bottom-style:none;border-bottom-width:0px;padding-right:1rem;font-size:clamp(1.403rem, 1.403rem + ((1vw - 0.2rem) * 1.495), 2.3rem);font-style:normal;font-weight:500;text-transform:none\">Diensten<\/p>\n\n\n<a class=\"is-style-lien-cover wp-block-read-more\" href=\"https:\/\/camping-parfums-ete.fr\/nl\/camping-diensten-gasthuis-jard-sur-mer\/\" target=\"_self\">Lees verder<span class=\"screen-reader-text\">: Diensten<\/span><\/a><\/div>\n\n<\/li><\/ul><\/div>\n<\/div>\n<\/div>\n","protected":false},"excerpt":{"rendered":"<p>Camping Parfums d&#8217;\u00e9t\u00e9 &gt; Camping met verwarmd Zwembad in de Vend\u00e9e Het pierenbad om het plezier van water te ontdekken Ontdek het pierenbadje op onze camping in Jard-sur-Mer, speciaal ontworpen voor peuters, een veilige en leuke plek waar je kinderen zich in alle rust kunnen vermaken. Met ondiep, geschikt water is het pierenbad de ideale [&hellip;]<\/p>\n","protected":false},"author":1,"featured_media":3001,"parent":0,"menu_order":0,"comment_status":"closed","ping_status":"closed","template":"","meta":{"_acf_changed":false,"_seopress_robots_primary_cat":"","_seopress_titles_title":"Camping met verwarmd zwembad bij Jard-sur-Mer | Zwembad Vend\u00e9e","_seopress_titles_desc":"Camping met verwarmd Zwembad bij Jard-sur-Mer in de Vend\u00e9e. Geniet van water van 28\u00b0C, een pierenbad voor kinderen en een ontspanningsruimte met ligstoelen. Een heerlijke gezinsvakantie aan zee!  ","_seopress_robots_index":"","_gt_ctv_global_id":"","_gt_ctv_id_group":false,"inline_featured_image":false,"gt_fse_maillage_image":"https:\/\/camping-parfums-ete.fr\/wp-content\/uploads\/2025\/09\/Piscine_Parfum_d_ete-scaled.jpg","gt_fse_maillage_titre":"Zwembad","gt_fse_maillage_alt":"Zomer geur Zwembad","gt_fse_maillage_resume":"","footnotes":""},"categories":[],"tags":[],"class_list":["post-2995","page","type-page","status-publish","has-post-thumbnail","hentry"],"acf":[],"_links":{"self":[{"href":"https:\/\/camping-parfums-ete.fr\/nl\/wp-json\/wp\/v2\/pages\/2995","targetHints":{"allow":["GET"]}}],"collection":[{"href":"https:\/\/camping-parfums-ete.fr\/nl\/wp-json\/wp\/v2\/pages"}],"about":[{"href":"https:\/\/camping-parfums-ete.fr\/nl\/wp-json\/wp\/v2\/types\/page"}],"author":[{"embeddable":true,"href":"https:\/\/camping-parfums-ete.fr\/nl\/wp-json\/wp\/v2\/users\/1"}],"replies":[{"embeddable":true,"href":"https:\/\/camping-parfums-ete.fr\/nl\/wp-json\/wp\/v2\/comments?post=2995"}],"version-history":[{"count":0,"href":"https:\/\/camping-parfums-ete.fr\/nl\/wp-json\/wp\/v2\/pages\/2995\/revisions"}],"wp:featuredmedia":[{"embeddable":true,"href":"https:\/\/camping-parfums-ete.fr\/nl\/wp-json\/wp\/v2\/media\/3001"}],"wp:attachment":[{"href":"https:\/\/camping-parfums-ete.fr\/nl\/wp-json\/wp\/v2\/media?parent=2995"}],"wp:term":[{"taxonomy":"category","embeddable":true,"href":"https:\/\/camping-parfums-ete.fr\/nl\/wp-json\/wp\/v2\/categories?post=2995"},{"taxonomy":"post_tag","embeddable":true,"href":"https:\/\/camping-parfums-ete.fr\/nl\/wp-json\/wp\/v2\/tags?post=2995"}],"curies":[{"name":"wp","href":"https:\/\/api.w.org\/{rel}","templated":true}]}}