{"id":2937,"date":"2025-09-03T11:37:07","date_gmt":"2025-09-03T09:37:07","guid":{"rendered":"https:\/\/camping-parfums-ete.fr\/tourisme-vendee\/centre-de-la-prehistoire\/"},"modified":"2025-09-24T11:14:33","modified_gmt":"2025-09-24T09:14:33","slug":"centre-de-la-prehistoire","status":"publish","type":"page","link":"https:\/\/camping-parfums-ete.fr\/nl\/toerisme-vendee\/centre-de-la-prehistoire\/","title":{"rendered":"Prehisto&#8217;site du Cairn in Saint-Hilaire-la-For\u00eat"},"content":{"rendered":"\n<p>Op zoek naar een heerlijke vakantie aan de kust van de Vend\u00e9e? Ontdek op <strong>12 minuten van camping Les Parfums d&#8217;\u00e9t\u00e9<\/strong> de charmante <strong>gemeente Saint-Hilaire-la-For\u00eat<\/strong>. Met zijn gouden stranden, weelderige bossen en culturele erfgoed is deze bestemming een oase van rust. Ontdek tijdens je verblijf het <strong>park Pr\u00e9histo&#8217;site du Cairn<\/strong> en zijn museum, een leuk en fascinerend bezoek, perfect om je gezinsvakantie te verrijken.   <\/p>\n\n<h2 class=\"wp-block-heading has-custom-color-1-color has-text-color has-link-color has-retcaro-font-family wp-elements-9feffbeeb922148bcf14b7494cee345f\" style=\"font-size:clamp(1.743rem, 1.743rem + ((1vw - 0.2rem) * 2.095), 3rem);line-height:1\">De Cairn prehistorisch park<\/h2>\n\n<p><strong>Pr\u00e9histo&#8217;site du Cairn<\/strong>, gelegen <em>aan de Rue de la Courolle in Saint-Hilaire-la-For\u00eat<\/em>, <strong>is een themapark gewijd aan het historische erfgoed van de Vend\u00e9e<\/strong> uit de prehistorie: de <strong>beroemde menhirs en dolmens<\/strong>. De site biedt een interactieve en educatieve onderdompeling in het leven van de prehistorische mens en biedt bezoekers een unieke ervaring om dit fascinerende tijdperk te ontdekken. <\/p>\n\n<p>Het park bestaat uit verschillende themagebieden: verken <strong>de Prehistorische Tuin<\/strong>, ontdek dan het merkwaardige gebied waar menhirs worden verplaatst en het jachtgebied. De reconstructie van een dolmen en het huis uit de Bronstijd geven je een glimp van de architectuur uit die tijd. De site beschikt ook over een visgebied en een &#8220;nomadische habitat&#8221; gebied gewijd aan het ontdekken van de levensstijl van de prehistorische bevolking.  <\/p>\n\n<p>Doe mee aan de verschillende workshops die worden aangeboden door de teams van het park, zoals sieraden maken of de workshop houtskooltekenen, perfect om je creativiteit de vrije loop te laten.<\/p>\n\n<figure class=\"wp-block-image aligncenter size-full is-resized is-style-default\" style=\"margin-right:0;margin-left:0\"><img decoding=\"async\" width=\"900\" height=\"601\" src=\"https:\/\/camping-parfums-ete.fr\/wp-content\/uploads\/2025\/09\/blog-1-Prehisto-site-du-Cairn-Saint-Hilaire-la-Foret-1.webp\" alt=\"blog Prehisto site du Cairn Saint Hilaire la Foret\" class=\"wp-image-1803\" style=\"width:600px\" srcset=\"https:\/\/camping-parfums-ete.fr\/wp-content\/uploads\/2025\/09\/blog-1-Prehisto-site-du-Cairn-Saint-Hilaire-la-Foret-1.webp 900w, https:\/\/camping-parfums-ete.fr\/wp-content\/uploads\/2025\/09\/blog-1-Prehisto-site-du-Cairn-Saint-Hilaire-la-Foret-1-300x200.webp 300w, https:\/\/camping-parfums-ete.fr\/wp-content\/uploads\/2025\/09\/blog-1-Prehisto-site-du-Cairn-Saint-Hilaire-la-Foret-1-768x513.webp 768w\" sizes=\"(max-width: 900px) 100vw, 900px\" \/><\/figure>\n\n<h2 class=\"wp-block-heading has-custom-color-1-color has-text-color has-link-color has-retcaro-font-family wp-elements-65595f56f890875e00fbf9aa30c5113d\" style=\"font-size:clamp(1.743rem, 1.743rem + ((1vw - 0.2rem) * 2.095), 3rem);line-height:1\">Het Cairn Prehisto&#8217;site Museum<\/h2>\n\n<p>Het <strong>park Pr\u00e9histo&#8217;site du Cairn<\/strong> is niet zomaar een park! Het herbergt ook een interactief museum voor het hele gezin. Dit museum biedt een onderdompeling in de prehistorie en de geschiedenis van de Vend\u00e9e door middel van drie interactieve tentoonstellingszalen.  <\/p>\n\n<p>De meeslepende zaal &#8220;Reis naar de prehistorie&#8221; nodigt je uit om je onder te dompelen in het dagelijks leven van de vroege mens dankzij een groot reconstructieproject.<\/p>\n\n<p>De permanente tentoonstelling &#8220;N\u00e9andertal l&#8217;Expo&#8221; toont meer dan 90 voorwerpen (archeologische specimens, overblijfselen ontdekt in de Vend\u00e9e, afgietsels, reconstructies, illustraties, enz.) die een beter inzicht geven in de fascinerende voorouder van de Neanderthaler.<\/p>\n\n<p>Tot slot biedt de multimediaruimte &#8220;Rue des Menhirs&#8221; een verkenning van de megalieten, met 3D-reconstructies en interactieve hulpmiddelen om het plaatselijke prehistorische erfgoed te ontdekken.<\/p>\n\n<p>Het park Pr\u00e9histo&#8217;site du Cairn biedt je een verrijkend en vermakelijk dagje uit met het gezin, bij zonneschijn of regen! Het is de perfecte activiteit voor je vakantie in Saint Hilaire la For\u00eat. <\/p>\n\n<h2 class=\"wp-block-heading has-custom-color-1-color has-text-color has-link-color has-retcaro-font-family wp-elements-d2933f93e4c9678d4fb9ebb4a7a565e1\" style=\"font-size:clamp(1.743rem, 1.743rem + ((1vw - 0.2rem) * 2.095), 3rem);line-height:1\">Uw kampeervakantie in de buurt van Saint-Hilaire-la-For\u00eat<\/h2>\n\n<p>De <a href=\"https:\/\/camping-parfums-ete.fr\/camping-saint-hilaire-la-foret\/\">4-sterren camping Les Parfums d&#8217;\u00e9t\u00e9 bij Saint-Hilaire-la-For\u00eat<\/a> in Jard sur Mer is de ideale plek om de Vend\u00e9e te ontdekken. Genesteld in het hart van de natuur, tussen bos en oceaan, biedt deze camping ruime standplaatsen en comfortabele Accommodatie: stacaravans, lodges, caravans&#8230; Ons team zal er alles aan doen om u te laten verblijven in de Accommodatie die bij u en uw smaak past! <\/p>\n\n<p>Profiteer van het zwembad en de vele activiteiten voor jong en oud (jeu de boules toernooi, speeltuinen, kinderclub, enz.), maar ook van de nabijheid van de fijne zandstranden op slechts 400 m van de camping.<\/p>\n\n<p>Camping Les Parfums d&#8217;\u00c9t\u00e9 ligt vlak naast het <a href=\"https:\/\/cairn-prehistoire.com\/\" target=\"_blank\" rel=\"noreferrer noopener\">park Pr\u00e9histo&#8217;site du Cairn<\/a> en biedt een volledig dienstenpakket voor een perfecte vakantie: een snackbar en kruidenierswinkel zijn beschikbaar voor de dagelijkse behoeften, terwijl je fietsen kunt huren om de omgeving te verkennen. De camping biedt ook gratis draadloos internet, een wasserette en avondentertainment om het hele gezin te vermaken. <\/p>\n","protected":false},"excerpt":{"rendered":"<p>Op zoek naar een heerlijke vakantie aan de kust van de Vend\u00e9e? Ontdek op 12 minuten van camping Les Parfums d&#8217;\u00e9t\u00e9 de charmante gemeente Saint-Hilaire-la-For\u00eat. Met zijn gouden stranden, weelderige bossen en culturele erfgoed is deze bestemming een oase van rust. Ontdek tijdens je verblijf het park Pr\u00e9histo&#8217;site du Cairn en zijn museum, een leuk [&hellip;]<\/p>\n","protected":false},"author":1,"featured_media":2938,"parent":2857,"menu_order":0,"comment_status":"closed","ping_status":"closed","template":"wp-custom-template-sous-pages-blog-articles","meta":{"_acf_changed":false,"_seopress_robots_primary_cat":"","_seopress_titles_title":"Centre de la Pr\u00e9histoire - Tijdreizen in Grand-Pressigny","_seopress_titles_desc":"Het Centre de la Pr\u00e9histoire du Grand-Pressigny, op 1u30 van de camping Parfums d'\u00c9t\u00e9, biedt een onderdompeling in de prehistorische geschiedenis van de streek.","_seopress_robots_index":"","_gt_ctv_global_id":"","_gt_ctv_id_group":false,"inline_featured_image":false,"gt_fse_maillage_image":"https:\/\/camping-parfums-ete.fr\/wp-content\/uploads\/2025\/09\/blog-1-Prehisto-site-du-Cairn-Saint-Hilaire-la-Foret.webp","gt_fse_maillage_titre":"Prehisto'site du Cairn in Saint-Hilaire-la-For\u00eat","gt_fse_maillage_alt":"Prehisto'site du Cairn in Saint-Hilaire-la-For\u00eat","gt_fse_maillage_resume":"","footnotes":""},"categories":[],"tags":[],"class_list":["post-2937","page","type-page","status-publish","has-post-thumbnail","hentry"],"acf":[],"_links":{"self":[{"href":"https:\/\/camping-parfums-ete.fr\/nl\/wp-json\/wp\/v2\/pages\/2937","targetHints":{"allow":["GET"]}}],"collection":[{"href":"https:\/\/camping-parfums-ete.fr\/nl\/wp-json\/wp\/v2\/pages"}],"about":[{"href":"https:\/\/camping-parfums-ete.fr\/nl\/wp-json\/wp\/v2\/types\/page"}],"author":[{"embeddable":true,"href":"https:\/\/camping-parfums-ete.fr\/nl\/wp-json\/wp\/v2\/users\/1"}],"replies":[{"embeddable":true,"href":"https:\/\/camping-parfums-ete.fr\/nl\/wp-json\/wp\/v2\/comments?post=2937"}],"version-history":[{"count":0,"href":"https:\/\/camping-parfums-ete.fr\/nl\/wp-json\/wp\/v2\/pages\/2937\/revisions"}],"up":[{"embeddable":true,"href":"https:\/\/camping-parfums-ete.fr\/nl\/wp-json\/wp\/v2\/pages\/2857"}],"wp:featuredmedia":[{"embeddable":true,"href":"https:\/\/camping-parfums-ete.fr\/nl\/wp-json\/wp\/v2\/media\/2938"}],"wp:attachment":[{"href":"https:\/\/camping-parfums-ete.fr\/nl\/wp-json\/wp\/v2\/media?parent=2937"}],"wp:term":[{"taxonomy":"category","embeddable":true,"href":"https:\/\/camping-parfums-ete.fr\/nl\/wp-json\/wp\/v2\/categories?post=2937"},{"taxonomy":"post_tag","embeddable":true,"href":"https:\/\/camping-parfums-ete.fr\/nl\/wp-json\/wp\/v2\/tags?post=2937"}],"curies":[{"name":"wp","href":"https:\/\/api.w.org\/{rel}","templated":true}]}}