{"id":2928,"date":"2025-09-03T16:00:51","date_gmt":"2025-09-03T14:00:51","guid":{"rendered":"https:\/\/camping-parfums-ete.fr\/tourisme-vendee\/zoo-des-sables\/"},"modified":"2025-09-24T11:14:34","modified_gmt":"2025-09-24T09:14:34","slug":"zoo-des-sables","status":"publish","type":"page","link":"https:\/\/camping-parfums-ete.fr\/nl\/toerisme-vendee\/zoo-des-sables\/","title":{"rendered":"Dierentuin Les Sables d&#8217;Olonne"},"content":{"rendered":"\n<p>De dierentuin van Les Sables d&#8217;Olonne, de op \u00e9\u00e9n na grootste toeristische trekpleister van de Vend\u00e9e, is een groen eiland van 3 hectare met een ecologische roeping. Er is een milieubeleid opgesteld om de negatieve invloed op het milieu te beperken: compostering, gebruik van gerecycled materiaal, beperking van het gebruik van giftige producten &#8230;.. <\/p>\n\n<p>In een natuurlijke, groene omgeving leven bijna 360 dieren van zo&#8217;n vijftig bedreigde diersoorten: giraffen, panda&#8217;s, leeuwen, gibbons en papegaaien.<\/p>\n\n<div class=\"wp-block-group has-custom-color-1-color has-custom-color-2-background-color has-text-color has-background has-link-color wp-elements-dc59c0040fc9e269b6788d1cd38b6142 has-global-padding is-layout-constrained wp-container-core-group-is-layout-0d0226ac wp-block-group-is-layout-constrained\" style=\"border-left-width:5px;padding-top:20px;padding-right:20px;padding-bottom:20px;padding-left:20px\">\n<p class=\"has-base-2-color has-text-color has-link-color wp-elements-ce2c218f95835a403e89162956f05222\"><strong>Praktische informatie:<\/strong> Afstand van de camping: 19 km<\/p>\n<\/div>\n\n<div style=\"height:20px\" aria-hidden=\"true\" class=\"wp-block-spacer gt-hide-mobile\"><\/div>\n\n<div class=\"wp-block-buttons is-layout-flex wp-block-buttons-is-layout-flex\">\n<div class=\"wp-block-button btn-2 is-style-outline is-style-outline--1\"><a class=\"wp-block-button__link has-custom-color-3-color has-text-color has-link-color has-border-color has-custom-color-3-border-color has-custom-font-size wp-element-button\" href=\"https:\/\/www.zoodessables.fr\/\" style=\"border-width:2px;border-radius:0px;padding-top:10px;padding-right:30px;padding-bottom:10px;padding-left:30px;font-size:clamp(14.642px, 0.915rem + ((1vw - 3.2px) * 0.766), 22px);font-style:normal;font-weight:600\">Openingstijden en prijzen<\/a><\/div>\n<\/div>\n","protected":false},"excerpt":{"rendered":"<p>De dierentuin van Les Sables d&#8217;Olonne, de op \u00e9\u00e9n na grootste toeristische trekpleister van de Vend\u00e9e, is een groen eiland van 3 hectare met een ecologische roeping. Er is een milieubeleid opgesteld om de negatieve invloed op het milieu te beperken: compostering, gebruik van gerecycled materiaal, beperking van het gebruik van giftige producten &#8230;.. In [&hellip;]<\/p>\n","protected":false},"author":1,"featured_media":2929,"parent":2857,"menu_order":23,"comment_status":"closed","ping_status":"closed","template":"wp-custom-template-sous-pages-blog-articles","meta":{"_acf_changed":false,"_seopress_robots_primary_cat":"","_seopress_titles_title":"Zoo des Sables d'Olonne - Dierenpark om te ontdekken","_seopress_titles_desc":"In de dierentuin van Les Sables d'Olonne, op 30 minuten van camping Parfums d'\u00c9t\u00e9, leven verschillende dieren in een natuurlijke omgeving.","_seopress_robots_index":"","_gt_ctv_global_id":"","_gt_ctv_id_group":false,"inline_featured_image":false,"gt_fse_maillage_image":"https:\/\/camping-parfums-ete.fr\/wp-content\/uploads\/2025\/09\/blog-1-zoo-des-sables.webp","gt_fse_maillage_titre":"Dierentuin Les Sables d'Olonne","gt_fse_maillage_alt":"Dierentuin Les Sables d'Olonne","gt_fse_maillage_resume":"","footnotes":""},"categories":[],"tags":[],"class_list":["post-2928","page","type-page","status-publish","has-post-thumbnail","hentry"],"acf":[],"_links":{"self":[{"href":"https:\/\/camping-parfums-ete.fr\/nl\/wp-json\/wp\/v2\/pages\/2928","targetHints":{"allow":["GET"]}}],"collection":[{"href":"https:\/\/camping-parfums-ete.fr\/nl\/wp-json\/wp\/v2\/pages"}],"about":[{"href":"https:\/\/camping-parfums-ete.fr\/nl\/wp-json\/wp\/v2\/types\/page"}],"author":[{"embeddable":true,"href":"https:\/\/camping-parfums-ete.fr\/nl\/wp-json\/wp\/v2\/users\/1"}],"replies":[{"embeddable":true,"href":"https:\/\/camping-parfums-ete.fr\/nl\/wp-json\/wp\/v2\/comments?post=2928"}],"version-history":[{"count":0,"href":"https:\/\/camping-parfums-ete.fr\/nl\/wp-json\/wp\/v2\/pages\/2928\/revisions"}],"up":[{"embeddable":true,"href":"https:\/\/camping-parfums-ete.fr\/nl\/wp-json\/wp\/v2\/pages\/2857"}],"wp:featuredmedia":[{"embeddable":true,"href":"https:\/\/camping-parfums-ete.fr\/nl\/wp-json\/wp\/v2\/media\/2929"}],"wp:attachment":[{"href":"https:\/\/camping-parfums-ete.fr\/nl\/wp-json\/wp\/v2\/media?parent=2928"}],"wp:term":[{"taxonomy":"category","embeddable":true,"href":"https:\/\/camping-parfums-ete.fr\/nl\/wp-json\/wp\/v2\/categories?post=2928"},{"taxonomy":"post_tag","embeddable":true,"href":"https:\/\/camping-parfums-ete.fr\/nl\/wp-json\/wp\/v2\/tags?post=2928"}],"curies":[{"name":"wp","href":"https:\/\/api.w.org\/{rel}","templated":true}]}}