{"id":2919,"date":"2025-09-03T15:50:23","date_gmt":"2025-09-03T13:50:23","guid":{"rendered":"https:\/\/camping-parfums-ete.fr\/tourisme-vendee\/reserve-naturelle-nationale-michel-brosselin\/"},"modified":"2025-09-24T11:14:32","modified_gmt":"2025-09-24T09:14:32","slug":"reserve-naturelle-nationale-michel-brosselin","status":"publish","type":"page","link":"https:\/\/camping-parfums-ete.fr\/nl\/toerisme-vendee\/reserve-naturelle-nationale-michel-brosselin\/","title":{"rendered":"Michel Brosselin Nationaal Natuurreservaat"},"content":{"rendered":"\n<p>Sinds de oprichting van het reservaat zijn er 275 vogelsoorten geregistreerd. Er is een opmerkelijk goed uitgerust observatorium van 63 m2 in het centrum van het reservaat, van waaruit je dit vredige gebied kunt verkennen in het gezelschap van natuurgidsen en animatoren. Zoals in alle natuurreservaten is het vooral de habitat die beschermd wordt, met al zijn flora en fauna. Sinds 1976 hebben inventarisaties en monitoring door naturalisten het mogelijk gemaakt om het volgende vast te leggen: 339 plantensoorten, 820 insectensoorten, 91 spinnensoorten, 29 zoogdiersoorten, 17 vissoorten, 11 amfibiesoorten, 8 reptielensoorten&#8230;   <\/p>\n\n<p>Om deze rijkdom en de rust die nodig is voor de natuur te behouden, is de toegang tot de Boeking gereglementeerd en alleen mogelijk als het open is voor bezoeken en evenementen.<br\/><\/p>\n\n<div class=\"wp-block-group has-custom-color-1-color has-custom-color-2-background-color has-text-color has-background has-link-color wp-elements-0c4802e69ebdc4d12686cd93f20d1fa8 has-global-padding is-layout-constrained wp-container-core-group-is-layout-0d0226ac wp-block-group-is-layout-constrained\" style=\"border-left-width:5px;padding-top:20px;padding-right:20px;padding-bottom:20px;padding-left:20px\">\n<p class=\"has-base-2-color has-text-color has-link-color wp-elements-d9dd0300245f79a6c7d90333007df309\"><strong>Praktische informatie:<\/strong> Afstand vanaf de camping: 31 km<\/p>\n<\/div>\n\n<div style=\"height:20px\" aria-hidden=\"true\" class=\"wp-block-spacer gt-hide-mobile\"><\/div>\n\n<div class=\"wp-block-buttons is-layout-flex wp-block-buttons-is-layout-flex\">\n<div class=\"wp-block-button btn-2 is-style-outline is-style-outline--1\"><a class=\"wp-block-button__link has-custom-color-3-color has-text-color has-link-color has-border-color has-custom-color-3-border-color has-custom-font-size wp-element-button\" href=\"https:\/\/www.reservenaturelle-saintdenisdupayre.fr\/\" style=\"border-width:2px;border-radius:0px;padding-top:10px;padding-right:30px;padding-bottom:10px;padding-left:30px;font-size:clamp(14.642px, 0.915rem + ((1vw - 3.2px) * 0.766), 22px);font-style:normal;font-weight:600\">Openingstijden en prijzen<\/a><\/div>\n<\/div>\n","protected":false},"excerpt":{"rendered":"<p>Sinds de oprichting van het reservaat zijn er 275 vogelsoorten geregistreerd. Er is een opmerkelijk goed uitgerust observatorium van 63 m2 in het centrum van het reservaat, van waaruit je dit vredige gebied kunt verkennen in het gezelschap van natuurgidsen en animatoren. Zoals in alle natuurreservaten is het vooral de habitat die beschermd wordt, met [&hellip;]<\/p>\n","protected":false},"author":1,"featured_media":2920,"parent":2857,"menu_order":0,"comment_status":"closed","ping_status":"closed","template":"wp-custom-template-sous-pages-blog-articles","meta":{"_acf_changed":false,"_seopress_robots_primary_cat":"","_seopress_titles_title":"Boeking Michel Brosselin - Vogelreservaat in de Vend\u00e9e","_seopress_titles_desc":"De Michel Brosselin National Nature Boeking, vlakbij camping Parfums d'\u00c9t\u00e9, is een toevluchtsoord voor trekvogels en natuurliefhebbers.","_seopress_robots_index":"","_gt_ctv_global_id":"","_gt_ctv_id_group":false,"inline_featured_image":false,"gt_fse_maillage_image":"https:\/\/camping-parfums-ete.fr\/wp-content\/uploads\/2025\/09\/blog-1-reserve-naturelle-nationale-michel-brosselin.webp","gt_fse_maillage_titre":"Michel Brosselin Nationaal Natuurreservaat","gt_fse_maillage_alt":"Michel Brosselin Nationaal Natuurreservaat","gt_fse_maillage_resume":"","footnotes":""},"categories":[],"tags":[],"class_list":["post-2919","page","type-page","status-publish","has-post-thumbnail","hentry"],"acf":[],"_links":{"self":[{"href":"https:\/\/camping-parfums-ete.fr\/nl\/wp-json\/wp\/v2\/pages\/2919","targetHints":{"allow":["GET"]}}],"collection":[{"href":"https:\/\/camping-parfums-ete.fr\/nl\/wp-json\/wp\/v2\/pages"}],"about":[{"href":"https:\/\/camping-parfums-ete.fr\/nl\/wp-json\/wp\/v2\/types\/page"}],"author":[{"embeddable":true,"href":"https:\/\/camping-parfums-ete.fr\/nl\/wp-json\/wp\/v2\/users\/1"}],"replies":[{"embeddable":true,"href":"https:\/\/camping-parfums-ete.fr\/nl\/wp-json\/wp\/v2\/comments?post=2919"}],"version-history":[{"count":0,"href":"https:\/\/camping-parfums-ete.fr\/nl\/wp-json\/wp\/v2\/pages\/2919\/revisions"}],"up":[{"embeddable":true,"href":"https:\/\/camping-parfums-ete.fr\/nl\/wp-json\/wp\/v2\/pages\/2857"}],"wp:featuredmedia":[{"embeddable":true,"href":"https:\/\/camping-parfums-ete.fr\/nl\/wp-json\/wp\/v2\/media\/2920"}],"wp:attachment":[{"href":"https:\/\/camping-parfums-ete.fr\/nl\/wp-json\/wp\/v2\/media?parent=2919"}],"wp:term":[{"taxonomy":"category","embeddable":true,"href":"https:\/\/camping-parfums-ete.fr\/nl\/wp-json\/wp\/v2\/categories?post=2919"},{"taxonomy":"post_tag","embeddable":true,"href":"https:\/\/camping-parfums-ete.fr\/nl\/wp-json\/wp\/v2\/tags?post=2919"}],"curies":[{"name":"wp","href":"https:\/\/api.w.org\/{rel}","templated":true}]}}