{"id":2912,"date":"2025-09-03T15:34:28","date_gmt":"2025-09-03T13:34:28","guid":{"rendered":"https:\/\/camping-parfums-ete.fr\/tourisme-vendee\/pointe-du-payre\/"},"modified":"2025-09-24T11:14:33","modified_gmt":"2025-09-24T09:14:33","slug":"pointe-du-payre","status":"publish","type":"page","link":"https:\/\/camping-parfums-ete.fr\/nl\/toerisme-vendee\/pointe-du-payre\/","title":{"rendered":"Pointe du Payr\u00e9"},"content":{"rendered":"\n<p>De Pointe du Payr\u00e9 is een van de mooiste wandelingen in de Vend\u00e9e. Dit gebied, eigendom van het Conservatoire du Littoral, is een van de mooiste steeneikenbossen aan de Atlantische kust. De planten die hier leven zijn zeer aangepast aan de zeestralen en de bodem. Daardoor bieden ze een breed scala aan vormen en kleuren.     <\/p>\n\n<p>Via een pad over de kliffen kun je meer te weten komen over de geologische geschiedenis van de zuidelijke Vend\u00e9e. De verschillende geologische lagen bieden kleuren die vari\u00ebren van blauw tot oker. De kliffen trekken zich echter geleidelijk terug onder zware menselijke druk en zouden, als ze onbeschermd blijven, heel snel kunnen verdwijnen.  <\/p>\n\n<div class=\"wp-block-group has-custom-color-1-color has-custom-color-2-background-color has-text-color has-background has-link-color wp-elements-cc64dd434ccf7d0bff6f1c93c7837bea has-global-padding is-layout-constrained wp-container-core-group-is-layout-0d0226ac wp-block-group-is-layout-constrained\" style=\"border-left-width:5px;padding-top:20px;padding-right:20px;padding-bottom:20px;padding-left:20px\">\n<p class=\"has-base-2-color has-text-color has-link-color wp-elements-99fd422d07484e795813c142880a643b\"><strong>Praktische informatie:<\/strong> Vertrek vanaf de parkeerplaats Plage de la Mine &#8211; Jard s\/Mer, rondleiding op Boeking (duur 3 uur).<\/p>\n<\/div>\n","protected":false},"excerpt":{"rendered":"<p>De Pointe du Payr\u00e9 is een van de mooiste wandelingen in de Vend\u00e9e. Dit gebied, eigendom van het Conservatoire du Littoral, is een van de mooiste steeneikenbossen aan de Atlantische kust. De planten die hier leven zijn zeer aangepast aan de zeestralen en de bodem. Daardoor bieden ze een breed scala aan vormen en kleuren. [&hellip;]<\/p>\n","protected":false},"author":1,"featured_media":2915,"parent":2857,"menu_order":22,"comment_status":"closed","ping_status":"closed","template":"wp-custom-template-sous-pages-blog-articles","meta":{"_acf_changed":false,"_seopress_robots_primary_cat":"","_seopress_titles_title":"Pointe du Payr\u00e9 - Natuurgebied bij Jard-sur-Mer","_seopress_titles_desc":"De Pointe du Payr\u00e9, op 5 minuten van camping Parfums d'\u00c9t\u00e9, biedt een natuurlijke omgeving voor wandelingen tussen zee en moeras.","_seopress_robots_index":"","_gt_ctv_global_id":"","_gt_ctv_id_group":false,"inline_featured_image":false,"gt_fse_maillage_image":"https:\/\/camping-parfums-ete.fr\/wp-content\/uploads\/2025\/09\/blog-1-pointe-du-payre.webp","gt_fse_maillage_titre":"Pointe du Payr\u00e9","gt_fse_maillage_alt":"Pointe du Payr\u00e9","gt_fse_maillage_resume":"","footnotes":""},"categories":[],"tags":[],"class_list":["post-2912","page","type-page","status-publish","has-post-thumbnail","hentry"],"acf":[],"_links":{"self":[{"href":"https:\/\/camping-parfums-ete.fr\/nl\/wp-json\/wp\/v2\/pages\/2912","targetHints":{"allow":["GET"]}}],"collection":[{"href":"https:\/\/camping-parfums-ete.fr\/nl\/wp-json\/wp\/v2\/pages"}],"about":[{"href":"https:\/\/camping-parfums-ete.fr\/nl\/wp-json\/wp\/v2\/types\/page"}],"author":[{"embeddable":true,"href":"https:\/\/camping-parfums-ete.fr\/nl\/wp-json\/wp\/v2\/users\/1"}],"replies":[{"embeddable":true,"href":"https:\/\/camping-parfums-ete.fr\/nl\/wp-json\/wp\/v2\/comments?post=2912"}],"version-history":[{"count":0,"href":"https:\/\/camping-parfums-ete.fr\/nl\/wp-json\/wp\/v2\/pages\/2912\/revisions"}],"up":[{"embeddable":true,"href":"https:\/\/camping-parfums-ete.fr\/nl\/wp-json\/wp\/v2\/pages\/2857"}],"wp:featuredmedia":[{"embeddable":true,"href":"https:\/\/camping-parfums-ete.fr\/nl\/wp-json\/wp\/v2\/media\/2915"}],"wp:attachment":[{"href":"https:\/\/camping-parfums-ete.fr\/nl\/wp-json\/wp\/v2\/media?parent=2912"}],"wp:term":[{"taxonomy":"category","embeddable":true,"href":"https:\/\/camping-parfums-ete.fr\/nl\/wp-json\/wp\/v2\/categories?post=2912"},{"taxonomy":"post_tag","embeddable":true,"href":"https:\/\/camping-parfums-ete.fr\/nl\/wp-json\/wp\/v2\/tags?post=2912"}],"curies":[{"name":"wp","href":"https:\/\/api.w.org\/{rel}","templated":true}]}}