{"id":2909,"date":"2025-09-03T15:30:45","date_gmt":"2025-09-03T13:30:45","guid":{"rendered":"https:\/\/camping-parfums-ete.fr\/tourisme-vendee\/parcs-ostreicoles\/"},"modified":"2025-09-24T11:14:33","modified_gmt":"2025-09-24T09:14:33","slug":"parcs-ostreicoles","status":"publish","type":"page","link":"https:\/\/camping-parfums-ete.fr\/nl\/toerisme-vendee\/parcs-ostreicoles\/","title":{"rendered":"Oesterkwekerijen"},"content":{"rendered":"\n<p>De oesterkwekerij van Guitti\u00e8re ligt in het hart van het estuarium van Payr\u00e9 en is afhankelijk van de getijden. De oester uit Guitti\u00e8re staat bekend om zijn kleur en milde smaak. In het kanaal wemelt het namelijk van specifiek fytoplankton dat verband houdt met het brakke karakter van het gebied en het zijn bijzondere kenmerken geeft.  <\/p>\n\n<p>Rondleiding op Boeking (2 uur), eindigend met een oesterproeverij, vergezeld van lokale wijn, brood, citroen en boter. Dit gezellige evenement vindt plaats in een voormalige Salorge (zoutopslagplaats), dat ook een tentoonstellingsruimte is. <\/p>\n\n<div class=\"wp-block-group has-custom-color-1-color has-custom-color-2-background-color has-text-color has-background has-link-color wp-elements-529cc821cc77b4b0ac92ff48d589ed35 has-global-padding is-layout-constrained wp-container-core-group-is-layout-0d0226ac wp-block-group-is-layout-constrained\" style=\"border-left-width:5px;padding-top:20px;padding-right:20px;padding-bottom:20px;padding-left:20px\">\n<p class=\"has-base-2-color has-text-color has-link-color wp-elements-973543842dec0b9e25310a6d6e952e53\"><strong>Praktische informatie:<\/strong> Afstand van de camping: 9 km<\/p>\n<\/div>\n","protected":false},"excerpt":{"rendered":"<p>De oesterkwekerij van Guitti\u00e8re ligt in het hart van het estuarium van Payr\u00e9 en is afhankelijk van de getijden. De oester uit Guitti\u00e8re staat bekend om zijn kleur en milde smaak. In het kanaal wemelt het namelijk van specifiek fytoplankton dat verband houdt met het brakke karakter van het gebied en het zijn bijzondere kenmerken [&hellip;]<\/p>\n","protected":false},"author":1,"featured_media":2910,"parent":2857,"menu_order":0,"comment_status":"closed","ping_status":"closed","template":"wp-custom-template-sous-pages-blog-articles","meta":{"_acf_changed":false,"_seopress_robots_primary_cat":"","_seopress_titles_title":"Parcs Ostr\u00e9icoles - Ontdek de mossel- en oesterkweek in de Vend\u00e9e","_seopress_titles_desc":"Ontdek de oesterbanken in de Baie de l'Aiguillon, op slechts een paar kilometer van camping Parfums d'\u00c9t\u00e9, en dompel je onder in de plaatselijke oester- en mosselcultuur.","_seopress_robots_index":"","_gt_ctv_global_id":"","_gt_ctv_id_group":false,"inline_featured_image":false,"gt_fse_maillage_image":"https:\/\/camping-parfums-ete.fr\/wp-content\/uploads\/2025\/09\/blog-1-parcs-ostreicoles.webp","gt_fse_maillage_titre":"Oesterkwekerijen","gt_fse_maillage_alt":"Oesterkwekerijen","gt_fse_maillage_resume":"","footnotes":""},"categories":[],"tags":[],"class_list":["post-2909","page","type-page","status-publish","has-post-thumbnail","hentry"],"acf":[],"_links":{"self":[{"href":"https:\/\/camping-parfums-ete.fr\/nl\/wp-json\/wp\/v2\/pages\/2909","targetHints":{"allow":["GET"]}}],"collection":[{"href":"https:\/\/camping-parfums-ete.fr\/nl\/wp-json\/wp\/v2\/pages"}],"about":[{"href":"https:\/\/camping-parfums-ete.fr\/nl\/wp-json\/wp\/v2\/types\/page"}],"author":[{"embeddable":true,"href":"https:\/\/camping-parfums-ete.fr\/nl\/wp-json\/wp\/v2\/users\/1"}],"replies":[{"embeddable":true,"href":"https:\/\/camping-parfums-ete.fr\/nl\/wp-json\/wp\/v2\/comments?post=2909"}],"version-history":[{"count":0,"href":"https:\/\/camping-parfums-ete.fr\/nl\/wp-json\/wp\/v2\/pages\/2909\/revisions"}],"up":[{"embeddable":true,"href":"https:\/\/camping-parfums-ete.fr\/nl\/wp-json\/wp\/v2\/pages\/2857"}],"wp:featuredmedia":[{"embeddable":true,"href":"https:\/\/camping-parfums-ete.fr\/nl\/wp-json\/wp\/v2\/media\/2910"}],"wp:attachment":[{"href":"https:\/\/camping-parfums-ete.fr\/nl\/wp-json\/wp\/v2\/media?parent=2909"}],"wp:term":[{"taxonomy":"category","embeddable":true,"href":"https:\/\/camping-parfums-ete.fr\/nl\/wp-json\/wp\/v2\/categories?post=2909"},{"taxonomy":"post_tag","embeddable":true,"href":"https:\/\/camping-parfums-ete.fr\/nl\/wp-json\/wp\/v2\/tags?post=2909"}],"curies":[{"name":"wp","href":"https:\/\/api.w.org\/{rel}","templated":true}]}}