{"id":2905,"date":"2025-09-03T14:38:32","date_gmt":"2025-09-03T12:38:32","guid":{"rendered":"https:\/\/camping-parfums-ete.fr\/tourisme-vendee\/marais-salants\/"},"modified":"2025-09-24T11:14:31","modified_gmt":"2025-09-24T09:14:31","slug":"marais-salants","status":"publish","type":"page","link":"https:\/\/camping-parfums-ete.fr\/nl\/toerisme-vendee\/marais-salants\/","title":{"rendered":"Kwelders"},"content":{"rendered":"\n<p>In een ongerepte omgeving bieden de kwelders van Guitti\u00e8re groepen al hun diversiteit en geschiedenis. Tussen de vluchten van waadvogels en de glinsterende kleuren door, scheppen de kwelderboeren er genoegen in om de traditionele technieken in stand te houden en deze unieke plek te behouden. Ooit was de zoutwinning de drijvende kracht achter de economie van de regio, maar vandaag de dag is het het werk van slechts een paar mensen. De kleur van het zout heeft het dorp altijd beroemd gemaakt, want het gebruikte proced\u00e9 is uniek in Frankrijk.   <\/p>\n\n<p>Ontdek het werk van een kwelderboer, hoe kwelders werken en de watercyclus tijdens een rondleiding van 2 uur.<\/p>\n\n<div class=\"wp-block-group has-custom-color-1-color has-custom-color-2-background-color has-text-color has-background has-link-color wp-elements-529cc821cc77b4b0ac92ff48d589ed35 has-global-padding is-layout-constrained wp-container-core-group-is-layout-0d0226ac wp-block-group-is-layout-constrained\" style=\"border-left-width:5px;padding-top:20px;padding-right:20px;padding-bottom:20px;padding-left:20px\">\n<p class=\"has-base-2-color has-text-color has-link-color wp-elements-973543842dec0b9e25310a6d6e952e53\"><strong>Praktische informatie:<\/strong> Afstand van de camping: 9 km<\/p>\n<\/div>\n","protected":false},"excerpt":{"rendered":"<p>In een ongerepte omgeving bieden de kwelders van Guitti\u00e8re groepen al hun diversiteit en geschiedenis. Tussen de vluchten van waadvogels en de glinsterende kleuren door, scheppen de kwelderboeren er genoegen in om de traditionele technieken in stand te houden en deze unieke plek te behouden. Ooit was de zoutwinning de drijvende kracht achter de economie [&hellip;]<\/p>\n","protected":false},"author":1,"featured_media":2907,"parent":2857,"menu_order":0,"comment_status":"closed","ping_status":"closed","template":"wp-custom-template-sous-pages-blog-articles","meta":{"_acf_changed":false,"_seopress_robots_primary_cat":"","_seopress_titles_title":"Zoutpannen van de Vend\u00e9e - Ontdekking met het gezin","_seopress_titles_desc":"Ontdek de zoutmoerassen van de Vend\u00e9e: rondleiding, vogels kijken en zout oogsten. Op een paar kilometer van camping Parfums d'\u00c9t\u00e9. ","_seopress_robots_index":"","_gt_ctv_global_id":"","_gt_ctv_id_group":false,"inline_featured_image":false,"gt_fse_maillage_image":"https:\/\/camping-parfums-ete.fr\/wp-content\/uploads\/2025\/09\/blog-1-marais-salants.webp","gt_fse_maillage_titre":"Kwelders","gt_fse_maillage_alt":"Kwelders","gt_fse_maillage_resume":"","footnotes":""},"categories":[],"tags":[],"class_list":["post-2905","page","type-page","status-publish","has-post-thumbnail","hentry"],"acf":[],"_links":{"self":[{"href":"https:\/\/camping-parfums-ete.fr\/nl\/wp-json\/wp\/v2\/pages\/2905","targetHints":{"allow":["GET"]}}],"collection":[{"href":"https:\/\/camping-parfums-ete.fr\/nl\/wp-json\/wp\/v2\/pages"}],"about":[{"href":"https:\/\/camping-parfums-ete.fr\/nl\/wp-json\/wp\/v2\/types\/page"}],"author":[{"embeddable":true,"href":"https:\/\/camping-parfums-ete.fr\/nl\/wp-json\/wp\/v2\/users\/1"}],"replies":[{"embeddable":true,"href":"https:\/\/camping-parfums-ete.fr\/nl\/wp-json\/wp\/v2\/comments?post=2905"}],"version-history":[{"count":0,"href":"https:\/\/camping-parfums-ete.fr\/nl\/wp-json\/wp\/v2\/pages\/2905\/revisions"}],"up":[{"embeddable":true,"href":"https:\/\/camping-parfums-ete.fr\/nl\/wp-json\/wp\/v2\/pages\/2857"}],"wp:featuredmedia":[{"embeddable":true,"href":"https:\/\/camping-parfums-ete.fr\/nl\/wp-json\/wp\/v2\/media\/2907"}],"wp:attachment":[{"href":"https:\/\/camping-parfums-ete.fr\/nl\/wp-json\/wp\/v2\/media?parent=2905"}],"wp:term":[{"taxonomy":"category","embeddable":true,"href":"https:\/\/camping-parfums-ete.fr\/nl\/wp-json\/wp\/v2\/categories?post=2905"},{"taxonomy":"post_tag","embeddable":true,"href":"https:\/\/camping-parfums-ete.fr\/nl\/wp-json\/wp\/v2\/tags?post=2905"}],"curies":[{"name":"wp","href":"https:\/\/api.w.org\/{rel}","templated":true}]}}