{"id":2878,"date":"2025-09-03T11:05:42","date_gmt":"2025-09-03T09:05:42","guid":{"rendered":"https:\/\/camping-parfums-ete.fr\/tourisme-vendee\/camping-tranche-sur-mer\/"},"modified":"2025-09-24T11:14:32","modified_gmt":"2025-09-24T09:14:32","slug":"camping-tranche-sur-mer","status":"publish","type":"page","link":"https:\/\/camping-parfums-ete.fr\/nl\/toerisme-vendee\/camping-tranche-sur-mer\/","title":{"rendered":"La Tranche-sur-Mer"},"content":{"rendered":"\n<p>La Tranche-sur-Mer is een mooie badplaats in de regio Pays-de-la-Loire, in het departement Vend\u00e9e. La Tranche-sur-Mer heeft een unieke en bevoorrechte ligging aan <strong>de Atlantische Oceaan<\/strong> en trekt elk jaar veel toeristen die komen ontspannen aan de rustige en vredige kustlijn. Als je meer wilt weten over deze bijzondere gemeente in de Vend\u00e9e, lees dan hier de belangrijkste feiten.  <\/p>\n\n<h2 class=\"wp-block-heading has-custom-color-1-color has-text-color has-link-color has-retcaro-font-family wp-elements-b02f7ef8c6e0281eb9feea833c14c3ba\" style=\"font-size:clamp(1.743rem, 1.743rem + ((1vw - 0.2rem) * 2.095), 3rem);line-height:1\">La Tranche-sur-Mer bezoeken<\/h2>\n\n<p>De gemeente <strong>La Tranche-sur-Mer<\/strong> biedt haar inwoners en bezoekers 13 unieke kilometers fijn zand, perfect om te ontspannen en te zwemmen. Naast het prachtige landschap en de uitzonderlijke kustlijn geniet La Tranche-sur-Mer van een gunstig klimaat. De zon in de gemeente is uniek en het grootste deel van het jaar aanwezig, inclusief seizoenen waarin het over het algemeen onverwacht is.  <\/p>\n\n<p>Met uitzicht op het beroemde <strong>Ile de R\u00e9<\/strong> biedt La Tranche-sur-Mer je de kans om te zonnebaden voor een aangenaam en opwindend panorama, vooral op het 9 km lange strand op het zuiden. De tijd en de oprukkende bebouwing hebben niets kunnen veranderen aan de fascinerende authenticiteit van deze plek, die dankzij de omringende bossen onaangetast is gebleven door veranderingen. <\/p>\n\n<p>La <a href=\"https:\/\/www.latranchesurmer-tourisme.fr\/\">Tranche-sur-Mer<\/a> is zo vredig en gelukkig dat het het <strong>label &#8220;Famille Plus&#8221; heeft gekregen.<\/strong> Dit bevestigt dat de gemeente Vend\u00e9e goed aangepast is om gezinnen een warm en aangenaam onthaal te bieden, met ontspannings- en vrijetijdszones die net zo geschikt zijn voor volwassenen als voor kinderen. <\/p>\n\n<p>Er zijn tal van activiteiten in de gemeente, vooral activiteiten die te maken hebben met de zee, zoals surfen, vissen, cruises en duiken.<\/p>\n\n<h2 class=\"wp-block-heading has-custom-color-1-color has-text-color has-link-color has-retcaro-font-family wp-elements-b5114a2845163421fbfe8f6f210e692b\" style=\"font-size:clamp(1.743rem, 1.743rem + ((1vw - 0.2rem) * 2.095), 3rem);line-height:1\">Wat te doen in de omgeving van La Tranche-sur-Mer in de Vend\u00e9e?<\/h2>\n\n<p>Naast de activiteiten en heerlijke momenten die je in <strong>La Tranche-sur-Mer<\/strong> kunt beleven, is de stad ook omringd door andere spannende bestemmingen. Neem bijvoorbeeld Les <a href=\"https:\/\/camping-parfums-ete.fr\/alentours\/sables-dolonne\/\">Sables d&#8217;Olonne<\/a>, een al even aantrekkelijke naburige stad, met een schat aan historische monumenten en spannende activiteiten, waaronder <a href=\"https:\/\/camping-parfums-ete.fr\/alentours\/zoo-des-sables\/\">de dierentuin<\/a> met meer dan 500 diersoorten. <\/p>\n\n<p>Het charmante dorpje <strong>Jard-sur-Mer<\/strong>, ook gelegen in de buurt van La Tranche-sur-Mer, verwelkomt je aan de Atlantische kust van de Vend\u00e9e. <a href=\"https:\/\/camping-parfums-ete.fr\/alentours\/jard-sur-mer\/\">Jard-sur-Mer<\/a> is een populaire bestemming voor vakantiegangers, met fijne zandstranden, watersportactiviteiten en restaurants, en biedt ook culturele activiteiten zoals muziek- en voedselfestivals. Je kunt ook de jachthaven ontdekken, het ideale startpunt voor excursies op zee. Tot slot kunnen natuurliefhebbers het bos en de zoutpannen van Jard verkennen, waar unieke flora en fauna te vinden is. Bovendien zijn dit rustige plekken die zich uitstekend lenen voor een wandeling.    <\/p>\n\n<p>Vlakbij La Tranche-sur-Mer kun je ook het eerder genoemde \u00cele<a href=\"https:\/\/www.iledere.com\/\" target=\"_blank\" rel=\"noreferrer noopener\">de R\u00e9<\/a> ontdekken, het beroemdste deel van de Charente-archipel. Tijdens een bezoek aan het Ile de R\u00e9 kun je een heleboel monumenten ontdekken, waaronder de <strong>vuurtoren Phare des Baleines<\/strong> en de 700 jaar oude <strong>abdij van Les Ch\u00e2teliers<\/strong>. <\/p>\n\n<p>Er zijn tal van andere bestemmingen om uit te kiezen rond La Tranche-sur-Mer in de Vend\u00e9e.<\/p>\n\n<h2 class=\"wp-block-heading has-custom-color-1-color has-text-color has-link-color has-retcaro-font-family wp-elements-e2f1dcf9fd345bbf0b8eae3302f9547b\" style=\"font-size:clamp(1.743rem, 1.743rem + ((1vw - 0.2rem) * 2.095), 3rem);line-height:1\">Waar overnachten in de buurt van La Tranche-sur-Mer?<\/h2>\n\n<p><strong>Camping Vend\u00e9e bord de mer<\/strong> Parfums d&#8217;\u00e9t\u00e9 in Jard-sur-Mer ligt op slechts een paar minuten rijden van de stad La <strong>Tranche-sur-Mer<\/strong>. Deze camping met zijn warme onthaal en vrolijke sfeer verwelkomt je in zijn vele <strong>Stacaravans<\/strong> en <strong>standplaatsen<\/strong> waar je heerlijk kunt ontspannen tijdens je verblijf. Deze <strong>4-sterrencamping<\/strong> biedt je kwaliteitsservice, optimaal comfort en een scala aan ontspannende activiteiten. Op slechts <strong>400 meter van de zee<\/strong> kunnen kampeerders in een paar minuten zwemmen.   <\/p>\n\n<p>Parfums d&#8217;\u00e9t\u00e9 is een camping <strong>in jard sur mer<\/strong>, midden in de natuur van de Vend\u00e9e, met snelle toegang tot fietspaden om de benen te strekken en te sporten terwijl je de omgeving ontdekt. Het is ook mogelijk om direct vanaf de camping te gaan wandelen, voor liefhebbers van avontuur die kilometers kunnen maken in het hart van de natuur om nieuwe energie op te doen. <\/p>\n\n<p>Petanquebanen, tafeltennistafels, multisportterreinen en entertainment in de jachthaven behoren ook tot de activiteiten op deze <strong>camping aan de Atlantische kust<\/strong>.<\/p>\n","protected":false},"excerpt":{"rendered":"<p>La Tranche-sur-Mer is een mooie badplaats in de regio Pays-de-la-Loire, in het departement Vend\u00e9e. La Tranche-sur-Mer heeft een unieke en bevoorrechte ligging aan de Atlantische Oceaan en trekt elk jaar veel toeristen die komen ontspannen aan de rustige en vredige kustlijn. Als je meer wilt weten over deze bijzondere gemeente in de Vend\u00e9e, lees dan [&hellip;]<\/p>\n","protected":false},"author":1,"featured_media":2879,"parent":2857,"menu_order":0,"comment_status":"closed","ping_status":"closed","template":"wp-custom-template-sous-pages-blog-articles","meta":{"_acf_changed":false,"_seopress_robots_primary_cat":"","_seopress_titles_title":"Camping in de omgeving van La Tranche-sur-Mer - Verblijf in Vend\u00e9e","_seopress_titles_desc":"Verblijf op camping Parfums d'\u00c9t\u00e9, in de buurt van La Tranche-sur-Mer: Stacaravan, verwarmd Zwembad en gemakkelijke toegang tot stranden en winkels.","_seopress_robots_index":"","_gt_ctv_global_id":"","_gt_ctv_id_group":false,"inline_featured_image":false,"gt_fse_maillage_image":"https:\/\/camping-parfums-ete.fr\/wp-content\/uploads\/2025\/09\/blog-1-La-Tranche-sur-Mer.webp","gt_fse_maillage_titre":"La Tranche-sur-Mer","gt_fse_maillage_alt":"La Tranche-sur-Mer","gt_fse_maillage_resume":"","footnotes":""},"categories":[],"tags":[],"class_list":["post-2878","page","type-page","status-publish","has-post-thumbnail","hentry"],"acf":[],"_links":{"self":[{"href":"https:\/\/camping-parfums-ete.fr\/nl\/wp-json\/wp\/v2\/pages\/2878","targetHints":{"allow":["GET"]}}],"collection":[{"href":"https:\/\/camping-parfums-ete.fr\/nl\/wp-json\/wp\/v2\/pages"}],"about":[{"href":"https:\/\/camping-parfums-ete.fr\/nl\/wp-json\/wp\/v2\/types\/page"}],"author":[{"embeddable":true,"href":"https:\/\/camping-parfums-ete.fr\/nl\/wp-json\/wp\/v2\/users\/1"}],"replies":[{"embeddable":true,"href":"https:\/\/camping-parfums-ete.fr\/nl\/wp-json\/wp\/v2\/comments?post=2878"}],"version-history":[{"count":0,"href":"https:\/\/camping-parfums-ete.fr\/nl\/wp-json\/wp\/v2\/pages\/2878\/revisions"}],"up":[{"embeddable":true,"href":"https:\/\/camping-parfums-ete.fr\/nl\/wp-json\/wp\/v2\/pages\/2857"}],"wp:featuredmedia":[{"embeddable":true,"href":"https:\/\/camping-parfums-ete.fr\/nl\/wp-json\/wp\/v2\/media\/2879"}],"wp:attachment":[{"href":"https:\/\/camping-parfums-ete.fr\/nl\/wp-json\/wp\/v2\/media?parent=2878"}],"wp:term":[{"taxonomy":"category","embeddable":true,"href":"https:\/\/camping-parfums-ete.fr\/nl\/wp-json\/wp\/v2\/categories?post=2878"},{"taxonomy":"post_tag","embeddable":true,"href":"https:\/\/camping-parfums-ete.fr\/nl\/wp-json\/wp\/v2\/tags?post=2878"}],"curies":[{"name":"wp","href":"https:\/\/api.w.org\/{rel}","templated":true}]}}