{"id":2852,"date":"2025-09-02T13:46:02","date_gmt":"2025-09-02T11:46:02","guid":{"rendered":"https:\/\/camping-parfums-ete.fr\/aquarium-de-vendee\/"},"modified":"2025-09-24T11:14:34","modified_gmt":"2025-09-24T09:14:34","slug":"aquarium-de-vendee","status":"publish","type":"page","link":"https:\/\/camping-parfums-ete.fr\/nl\/toerisme-vendee\/aquarium-de-vendee\/","title":{"rendered":"Aquarium de Vend\u00e9e"},"content":{"rendered":"\n<h2 class=\"wp-block-heading has-custom-color-1-color has-text-color has-link-color has-retcaro-font-family wp-elements-eb5fc5f5ca6d7f9538087752ad51179e\" style=\"font-size:clamp(1.743rem, 1.743rem + ((1vw - 0.2rem) * 2.095), 3rem);line-height:1\">Een fascinerende onderdompeling in de onderwaterwereld<\/h2>\n\n<p>Het Aquarium de Vend\u00e9e is een aquarium op mensenmaat in Talmont Saint Hilaire, dat een fantastisch bezoek aan het hart van het zeeleven biedt. Ontdek meer dan 500 bijzondere soorten in 3 verschillende werelden, die de vier hoeken van de onderwaterwereld vertegenwoordigen. <\/p>\n\n<p>Dit aquarium ligt op 13 km van je camping en is een perfecte onderdompeling voor het hele gezin. Met het hele jaar door animaties, gratis parkeergelegenheid, een snackbar in het seizoen en een terrein dat volledig toegankelijk is voor mindervaliden, is het een ideaal dagje uit tijdens je vakantie in de Vend\u00e9e. <\/p>\n\n<div class=\"wp-block-group has-custom-color-1-color has-custom-color-2-background-color has-text-color has-background has-link-color wp-elements-4952db1b8d102c562e0eb73d17985d8f has-global-padding is-layout-constrained wp-container-core-group-is-layout-0d0226ac wp-block-group-is-layout-constrained\" style=\"border-left-width:5px;padding-top:20px;padding-right:20px;padding-bottom:20px;padding-left:20px\">\n<p class=\"has-base-2-color has-text-color has-link-color wp-elements-b6407ed87f518e3ff9fa3bc011544d23\"><strong>Praktische informatie :<\/strong> Afstand van de camping : 13 km &#8211; Gratis parkeren &#8211; Toegankelijk voor gehandicapten &#8211; Animatie het hele jaar door<\/p>\n<\/div>\n\n<div style=\"height:20px\" aria-hidden=\"true\" class=\"wp-block-spacer gt-hide-mobile\"><\/div>\n\n<div class=\"wp-block-buttons is-layout-flex wp-block-buttons-is-layout-flex\">\n<div class=\"wp-block-button btn-2 is-style-outline is-style-outline--1\"><a class=\"wp-block-button__link has-custom-color-3-color has-text-color has-link-color has-border-color has-custom-color-3-border-color has-custom-font-size wp-element-button\" href=\"https:\/\/www.aquarium-vendee.com\/\" style=\"border-width:2px;border-radius:0px;padding-top:10px;padding-right:30px;padding-bottom:10px;padding-left:30px;font-size:clamp(14.642px, 0.915rem + ((1vw - 3.2px) * 0.766), 22px);font-style:normal;font-weight:600\">Openingstijden en prijzen<\/a><\/div>\n<\/div>\n","protected":false},"excerpt":{"rendered":"<p>Een fascinerende onderdompeling in de onderwaterwereld Het Aquarium de Vend\u00e9e is een aquarium op mensenmaat in Talmont Saint Hilaire, dat een fantastisch bezoek aan het hart van het zeeleven biedt. Ontdek meer dan 500 bijzondere soorten in 3 verschillende werelden, die de vier hoeken van de onderwaterwereld vertegenwoordigen. Dit aquarium ligt op 13 km van [&hellip;]<\/p>\n","protected":false},"author":1,"featured_media":2853,"parent":2857,"menu_order":26,"comment_status":"closed","ping_status":"closed","template":"wp-custom-template-sous-pages-blog-articles","meta":{"_acf_changed":false,"_seopress_robots_primary_cat":"","_seopress_titles_title":"Aquarium de Vend\u00e9e - Duiken in de wereldzee\u00ebn","_seopress_titles_desc":"Het Aquarium de Vend\u00e9e, op 30 minuten van camping Parfums d'\u00c9t\u00e9, presenteert verschillende zeedieren in een meeslepende omgeving.","_seopress_robots_index":"","_gt_ctv_global_id":"","_gt_ctv_id_group":false,"inline_featured_image":false,"gt_fse_maillage_image":"https:\/\/camping-parfums-ete.fr\/wp-content\/uploads\/2025\/09\/blog-1-aquariumvendee.webp","gt_fse_maillage_titre":"Automatisch ontwerp","gt_fse_maillage_alt":"Automatisch ontwerp","gt_fse_maillage_resume":"","footnotes":""},"categories":[],"tags":[],"class_list":["post-2852","page","type-page","status-publish","has-post-thumbnail","hentry"],"acf":[],"_links":{"self":[{"href":"https:\/\/camping-parfums-ete.fr\/nl\/wp-json\/wp\/v2\/pages\/2852","targetHints":{"allow":["GET"]}}],"collection":[{"href":"https:\/\/camping-parfums-ete.fr\/nl\/wp-json\/wp\/v2\/pages"}],"about":[{"href":"https:\/\/camping-parfums-ete.fr\/nl\/wp-json\/wp\/v2\/types\/page"}],"author":[{"embeddable":true,"href":"https:\/\/camping-parfums-ete.fr\/nl\/wp-json\/wp\/v2\/users\/1"}],"replies":[{"embeddable":true,"href":"https:\/\/camping-parfums-ete.fr\/nl\/wp-json\/wp\/v2\/comments?post=2852"}],"version-history":[{"count":0,"href":"https:\/\/camping-parfums-ete.fr\/nl\/wp-json\/wp\/v2\/pages\/2852\/revisions"}],"up":[{"embeddable":true,"href":"https:\/\/camping-parfums-ete.fr\/nl\/wp-json\/wp\/v2\/pages\/2857"}],"wp:featuredmedia":[{"embeddable":true,"href":"https:\/\/camping-parfums-ete.fr\/nl\/wp-json\/wp\/v2\/media\/2853"}],"wp:attachment":[{"href":"https:\/\/camping-parfums-ete.fr\/nl\/wp-json\/wp\/v2\/media?parent=2852"}],"wp:term":[{"taxonomy":"category","embeddable":true,"href":"https:\/\/camping-parfums-ete.fr\/nl\/wp-json\/wp\/v2\/categories?post=2852"},{"taxonomy":"post_tag","embeddable":true,"href":"https:\/\/camping-parfums-ete.fr\/nl\/wp-json\/wp\/v2\/tags?post=2852"}],"curies":[{"name":"wp","href":"https:\/\/api.w.org\/{rel}","templated":true}]}}