{"id":3058,"date":"2025-09-03T12:20:47","date_gmt":"2025-09-03T10:20:47","guid":{"rendered":"https:\/\/camping-parfums-ete.fr\/tourisme-vendee\/haras-de-vendee\/"},"modified":"2025-09-24T11:12:44","modified_gmt":"2025-09-24T09:12:44","slug":"haras-de-vendee","status":"publish","type":"page","link":"https:\/\/camping-parfums-ete.fr\/en\/tourism-vendee\/haras-de-vendee\/","title":{"rendered":"Haras de Vend\u00e9e"},"content":{"rendered":"\n<p>In the heart of La Roche sur Yon, a 4.5-hectare park to share your passion for horses and introduce you to their culture, with creative equestrian shows, a conservatory of world horses and the expertise of the National Stud&#8217;s saddlers and farriers.<br\/><\/p>\n\n<div class=\"wp-block-group has-custom-color-1-color has-custom-color-2-background-color has-text-color has-background has-link-color wp-elements-b2d1bf9ebcddd63d36c991e4b7e862c8 has-global-padding is-layout-constrained wp-container-core-group-is-layout-0d0226ac wp-block-group-is-layout-constrained\" style=\"border-left-width:5px;padding-top:20px;padding-right:20px;padding-bottom:20px;padding-left:20px\">\n<p class=\"has-base-2-color has-text-color has-link-color wp-elements-d94b1e073c9d1fe1531826d250be658a\"><strong>Practical information:<\/strong> Distance from campsite: 35 km<\/p>\n<\/div>\n\n<div style=\"height:20px\" aria-hidden=\"true\" class=\"wp-block-spacer gt-hide-mobile\"><\/div>\n\n<div class=\"wp-block-buttons is-layout-flex wp-block-buttons-is-layout-flex\">\n<div class=\"wp-block-button btn-2 is-style-outline is-style-outline--1\"><a class=\"wp-block-button__link has-custom-color-3-color has-text-color has-link-color has-border-color has-custom-color-3-border-color has-custom-font-size wp-element-button\" href=\"https:\/\/nossites.vendee.fr\/haras-de-la-vendee\" style=\"border-width:2px;border-radius:0px;padding-top:10px;padding-right:30px;padding-bottom:10px;padding-left:30px;font-size:clamp(14.642px, 0.915rem + ((1vw - 3.2px) * 0.766), 22px);font-style:normal;font-weight:600\">Opening hours and prices<\/a><\/div>\n<\/div>\n","protected":false},"excerpt":{"rendered":"<p>In the heart of La Roche sur Yon, a 4.5-hectare park to share your passion for horses and introduce you to their culture, with creative equestrian shows, a conservatory of world horses and the expertise of the National Stud&#8217;s saddlers and farriers. Practical information: Distance from campsite: 35 km<\/p>\n","protected":false},"author":1,"featured_media":1851,"parent":2874,"menu_order":21,"comment_status":"closed","ping_status":"closed","template":"wp-custom-template-sous-pages-blog-articles","meta":{"_acf_changed":false,"_seopress_robots_primary_cat":"","_seopress_titles_title":"Haras de Vend\u00e9e - Breeding and equestrian shows in La Roche-sur-Yon","_seopress_titles_desc":"The Haras de Vend\u00e9e, 30 minutes from the Parfums d'\u00c9t\u00e9 campsite, offers horse shows and tours of its facilities.","_seopress_robots_index":"","_gt_ctv_global_id":"","_gt_ctv_id_group":false,"inline_featured_image":false,"gt_fse_maillage_image":"https:\/\/camping-parfums-ete.fr\/wp-content\/uploads\/2025\/09\/blog-1-haras-de-vendee.webp","gt_fse_maillage_titre":"Haras de Vend\u00e9e","gt_fse_maillage_alt":"Haras de Vend\u00e9e","gt_fse_maillage_resume":"","footnotes":""},"categories":[],"tags":[],"class_list":["post-3058","page","type-page","status-publish","has-post-thumbnail","hentry"],"acf":[],"_links":{"self":[{"href":"https:\/\/camping-parfums-ete.fr\/en\/wp-json\/wp\/v2\/pages\/3058","targetHints":{"allow":["GET"]}}],"collection":[{"href":"https:\/\/camping-parfums-ete.fr\/en\/wp-json\/wp\/v2\/pages"}],"about":[{"href":"https:\/\/camping-parfums-ete.fr\/en\/wp-json\/wp\/v2\/types\/page"}],"author":[{"embeddable":true,"href":"https:\/\/camping-parfums-ete.fr\/en\/wp-json\/wp\/v2\/users\/1"}],"replies":[{"embeddable":true,"href":"https:\/\/camping-parfums-ete.fr\/en\/wp-json\/wp\/v2\/comments?post=3058"}],"version-history":[{"count":0,"href":"https:\/\/camping-parfums-ete.fr\/en\/wp-json\/wp\/v2\/pages\/3058\/revisions"}],"up":[{"embeddable":true,"href":"https:\/\/camping-parfums-ete.fr\/en\/wp-json\/wp\/v2\/pages\/2874"}],"wp:featuredmedia":[{"embeddable":true,"href":"https:\/\/camping-parfums-ete.fr\/en\/wp-json\/wp\/v2\/media\/1851"}],"wp:attachment":[{"href":"https:\/\/camping-parfums-ete.fr\/en\/wp-json\/wp\/v2\/media?parent=3058"}],"wp:term":[{"taxonomy":"category","embeddable":true,"href":"https:\/\/camping-parfums-ete.fr\/en\/wp-json\/wp\/v2\/categories?post=3058"},{"taxonomy":"post_tag","embeddable":true,"href":"https:\/\/camping-parfums-ete.fr\/en\/wp-json\/wp\/v2\/tags?post=3058"}],"curies":[{"name":"wp","href":"https:\/\/api.w.org\/{rel}","templated":true}]}}