{"id":2950,"date":"2025-09-03T15:50:23","date_gmt":"2025-09-03T13:50:23","guid":{"rendered":"https:\/\/camping-parfums-ete.fr\/tourisme-vendee\/reserve-naturelle-nationale-michel-brosselin\/"},"modified":"2025-09-24T11:12:43","modified_gmt":"2025-09-24T09:12:43","slug":"reserve-naturelle-nationale-michel-brosselin","status":"publish","type":"page","link":"https:\/\/camping-parfums-ete.fr\/en\/tourism-vendee\/reserve-naturelle-nationale-michel-brosselin\/","title":{"rendered":"Michel Brosselin National Nature Reserve"},"content":{"rendered":"\n<p>Since the reserve was created, 275 bird species have been recorded. A remarkably well-equipped 63m2 observatory is at your disposal in the center of the reserve, from which you can discover this place of tranquility in the company of naturalist guides and animators. As with all nature reserves, it is above all the habitat that is protected, with all its flora and fauna. Since 1976, naturalist inventories and monitoring have enabled us to record: 339 plant species, 820 insect species, 91 spider species, 29 mammal species, 17 fish species, 11 amphibian species, 8 reptile species&#8230;   <\/p>\n\n<p>In order to preserve this richness and the tranquility necessary for its fauna, access to the nature reserve is regulated and only possible during opening hours for visits and events.<br\/><\/p>\n\n<div class=\"wp-block-group has-custom-color-1-color has-custom-color-2-background-color has-text-color has-background has-link-color wp-elements-d0856046d18ea6ac5f2748b37c7bb5b6 has-global-padding is-layout-constrained wp-container-core-group-is-layout-0d0226ac wp-block-group-is-layout-constrained\" style=\"border-left-width:5px;padding-top:20px;padding-right:20px;padding-bottom:20px;padding-left:20px\">\n<p class=\"has-base-2-color has-text-color has-link-color wp-elements-3dc78c85563519d62e96dc25472e06e8\"><strong>Practical information:<\/strong> Distance from campsite: 31 km<\/p>\n<\/div>\n\n<div style=\"height:20px\" aria-hidden=\"true\" class=\"wp-block-spacer gt-hide-mobile\"><\/div>\n\n<div class=\"wp-block-buttons is-layout-flex wp-block-buttons-is-layout-flex\">\n<div class=\"wp-block-button btn-2 is-style-outline is-style-outline--1\"><a class=\"wp-block-button__link has-custom-color-3-color has-text-color has-link-color has-border-color has-custom-color-3-border-color has-custom-font-size wp-element-button\" href=\"https:\/\/www.reservenaturelle-saintdenisdupayre.fr\/\" style=\"border-width:2px;border-radius:0px;padding-top:10px;padding-right:30px;padding-bottom:10px;padding-left:30px;font-size:clamp(14.642px, 0.915rem + ((1vw - 3.2px) * 0.766), 22px);font-style:normal;font-weight:600\">Opening hours and prices<\/a><\/div>\n<\/div>\n","protected":false},"excerpt":{"rendered":"<p>Since the reserve was created, 275 bird species have been recorded. A remarkably well-equipped 63m2 observatory is at your disposal in the center of the reserve, from which you can discover this place of tranquility in the company of naturalist guides and animators. As with all nature reserves, it is above all the habitat that [&hellip;]<\/p>\n","protected":false},"author":1,"featured_media":2007,"parent":2874,"menu_order":0,"comment_status":"closed","ping_status":"closed","template":"wp-custom-template-sous-pages-blog-articles","meta":{"_acf_changed":false,"_seopress_robots_primary_cat":"","_seopress_titles_title":"R\u00e9serve Naturelle Michel Brosselin - Bird sanctuary in Vend\u00e9e","_seopress_titles_desc":"The Michel Brosselin National Nature Reserve, close to the Parfums d'\u00c9t\u00e9 campsite, is a haven for migratory birds and nature lovers.","_seopress_robots_index":"","_gt_ctv_global_id":"","_gt_ctv_id_group":false,"inline_featured_image":false,"gt_fse_maillage_image":"https:\/\/camping-parfums-ete.fr\/wp-content\/uploads\/2025\/09\/blog-1-reserve-naturelle-nationale-michel-brosselin.webp","gt_fse_maillage_titre":"Michel Brosselin National Nature Reserve","gt_fse_maillage_alt":"Michel Brosselin National Nature Reserve","gt_fse_maillage_resume":"","footnotes":""},"categories":[],"tags":[],"class_list":["post-2950","page","type-page","status-publish","has-post-thumbnail","hentry"],"acf":[],"_links":{"self":[{"href":"https:\/\/camping-parfums-ete.fr\/en\/wp-json\/wp\/v2\/pages\/2950","targetHints":{"allow":["GET"]}}],"collection":[{"href":"https:\/\/camping-parfums-ete.fr\/en\/wp-json\/wp\/v2\/pages"}],"about":[{"href":"https:\/\/camping-parfums-ete.fr\/en\/wp-json\/wp\/v2\/types\/page"}],"author":[{"embeddable":true,"href":"https:\/\/camping-parfums-ete.fr\/en\/wp-json\/wp\/v2\/users\/1"}],"replies":[{"embeddable":true,"href":"https:\/\/camping-parfums-ete.fr\/en\/wp-json\/wp\/v2\/comments?post=2950"}],"version-history":[{"count":0,"href":"https:\/\/camping-parfums-ete.fr\/en\/wp-json\/wp\/v2\/pages\/2950\/revisions"}],"up":[{"embeddable":true,"href":"https:\/\/camping-parfums-ete.fr\/en\/wp-json\/wp\/v2\/pages\/2874"}],"wp:featuredmedia":[{"embeddable":true,"href":"https:\/\/camping-parfums-ete.fr\/en\/wp-json\/wp\/v2\/media\/2007"}],"wp:attachment":[{"href":"https:\/\/camping-parfums-ete.fr\/en\/wp-json\/wp\/v2\/media?parent=2950"}],"wp:term":[{"taxonomy":"category","embeddable":true,"href":"https:\/\/camping-parfums-ete.fr\/en\/wp-json\/wp\/v2\/categories?post=2950"},{"taxonomy":"post_tag","embeddable":true,"href":"https:\/\/camping-parfums-ete.fr\/en\/wp-json\/wp\/v2\/tags?post=2950"}],"curies":[{"name":"wp","href":"https:\/\/api.w.org\/{rel}","templated":true}]}}