{"id":2946,"date":"2025-09-03T15:34:28","date_gmt":"2025-09-03T13:34:28","guid":{"rendered":"https:\/\/camping-parfums-ete.fr\/tourisme-vendee\/pointe-du-payre\/"},"modified":"2025-09-24T11:12:44","modified_gmt":"2025-09-24T09:12:44","slug":"pointe-du-payre","status":"publish","type":"page","link":"https:\/\/camping-parfums-ete.fr\/en\/tourism-vendee\/pointe-du-payre\/","title":{"rendered":"Pointe du Payr\u00e9"},"content":{"rendered":"\n<p>The Pointe du Payr\u00e9 is one of the most beautiful walks in the Vend\u00e9e. This area, owned by the Conservatoire du Littoral, is one of the most beautiful holm oak forests on the Atlantic coast. The plants living here are highly adapted to sea spray and soil conditions. As a result, they offer a wide range of shapes and colors.     <\/p>\n\n<p>Following a path overlooking the cliffs, you can learn about the geological history of the southern Vend\u00e9e. The different geological strata offer colors ranging from blue to ochre. However, strong anthropic pressure is gradually causing the cliffs to recede, and if left unprotected, they could disappear very quickly.  <\/p>\n\n<div class=\"wp-block-group has-custom-color-1-color has-custom-color-2-background-color has-text-color has-background has-link-color wp-elements-14107c5850bc62b419c9f7ffd6129b36 has-global-padding is-layout-constrained wp-container-core-group-is-layout-0d0226ac wp-block-group-is-layout-constrained\" style=\"border-left-width:5px;padding-top:20px;padding-right:20px;padding-bottom:20px;padding-left:20px\">\n<p class=\"has-base-2-color has-text-color has-link-color wp-elements-4cbb23a8cccd2582ff8a39785e4ddbd1\"><strong>Practical information:<\/strong> Departure from the Plage de la Mine parking lot &#8211; Jard s\/Mer, guided tour on booking (duration 3 hours)<\/p>\n<\/div>\n","protected":false},"excerpt":{"rendered":"<p>The Pointe du Payr\u00e9 is one of the most beautiful walks in the Vend\u00e9e. This area, owned by the Conservatoire du Littoral, is one of the most beautiful holm oak forests on the Atlantic coast. The plants living here are highly adapted to sea spray and soil conditions. As a result, they offer a wide [&hellip;]<\/p>\n","protected":false},"author":1,"featured_media":1985,"parent":2874,"menu_order":22,"comment_status":"closed","ping_status":"closed","template":"wp-custom-template-sous-pages-blog-articles","meta":{"_acf_changed":false,"_seopress_robots_primary_cat":"","_seopress_titles_title":"Pointe du Payr\u00e9 - Natural site at Jard-sur-Mer","_seopress_titles_desc":"The Pointe du Payr\u00e9, 5 minutes from the Parfums d'\u00c9t\u00e9 campsite, offers a natural setting for walks between sea and marsh.","_seopress_robots_index":"","_gt_ctv_global_id":"","_gt_ctv_id_group":false,"inline_featured_image":false,"gt_fse_maillage_image":"https:\/\/camping-parfums-ete.fr\/wp-content\/uploads\/2025\/09\/blog-1-pointe-du-payre.webp","gt_fse_maillage_titre":"Pointe du Payr\u00e9","gt_fse_maillage_alt":"Pointe du Payr\u00e9","gt_fse_maillage_resume":"","footnotes":""},"categories":[],"tags":[],"class_list":["post-2946","page","type-page","status-publish","has-post-thumbnail","hentry"],"acf":[],"_links":{"self":[{"href":"https:\/\/camping-parfums-ete.fr\/en\/wp-json\/wp\/v2\/pages\/2946","targetHints":{"allow":["GET"]}}],"collection":[{"href":"https:\/\/camping-parfums-ete.fr\/en\/wp-json\/wp\/v2\/pages"}],"about":[{"href":"https:\/\/camping-parfums-ete.fr\/en\/wp-json\/wp\/v2\/types\/page"}],"author":[{"embeddable":true,"href":"https:\/\/camping-parfums-ete.fr\/en\/wp-json\/wp\/v2\/users\/1"}],"replies":[{"embeddable":true,"href":"https:\/\/camping-parfums-ete.fr\/en\/wp-json\/wp\/v2\/comments?post=2946"}],"version-history":[{"count":0,"href":"https:\/\/camping-parfums-ete.fr\/en\/wp-json\/wp\/v2\/pages\/2946\/revisions"}],"up":[{"embeddable":true,"href":"https:\/\/camping-parfums-ete.fr\/en\/wp-json\/wp\/v2\/pages\/2874"}],"wp:featuredmedia":[{"embeddable":true,"href":"https:\/\/camping-parfums-ete.fr\/en\/wp-json\/wp\/v2\/media\/1985"}],"wp:attachment":[{"href":"https:\/\/camping-parfums-ete.fr\/en\/wp-json\/wp\/v2\/media?parent=2946"}],"wp:term":[{"taxonomy":"category","embeddable":true,"href":"https:\/\/camping-parfums-ete.fr\/en\/wp-json\/wp\/v2\/categories?post=2946"},{"taxonomy":"post_tag","embeddable":true,"href":"https:\/\/camping-parfums-ete.fr\/en\/wp-json\/wp\/v2\/tags?post=2946"}],"curies":[{"name":"wp","href":"https:\/\/api.w.org\/{rel}","templated":true}]}}