{"id":2941,"date":"2025-09-03T15:43:58","date_gmt":"2025-09-03T13:43:58","guid":{"rendered":"https:\/\/camping-parfums-ete.fr\/tourisme-vendee\/puy-du-fou\/"},"modified":"2025-09-24T11:12:44","modified_gmt":"2025-09-24T09:12:44","slug":"puy-du-fou","status":"publish","type":"page","link":"https:\/\/camping-parfums-ete.fr\/en\/tourism-vendee\/puy-du-fou\/","title":{"rendered":"Puy du Fou"},"content":{"rendered":"\n<p>Just a few minutes&#8217; drive from the campsite in Jard sur Mer, discover the Parc du Puy du Fou. A leisure park that needs no introduction, it&#8217;s now a must-see in the Vend\u00e9e. Every season, thousands of people come to discover this park in the Vend\u00e9e. Le Puy du Fou has won numerous awards, bringing it international renown:   <\/p>\n\n<ul class=\"wp-block-list\">\n<li>Best world premiere<\/li>\n\n\n\n<li>Best show of the year<\/li>\n\n\n\n<li>Best European creation<\/li>\n\n\n\n<li>Best park in the world<\/li>\n\n\n\n<li>Best park in Europe<\/li>\n<\/ul>\n\n<p>When you arrive at the park, you&#8217;ll immediately be transported back in time. The sets, costumes and buildings are all designed to make you feel as if you&#8217;ve stepped back in time. As you stroll along, you&#8217;ll discover ancestral techniques and period villages such as the medieval town, the 18th-century village and the 1900s village&#8230;  <\/p>\n\n<p>You&#8217;ll need more than a day to discover all the park&#8217;s breathtaking shows. Relive the era of Caesar during the gladiatorial combat, discover the Viking show, live a passionate love story during the Verdun war, rediscover the era of the Knights of the Round Table&#8230; Every year the park renews itself and offers its visitors something new. <\/p>\n\n<p>For further information, please contact us at the campsite reception.<\/p>\n\n<p><\/p>\n","protected":false},"excerpt":{"rendered":"<p>Just a few minutes&#8217; drive from the campsite in Jard sur Mer, discover the Parc du Puy du Fou. A leisure park that needs no introduction, it&#8217;s now a must-see in the Vend\u00e9e. Every season, thousands of people come to discover this park in the Vend\u00e9e. Le Puy du Fou has won numerous awards, bringing [&hellip;]<\/p>\n","protected":false},"author":1,"featured_media":1993,"parent":2874,"menu_order":28,"comment_status":"closed","ping_status":"closed","template":"wp-custom-template-sous-pages-blog-articles","meta":{"_acf_changed":false,"_seopress_robots_primary_cat":"","_seopress_titles_title":"Puy du Fou - Historical theme park in Vend\u00e9e","_seopress_titles_desc":"The Puy du Fou, 1h30 from the Parfums d'\u00c9t\u00e9 campsite, offers immersive shows retracing the history of France.","_seopress_robots_index":"","_gt_ctv_global_id":"","_gt_ctv_id_group":false,"inline_featured_image":false,"gt_fse_maillage_image":"https:\/\/camping-parfums-ete.fr\/wp-content\/uploads\/2025\/09\/blog-1-puy-du-fou.webp","gt_fse_maillage_titre":"Puy du Fou","gt_fse_maillage_alt":"puy du fou blog","gt_fse_maillage_resume":"","footnotes":""},"categories":[],"tags":[],"class_list":["post-2941","page","type-page","status-publish","has-post-thumbnail","hentry"],"acf":[],"_links":{"self":[{"href":"https:\/\/camping-parfums-ete.fr\/en\/wp-json\/wp\/v2\/pages\/2941","targetHints":{"allow":["GET"]}}],"collection":[{"href":"https:\/\/camping-parfums-ete.fr\/en\/wp-json\/wp\/v2\/pages"}],"about":[{"href":"https:\/\/camping-parfums-ete.fr\/en\/wp-json\/wp\/v2\/types\/page"}],"author":[{"embeddable":true,"href":"https:\/\/camping-parfums-ete.fr\/en\/wp-json\/wp\/v2\/users\/1"}],"replies":[{"embeddable":true,"href":"https:\/\/camping-parfums-ete.fr\/en\/wp-json\/wp\/v2\/comments?post=2941"}],"version-history":[{"count":0,"href":"https:\/\/camping-parfums-ete.fr\/en\/wp-json\/wp\/v2\/pages\/2941\/revisions"}],"up":[{"embeddable":true,"href":"https:\/\/camping-parfums-ete.fr\/en\/wp-json\/wp\/v2\/pages\/2874"}],"wp:featuredmedia":[{"embeddable":true,"href":"https:\/\/camping-parfums-ete.fr\/en\/wp-json\/wp\/v2\/media\/1993"}],"wp:attachment":[{"href":"https:\/\/camping-parfums-ete.fr\/en\/wp-json\/wp\/v2\/media?parent=2941"}],"wp:term":[{"taxonomy":"category","embeddable":true,"href":"https:\/\/camping-parfums-ete.fr\/en\/wp-json\/wp\/v2\/categories?post=2941"},{"taxonomy":"post_tag","embeddable":true,"href":"https:\/\/camping-parfums-ete.fr\/en\/wp-json\/wp\/v2\/tags?post=2941"}],"curies":[{"name":"wp","href":"https:\/\/api.w.org\/{rel}","templated":true}]}}