{"id":2935,"date":"2025-09-03T11:37:07","date_gmt":"2025-09-03T09:37:07","guid":{"rendered":"https:\/\/camping-parfums-ete.fr\/tourisme-vendee\/centre-de-la-prehistoire\/"},"modified":"2025-09-24T11:12:43","modified_gmt":"2025-09-24T09:12:43","slug":"centre-de-la-prehistoire","status":"publish","type":"page","link":"https:\/\/camping-parfums-ete.fr\/en\/tourism-vendee\/centre-de-la-prehistoire\/","title":{"rendered":"Pr\u00e9histo&#8217;site du Cairn in Saint-Hilaire-la-For\u00eat"},"content":{"rendered":"\n<p>Looking for a great vacation on the Vend\u00e9e coast? Just <strong>12 minutes from Les Parfums d&#8217;\u00e9t\u00e9 campsite<\/strong>, discover the charming <strong>commune of Saint-Hilaire-la-For\u00eat<\/strong>. With its golden beaches, lush forests and cultural heritage, this destination is a true haven of peace. During your stay, discover the <strong>Pr\u00e9histo&#8217;site du Cairn park<\/strong> and its museum, a fun and fascinating visit, perfect for enriching your family vacation.   <\/p>\n\n<h2 class=\"wp-block-heading has-custom-color-1-color has-text-color has-link-color has-retcaro-font-family wp-elements-a64965b4ddd760489e06aa1fd5618b75\" style=\"font-size:clamp(1.743rem, 1.743rem + ((1vw - 0.2rem) * 2.095), 3rem);line-height:1\">The Cairn prehistoric park<\/h2>\n\n<p>Located <em>on Rue de la Courolle in Saint-Hilaire-la-For\u00eat<\/em>, the <strong>prehisto&#8217;site du Cairn is a theme park dedicated to Vend\u00e9e&#8217;s historic<\/strong> prehistoric <strong>heritage<\/strong>: the <strong>famous menhirs and dolmens<\/strong>. The site offers an interactive and educational immersion into the life of prehistoric man, providing visitors with a unique experience to discover this fascinating era. <\/p>\n\n<p>The park is made up of several themed areas: explore <strong>the Prehistoric Garden<\/strong>, then discover the curious menhir moving area and the hunting area. The reconstitution of a dolmen and the Bronze Age house offer a glimpse of the architecture of that era. The site also features a fishing area and a &#8220;nomadic habitat&#8221; area dedicated to discovering the lifestyles of prehistoric populations.  <\/p>\n\n<p>Take part in the various workshops offered by the park&#8217;s staff, such as jewelry-making or charcoal drawing, perfect for unleashing your creativity.<\/p>\n\n<figure class=\"wp-block-image aligncenter size-full is-resized is-style-default\" style=\"margin-right:0;margin-left:0\"><img decoding=\"async\" width=\"900\" height=\"601\" src=\"https:\/\/camping-parfums-ete.fr\/wp-content\/uploads\/2025\/09\/blog-1-Prehisto-site-du-Cairn-Saint-Hilaire-la-Foret-1.webp\" alt=\"blog Prehisto site du Cairn Saint Hilaire la Foret\" class=\"wp-image-1803\" style=\"width:600px\" srcset=\"https:\/\/camping-parfums-ete.fr\/wp-content\/uploads\/2025\/09\/blog-1-Prehisto-site-du-Cairn-Saint-Hilaire-la-Foret-1.webp 900w, https:\/\/camping-parfums-ete.fr\/wp-content\/uploads\/2025\/09\/blog-1-Prehisto-site-du-Cairn-Saint-Hilaire-la-Foret-1-300x200.webp 300w, https:\/\/camping-parfums-ete.fr\/wp-content\/uploads\/2025\/09\/blog-1-Prehisto-site-du-Cairn-Saint-Hilaire-la-Foret-1-768x513.webp 768w\" sizes=\"(max-width: 900px) 100vw, 900px\" \/><\/figure>\n\n<h2 class=\"wp-block-heading has-custom-color-1-color has-text-color has-link-color has-retcaro-font-family wp-elements-c12871a0ce0782f075c92f3d8462ac3f\" style=\"font-size:clamp(1.743rem, 1.743rem + ((1vw - 0.2rem) * 2.095), 3rem);line-height:1\">The Cairn Prehisto&#8217;site Museum<\/h2>\n\n<p>The <strong>Pr\u00e9histo&#8217;site du Cairn park<\/strong> isn&#8217;t just a park! It&#8217;s also home to an interactive museum designed to appeal to the whole family. The museum immerses visitors in prehistory and the history of the Vend\u00e9e through three interactive exhibition rooms.  <\/p>\n\n<p>The immersive &#8220;Journey into Prehistory&#8221; room invites you to immerse yourself in the daily life of early man, thanks to a major reconstruction project.<\/p>\n\n<p>The permanent exhibition, &#8220;N\u00e9andertal l&#8217;Expo&#8221;, features over 90 objects (archaeological specimens, relics discovered in the Vend\u00e9e region, casts, reconstructions, illustrations, etc.), providing a better understanding of the fascinating ancestor of Neanderthal man.<\/p>\n\n<p>Finally, the multimedia room &#8220;Rue des Menhirs&#8221; offers an exploration of the megaliths, with 3D reconstructions and interactive tools, to discover the local prehistoric heritage.<\/p>\n\n<p>The Pr\u00e9histo&#8217;site du Cairn park offers you an enriching and entertaining family day out, come sunshine or rain! It&#8217;s the perfect activity for your vacation in Saint Hilaire la For\u00eat. <\/p>\n\n<h2 class=\"wp-block-heading has-custom-color-1-color has-text-color has-link-color has-retcaro-font-family wp-elements-dc1e5b7157479fd00679d15add544dc7\" style=\"font-size:clamp(1.743rem, 1.743rem + ((1vw - 0.2rem) * 2.095), 3rem);line-height:1\">Your camping vacation near Saint-Hilaire-la-For\u00eat<\/h2>\n\n<p>The <a href=\"https:\/\/camping-parfums-ete.fr\/camping-saint-hilaire-la-foret\/\">4-star Les Parfums d&#8217;\u00e9t\u00e9 campsite near Saint-Hilaire-la-For\u00eat<\/a> in Jard sur Mer is the ideal place to discover the Vend\u00e9e. Nestled in the heart of nature, between forest and ocean, this campsite offers spacious pitches and comfortable accommodation: mobile homes, lodges, caravans&#8230; Our team will do its utmost to ensure that you stay in the accommodation that suits you and your taste! <\/p>\n\n<p>Take advantage of the swimming pool and the many activities for young and old (p\u00e9tanque tournament, playgrounds, kids&#8217; club&#8230;) as well as the proximity of the fine sandy beaches just 400 m from the campsite.<\/p>\n\n<p>Les Parfums d&#8217;\u00c9t\u00e9 campsite is located close to the <a href=\"https:\/\/cairn-prehistoire.com\/\" target=\"_blank\" rel=\"noreferrer noopener\">Pr\u00e9histo&#8217;site du Cairn park<\/a>, and offers a full range of services for the perfect vacation: a snack bar and grocery store are available for everyday needs, while bike rental lets you explore the surrounding area. The campsite also offers free Wi-Fi access, laundry facilities and evening entertainment to keep the whole family entertained. <\/p>\n","protected":false},"excerpt":{"rendered":"<p>Looking for a great vacation on the Vend\u00e9e coast? Just 12 minutes from Les Parfums d&#8217;\u00e9t\u00e9 campsite, discover the charming commune of Saint-Hilaire-la-For\u00eat. With its golden beaches, lush forests and cultural heritage, this destination is a true haven of peace. During your stay, discover the Pr\u00e9histo&#8217;site du Cairn park and its museum, a fun and [&hellip;]<\/p>\n","protected":false},"author":1,"featured_media":1801,"parent":2874,"menu_order":0,"comment_status":"closed","ping_status":"closed","template":"wp-custom-template-sous-pages-blog-articles","meta":{"_acf_changed":false,"_seopress_robots_primary_cat":"","_seopress_titles_title":"Center de la Pr\u00e9histoire - Time travel at Le Grand-Pressigny","_seopress_titles_desc":"The Centre de la Pr\u00e9histoire du Grand-Pressigny, 1h30 from the Parfums d'\u00c9t\u00e9 campsite, offers an immersion in the region's prehistoric history.","_seopress_robots_index":"","_gt_ctv_global_id":"","_gt_ctv_id_group":false,"inline_featured_image":false,"gt_fse_maillage_image":"https:\/\/camping-parfums-ete.fr\/wp-content\/uploads\/2025\/09\/blog-1-Prehisto-site-du-Cairn-Saint-Hilaire-la-Foret.webp","gt_fse_maillage_titre":"Pr\u00e9histo'site du Cairn in Saint-Hilaire-la-For\u00eat","gt_fse_maillage_alt":"Pr\u00e9histo'site du Cairn in Saint-Hilaire-la-For\u00eat","gt_fse_maillage_resume":"","footnotes":""},"categories":[],"tags":[],"class_list":["post-2935","page","type-page","status-publish","has-post-thumbnail","hentry"],"acf":[],"_links":{"self":[{"href":"https:\/\/camping-parfums-ete.fr\/en\/wp-json\/wp\/v2\/pages\/2935","targetHints":{"allow":["GET"]}}],"collection":[{"href":"https:\/\/camping-parfums-ete.fr\/en\/wp-json\/wp\/v2\/pages"}],"about":[{"href":"https:\/\/camping-parfums-ete.fr\/en\/wp-json\/wp\/v2\/types\/page"}],"author":[{"embeddable":true,"href":"https:\/\/camping-parfums-ete.fr\/en\/wp-json\/wp\/v2\/users\/1"}],"replies":[{"embeddable":true,"href":"https:\/\/camping-parfums-ete.fr\/en\/wp-json\/wp\/v2\/comments?post=2935"}],"version-history":[{"count":0,"href":"https:\/\/camping-parfums-ete.fr\/en\/wp-json\/wp\/v2\/pages\/2935\/revisions"}],"up":[{"embeddable":true,"href":"https:\/\/camping-parfums-ete.fr\/en\/wp-json\/wp\/v2\/pages\/2874"}],"wp:featuredmedia":[{"embeddable":true,"href":"https:\/\/camping-parfums-ete.fr\/en\/wp-json\/wp\/v2\/media\/1801"}],"wp:attachment":[{"href":"https:\/\/camping-parfums-ete.fr\/en\/wp-json\/wp\/v2\/media?parent=2935"}],"wp:term":[{"taxonomy":"category","embeddable":true,"href":"https:\/\/camping-parfums-ete.fr\/en\/wp-json\/wp\/v2\/categories?post=2935"},{"taxonomy":"post_tag","embeddable":true,"href":"https:\/\/camping-parfums-ete.fr\/en\/wp-json\/wp\/v2\/tags?post=2935"}],"curies":[{"name":"wp","href":"https:\/\/api.w.org\/{rel}","templated":true}]}}