{"id":2904,"date":"2025-09-03T14:38:32","date_gmt":"2025-09-03T12:38:32","guid":{"rendered":"https:\/\/camping-parfums-ete.fr\/tourisme-vendee\/marais-salants\/"},"modified":"2025-09-24T11:12:43","modified_gmt":"2025-09-24T09:12:43","slug":"marais-salants","status":"publish","type":"page","link":"https:\/\/camping-parfums-ete.fr\/en\/tourism-vendee\/marais-salants\/","title":{"rendered":"Salt marshes"},"content":{"rendered":"\n<p>In an unspoilt setting, the Guitti\u00e8re marshes offer groups all their diversity and history. Between flights of wading birds and shimmering colors, the salt workers take pleasure in perpetuating traditional techniques and preserving this unique site. Once the driving force behind the region&#8217;s economy, salt production today relies on the work of just a few people. The color of the salt has always made the village famous, as the process used is unique in France.   <\/p>\n\n<p>Discover the work of a salt-marsh farmer, how fish marshes operate and the water circuit during a 2-hour animation.<\/p>\n\n<div class=\"wp-block-group has-custom-color-1-color has-custom-color-2-background-color has-text-color has-background has-link-color wp-elements-6870c4ab8dfc5bde1fd1ce8a30d24ba4 has-global-padding is-layout-constrained wp-container-core-group-is-layout-0d0226ac wp-block-group-is-layout-constrained\" style=\"border-left-width:5px;padding-top:20px;padding-right:20px;padding-bottom:20px;padding-left:20px\">\n<p class=\"has-base-2-color has-text-color has-link-color wp-elements-5298fe0b0aee4efe5b77f2c848d9cf5d\"><strong>Practical information:<\/strong> Distance from campsite: 9 km<\/p>\n<\/div>\n","protected":false},"excerpt":{"rendered":"<p>In an unspoilt setting, the Guitti\u00e8re marshes offer groups all their diversity and history. Between flights of wading birds and shimmering colors, the salt workers take pleasure in perpetuating traditional techniques and preserving this unique site. Once the driving force behind the region&#8217;s economy, salt production today relies on the work of just a few [&hellip;]<\/p>\n","protected":false},"author":1,"featured_media":1897,"parent":2874,"menu_order":0,"comment_status":"closed","ping_status":"closed","template":"wp-custom-template-sous-pages-blog-articles","meta":{"_acf_changed":false,"_seopress_robots_primary_cat":"","_seopress_titles_title":"Marais salants de la Vend\u00e9e - Family discovery","_seopress_titles_desc":"Explore the Vend\u00e9e salt marshes: guided tour, birdwatching and salt harvesting. Just a few kilometers from the Parfums d'\u00c9t\u00e9 campsite. ","_seopress_robots_index":"","_gt_ctv_global_id":"","_gt_ctv_id_group":false,"inline_featured_image":false,"gt_fse_maillage_image":"https:\/\/camping-parfums-ete.fr\/wp-content\/uploads\/2025\/09\/blog-1-marais-salants.webp","gt_fse_maillage_titre":"Salt marshes","gt_fse_maillage_alt":"Salt marshes","gt_fse_maillage_resume":"","footnotes":""},"categories":[],"tags":[],"class_list":["post-2904","page","type-page","status-publish","has-post-thumbnail","hentry"],"acf":[],"_links":{"self":[{"href":"https:\/\/camping-parfums-ete.fr\/en\/wp-json\/wp\/v2\/pages\/2904","targetHints":{"allow":["GET"]}}],"collection":[{"href":"https:\/\/camping-parfums-ete.fr\/en\/wp-json\/wp\/v2\/pages"}],"about":[{"href":"https:\/\/camping-parfums-ete.fr\/en\/wp-json\/wp\/v2\/types\/page"}],"author":[{"embeddable":true,"href":"https:\/\/camping-parfums-ete.fr\/en\/wp-json\/wp\/v2\/users\/1"}],"replies":[{"embeddable":true,"href":"https:\/\/camping-parfums-ete.fr\/en\/wp-json\/wp\/v2\/comments?post=2904"}],"version-history":[{"count":0,"href":"https:\/\/camping-parfums-ete.fr\/en\/wp-json\/wp\/v2\/pages\/2904\/revisions"}],"up":[{"embeddable":true,"href":"https:\/\/camping-parfums-ete.fr\/en\/wp-json\/wp\/v2\/pages\/2874"}],"wp:featuredmedia":[{"embeddable":true,"href":"https:\/\/camping-parfums-ete.fr\/en\/wp-json\/wp\/v2\/media\/1897"}],"wp:attachment":[{"href":"https:\/\/camping-parfums-ete.fr\/en\/wp-json\/wp\/v2\/media?parent=2904"}],"wp:term":[{"taxonomy":"category","embeddable":true,"href":"https:\/\/camping-parfums-ete.fr\/en\/wp-json\/wp\/v2\/categories?post=2904"},{"taxonomy":"post_tag","embeddable":true,"href":"https:\/\/camping-parfums-ete.fr\/en\/wp-json\/wp\/v2\/tags?post=2904"}],"curies":[{"name":"wp","href":"https:\/\/api.w.org\/{rel}","templated":true}]}}