{"id":2902,"date":"2025-09-03T15:30:45","date_gmt":"2025-09-03T13:30:45","guid":{"rendered":"https:\/\/camping-parfums-ete.fr\/tourisme-vendee\/parcs-ostreicoles\/"},"modified":"2025-09-24T11:12:43","modified_gmt":"2025-09-24T09:12:43","slug":"parcs-ostreicoles","status":"publish","type":"page","link":"https:\/\/camping-parfums-ete.fr\/en\/tourism-vendee\/parcs-ostreicoles\/","title":{"rendered":"Oyster farms"},"content":{"rendered":"\n<p>In the heart of the Payr\u00e9 Estuary, the Guitti\u00e8re oyster-farming zone unfolds under the action of the tides. The Guitti\u00e8re oyster is renowned for its color and mild flavor. In fact, the channel abounds in phytoplankton specific to the brackish nature of the site, giving it all its particular characteristics.  <\/p>\n\n<p>Guided tour by reservation (2 hours), ending with an oyster tasting, accompanied by local wine, bread, lemon and butter. This convivial event takes place in a former Salorge (salt storehouse), which is also an exhibition space. <\/p>\n\n<div class=\"wp-block-group has-custom-color-1-color has-custom-color-2-background-color has-text-color has-background has-link-color wp-elements-6870c4ab8dfc5bde1fd1ce8a30d24ba4 has-global-padding is-layout-constrained wp-container-core-group-is-layout-0d0226ac wp-block-group-is-layout-constrained\" style=\"border-left-width:5px;padding-top:20px;padding-right:20px;padding-bottom:20px;padding-left:20px\">\n<p class=\"has-base-2-color has-text-color has-link-color wp-elements-5298fe0b0aee4efe5b77f2c848d9cf5d\"><strong>Practical information:<\/strong> Distance from campsite: 9 km<\/p>\n<\/div>\n","protected":false},"excerpt":{"rendered":"<p>In the heart of the Payr\u00e9 Estuary, the Guitti\u00e8re oyster-farming zone unfolds under the action of the tides. The Guitti\u00e8re oyster is renowned for its color and mild flavor. In fact, the channel abounds in phytoplankton specific to the brackish nature of the site, giving it all its particular characteristics. Guided tour by reservation (2 [&hellip;]<\/p>\n","protected":false},"author":1,"featured_media":1978,"parent":2874,"menu_order":0,"comment_status":"closed","ping_status":"closed","template":"wp-custom-template-sous-pages-blog-articles","meta":{"_acf_changed":false,"_seopress_robots_primary_cat":"","_seopress_titles_title":"Parcs Ostr\u00e9icoles - Discover mussel and oyster farming in Vend\u00e9e","_seopress_titles_desc":"Explore the oyster beds of the Baie de l'Aiguillon, just a few kilometers from the Parfums d'\u00c9t\u00e9 campsite, for an immersion in the culture of local oysters and mussels.","_seopress_robots_index":"","_gt_ctv_global_id":"","_gt_ctv_id_group":false,"inline_featured_image":false,"gt_fse_maillage_image":"https:\/\/camping-parfums-ete.fr\/wp-content\/uploads\/2025\/09\/blog-1-parcs-ostreicoles.webp","gt_fse_maillage_titre":"Oyster farms","gt_fse_maillage_alt":"Oyster farms","gt_fse_maillage_resume":"","footnotes":""},"categories":[],"tags":[],"class_list":["post-2902","page","type-page","status-publish","has-post-thumbnail","hentry"],"acf":[],"_links":{"self":[{"href":"https:\/\/camping-parfums-ete.fr\/en\/wp-json\/wp\/v2\/pages\/2902","targetHints":{"allow":["GET"]}}],"collection":[{"href":"https:\/\/camping-parfums-ete.fr\/en\/wp-json\/wp\/v2\/pages"}],"about":[{"href":"https:\/\/camping-parfums-ete.fr\/en\/wp-json\/wp\/v2\/types\/page"}],"author":[{"embeddable":true,"href":"https:\/\/camping-parfums-ete.fr\/en\/wp-json\/wp\/v2\/users\/1"}],"replies":[{"embeddable":true,"href":"https:\/\/camping-parfums-ete.fr\/en\/wp-json\/wp\/v2\/comments?post=2902"}],"version-history":[{"count":0,"href":"https:\/\/camping-parfums-ete.fr\/en\/wp-json\/wp\/v2\/pages\/2902\/revisions"}],"up":[{"embeddable":true,"href":"https:\/\/camping-parfums-ete.fr\/en\/wp-json\/wp\/v2\/pages\/2874"}],"wp:featuredmedia":[{"embeddable":true,"href":"https:\/\/camping-parfums-ete.fr\/en\/wp-json\/wp\/v2\/media\/1978"}],"wp:attachment":[{"href":"https:\/\/camping-parfums-ete.fr\/en\/wp-json\/wp\/v2\/media?parent=2902"}],"wp:term":[{"taxonomy":"category","embeddable":true,"href":"https:\/\/camping-parfums-ete.fr\/en\/wp-json\/wp\/v2\/categories?post=2902"},{"taxonomy":"post_tag","embeddable":true,"href":"https:\/\/camping-parfums-ete.fr\/en\/wp-json\/wp\/v2\/tags?post=2902"}],"curies":[{"name":"wp","href":"https:\/\/api.w.org\/{rel}","templated":true}]}}