{"id":2891,"date":"2025-09-02T13:46:02","date_gmt":"2025-09-02T11:46:02","guid":{"rendered":"https:\/\/camping-parfums-ete.fr\/tourisme-vendee\/aquarium-de-vendee\/"},"modified":"2025-09-24T11:12:44","modified_gmt":"2025-09-24T09:12:44","slug":"aquarium-de-vendee","status":"publish","type":"page","link":"https:\/\/camping-parfums-ete.fr\/en\/tourism-vendee\/aquarium-de-vendee\/","title":{"rendered":"Aquarium de Vend\u00e9e"},"content":{"rendered":"\n<h2 class=\"wp-block-heading has-custom-color-1-color has-text-color has-link-color has-retcaro-font-family wp-elements-affb2a39c3629ca821bbecd70e2725f5\" style=\"font-size:clamp(1.743rem, 1.743rem + ((1vw - 0.2rem) * 2.095), 3rem);line-height:1\">A fascinating immersion in the marine world<\/h2>\n\n<p>The Aquarium de Vend\u00e9e is a human-sized aquarium located in Talmont Saint Hilaire, offering a fantastic visit to the heart of marine life. Discover over 500 extraordinary species in 3 distinct universes, representing the four corners of the marine world. <\/p>\n\n<p>Located just 13 km from your campsite, this aquarium offers the perfect immersive experience for the whole family. With year-round entertainment, free parking, a snack bar in season and a site fully accessible to people with reduced mobility, it&#8217;s an ideal outing during your vacation in the Vend\u00e9e. <\/p>\n\n<div class=\"wp-block-group has-custom-color-1-color has-custom-color-2-background-color has-text-color has-background has-link-color wp-elements-e599f51e6e0bc7326377fc828ac28f5b has-global-padding is-layout-constrained wp-container-core-group-is-layout-0d0226ac wp-block-group-is-layout-constrained\" style=\"border-left-width:5px;padding-top:20px;padding-right:20px;padding-bottom:20px;padding-left:20px\">\n<p class=\"has-base-2-color has-text-color has-link-color wp-elements-b27dd68e1007fdf1b0ccadd650fae890\"><strong>Practical information:<\/strong> Distance from campsite: 13 km &#8211; Free parking &#8211; Accessible for disabled people &#8211; Activities all year round<\/p>\n<\/div>\n\n<div style=\"height:20px\" aria-hidden=\"true\" class=\"wp-block-spacer gt-hide-mobile\"><\/div>\n\n<div class=\"wp-block-buttons is-layout-flex wp-block-buttons-is-layout-flex\">\n<div class=\"wp-block-button btn-2 is-style-outline is-style-outline--1\"><a class=\"wp-block-button__link has-custom-color-3-color has-text-color has-link-color has-border-color has-custom-color-3-border-color has-custom-font-size wp-element-button\" href=\"https:\/\/www.aquarium-vendee.com\/\" style=\"border-width:2px;border-radius:0px;padding-top:10px;padding-right:30px;padding-bottom:10px;padding-left:30px;font-size:clamp(14.642px, 0.915rem + ((1vw - 3.2px) * 0.766), 22px);font-style:normal;font-weight:600\">Opening hours and prices<\/a><\/div>\n<\/div>\n","protected":false},"excerpt":{"rendered":"<p>A fascinating immersion in the marine world The Aquarium de Vend\u00e9e is a human-sized aquarium located in Talmont Saint Hilaire, offering a fantastic visit to the heart of marine life. Discover over 500 extraordinary species in 3 distinct universes, representing the four corners of the marine world. Located just 13 km from your campsite, this [&hellip;]<\/p>\n","protected":false},"author":1,"featured_media":1617,"parent":2874,"menu_order":26,"comment_status":"closed","ping_status":"closed","template":"wp-custom-template-sous-pages-blog-articles","meta":{"_acf_changed":false,"_seopress_robots_primary_cat":"","_seopress_titles_title":"Aquarium de Vend\u00e9e - Diving into the world's seas","_seopress_titles_desc":"The Aquarium de Vend\u00e9e, 30 minutes from the Parfums d'\u00c9t\u00e9 campsite, presents a variety of marine species in an immersive setting.","_seopress_robots_index":"","_gt_ctv_global_id":"","_gt_ctv_id_group":false,"inline_featured_image":false,"gt_fse_maillage_image":"https:\/\/camping-parfums-ete.fr\/wp-content\/uploads\/2025\/09\/blog-1-aquariumvendee.webp","gt_fse_maillage_titre":"Auto draft","gt_fse_maillage_alt":"Auto draft","gt_fse_maillage_resume":"","footnotes":""},"categories":[],"tags":[],"class_list":["post-2891","page","type-page","status-publish","has-post-thumbnail","hentry"],"acf":[],"_links":{"self":[{"href":"https:\/\/camping-parfums-ete.fr\/en\/wp-json\/wp\/v2\/pages\/2891","targetHints":{"allow":["GET"]}}],"collection":[{"href":"https:\/\/camping-parfums-ete.fr\/en\/wp-json\/wp\/v2\/pages"}],"about":[{"href":"https:\/\/camping-parfums-ete.fr\/en\/wp-json\/wp\/v2\/types\/page"}],"author":[{"embeddable":true,"href":"https:\/\/camping-parfums-ete.fr\/en\/wp-json\/wp\/v2\/users\/1"}],"replies":[{"embeddable":true,"href":"https:\/\/camping-parfums-ete.fr\/en\/wp-json\/wp\/v2\/comments?post=2891"}],"version-history":[{"count":0,"href":"https:\/\/camping-parfums-ete.fr\/en\/wp-json\/wp\/v2\/pages\/2891\/revisions"}],"up":[{"embeddable":true,"href":"https:\/\/camping-parfums-ete.fr\/en\/wp-json\/wp\/v2\/pages\/2874"}],"wp:featuredmedia":[{"embeddable":true,"href":"https:\/\/camping-parfums-ete.fr\/en\/wp-json\/wp\/v2\/media\/1617"}],"wp:attachment":[{"href":"https:\/\/camping-parfums-ete.fr\/en\/wp-json\/wp\/v2\/media?parent=2891"}],"wp:term":[{"taxonomy":"category","embeddable":true,"href":"https:\/\/camping-parfums-ete.fr\/en\/wp-json\/wp\/v2\/categories?post=2891"},{"taxonomy":"post_tag","embeddable":true,"href":"https:\/\/camping-parfums-ete.fr\/en\/wp-json\/wp\/v2\/tags?post=2891"}],"curies":[{"name":"wp","href":"https:\/\/api.w.org\/{rel}","templated":true}]}}