{"id":2875,"date":"2025-09-03T11:05:42","date_gmt":"2025-09-03T09:05:42","guid":{"rendered":"https:\/\/camping-parfums-ete.fr\/tourisme-vendee\/camping-tranche-sur-mer\/"},"modified":"2025-09-24T11:12:43","modified_gmt":"2025-09-24T09:12:43","slug":"camping-tranche-sur-mer","status":"publish","type":"page","link":"https:\/\/camping-parfums-ete.fr\/en\/tourism-vendee\/camping-tranche-sur-mer\/","title":{"rendered":"La Tranche-sur-Mer"},"content":{"rendered":"\n<p>La Tranche-sur-Mer is a pretty seaside resort in the Pays-de-la-Loire region, in the Vend\u00e9e d\u00e9partement. Enjoying a privileged and unique position on <strong>the Atlantic Ocean<\/strong>, La Tranche-sur-Mer attracts many tourists every year, who come to relax on its peaceful, quiet coastline. If you&#8217;d like to find out more about this very special commune in the Vend\u00e9e, discover the key facts here.  <\/p>\n\n<h2 class=\"wp-block-heading has-custom-color-1-color has-text-color has-link-color has-retcaro-font-family wp-elements-5b1ee0b70246a16125279de31b25dc27\" style=\"font-size:clamp(1.743rem, 1.743rem + ((1vw - 0.2rem) * 2.095), 3rem);line-height:1\">Visit La Tranche-sur-Mer<\/h2>\n\n<p>The commune of <strong>La Tranche-sur-Mer<\/strong> offers its residents and visitors 13 unique kilometers of fine sand, ideal for relaxing and swimming. In addition to its scenic beauty and exceptional coastline, La Tranche-sur-Mer enjoys a favorable climate. The sunshine in the commune is unique and present for most of the year, even in seasons when it is generally unexpected.  <\/p>\n\n<p>Facing the famous <strong>Ile de R\u00e9<\/strong>, La Tranche-sur-Mer offers sunbathing in the face of a pleasant and exciting panorama, especially on its 9 km of south-facing beach. Time and the advance of construction have not been able to alter the fascinating authenticity of this place, which has remained untouched by change thanks to the surrounding forests. <\/p>\n\n<p>La <a href=\"https:\/\/www.latranchesurmer-tourisme.fr\/\">Tranche-sur-Mer<\/a> is so peaceful and cheerful that it has been awarded the <strong>&#8220;Famille Plus&#8221; label.<\/strong> This confirms that the Vend\u00e9e commune is well adapted to offering a warm and pleasant welcome to families, with relaxation and leisure areas that are equally suited to adults and children. <\/p>\n\n<p>A host of activities are available in the commune, particularly those related to the sea, such as surfing, fishing, cruises and scuba diving.<\/p>\n\n<h2 class=\"wp-block-heading has-custom-color-1-color has-text-color has-link-color has-retcaro-font-family wp-elements-448e4f850e2caf12d8215cc0e3200d95\" style=\"font-size:clamp(1.743rem, 1.743rem + ((1vw - 0.2rem) * 2.095), 3rem);line-height:1\">What to do around La Tranche-sur-Mer in the Vend\u00e9e?<\/h2>\n\n<p>In addition to the activities and wonderful times to be had in <strong>La Tranche-sur-Mer<\/strong>, the town is also surrounded by exciting destinations. Take Les <a href=\"https:\/\/camping-parfums-ete.fr\/alentours\/sables-dolonne\/\">Sables d&#8217;Olonne<\/a>, for example, an equally attractive neighboring commune, with its wealth of historical monuments and exciting activities, including <a href=\"https:\/\/camping-parfums-ete.fr\/alentours\/zoo-des-sables\/\">the Zoo<\/a>, home to over 500 animal species. <\/p>\n\n<p>Also located near La Tranche-sur-Mer, the charming little village of <strong>Jard-sur-Mer<\/strong> welcomes you to Vend\u00e9e&#8217;s Atlantic coast. A popular destination for holidaymakers, with its sandy beaches, water sports and restaurants, <a href=\"https:\/\/camping-parfums-ete.fr\/alentours\/jard-sur-mer\/\">Jard-sur-Mer<\/a> also offers cultural activities such as music and food festivals. You can also discover the marina, the ideal starting point for sea excursions. Finally, nature lovers can explore the Jard forest and salt marshes, home to unique flora and fauna. What&#8217;s more, these are peaceful places to stroll.    <\/p>\n\n<p>Near La Tranche-sur-Mer, you can also discover the aforementioned<a href=\"https:\/\/www.iledere.com\/\" target=\"_blank\" rel=\"noreferrer noopener\">\u00cele de R\u00e9<\/a>, the most famous part of the Charente archipelago. A visit to the Ile de R\u00e9 is an opportunity to discover a whole host of monuments, including the <strong>Phare des Baleines lighthouse<\/strong> and <strong>the<\/strong> 700-year-old <strong>Abbey des Ch\u00e2teliers<\/strong>. <\/p>\n\n<p>Plenty of other destinations to choose from await you around La Tranche-sur-Mer in Vend\u00e9e.<\/p>\n\n<h2 class=\"wp-block-heading has-custom-color-1-color has-text-color has-link-color has-retcaro-font-family wp-elements-95c001bf01abb8260b80dd6e2bf3fa58\" style=\"font-size:clamp(1.743rem, 1.743rem + ((1vw - 0.2rem) * 2.095), 3rem);line-height:1\">Where to stay near La Tranche-sur-Mer?<\/h2>\n\n<p><strong>Camping Vend\u00e9e bord de mer<\/strong> Parfums d&#8217;\u00e9t\u00e9 in Jard-sur-Mer is just a few minutes&#8217; drive from the town of La <strong>Tranche-sur-Mer<\/strong>. With its warm welcome and cheerful atmosphere, this campsite welcomes you to its many <strong>mobile homes<\/strong> and <strong>pitches<\/strong> where you can relax for the duration of your stay. This <strong>4-star campsite<\/strong> offers quality service, optimum comfort and a wide range of leisure activities. Situated just <strong>400 meters from the seafront<\/strong>, campers can enjoy a swim in just a few minutes.   <\/p>\n\n<p>The Parfums d&#8217;\u00e9t\u00e9 <strong>campsite in jard sur mer<\/strong> is located in the heart of nature in the Vend\u00e9e region, within easy reach of cycle paths that allow you to stretch your legs and do a bit of sport while discovering the surrounding area. It&#8217;s also possible to set off on a hike directly from the campsite, for adventure-lovers who will be able to cover kilometers in the heart of nature to recharge their batteries. <\/p>\n\n<p>Petanque courts, ping-pong tables, multi-sports fields and marina entertainment are just some of the activities available at this <strong>campsite on the Atlantic coast<\/strong>.<\/p>\n","protected":false},"excerpt":{"rendered":"<p>La Tranche-sur-Mer is a pretty seaside resort in the Pays-de-la-Loire region, in the Vend\u00e9e d\u00e9partement. Enjoying a privileged and unique position on the Atlantic Ocean, La Tranche-sur-Mer attracts many tourists every year, who come to relax on its peaceful, quiet coastline. If you&#8217;d like to find out more about this very special commune in the [&hellip;]<\/p>\n","protected":false},"author":1,"featured_media":1647,"parent":2874,"menu_order":0,"comment_status":"closed","ping_status":"closed","template":"wp-custom-template-sous-pages-blog-articles","meta":{"_acf_changed":false,"_seopress_robots_primary_cat":"","_seopress_titles_title":"Campsite near La Tranche-sur-Mer - Stay in Vend\u00e9e","_seopress_titles_desc":"Stay at Camping Parfums d'\u00c9t\u00e9, near La Tranche-sur-Mer: mobile homes, heated pool and easy access to beaches and shops.","_seopress_robots_index":"","_gt_ctv_global_id":"","_gt_ctv_id_group":false,"inline_featured_image":false,"gt_fse_maillage_image":"https:\/\/camping-parfums-ete.fr\/wp-content\/uploads\/2025\/09\/blog-1-La-Tranche-sur-Mer.webp","gt_fse_maillage_titre":"La Tranche-sur-Mer","gt_fse_maillage_alt":"La Tranche-sur-Mer","gt_fse_maillage_resume":"","footnotes":""},"categories":[],"tags":[],"class_list":["post-2875","page","type-page","status-publish","has-post-thumbnail","hentry"],"acf":[],"_links":{"self":[{"href":"https:\/\/camping-parfums-ete.fr\/en\/wp-json\/wp\/v2\/pages\/2875","targetHints":{"allow":["GET"]}}],"collection":[{"href":"https:\/\/camping-parfums-ete.fr\/en\/wp-json\/wp\/v2\/pages"}],"about":[{"href":"https:\/\/camping-parfums-ete.fr\/en\/wp-json\/wp\/v2\/types\/page"}],"author":[{"embeddable":true,"href":"https:\/\/camping-parfums-ete.fr\/en\/wp-json\/wp\/v2\/users\/1"}],"replies":[{"embeddable":true,"href":"https:\/\/camping-parfums-ete.fr\/en\/wp-json\/wp\/v2\/comments?post=2875"}],"version-history":[{"count":0,"href":"https:\/\/camping-parfums-ete.fr\/en\/wp-json\/wp\/v2\/pages\/2875\/revisions"}],"up":[{"embeddable":true,"href":"https:\/\/camping-parfums-ete.fr\/en\/wp-json\/wp\/v2\/pages\/2874"}],"wp:featuredmedia":[{"embeddable":true,"href":"https:\/\/camping-parfums-ete.fr\/en\/wp-json\/wp\/v2\/media\/1647"}],"wp:attachment":[{"href":"https:\/\/camping-parfums-ete.fr\/en\/wp-json\/wp\/v2\/media?parent=2875"}],"wp:term":[{"taxonomy":"category","embeddable":true,"href":"https:\/\/camping-parfums-ete.fr\/en\/wp-json\/wp\/v2\/categories?post=2875"},{"taxonomy":"post_tag","embeddable":true,"href":"https:\/\/camping-parfums-ete.fr\/en\/wp-json\/wp\/v2\/tags?post=2875"}],"curies":[{"name":"wp","href":"https:\/\/api.w.org\/{rel}","templated":true}]}}