{"id":2842,"date":"2025-08-04T15:21:12","date_gmt":"2025-08-04T13:21:12","guid":{"rendered":"https:\/\/camping-parfums-ete.fr\/camping-piscine-chauffee-jard-sur-mer\/"},"modified":"2025-09-24T09:11:36","modified_gmt":"2025-09-24T07:11:36","slug":"campsite-heated-pool-jard-sur-mer","status":"publish","type":"page","link":"https:\/\/camping-parfums-ete.fr\/en\/campsite-heated-pool-jard-sur-mer\/","title":{"rendered":"Swimming pool"},"content":{"rendered":"\n<div class=\"wp-block-group title-breadcrumb has-global-padding is-layout-constrained wp-container-core-group-is-layout-e82caa68 wp-block-group-is-layout-constrained\" style=\"padding-top:8rem;padding-right:5rem;padding-bottom:8rem;padding-left:5rem\">\n<div class=\"wp-block-group is-horizontal is-content-justification-center is-layout-flex wp-container-core-group-is-layout-7d41eec0 wp-block-group-is-layout-flex\">\n<p class=\"has-text-align-center has-custom-color-1-color has-text-color has-link-color wp-elements-626df1d0cb0ea7875d685a913396a6f3\"><a href=\"https:\/\/camping-parfums-ete.fr\/en\/\" data-type=\"page\" data-id=\"5\">Camping Parfums d&#8217;\u00e9t\u00e9<\/a> &gt;<\/p>\n\n\n<p class=\"has-text-align-center has-custom-color-1-color has-text-color has-link-color\">Swimming pool<\/p>\n<\/div>\n\n\n\n<h1 class=\"wp-block-heading has-text-align-center has-custom-color-1-color has-text-color has-link-color has-retcaro-font-family wp-elements-6bd2791d8a508ae2895c0c9c3d1b33bd\" style=\"font-size:clamp(1.743rem, 1.743rem + ((1vw - 0.2rem) * 2.095), 3rem);line-height:1\">Campsite with heated swimming pool in Vend\u00e9e<\/h1>\n<\/div>\n\n<div class=\"wp-block-group gt_1-cta-1photofull_003 has-global-padding is-layout-constrained wp-container-core-group-is-layout-4480ce65 wp-block-group-is-layout-constrained\" style=\"margin-top:0;margin-bottom:0\">\n<div data-swiper=\"{&quot;speed&quot;:1000,&quot;autoplay&quot;:{&quot;delay&quot;:5000,&quot;disableOnInteraction&quot;:false},&quot;spaceBetween&quot;:0,&quot;slidesPerView&quot;:1,&quot;pagination&quot;:{&quot;el&quot;:&quot;.swiper-pagination&quot;,&quot;dynamicBullets&quot;:true,&quot;clickable&quot;:true,&quot;type&quot;:&quot;bullets&quot;},&quot;navigation&quot;:{&quot;nextEl&quot;:&quot;.swiper-button-next&quot;,&quot;prevEl&quot;:&quot;.swiper-button-prev&quot;},&quot;breakpoints&quot;:[{&quot;slidesPerView&quot;:1}]}\" class=\"wp-block-cover\" style=\"padding-top:0px;padding-right:0px;padding-bottom:0px;padding-left:0px\"><img decoding=\"async\" width=\"2560\" height=\"1707\" class=\"wp-block-cover__image-background wp-image-2385 size-full\" alt=\"Piscine Parfum d ete\" src=\"https:\/\/camping-parfums-ete.fr\/wp-content\/uploads\/2025\/09\/Piscine_Parfum_d_ete-scaled.jpg\" data-object-fit=\"cover\" srcset=\"https:\/\/camping-parfums-ete.fr\/wp-content\/uploads\/2025\/09\/Piscine_Parfum_d_ete-scaled.jpg 2560w, https:\/\/camping-parfums-ete.fr\/wp-content\/uploads\/2025\/09\/Piscine_Parfum_d_ete-300x200.jpg 300w, https:\/\/camping-parfums-ete.fr\/wp-content\/uploads\/2025\/09\/Piscine_Parfum_d_ete-1024x683.jpg 1024w, https:\/\/camping-parfums-ete.fr\/wp-content\/uploads\/2025\/09\/Piscine_Parfum_d_ete-768x512.jpg 768w, https:\/\/camping-parfums-ete.fr\/wp-content\/uploads\/2025\/09\/Piscine_Parfum_d_ete-1536x1024.jpg 1536w, https:\/\/camping-parfums-ete.fr\/wp-content\/uploads\/2025\/09\/Piscine_Parfum_d_ete-2048x1365.jpg 2048w\" sizes=\"(max-width: 2560px) 100vw, 2560px\" \/><span aria-hidden=\"true\" class=\"wp-block-cover__background has-background-dim\" style=\"background-color:#666d6b\"><\/span><div class=\"wp-block-cover__inner-container has-global-padding is-layout-constrained wp-container-core-cover-is-layout-f5c98baf wp-block-cover-is-layout-constrained\">\n<div class=\"wp-block-columns is-layout-flex wp-container-core-columns-is-layout-28f84493 wp-block-columns-is-layout-flex\">\n<div class=\"wp-block-column has-custom-color-2-background-color has-background is-layout-flow wp-block-column-is-layout-flow\" style=\"padding-top:10.31em;padding-right:8.69em;padding-bottom:10.31em;padding-left:8.69em;flex-basis:50%\">\n<h2 class=\"wp-block-heading has-base-2-color has-text-color has-link-color has-retcaro-font-family wp-elements-36cb00028da60920417ee05f92f158c0\" style=\"font-size:clamp(1.743rem, 1.743rem + ((1vw - 0.2rem) * 2.095), 3rem);line-height:1\">Diving in the heated pool at Jard-sur-Mer<\/h2>\n\n\n\n<div style=\"height:20px\" aria-hidden=\"true\" class=\"wp-block-spacer gt-hide-mobile\"><\/div>\n\n\n\n<p class=\"has-base-2-color has-text-color has-link-color wp-elements-5b325a22a4e6e600258a160a56c9a743\">Come and discover our campsite with heated swimming pool in the Vend\u00e9e, with <strong>water at 28\u00b0C<\/strong>, ideal for relaxing in the sun. <\/p>\n\n\n\n<p class=\"has-base-2-color has-text-color has-link-color wp-elements-18970a02cfcb33855ab3e137e4e9335c\">Whether for swimming, relaxing or family fun, our swimming pool is the perfect place to spend some quality time. Part of the pool is also equipped with a shade sail, offering a cooler space for those who prefer to protect themselves from the sun while staying close to the water. <\/p>\n\n\n\n<p class=\"has-base-2-color has-text-color has-link-color wp-elements-7966a3bbdd6628e6a2e21cffef94d4d4\">Accessible daily from 9 a.m. to 7 p.m., the swimming pool awaits you for a <strong>refreshing and relaxing experience<\/strong> during your stay. Come and make every day an unforgettable one! <\/p>\n<\/div>\n<\/div>\n<\/div><\/div>\n<\/div>\n\n<div class=\"wp-block-group gt_1-cta-1photo_002 inverse has-global-padding is-layout-constrained wp-container-core-group-is-layout-d6554d75 wp-block-group-is-layout-constrained\" style=\"margin-top:0px;margin-bottom:0px\">\n<div class=\"wp-block-columns are-vertically-aligned-center is-layout-flex wp-container-core-columns-is-layout-33ba964e wp-block-columns-is-layout-flex\">\n<div class=\"wp-block-column is-vertically-aligned-center image has-custom-color-4-background-color has-background is-layout-flow wp-block-column-is-layout-flow\" style=\"padding-top:8rem;padding-bottom:8rem;flex-basis:50%\">\n<figure class=\"wp-block-image size-full\"><img decoding=\"async\" width=\"2560\" height=\"1707\" src=\"https:\/\/camping-parfums-ete.fr\/wp-content\/uploads\/2025\/09\/Patougeoire_Camping_Parfum_d_ete_-scaled.jpg\" alt=\"Patougeoire Camping Parfum d'ete\" class=\"wp-image-2392\" srcset=\"https:\/\/camping-parfums-ete.fr\/wp-content\/uploads\/2025\/09\/Patougeoire_Camping_Parfum_d_ete_-scaled.jpg 2560w, https:\/\/camping-parfums-ete.fr\/wp-content\/uploads\/2025\/09\/Patougeoire_Camping_Parfum_d_ete_-300x200.jpg 300w, https:\/\/camping-parfums-ete.fr\/wp-content\/uploads\/2025\/09\/Patougeoire_Camping_Parfum_d_ete_-1024x683.jpg 1024w, https:\/\/camping-parfums-ete.fr\/wp-content\/uploads\/2025\/09\/Patougeoire_Camping_Parfum_d_ete_-768x512.jpg 768w, https:\/\/camping-parfums-ete.fr\/wp-content\/uploads\/2025\/09\/Patougeoire_Camping_Parfum_d_ete_-1536x1024.jpg 1536w, https:\/\/camping-parfums-ete.fr\/wp-content\/uploads\/2025\/09\/Patougeoire_Camping_Parfum_d_ete_-2048x1365.jpg 2048w\" sizes=\"(max-width: 2560px) 100vw, 2560px\" \/><\/figure>\n<\/div>\n\n\n\n<div class=\"wp-block-column is-vertically-aligned-center content is-layout-flow wp-block-column-is-layout-flow\" style=\"padding-top:8rem;padding-bottom:8em;padding-left:8rem;flex-basis:50%\">\n<h2 class=\"wp-block-heading has-custom-color-1-color has-text-color has-link-color has-retcaro-font-family wp-elements-e58f7f70d44ea8b5bf17ab3cb7620626\" style=\"font-size:clamp(1.743rem, 1.743rem + ((1vw - 0.2rem) * 2.095), 3rem);line-height:1\">The paddling pool for discovering the joys of water<\/h2>\n\n\n\n<div style=\"height:20px\" aria-hidden=\"true\" class=\"wp-block-spacer gt-hide-mobile\"><\/div>\n\n\n\n<p>Discover the <strong>paddling pool<\/strong> at our <a href=\"https:\/\/camping-parfums-ete.fr\/en\/\" data-type=\"page\" data-id=\"5\">campsite in Jard-sur-Mer<\/a>, specially designed for toddlers, a safe and fun place where your children can enjoy themselves in complete tranquillity.<\/p>\n\n\n\n<p>With shallow, suitable water, the paddling pool is the ideal place for children aged 0 to 6 to play, splash and cool off under the watchful eye of parents.<\/p>\n\n\n\n<p> Located next to the main swimming pool, it&#8217;s the perfect place for youngsters to <strong>enjoy the water in complete safety<\/strong>. Open daily from 9 a.m. to 7 p.m., it&#8217;s the perfect place for family fun and laughter. <\/p>\n\n\n\n<div style=\"height:20px\" aria-hidden=\"true\" class=\"wp-block-spacer gt-hide-mobile\"><\/div>\n\n\n\n<div class=\"wp-block-buttons is-layout-flex wp-block-buttons-is-layout-flex\">\n<div class=\"wp-block-button btn-2 is-style-outline is-style-outline--1\"><a class=\"wp-block-button__link has-custom-color-1-color has-text-color has-link-color has-border-color has-custom-color-3-border-color has-custom-font-size wp-element-button\" style=\"border-width:2px;border-radius:0px;padding-top:10px;padding-right:30px;padding-bottom:10px;padding-left:30px;font-size:clamp(14.642px, 0.915rem + ((1vw - 3.2px) * 0.766), 22px);font-style:normal;font-weight:600\">Discover<\/a><\/div>\n<\/div>\n<\/div>\n<\/div>\n<\/div>\n\n<div class=\"wp-block-group contenu-simple has-custom-color-1-background-color has-background has-global-padding is-layout-constrained wp-container-core-group-is-layout-d16f4fc3 wp-block-group-is-layout-constrained\" style=\"padding-top:6rem;padding-bottom:6rem;background-image:url(&apos;https:\/\/camping-parfums-ete.fr\/wp-content\/uploads\/2025\/08\/bouquet-footer.svg&apos;);background-position:50% 50%;background-repeat:no-repeat;background-size:contain;background-attachment:scroll;\">\n<div class=\"wp-block-columns are-vertically-aligned-center is-layout-flex wp-container-core-columns-is-layout-89b078ac wp-block-columns-is-layout-flex\">\n<div class=\"wp-block-column is-vertically-aligned-center is-layout-flow wp-block-column-is-layout-flow\" style=\"flex-basis:66.66%\">\n<h2 class=\"wp-block-heading has-base-2-color has-text-color has-link-color has-retcaro-font-family wp-elements-91581e132c34473951f4334952ca3dd7\" style=\"font-size:clamp(1.743rem, 1.743rem + ((1vw - 0.2rem) * 2.095), 3rem);line-height:1\">Farniente under the Vend\u00e9e sun on deckchairs by the pool<\/h2>\n\n\n\n<div style=\"height:20px\" aria-hidden=\"true\" class=\"wp-block-spacer gt-hide-mobile\"><\/div>\n\n\n\n<p class=\"has-base-2-color has-text-color has-link-color wp-elements-fdc8357e7177e351668eab7d0ee7d788\">Treat yourself to a moment of pure <strong>idleness<\/strong> in the Vend\u00e9e sunshine, comfortably seated on one of our <strong>poolside deckchairs<\/strong>. Take advantage of our relaxation area where deckchairs are freely accessible to all our guests, without prior booking.  <\/p>\n\n\n\n<p class=\"has-base-2-color has-text-color has-link-color wp-elements-ebba3038546c4a179373ccb7408f446f\">You&#8217;ll be able to lounge under the <strong>shade sails <\/strong>, which provide a pleasant coolness, while enjoying a relaxing dip in the 28\u00b0C heated swimming pool. Whether you&#8217;re a fan of sunbathing or swimming, our swimming pool area is the ideal place to relax and enjoy the pleasures of a Vend\u00e9e summer. <\/p>\n<\/div>\n\n\n\n<div class=\"wp-block-column is-vertically-aligned-center is-layout-flow wp-block-column-is-layout-flow\" style=\"flex-basis:33.33%\">\n<figure class=\"wp-block-image size-full\"><img decoding=\"async\" width=\"1627\" height=\"1705\" src=\"https:\/\/camping-parfums-ete.fr\/wp-content\/uploads\/2025\/09\/Transats_Camping_Parfum_d_ete-scaled-e1758007737734.jpg\" alt=\"Deckchairs Camping Parfum d'ete\" class=\"wp-image-2397\" style=\"aspect-ratio:1;object-fit:cover\" srcset=\"https:\/\/camping-parfums-ete.fr\/wp-content\/uploads\/2025\/09\/Transats_Camping_Parfum_d_ete-scaled-e1758007737734.jpg 1627w, https:\/\/camping-parfums-ete.fr\/wp-content\/uploads\/2025\/09\/Transats_Camping_Parfum_d_ete-scaled-e1758007737734-286x300.jpg 286w, https:\/\/camping-parfums-ete.fr\/wp-content\/uploads\/2025\/09\/Transats_Camping_Parfum_d_ete-scaled-e1758007737734-977x1024.jpg 977w, https:\/\/camping-parfums-ete.fr\/wp-content\/uploads\/2025\/09\/Transats_Camping_Parfum_d_ete-scaled-e1758007737734-768x805.jpg 768w, https:\/\/camping-parfums-ete.fr\/wp-content\/uploads\/2025\/09\/Transats_Camping_Parfum_d_ete-scaled-e1758007737734-1466x1536.jpg 1466w\" sizes=\"(max-width: 1627px) 100vw, 1627px\" \/><\/figure>\n<\/div>\n<\/div>\n<\/div>\n\n<div class=\"wp-block-group bloc-maillage has-custom-color-2-background-color has-background has-global-padding is-layout-constrained wp-container-core-group-is-layout-d71674b8 wp-block-group-is-layout-constrained\" style=\"padding-top:8rem;padding-right:8rem;padding-bottom:8rem;padding-left:8rem\">\n<p class=\"has-text-align-center has-base-2-color has-text-color has-link-color has-retcaro-font-family wp-elements-d6fefa188058a55e8331c39dd35dc5bd\" style=\"font-size:clamp(1.743rem, 1.743rem + ((1vw - 0.2rem) * 2.095), 3rem);line-height:1\">Discover our activities, accommodations and services<\/p>\n\n\n\n<div style=\"height:80px\" aria-hidden=\"true\" class=\"wp-block-spacer gt-show-mobile\"><\/div>\n\n\n\n<div class=\"wp-block-group maillage is-layout-flow wp-block-group-is-layout-flow\">\n<div class=\"wp-block-query alignfull is-layout-flow wp-block-query-is-layout-flow\"><ul class=\"columns-3 wp-block-post-template is-layout-grid wp-container-core-post-template-is-layout-572542b5 wp-block-post-template-is-layout-grid\"><li class=\"wp-block-post post-3034 page type-page status-publish has-post-thumbnail hentry\">\n\n<div class=\"wp-block-group overflow-hidden gt-maillage has-global-padding is-layout-constrained wp-block-group-is-layout-constrained\">\n<figure class=\"wp-block-image gt-maillage__image\"><img decoding=\"async\" src=\"https:\/\/camping-parfums-ete.fr\/wp-content\/uploads\/2025\/09\/activites-camping-scaled.jpg\" alt=\"camping activities\" style=\"aspect-ratio:3\/4;object-fit:cover\"\/><\/figure>\n\n\n\n<p class=\"has-text-align-left gt-maillage__title gt-btn-arrow has-base-2-color has-text-color has-link-color has-basteleur-font-family wp-elements-c3fce88dbfe2f55436b5c55d179b053b\" style=\"border-right-style:none;border-right-width:0px;border-bottom-style:none;border-bottom-width:0px;padding-right:1rem;font-size:clamp(1.403rem, 1.403rem + ((1vw - 0.2rem) * 1.495), 2.3rem);font-style:normal;font-weight:500;text-transform:none\">Activities<\/p>\n\n\n<a class=\"is-style-lien-cover wp-block-read-more\" href=\"https:\/\/camping-parfums-ete.fr\/en\/campsite-activities-animations-jard-sur-mer\/\" target=\"_self\">Read more<span class=\"screen-reader-text\">: Activities<\/span><\/a><\/div>\n\n<\/li><li class=\"wp-block-post post-3004 page type-page status-publish has-post-thumbnail hentry\">\n\n<div class=\"wp-block-group overflow-hidden gt-maillage has-global-padding is-layout-constrained wp-block-group-is-layout-constrained\">\n<figure class=\"wp-block-image gt-maillage__image\"><img decoding=\"async\" src=\"https:\/\/camping-parfums-ete.fr\/wp-content\/uploads\/2025\/08\/Mobil-home-Loggia-32m\u00b2-.jpg\" alt=\"Mobile home Loggia m\u00b2 (sq. ft.)  \" style=\"aspect-ratio:3\/4;object-fit:cover\"\/><\/figure>\n\n\n\n<p class=\"has-text-align-left gt-maillage__title gt-btn-arrow has-base-2-color has-text-color has-link-color has-basteleur-font-family wp-elements-c3fce88dbfe2f55436b5c55d179b053b\" style=\"border-right-style:none;border-right-width:0px;border-bottom-style:none;border-bottom-width:0px;padding-right:1rem;font-size:clamp(1.403rem, 1.403rem + ((1vw - 0.2rem) * 1.495), 2.3rem);font-style:normal;font-weight:500;text-transform:none\">Accommodations<\/p>\n\n\n<a class=\"is-style-lien-cover wp-block-read-more\" href=\"https:\/\/camping-parfums-ete.fr\/en\/mobile-home-unusual-accommodation-rentals-jard-sur-mer\/\" target=\"_self\">Read more<span class=\"screen-reader-text\">: Accommodations<\/span><\/a><\/div>\n\n<\/li><li class=\"wp-block-post post-2848 page type-page status-publish has-post-thumbnail hentry\">\n\n<div class=\"wp-block-group overflow-hidden gt-maillage has-global-padding is-layout-constrained wp-block-group-is-layout-constrained\">\n<figure class=\"wp-block-image gt-maillage__image\"><img decoding=\"async\" src=\"https:\/\/camping-parfums-ete.fr\/wp-content\/uploads\/2025\/09\/Ginguette_Camping_Parfum_d_ete-scaled.jpg\" alt=\"Ginguette Camping Parfum d&apos;ete\" style=\"aspect-ratio:3\/4;object-fit:cover\"\/><\/figure>\n\n\n\n<p class=\"has-text-align-left gt-maillage__title gt-btn-arrow has-base-2-color has-text-color has-link-color has-basteleur-font-family wp-elements-c3fce88dbfe2f55436b5c55d179b053b\" style=\"border-right-style:none;border-right-width:0px;border-bottom-style:none;border-bottom-width:0px;padding-right:1rem;font-size:clamp(1.403rem, 1.403rem + ((1vw - 0.2rem) * 1.495), 2.3rem);font-style:normal;font-weight:500;text-transform:none\">Services<\/p>\n\n\n<a class=\"is-style-lien-cover wp-block-read-more\" href=\"https:\/\/camping-parfums-ete.fr\/en\/campsite-services-restaurant-jard-sur-mer\/\" target=\"_self\">Read more<span class=\"screen-reader-text\">: Services<\/span><\/a><\/div>\n\n<\/li><\/ul><\/div>\n<\/div>\n<\/div>\n","protected":false},"excerpt":{"rendered":"<p>Camping Parfums d&#8217;\u00e9t\u00e9 &gt; Campsite with heated swimming pool in Vend\u00e9e The paddling pool for discovering the joys of water Discover the paddling pool at our campsite in Jard-sur-Mer, specially designed for toddlers, a safe and fun place where your children can enjoy themselves in complete tranquillity. With shallow, suitable water, the paddling pool is [&hellip;]<\/p>\n","protected":false},"author":1,"featured_media":2651,"parent":0,"menu_order":0,"comment_status":"closed","ping_status":"closed","template":"","meta":{"_acf_changed":false,"_seopress_robots_primary_cat":"","_seopress_titles_title":"Campsite with heated swimming pool in Jard-sur-Mer | Paddling pool Vend\u00e9e","_seopress_titles_desc":"Campsite with heated swimming pool at Jard-sur-Mer in the Vend\u00e9e. Enjoy water at 28\u00b0C, a paddling pool for children and a relaxation area with deckchairs. A successful family vacation by the sea!  ","_seopress_robots_index":"","_gt_ctv_global_id":"","_gt_ctv_id_group":false,"inline_featured_image":false,"gt_fse_maillage_image":"https:\/\/camping-parfums-ete.fr\/wp-content\/uploads\/2025\/09\/Piscine_Parfum_d_ete-scaled.jpg","gt_fse_maillage_titre":"Swimming pool","gt_fse_maillage_alt":"Swimming pool Parfum d'ete","gt_fse_maillage_resume":"","footnotes":""},"categories":[],"tags":[],"class_list":["post-2842","page","type-page","status-publish","has-post-thumbnail","hentry"],"acf":[],"_links":{"self":[{"href":"https:\/\/camping-parfums-ete.fr\/en\/wp-json\/wp\/v2\/pages\/2842","targetHints":{"allow":["GET"]}}],"collection":[{"href":"https:\/\/camping-parfums-ete.fr\/en\/wp-json\/wp\/v2\/pages"}],"about":[{"href":"https:\/\/camping-parfums-ete.fr\/en\/wp-json\/wp\/v2\/types\/page"}],"author":[{"embeddable":true,"href":"https:\/\/camping-parfums-ete.fr\/en\/wp-json\/wp\/v2\/users\/1"}],"replies":[{"embeddable":true,"href":"https:\/\/camping-parfums-ete.fr\/en\/wp-json\/wp\/v2\/comments?post=2842"}],"version-history":[{"count":0,"href":"https:\/\/camping-parfums-ete.fr\/en\/wp-json\/wp\/v2\/pages\/2842\/revisions"}],"wp:featuredmedia":[{"embeddable":true,"href":"https:\/\/camping-parfums-ete.fr\/en\/wp-json\/wp\/v2\/media\/2651"}],"wp:attachment":[{"href":"https:\/\/camping-parfums-ete.fr\/en\/wp-json\/wp\/v2\/media?parent=2842"}],"wp:term":[{"taxonomy":"category","embeddable":true,"href":"https:\/\/camping-parfums-ete.fr\/en\/wp-json\/wp\/v2\/categories?post=2842"},{"taxonomy":"post_tag","embeddable":true,"href":"https:\/\/camping-parfums-ete.fr\/en\/wp-json\/wp\/v2\/tags?post=2842"}],"curies":[{"name":"wp","href":"https:\/\/api.w.org\/{rel}","templated":true}]}}