{"id":3134,"date":"2025-09-03T14:51:23","date_gmt":"2025-09-03T12:51:23","guid":{"rendered":"https:\/\/camping-parfums-ete.fr\/tourisme-vendee\/musee-du-coquillage\/"},"modified":"2025-09-24T11:15:30","modified_gmt":"2025-09-24T09:15:30","slug":"musee-du-coquillage","status":"publish","type":"page","link":"https:\/\/camping-parfums-ete.fr\/de\/tourismus-vendee\/musee-du-coquillage\/","title":{"rendered":"Muschelmuseum"},"content":{"rendered":"\n<p>Tropische Muscheln aus aller Welt, die in Schauk\u00e4sten ausgestellt sind.<\/p>\n\n<p>Eine Privatsammlung, die in Europa einzigartig ist, sowohl in Bezug auf die Qualit\u00e4t der pr\u00e4sentierten St\u00fccke als auch auf den Reichtum, die Vielfalt und die Anzahl.<\/p>\n\n<p>Zu sehen gibt es auch Korallen, naturalisierte Krustentiere, Seeigel, Schw\u00e4mme, Seesterne&#8230; 2 spielerische Parcours f\u00fcr Kinder.<\/p>\n\n<div class=\"wp-block-buttons is-layout-flex wp-block-buttons-is-layout-flex\">\n<div class=\"wp-block-button btn-2 is-style-outline is-style-outline--1\"><a class=\"wp-block-button__link has-custom-color-3-color has-text-color has-link-color has-border-color has-custom-color-3-border-color has-custom-font-size wp-element-button\" href=\"https:\/\/www.museumducoquillage.com\/\" style=\"border-width:2px;border-radius:0px;padding-top:10px;padding-right:30px;padding-bottom:10px;padding-left:30px;font-size:clamp(14.642px, 0.915rem + ((1vw - 3.2px) * 0.766), 22px);font-style:normal;font-weight:600\">\u00d6ffnungszeiten und Preise<\/a><\/div>\n<\/div>\n","protected":false},"excerpt":{"rendered":"<p>Tropische Muscheln aus aller Welt, die in Schauk\u00e4sten ausgestellt sind. Eine Privatsammlung, die in Europa einzigartig ist, sowohl in Bezug auf die Qualit\u00e4t der pr\u00e4sentierten St\u00fccke als auch auf den Reichtum, die Vielfalt und die Anzahl. Zu sehen gibt es auch Korallen, naturalisierte Krustentiere, Seeigel, Schw\u00e4mme, Seesterne&#8230; 2 spielerische Parcours f\u00fcr Kinder.<\/p>\n","protected":false},"author":1,"featured_media":1924,"parent":2882,"menu_order":0,"comment_status":"closed","ping_status":"closed","template":"wp-custom-template-sous-pages-blog-articles","meta":{"_acf_changed":false,"_seopress_robots_primary_cat":"","_seopress_titles_title":"Mus\u00e9e du Coquillage - Reise ins Herz der Muscheln in Jard-sur-Mer","_seopress_titles_desc":"Das Mus\u00e9e du Coquillage in Jard-sur-Mer l\u00e4dt Sie ein, eine einzigartige Sammlung von Muscheln aus aller Welt zu entdecken. Nur wenige Schritte vom Campingplatz Parfums d'\u00c9t\u00e9 entfernt erwartet Sie ein Eintauchen in die Meereswelt. ","_seopress_robots_index":"","_gt_ctv_global_id":"","_gt_ctv_id_group":false,"inline_featured_image":false,"gt_fse_maillage_image":"https:\/\/camping-parfums-ete.fr\/wp-content\/uploads\/2025\/09\/blog-1-coquillage.webp","gt_fse_maillage_titre":"Muschelmuseum","gt_fse_maillage_alt":"Muschelmuseum","gt_fse_maillage_resume":"","footnotes":""},"categories":[],"tags":[],"class_list":["post-3134","page","type-page","status-publish","has-post-thumbnail","hentry"],"acf":[],"_links":{"self":[{"href":"https:\/\/camping-parfums-ete.fr\/de\/wp-json\/wp\/v2\/pages\/3134","targetHints":{"allow":["GET"]}}],"collection":[{"href":"https:\/\/camping-parfums-ete.fr\/de\/wp-json\/wp\/v2\/pages"}],"about":[{"href":"https:\/\/camping-parfums-ete.fr\/de\/wp-json\/wp\/v2\/types\/page"}],"author":[{"embeddable":true,"href":"https:\/\/camping-parfums-ete.fr\/de\/wp-json\/wp\/v2\/users\/1"}],"replies":[{"embeddable":true,"href":"https:\/\/camping-parfums-ete.fr\/de\/wp-json\/wp\/v2\/comments?post=3134"}],"version-history":[{"count":0,"href":"https:\/\/camping-parfums-ete.fr\/de\/wp-json\/wp\/v2\/pages\/3134\/revisions"}],"up":[{"embeddable":true,"href":"https:\/\/camping-parfums-ete.fr\/de\/wp-json\/wp\/v2\/pages\/2882"}],"wp:featuredmedia":[{"embeddable":true,"href":"https:\/\/camping-parfums-ete.fr\/de\/wp-json\/wp\/v2\/media\/1924"}],"wp:attachment":[{"href":"https:\/\/camping-parfums-ete.fr\/de\/wp-json\/wp\/v2\/media?parent=3134"}],"wp:term":[{"taxonomy":"category","embeddable":true,"href":"https:\/\/camping-parfums-ete.fr\/de\/wp-json\/wp\/v2\/categories?post=3134"},{"taxonomy":"post_tag","embeddable":true,"href":"https:\/\/camping-parfums-ete.fr\/de\/wp-json\/wp\/v2\/tags?post=3134"}],"curies":[{"name":"wp","href":"https:\/\/api.w.org\/{rel}","templated":true}]}}