{"id":3129,"date":"2025-09-03T14:54:41","date_gmt":"2025-09-03T12:54:41","guid":{"rendered":"https:\/\/camping-parfums-ete.fr\/tourisme-vendee\/noirmoutier\/"},"modified":"2025-09-24T11:15:31","modified_gmt":"2025-09-24T09:15:31","slug":"noirmoutier","status":"publish","type":"page","link":"https:\/\/camping-parfums-ete.fr\/de\/tourismus-vendee\/noirmoutier\/","title":{"rendered":"Noirmoutier"},"content":{"rendered":"\n<p>Um auf die Insel Noirmoutier zu gelangen, k\u00f6nnen Sie entweder die Br\u00fccke benutzen, die sie mit dem Festland verbindet, oder die Passage du Gois, eine weltweit einzigartige \u00dcberflutungsstra\u00dfe. Diese 4,5 km lange Stra\u00dfe &#8222;unter dem Meer&#8220; verbindet nur bei Ebbe das Festland mit der Insel. Sie k\u00f6nnen sie mit dem Auto, zu Fu\u00df oder mit dem Fahrrad \u00fcberqueren. Im Sommer sieht man sogar den Gois, der von berittenen Gendarmen bewacht wird&#8230;.Achtung Sie sollten sich \u00fcber die Gezeitenzeiten informieren, denn diese Passage wird bei Flut zweimal t\u00e4glich \u00fcberschwemmt!!!<\/p>\n\n<p>Die Passage du Gois ist ein sehr beliebter Ort in der Vend\u00e9e zum Angeln zu Fu\u00df. Bei Ebbe k\u00f6nnen Sie hier Venusmuscheln, Herzmuscheln, Jakobsmuscheln, Miesmuscheln, Praires und andere Messer fangen. Seien Sie bei Ihren Entnahmen vern\u00fcnftig, denn sie sind reglementiert.  <\/p>\n\n<p>Sie wird allgemein als &#8222;Mimoseninsel&#8220; bezeichnet und bietet eine Landschaft mit D\u00fcnen, Steineichenw\u00e4ldern und Salzg\u00e4rten.<\/p>\n\n<p>Noirmoutier ist auch f\u00fcr seine &#8222;Bonnotte&#8220; bekannt, eine Fr\u00fchkartoffel, die im Fr\u00fchjahr geerntet wird und bei Spitzenrestaurants sehr begehrt ist.<\/p>\n\n<div class=\"wp-block-group has-custom-color-1-color has-custom-color-2-background-color has-text-color has-background has-link-color wp-elements-f75c0047be96b3e275df9faed0150c56 has-global-padding is-layout-constrained wp-container-core-group-is-layout-0d0226ac wp-block-group-is-layout-constrained\" style=\"border-left-width:5px;padding-top:20px;padding-right:20px;padding-bottom:20px;padding-left:20px\">\n<p class=\"has-base-2-color has-text-color has-link-color wp-elements-f4adb2259110d360872b6526025b578e\"><strong>Praktische Informationen :<\/strong> Entfernung vom Campingplatz : 128 km<\/p>\n<\/div>\n","protected":false},"excerpt":{"rendered":"<p>Um auf die Insel Noirmoutier zu gelangen, k\u00f6nnen Sie entweder die Br\u00fccke benutzen, die sie mit dem Festland verbindet, oder die Passage du Gois, eine weltweit einzigartige \u00dcberflutungsstra\u00dfe. Diese 4,5 km lange Stra\u00dfe &#8222;unter dem Meer&#8220; verbindet nur bei Ebbe das Festland mit der Insel. Sie k\u00f6nnen sie mit dem Auto, zu Fu\u00df oder mit [&hellip;]<\/p>\n","protected":false},"author":1,"featured_media":1932,"parent":2882,"menu_order":0,"comment_status":"closed","ping_status":"closed","template":"wp-custom-template-sous-pages-blog-articles","meta":{"_acf_changed":false,"_seopress_robots_primary_cat":"","_seopress_titles_title":"\u00cele de Noirmoutier - Inselausflug in der Vend\u00e9e","_seopress_titles_desc":"Die Insel Noirmoutier, die von Jard-sur-Mer aus erreichbar ist, bietet Str\u00e4nde, Salzg\u00e4rten und die ber\u00fchmte Passage du Gois. Ein idealer Ausflug f\u00fcr die Urlauber auf dem Campingplatz Parfums d'\u00c9t\u00e9. ","_seopress_robots_index":"","_gt_ctv_global_id":"","_gt_ctv_id_group":false,"inline_featured_image":false,"gt_fse_maillage_image":"https:\/\/camping-parfums-ete.fr\/wp-content\/uploads\/2025\/09\/blog-1-Noirmoutier.webp","gt_fse_maillage_titre":"Noirmoutier","gt_fse_maillage_alt":"Noirmoutier","gt_fse_maillage_resume":"","footnotes":""},"categories":[],"tags":[],"class_list":["post-3129","page","type-page","status-publish","has-post-thumbnail","hentry"],"acf":[],"_links":{"self":[{"href":"https:\/\/camping-parfums-ete.fr\/de\/wp-json\/wp\/v2\/pages\/3129","targetHints":{"allow":["GET"]}}],"collection":[{"href":"https:\/\/camping-parfums-ete.fr\/de\/wp-json\/wp\/v2\/pages"}],"about":[{"href":"https:\/\/camping-parfums-ete.fr\/de\/wp-json\/wp\/v2\/types\/page"}],"author":[{"embeddable":true,"href":"https:\/\/camping-parfums-ete.fr\/de\/wp-json\/wp\/v2\/users\/1"}],"replies":[{"embeddable":true,"href":"https:\/\/camping-parfums-ete.fr\/de\/wp-json\/wp\/v2\/comments?post=3129"}],"version-history":[{"count":0,"href":"https:\/\/camping-parfums-ete.fr\/de\/wp-json\/wp\/v2\/pages\/3129\/revisions"}],"up":[{"embeddable":true,"href":"https:\/\/camping-parfums-ete.fr\/de\/wp-json\/wp\/v2\/pages\/2882"}],"wp:featuredmedia":[{"embeddable":true,"href":"https:\/\/camping-parfums-ete.fr\/de\/wp-json\/wp\/v2\/media\/1932"}],"wp:attachment":[{"href":"https:\/\/camping-parfums-ete.fr\/de\/wp-json\/wp\/v2\/media?parent=3129"}],"wp:term":[{"taxonomy":"category","embeddable":true,"href":"https:\/\/camping-parfums-ete.fr\/de\/wp-json\/wp\/v2\/categories?post=3129"},{"taxonomy":"post_tag","embeddable":true,"href":"https:\/\/camping-parfums-ete.fr\/de\/wp-json\/wp\/v2\/tags?post=3129"}],"curies":[{"name":"wp","href":"https:\/\/api.w.org\/{rel}","templated":true}]}}