{"id":3127,"date":"2025-09-03T15:12:45","date_gmt":"2025-09-03T13:12:45","guid":{"rendered":"https:\/\/camping-parfums-ete.fr\/tourisme-vendee\/ogliss-park\/"},"modified":"2025-09-24T11:15:32","modified_gmt":"2025-09-24T09:15:32","slug":"ogliss-park","status":"publish","type":"page","link":"https:\/\/camping-parfums-ete.fr\/de\/tourismus-vendee\/ogliss-park\/","title":{"rendered":"O&#8217;Gliss Park"},"content":{"rendered":"\n<p>Ein 6 ha gro\u00dfer Wasserpark in Naturgr\u00f6\u00dfe. Wie w\u00e4re es, wenn Sie f\u00fcr einen Tag in eine paradiesische Welt entfliehen w\u00fcrden? Der <strong>O&#8217;Gliss Park<\/strong> liegt in einer gr\u00fcnen Umgebung und ist von au\u00dfen nicht sichtbar. Er ist wie eine verlorene Welt, deren Zugang nur denjenigen m\u00f6glich ist, die ihn wirklich wollen. Werden Sie einer der Gl\u00fccklichen sein, die ihn betreten k\u00f6nnen?    <\/p>\n\n<p>Wenn das der Fall ist, k\u00f6nnen Sie sich \u00fcber die wilden Fl\u00fcsse, die spielerischen Wasserspiele und die sch\u00f6ne Vegetation mit einer Mischung aus Laubb\u00e4umen und mediterranen Pflanzen freuen. Es ist eine echte R\u00fcckkehr zu den Wurzeln, die wir Ihnen anbieten m\u00f6chten! <\/p>\n\n<p>Dieser in Frankreich einzigartige Wasserpark in Naturgr\u00f6\u00dfe erstreckt sich auf einer Fl\u00e4che von \u00fcber sechs Hektar und l\u00e4sst Sie vier atemberaubende Welten f\u00fcr Gro\u00df und Klein entdecken:  <\/p>\n\n<p>DELIR&#8217;SPACE mit seinen 12 au\u00dfergew\u00f6hnlichen Rutschen f\u00fcr Nervenkitzel, SUNSET&#8217;PLAYA, wo Sie von der Bewegung des Wellenbads geschaukelt werden, L&#8217;EXPLORALO&#8216;, ein weltweit einzigartiges Universum, in dem Sie 400 m Strecke mit oder ohne Boje erkunden und 4 Bahnen mit unterschiedlichem Niveau testen k\u00f6nnen, und LUDO&#8217;PARK, ein auf 31\u00b0C beheizter Wasserbereich, der f\u00fcr Kinder reserviert ist, mit einem Spielbecken, einem bewachten Strand, Rutschen und einem Spielplatz.<\/p>\n\n<p>Vor Ort k\u00f6nnen Sie sich an einer der zahlreichen Essensstationen des Parks st\u00e4rken oder sich f\u00fcr ein Picknick entscheiden. Dies ist eine Freizeitaktivit\u00e4t f\u00fcr die ganze Familie, die Ihnen unglaubliche Erinnerungen bescheren wird. <\/p>\n\n<div class=\"wp-block-group has-custom-color-1-color has-custom-color-2-background-color has-text-color has-background has-link-color wp-elements-73defdac4ba2ce0ed946417a52feca80 has-global-padding is-layout-constrained wp-container-core-group-is-layout-0d0226ac wp-block-group-is-layout-constrained\" style=\"border-left-width:5px;padding-top:20px;padding-right:20px;padding-bottom:20px;padding-left:20px\">\n<p class=\"has-base-2-color has-text-color has-link-color wp-elements-bd87805114702bb9d8313bfe0b1f7bdf\"><strong>Praktische Informationen :<\/strong> Entfernung vom Campingplatz : 15 km &#8211; <strong>Vorzugspreise, wenn Sie Ihre Eintritte auf dem Campingplatz buchen<\/strong>.<\/p>\n<\/div>\n\n<div style=\"height:20px\" aria-hidden=\"true\" class=\"wp-block-spacer gt-hide-mobile\"><\/div>\n\n<div class=\"wp-block-buttons is-layout-flex wp-block-buttons-is-layout-flex\">\n<div class=\"wp-block-button btn-2 is-style-outline is-style-outline--1\"><a class=\"wp-block-button__link has-custom-color-3-color has-text-color has-link-color has-border-color has-custom-color-3-border-color has-custom-font-size wp-element-button\" href=\"https:\/\/oglisspark.fr\/\" style=\"border-width:2px;border-radius:0px;padding-top:10px;padding-right:30px;padding-bottom:10px;padding-left:30px;font-size:clamp(14.642px, 0.915rem + ((1vw - 3.2px) * 0.766), 22px);font-style:normal;font-weight:600\">\u00d6ffnungszeiten und Preise<\/a><\/div>\n<\/div>\n\n<div style=\"height:20px\" aria-hidden=\"true\" class=\"wp-block-spacer gt-hide-mobile\"><\/div>\n\n<p>Entdecken Sie auch den Freizeitpark <a href=\"https:\/\/camping-parfums-ete.fr\/alentours\/ofun-park\/\">O&#8217;Fun Park<\/a><\/p>\n","protected":false},"excerpt":{"rendered":"<p>Ein 6 ha gro\u00dfer Wasserpark in Naturgr\u00f6\u00dfe. Wie w\u00e4re es, wenn Sie f\u00fcr einen Tag in eine paradiesische Welt entfliehen w\u00fcrden? Der O&#8217;Gliss Park liegt in einer gr\u00fcnen Umgebung und ist von au\u00dfen nicht sichtbar. Er ist wie eine verlorene Welt, deren Zugang nur denjenigen m\u00f6glich ist, die ihn wirklich wollen. Werden Sie einer der [&hellip;]<\/p>\n","protected":false},"author":1,"featured_media":1959,"parent":2882,"menu_order":24,"comment_status":"closed","ping_status":"closed","template":"wp-custom-template-sous-pages-blog-articles","meta":{"_acf_changed":false,"_seopress_robots_primary_cat":"","_seopress_titles_title":"O'Gliss Park - Wasserpark in Saint-Hilaire-de-Talmont","_seopress_titles_desc":"Der O'Gliss Park, 20 Minuten vom Campingplatz Parfums d'\u00c9t\u00e9 entfernt, bietet Rutschen, Wellenbecken und Entspannungsbereiche f\u00fcr die ganze Familie.","_seopress_robots_index":"","_gt_ctv_global_id":"","_gt_ctv_id_group":false,"inline_featured_image":false,"gt_fse_maillage_image":"https:\/\/camping-parfums-ete.fr\/wp-content\/uploads\/2025\/09\/blog-1-ogliss-park.webp","gt_fse_maillage_titre":"O'Gliss Park","gt_fse_maillage_alt":"O'Gliss Park","gt_fse_maillage_resume":"","footnotes":""},"categories":[],"tags":[],"class_list":["post-3127","page","type-page","status-publish","has-post-thumbnail","hentry"],"acf":[],"_links":{"self":[{"href":"https:\/\/camping-parfums-ete.fr\/de\/wp-json\/wp\/v2\/pages\/3127","targetHints":{"allow":["GET"]}}],"collection":[{"href":"https:\/\/camping-parfums-ete.fr\/de\/wp-json\/wp\/v2\/pages"}],"about":[{"href":"https:\/\/camping-parfums-ete.fr\/de\/wp-json\/wp\/v2\/types\/page"}],"author":[{"embeddable":true,"href":"https:\/\/camping-parfums-ete.fr\/de\/wp-json\/wp\/v2\/users\/1"}],"replies":[{"embeddable":true,"href":"https:\/\/camping-parfums-ete.fr\/de\/wp-json\/wp\/v2\/comments?post=3127"}],"version-history":[{"count":0,"href":"https:\/\/camping-parfums-ete.fr\/de\/wp-json\/wp\/v2\/pages\/3127\/revisions"}],"up":[{"embeddable":true,"href":"https:\/\/camping-parfums-ete.fr\/de\/wp-json\/wp\/v2\/pages\/2882"}],"wp:featuredmedia":[{"embeddable":true,"href":"https:\/\/camping-parfums-ete.fr\/de\/wp-json\/wp\/v2\/media\/1959"}],"wp:attachment":[{"href":"https:\/\/camping-parfums-ete.fr\/de\/wp-json\/wp\/v2\/media?parent=3127"}],"wp:term":[{"taxonomy":"category","embeddable":true,"href":"https:\/\/camping-parfums-ete.fr\/de\/wp-json\/wp\/v2\/categories?post=3127"},{"taxonomy":"post_tag","embeddable":true,"href":"https:\/\/camping-parfums-ete.fr\/de\/wp-json\/wp\/v2\/tags?post=3127"}],"curies":[{"name":"wp","href":"https:\/\/api.w.org\/{rel}","templated":true}]}}