{"id":3119,"date":"2025-09-03T14:31:58","date_gmt":"2025-09-03T12:31:58","guid":{"rendered":"https:\/\/camping-parfums-ete.fr\/tourisme-vendee\/le-potager-extraordinaire\/"},"modified":"2025-09-24T11:15:29","modified_gmt":"2025-09-24T09:15:29","slug":"le-potager-extraordinaire","status":"publish","type":"page","link":"https:\/\/camping-parfums-ete.fr\/de\/tourismus-vendee\/le-potager-extraordinaire\/","title":{"rendered":"Au\u00dfergew\u00f6hnlicher Gem\u00fcsegarten"},"content":{"rendered":"\n<p>Der au\u00dfergew\u00f6hnliche Gem\u00fcsegarten ist ein botanischer Garten, der lebende Pflanzen aus der ganzen Welt sammelt, die in Form einer thematischen Sammlung beschriftet sind. Der Garten soll vier Hauptziele erf\u00fcllen: Konservierung, Sammlung mit allen K\u00fcrbisgew\u00e4chsen und Tomaten, P\u00e4dagogik mit Veranstaltungen und F\u00fchrungen und Tourismus mit dem Empfang von mehr als 20.000 Besuchern pro Jahr. <\/p>\n\n<p>Es handelt sich um eine Sammlung, die von aufeinanderfolgenden G\u00e4rtnern um fast 1500 Sorten anderer Pflanzen als K\u00fcrbisgew\u00e4chse erweitert wurde, mit dem Ziel, neue Eigenschaften, Kuriosit\u00e4ten und Erfindungen der Pflanzenwelt zu entdecken.<\/p>\n\n<div class=\"wp-block-group has-custom-color-1-color has-custom-color-2-background-color has-text-color has-background has-link-color wp-elements-e1efcc10696bef7413890eb57e5ab5a7 has-global-padding is-layout-constrained wp-container-core-group-is-layout-0d0226ac wp-block-group-is-layout-constrained\" style=\"border-left-width:5px;padding-top:20px;padding-right:20px;padding-bottom:20px;padding-left:20px\">\n<p class=\"has-base-2-color has-text-color has-link-color wp-elements-901d0927cdfc159d31a246c54beb718d\"><strong>Praktische Informationen :<\/strong> Entfernung vom Campingplatz : 37 km<\/p>\n<\/div>\n\n<div style=\"height:20px\" aria-hidden=\"true\" class=\"wp-block-spacer gt-hide-mobile\"><\/div>\n\n<div class=\"wp-block-buttons is-layout-flex wp-block-buttons-is-layout-flex\">\n<div class=\"wp-block-button btn-2 is-style-outline is-style-outline--1\"><a class=\"wp-block-button__link has-custom-color-3-color has-text-color has-link-color has-border-color has-custom-color-3-border-color has-custom-font-size wp-element-button\" href=\"https:\/\/potagerextraordinaire.com\/\" style=\"border-width:2px;border-radius:0px;padding-top:10px;padding-right:30px;padding-bottom:10px;padding-left:30px;font-size:clamp(14.642px, 0.915rem + ((1vw - 3.2px) * 0.766), 22px);font-style:normal;font-weight:600\">\u00d6ffnungszeiten und Preise<\/a><\/div>\n<\/div>\n","protected":false},"excerpt":{"rendered":"<p>Der au\u00dfergew\u00f6hnliche Gem\u00fcsegarten ist ein botanischer Garten, der lebende Pflanzen aus der ganzen Welt sammelt, die in Form einer thematischen Sammlung beschriftet sind. Der Garten soll vier Hauptziele erf\u00fcllen: Konservierung, Sammlung mit allen K\u00fcrbisgew\u00e4chsen und Tomaten, P\u00e4dagogik mit Veranstaltungen und F\u00fchrungen und Tourismus mit dem Empfang von mehr als 20.000 Besuchern pro Jahr. Es handelt [&hellip;]<\/p>\n","protected":false},"author":1,"featured_media":1882,"parent":2882,"menu_order":0,"comment_status":"closed","ping_status":"closed","template":"wp-custom-template-sous-pages-blog-articles","meta":{"_acf_changed":false,"_seopress_robots_primary_cat":"","_seopress_titles_title":"Le Potager Extraordinaire - Botanischer Garten in Saint-Hilaire-de-Riez","_seopress_titles_desc":"Der Potager Extraordinaire, 40 Minuten vom Campingplatz Parfums d'\u00c9t\u00e9 entfernt, ist ein innovativer botanischer Garten, der Natur, Kunst und P\u00e4dagogik miteinander verbindet.","_seopress_robots_index":"","_gt_ctv_global_id":"","_gt_ctv_id_group":false,"inline_featured_image":false,"gt_fse_maillage_image":"https:\/\/camping-parfums-ete.fr\/wp-content\/uploads\/2025\/09\/blog-1-Potager-extraordinaire.webp","gt_fse_maillage_titre":"Au\u00dfergew\u00f6hnlicher Gem\u00fcsegarten","gt_fse_maillage_alt":"Au\u00dfergew\u00f6hnlicher Gem\u00fcsegarten","gt_fse_maillage_resume":"","footnotes":""},"categories":[],"tags":[],"class_list":["post-3119","page","type-page","status-publish","has-post-thumbnail","hentry"],"acf":[],"_links":{"self":[{"href":"https:\/\/camping-parfums-ete.fr\/de\/wp-json\/wp\/v2\/pages\/3119","targetHints":{"allow":["GET"]}}],"collection":[{"href":"https:\/\/camping-parfums-ete.fr\/de\/wp-json\/wp\/v2\/pages"}],"about":[{"href":"https:\/\/camping-parfums-ete.fr\/de\/wp-json\/wp\/v2\/types\/page"}],"author":[{"embeddable":true,"href":"https:\/\/camping-parfums-ete.fr\/de\/wp-json\/wp\/v2\/users\/1"}],"replies":[{"embeddable":true,"href":"https:\/\/camping-parfums-ete.fr\/de\/wp-json\/wp\/v2\/comments?post=3119"}],"version-history":[{"count":0,"href":"https:\/\/camping-parfums-ete.fr\/de\/wp-json\/wp\/v2\/pages\/3119\/revisions"}],"up":[{"embeddable":true,"href":"https:\/\/camping-parfums-ete.fr\/de\/wp-json\/wp\/v2\/pages\/2882"}],"wp:featuredmedia":[{"embeddable":true,"href":"https:\/\/camping-parfums-ete.fr\/de\/wp-json\/wp\/v2\/media\/1882"}],"wp:attachment":[{"href":"https:\/\/camping-parfums-ete.fr\/de\/wp-json\/wp\/v2\/media?parent=3119"}],"wp:term":[{"taxonomy":"category","embeddable":true,"href":"https:\/\/camping-parfums-ete.fr\/de\/wp-json\/wp\/v2\/categories?post=3119"},{"taxonomy":"post_tag","embeddable":true,"href":"https:\/\/camping-parfums-ete.fr\/de\/wp-json\/wp\/v2\/tags?post=3119"}],"curies":[{"name":"wp","href":"https:\/\/api.w.org\/{rel}","templated":true}]}}