{"id":3095,"date":"2025-09-03T15:08:46","date_gmt":"2025-09-03T13:08:46","guid":{"rendered":"https:\/\/camping-parfums-ete.fr\/tourisme-vendee\/ofun-park\/"},"modified":"2025-09-24T11:15:31","modified_gmt":"2025-09-24T09:15:31","slug":"ofun-park","status":"publish","type":"page","link":"https:\/\/camping-parfums-ete.fr\/de\/tourismus-vendee\/ofun-park\/","title":{"rendered":"O&#8217;fun Park"},"content":{"rendered":"\n<p>In diesem gr\u00f6\u00dften Abenteuerpark Frankreichs gibt es f\u00fcr Gro\u00df und Klein 4 Welten zu entdecken: <strong><a href=\"https:\/\/ofunpark.fr\/parc-et-attractions\/water-jump\/\">Waterjump<\/a><\/strong>, <strong><a href=\"https:\/\/ofunpark.fr\/parc-et-attractions\/accrobranche\/\">Accrobranches<\/a><\/strong>, <strong><a href=\"https:\/\/ofunpark.fr\/parc-et-attractions\/duel-arena\/\">Duel Arena<\/a><\/strong> und <strong><a href=\"https:\/\/ofunpark.fr\/parc-et-attractions\/paint-ball\/\">Paintball<\/a><\/strong>.<br\/>Sensationen, die 100% Spa\u00df machen. Es ist vorbei, den Gro\u00dfen zuzuschauen, denn in der findigen Festung speziell f\u00fcr &#8222;Kids&#8220; kannst du deine F\u00e4higkeiten in neuartigen, altersgerechten Pr\u00fcfungen testen. <\/p>\n\n<p>Teilen Sie mit Ihrer Familie oder Ihren Freunden unsere zahlreichen Aktivit\u00e4ten: Waterjump, Accrobranche, Duel Arena, Seilrutschen, Paintball und Spiele f\u00fcr Kinder.  <\/p>\n\n<div class=\"wp-block-group has-custom-color-1-color has-custom-color-2-background-color has-text-color has-background has-link-color wp-elements-78a942cbe4d9d33ee414b392d6cb3950 has-global-padding is-layout-constrained wp-container-core-group-is-layout-0d0226ac wp-block-group-is-layout-constrained\" style=\"border-left-width:5px;padding-top:20px;padding-right:20px;padding-bottom:20px;padding-left:20px\">\n<p class=\"has-base-2-color has-text-color has-link-color wp-elements-aae3db17ad875e656ed999b63b913ad4\"><strong>Praktische Informationen :<\/strong> Entfernung vom Campingplatz : 16 km<\/p>\n<\/div>\n\n<div style=\"height:20px\" aria-hidden=\"true\" class=\"wp-block-spacer gt-hide-mobile\"><\/div>\n\n<div class=\"wp-block-buttons is-layout-flex wp-block-buttons-is-layout-flex\">\n<div class=\"wp-block-button btn-2 is-style-outline is-style-outline--1\"><a class=\"wp-block-button__link has-custom-color-3-color has-text-color has-link-color has-border-color has-custom-color-3-border-color has-custom-font-size wp-element-button\" href=\"https:\/\/ofunpark.fr\/\" style=\"border-width:2px;border-radius:0px;padding-top:10px;padding-right:30px;padding-bottom:10px;padding-left:30px;font-size:clamp(14.642px, 0.915rem + ((1vw - 3.2px) * 0.766), 22px);font-style:normal;font-weight:600\">\u00d6ffnungszeiten und Preise<\/a><\/div>\n<\/div>\n\n<div style=\"height:20px\" aria-hidden=\"true\" class=\"wp-block-spacer gt-hide-mobile\"><\/div>\n\n<p>Entdecken Sie auch den Wasserpark <a href=\"https:\/\/camping-parfums-ete.fr\/alentours\/ogliss-park\/\">O&#8217;Gliss Park<\/a><\/p>\n","protected":false},"excerpt":{"rendered":"<p>In diesem gr\u00f6\u00dften Abenteuerpark Frankreichs gibt es f\u00fcr Gro\u00df und Klein 4 Welten zu entdecken: Waterjump, Accrobranches, Duel Arena und Paintball.Sensationen, die 100% Spa\u00df machen. Es ist vorbei, den Gro\u00dfen zuzuschauen, denn in der findigen Festung speziell f\u00fcr &#8222;Kids&#8220; kannst du deine F\u00e4higkeiten in neuartigen, altersgerechten Pr\u00fcfungen testen. Teilen Sie mit Ihrer Familie oder Ihren [&hellip;]<\/p>\n","protected":false},"author":1,"featured_media":1945,"parent":2882,"menu_order":0,"comment_status":"closed","ping_status":"closed","template":"wp-custom-template-sous-pages-blog-articles","meta":{"_acf_changed":false,"_seopress_robots_primary_cat":"","_seopress_titles_title":"O'Fun Park - Familien-Abenteuerpark in Saint-Hilaire-de-Talmont","_seopress_titles_desc":"Der O'Fun Park, 20 Minuten vom Campingplatz Parfums d'\u00c9t\u00e9 entfernt, bietet Baumklettern, Riesenrutschen und Wasseraktivit\u00e4ten f\u00fcr die ganze Familie. Ein Tag voller Abenteuer, den Sie sich nicht entgehen lassen sollten. ","_seopress_robots_index":"","_gt_ctv_global_id":"","_gt_ctv_id_group":false,"inline_featured_image":false,"gt_fse_maillage_image":"https:\/\/camping-parfums-ete.fr\/wp-content\/uploads\/2025\/09\/blog-1-ofun-park.webp","gt_fse_maillage_titre":"O'fun Park","gt_fse_maillage_alt":"O'fun Park","gt_fse_maillage_resume":"","footnotes":""},"categories":[],"tags":[],"class_list":["post-3095","page","type-page","status-publish","has-post-thumbnail","hentry"],"acf":[],"_links":{"self":[{"href":"https:\/\/camping-parfums-ete.fr\/de\/wp-json\/wp\/v2\/pages\/3095","targetHints":{"allow":["GET"]}}],"collection":[{"href":"https:\/\/camping-parfums-ete.fr\/de\/wp-json\/wp\/v2\/pages"}],"about":[{"href":"https:\/\/camping-parfums-ete.fr\/de\/wp-json\/wp\/v2\/types\/page"}],"author":[{"embeddable":true,"href":"https:\/\/camping-parfums-ete.fr\/de\/wp-json\/wp\/v2\/users\/1"}],"replies":[{"embeddable":true,"href":"https:\/\/camping-parfums-ete.fr\/de\/wp-json\/wp\/v2\/comments?post=3095"}],"version-history":[{"count":0,"href":"https:\/\/camping-parfums-ete.fr\/de\/wp-json\/wp\/v2\/pages\/3095\/revisions"}],"up":[{"embeddable":true,"href":"https:\/\/camping-parfums-ete.fr\/de\/wp-json\/wp\/v2\/pages\/2882"}],"wp:featuredmedia":[{"embeddable":true,"href":"https:\/\/camping-parfums-ete.fr\/de\/wp-json\/wp\/v2\/media\/1945"}],"wp:attachment":[{"href":"https:\/\/camping-parfums-ete.fr\/de\/wp-json\/wp\/v2\/media?parent=3095"}],"wp:term":[{"taxonomy":"category","embeddable":true,"href":"https:\/\/camping-parfums-ete.fr\/de\/wp-json\/wp\/v2\/categories?post=3095"},{"taxonomy":"post_tag","embeddable":true,"href":"https:\/\/camping-parfums-ete.fr\/de\/wp-json\/wp\/v2\/tags?post=3095"}],"curies":[{"name":"wp","href":"https:\/\/api.w.org\/{rel}","templated":true}]}}