{"id":3085,"date":"2025-09-03T11:37:07","date_gmt":"2025-09-03T09:37:07","guid":{"rendered":"https:\/\/camping-parfums-ete.fr\/tourisme-vendee\/centre-de-la-prehistoire\/"},"modified":"2025-09-24T11:15:31","modified_gmt":"2025-09-24T09:15:31","slug":"centre-de-la-prehistoire","status":"publish","type":"page","link":"https:\/\/camping-parfums-ete.fr\/de\/tourismus-vendee\/centre-de-la-prehistoire\/","title":{"rendered":"Pr\u00e9histo&#8217;site du Cairn in Saint-Hilaire-la-For\u00eat"},"content":{"rendered":"\n<p>M\u00f6chten Sie einen sch\u00f6nen Urlaub an der K\u00fcste der Vend\u00e9e verbringen? Nur <strong>12 Minuten vom Campingplatz Les Parfums d&#8217;\u00e9t\u00e9<\/strong> entfernt, entdecken Sie die charmante <strong>Gemeinde Saint-Hilaire-la-For\u00eat<\/strong>. Genie\u00dfen Sie einen Aufenthalt an der frischen Luft, zwischen goldenen Str\u00e4nden, \u00fcppigen W\u00e4ldern und kulturellem Erbe ist dieses Reiseziel eine wahre Oase des Friedens. Entdecken Sie w\u00e4hrend Ihres Aufenthalts den <strong>Parc Pr\u00e9histo&#8217;site du Cairn<\/strong> und sein Museum. Ein spielerischer und faszinierender Besuch ist perfekt, um Ihren Familienurlaub zu bereichern.   <\/p>\n\n<h2 class=\"wp-block-heading has-custom-color-1-color has-text-color has-link-color has-retcaro-font-family wp-elements-5f5b06c3e37c14d09a717c7bacc5762a\" style=\"font-size:clamp(1.743rem, 1.743rem + ((1vw - 0.2rem) * 2.095), 3rem);line-height:1\">Der pr\u00e4historische Park von Le Cairn<\/h2>\n\n<p>Der in der <em>Rue de la Courolle in Saint-Hilaire-la-For\u00eat<\/em> gelegene <strong>Pr\u00e9histo&#8217;site du Cairn ist ein Themenpark, der dem historischen Erbe der Vend\u00e9e<\/strong> aus der Vorgeschichte <strong>gewidmet<\/strong> ist: den <strong>ber\u00fchmten Menhiren und Dolmen<\/strong>. Der Standort bietet ein interaktives und p\u00e4dagogisches Eintauchen in das Leben der pr\u00e4historischen Menschen und bietet den Besuchern ein einzigartiges Erlebnis, um diese faszinierende Epoche zu entdecken. <\/p>\n\n<p>Der Park besteht aus mehreren Themenbereichen: Erkunden Sie <strong>den Garten der Vorgeschichte<\/strong> und entdecken Sie anschlie\u00dfend den kuriosen Menhirverschiebeplatz und den Jagdplatz. Die Rekonstruktion eines Dolmens und das Haus aus der Bronzezeit zeigen Ihnen einen Einblick in die Architektur dieser Epoche. Die St\u00e4tte bietet au\u00dferdem einen Angelbereich und einen Bereich &#8222;Nomadenhabitat&#8220;, der der Entdeckung der Lebensweise der pr\u00e4historischen Bev\u00f6lkerung gewidmet ist.  <\/p>\n\n<p>Nehmen Sie an verschiedenen Workshops teil, die von den Parkmitarbeitern angeboten werden, wie z. B. Schmuckherstellung oder der Workshop &#8222;Kohlezeichnung&#8220;, der perfekt ist, um Ihre Kreativit\u00e4t zu entfesseln.<\/p>\n\n<figure class=\"wp-block-image aligncenter size-full is-resized is-style-default\" style=\"margin-right:0;margin-left:0\"><img decoding=\"async\" width=\"900\" height=\"601\" src=\"https:\/\/camping-parfums-ete.fr\/wp-content\/uploads\/2025\/09\/blog-1-Prehisto-site-du-Cairn-Saint-Hilaire-la-Foret-1.webp\" alt=\"blog Prehisto site du Cairn Saint Hilaire la Foret\" class=\"wp-image-1803\" style=\"width:600px\" srcset=\"https:\/\/camping-parfums-ete.fr\/wp-content\/uploads\/2025\/09\/blog-1-Prehisto-site-du-Cairn-Saint-Hilaire-la-Foret-1.webp 900w, https:\/\/camping-parfums-ete.fr\/wp-content\/uploads\/2025\/09\/blog-1-Prehisto-site-du-Cairn-Saint-Hilaire-la-Foret-1-300x200.webp 300w, https:\/\/camping-parfums-ete.fr\/wp-content\/uploads\/2025\/09\/blog-1-Prehisto-site-du-Cairn-Saint-Hilaire-la-Foret-1-768x513.webp 768w\" sizes=\"(max-width: 900px) 100vw, 900px\" \/><\/figure>\n\n<h2 class=\"wp-block-heading has-custom-color-1-color has-text-color has-link-color has-retcaro-font-family wp-elements-4ee015ee6d122a219ad372108ce2aa6a\" style=\"font-size:clamp(1.743rem, 1.743rem + ((1vw - 0.2rem) * 2.095), 3rem);line-height:1\">Das Museum des Pr\u00e9histo&#8217;site du Cairn<\/h2>\n\n<p>Der <strong>Pr\u00e9histo&#8217;site du Cairn<\/strong> besteht nicht nur aus einem Park! Er beherbergt auch ein interaktives Museum, das so konzipiert ist, dass es die ganze Familie anspricht. Dieses Museum bietet in drei interaktiven Ausstellungsr\u00e4umen die M\u00f6glichkeit, in die Vorgeschichte und Geschichte der Vend\u00e9e einzutauchen.  <\/p>\n\n<p>Der immersive Raum &#8222;Voyage en Pr\u00e9histoire&#8220; (Reise in die Vorgeschichte) l\u00e4dt Sie dazu ein, dank einer umfangreichen Rekonstruktionsarbeit in das Alltagsleben der ersten Menschen einzutauchen.<\/p>\n\n<p>Die Dauerausstellung &#8222;N\u00e9andertal l&#8217;Expo&#8220; enth\u00fcllt Ihnen mehr als 90 Objekte (arch\u00e4ologische Proben, in der Vend\u00e9e entdeckte \u00dcberreste, Abg\u00fcsse, Rekonstruktionen, Illustrationen&#8230;), die ein besseres Verst\u00e4ndnis dieses faszinierenden Vorfahren, des Neandertalers, erm\u00f6glichen.<\/p>\n\n<p>Schlie\u00dflich bietet der Multimediaraum &#8222;Rue des Menhirs&#8220; eine Erkundung der Megalithen mit 3D-Rekonstruktionen und interaktiven Tools, um das lokale pr\u00e4historische Erbe zu entdecken.<\/p>\n\n<p>Der Pr\u00e9histo&#8217;site du Cairn Park bietet Ihnen einen bereichernden und unterhaltsamen Familientag, egal ob die Sonne scheint oder es regnet! Dies ist die perfekte Aktivit\u00e4t f\u00fcr Ihren Urlaub in Saint Hilaire la For\u00eat. <\/p>\n\n<h2 class=\"wp-block-heading has-custom-color-1-color has-text-color has-link-color has-retcaro-font-family wp-elements-032f86d6fdf88aa907772ef9133e08bc\" style=\"font-size:clamp(1.743rem, 1.743rem + ((1vw - 0.2rem) * 2.095), 3rem);line-height:1\">Ihr Campingurlaub in der N\u00e4he von Saint-Hilaire-la-For\u00eat<\/h2>\n\n<p>Der <a href=\"https:\/\/camping-parfums-ete.fr\/camping-saint-hilaire-la-foret\/\">4-Sterne-Campingplatz Les Parfums d&#8217;\u00e9t\u00e9 in der N\u00e4he von Saint-Hilaire-la-For\u00eat<\/a> in Jard sur Mer ist der ideale Ort, um die Vend\u00e9e zu entdecken. Eingebettet in die Natur, zwischen Wald und Ozean, bietet dieser Campingplatz ger\u00e4umige Stellpl\u00e4tze sowie Unterk\u00fcnfte mit allem Komfort: Mobilheime, Lodges, Zigeunerwagen&#8230; Unser Team setzt alles daran, dass Sie in der Unterkunft wohnen, die Ihnen entspricht und die Ihnen gef\u00e4llt! <\/p>\n\n<p>Nutzen Sie das Schwimmbad und die zahlreichen Animationen f\u00fcr Gro\u00df und Klein (Boule-Turnier, Spielpl\u00e4tze, Kinderclub&#8230;) sowie die N\u00e4he zu den feinen Sandstr\u00e4nden, die sich nur 400 m vom Campingplatz entfernt befinden.<\/p>\n\n<p>Der Campingplatz Les Parfums d&#8217;\u00c9t\u00e9 in der N\u00e4he des <a href=\"https:\/\/cairn-prehistoire.com\/\" target=\"_blank\" rel=\"noreferrer noopener\">Pr\u00e9histo&#8217;site du Cairn<\/a> bietet Ihnen eine ganze Reihe von Dienstleistungen f\u00fcr einen idealen Urlaub: Eine Snackbar und ein Lebensmittelgesch\u00e4ft stehen f\u00fcr den t\u00e4glichen Bedarf zur Verf\u00fcgung, w\u00e4hrend Sie mit der Vermietung von Fahrr\u00e4dern die Umgebung erkunden k\u00f6nnen. Au\u00dferdem gibt es einen kostenlosen WLAN-Zugang, einen Waschsalon und Abendunterhaltung, um die ganze Familie zu unterhalten. <\/p>\n","protected":false},"excerpt":{"rendered":"<p>M\u00f6chten Sie einen sch\u00f6nen Urlaub an der K\u00fcste der Vend\u00e9e verbringen? Nur 12 Minuten vom Campingplatz Les Parfums d&#8217;\u00e9t\u00e9 entfernt, entdecken Sie die charmante Gemeinde Saint-Hilaire-la-For\u00eat. Genie\u00dfen Sie einen Aufenthalt an der frischen Luft, zwischen goldenen Str\u00e4nden, \u00fcppigen W\u00e4ldern und kulturellem Erbe ist dieses Reiseziel eine wahre Oase des Friedens. Entdecken Sie w\u00e4hrend Ihres Aufenthalts [&hellip;]<\/p>\n","protected":false},"author":1,"featured_media":1802,"parent":2882,"menu_order":0,"comment_status":"closed","ping_status":"closed","template":"wp-custom-template-sous-pages-blog-articles","meta":{"_acf_changed":false,"_seopress_robots_primary_cat":"","_seopress_titles_title":"Centre de la Pr\u00e9histoire - Zeitreise in Le Grand-Pressigny","_seopress_titles_desc":"Das Centre de la Pr\u00e9histoire du Grand-Pressigny, das 1,5 Stunden vom Campingplatz Parfums d'\u00c9t\u00e9 entfernt liegt, bietet Ihnen die M\u00f6glichkeit, in die pr\u00e4historische Geschichte der Region einzutauchen.","_seopress_robots_index":"","_gt_ctv_global_id":"","_gt_ctv_id_group":false,"inline_featured_image":false,"gt_fse_maillage_image":"https:\/\/camping-parfums-ete.fr\/wp-content\/uploads\/2025\/09\/blog-1-Prehisto-site-du-Cairn-Saint-Hilaire-la-Foret.webp","gt_fse_maillage_titre":"Pr\u00e9histo'site du Cairn in Saint-Hilaire-la-For\u00eat","gt_fse_maillage_alt":"Pr\u00e9histo'site du Cairn in Saint-Hilaire-la-For\u00eat","gt_fse_maillage_resume":"","footnotes":""},"categories":[],"tags":[],"class_list":["post-3085","page","type-page","status-publish","has-post-thumbnail","hentry"],"acf":[],"_links":{"self":[{"href":"https:\/\/camping-parfums-ete.fr\/de\/wp-json\/wp\/v2\/pages\/3085","targetHints":{"allow":["GET"]}}],"collection":[{"href":"https:\/\/camping-parfums-ete.fr\/de\/wp-json\/wp\/v2\/pages"}],"about":[{"href":"https:\/\/camping-parfums-ete.fr\/de\/wp-json\/wp\/v2\/types\/page"}],"author":[{"embeddable":true,"href":"https:\/\/camping-parfums-ete.fr\/de\/wp-json\/wp\/v2\/users\/1"}],"replies":[{"embeddable":true,"href":"https:\/\/camping-parfums-ete.fr\/de\/wp-json\/wp\/v2\/comments?post=3085"}],"version-history":[{"count":0,"href":"https:\/\/camping-parfums-ete.fr\/de\/wp-json\/wp\/v2\/pages\/3085\/revisions"}],"up":[{"embeddable":true,"href":"https:\/\/camping-parfums-ete.fr\/de\/wp-json\/wp\/v2\/pages\/2882"}],"wp:featuredmedia":[{"embeddable":true,"href":"https:\/\/camping-parfums-ete.fr\/de\/wp-json\/wp\/v2\/media\/1802"}],"wp:attachment":[{"href":"https:\/\/camping-parfums-ete.fr\/de\/wp-json\/wp\/v2\/media?parent=3085"}],"wp:term":[{"taxonomy":"category","embeddable":true,"href":"https:\/\/camping-parfums-ete.fr\/de\/wp-json\/wp\/v2\/categories?post=3085"},{"taxonomy":"post_tag","embeddable":true,"href":"https:\/\/camping-parfums-ete.fr\/de\/wp-json\/wp\/v2\/tags?post=3085"}],"curies":[{"name":"wp","href":"https:\/\/api.w.org\/{rel}","templated":true}]}}