{"id":3082,"date":"2025-09-03T12:12:47","date_gmt":"2025-09-03T10:12:47","guid":{"rendered":"https:\/\/camping-parfums-ete.fr\/tourisme-vendee\/chateau-des-aventuriers\/"},"modified":"2025-09-24T11:15:30","modified_gmt":"2025-09-24T09:15:30","slug":"chateau-des-aventuriers","status":"publish","type":"page","link":"https:\/\/camping-parfums-ete.fr\/de\/tourismus-vendee\/chateau-des-aventuriers\/","title":{"rendered":"Burg der Abenteurer"},"content":{"rendered":"\n<p>Sind Sie auf der Suche nach einem Spielpark, in den Sie Ihre ganze kleine Familie mitnehmen k\u00f6nnen? Nur wenige Kilometer vom Campingplatz La Ventouse entfernt befindet sich das Ch\u00e2teau des Aventuriers. Ein idealer Park, um Geschichte zu lernen und dabei Spa\u00df zu haben!  <\/p>\n\n<p><strong>4 mit verschiedenen Epochen verbundene Routen werden Ihnen angeboten:<\/strong><\/p>\n\n<ul class=\"wp-block-list\">\n<li><strong>Der Piratenschatz<\/strong>: Begib dich in den G\u00e4rten des Schlosses auf eine riesige Schatzsuche. Wirst du klug und einfallsreich genug sein, um die 20 R\u00e4tsel zu l\u00f6sen und die Hinweise zu bergen? <\/li>\n\n\n\n<li><strong>Das Spukhaus<\/strong>: Wenn Sie einmal die Schwelle des Hauses \u00fcberschritten haben, gibt es kein Zur\u00fcck mehr: Um weiterzukommen und zu entkommen, fordern die Geister Sie heraus, ihre Fallen zu \u00fcberlisten und ihre R\u00e4tsel zu l\u00f6sen.<\/li>\n\n\n\n<li><strong>Von Dinosauriern bis zur Urzeit<\/strong>: Entdecken Sie die erweiterte Realit\u00e4t. Sie werden direkt in die Zeit der Dinosaurier versetzt und erfahren alles \u00fcber die Kreaturen, die viele Jahre lang auf der Erde lebten. <\/li>\n\n\n\n<li><strong>Ermittlungen im<\/strong> <strong>Schloss<\/strong>: Im Inneren des Schlosses tauchen Sie dank Ihres Smartphones oder Tablets im Jahr 1907 in das Herz einer polizeilichen Ermittlung in erweiterter Realit\u00e4t ein! L\u00f6sen Sie ein R\u00e4tsel nach dem anderen, um Hinweise zu finden und das Geheimnis um den Tod von Meister Fichu zu l\u00fcften. <\/li>\n<\/ul>\n\n<p>Wenn Sie mehr erfahren m\u00f6chten, besuchen Sie uns an der Rezeption des Campingplatzes oder schauen Sie sich ihre Internetseite an. Dort finden Sie alle Informationen, die Sie brauchen, um Ihren Besuch vorzubereiten <a href=\"https:\/\/www.chateau-aventuriers.com\/\">www.chateau-aventuriers.com<\/a> <\/p>\n","protected":false},"excerpt":{"rendered":"<p>Sind Sie auf der Suche nach einem Spielpark, in den Sie Ihre ganze kleine Familie mitnehmen k\u00f6nnen? Nur wenige Kilometer vom Campingplatz La Ventouse entfernt befindet sich das Ch\u00e2teau des Aventuriers. Ein idealer Park, um Geschichte zu lernen und dabei Spa\u00df zu haben! 4 mit verschiedenen Epochen verbundene Routen werden Ihnen angeboten: Wenn Sie mehr [&hellip;]<\/p>\n","protected":false},"author":1,"featured_media":1835,"parent":2882,"menu_order":0,"comment_status":"closed","ping_status":"closed","template":"wp-custom-template-sous-pages-blog-articles","meta":{"_acf_changed":false,"_seopress_robots_primary_cat":"","_seopress_titles_title":"Ch\u00e2teau des Aventuriers - Spielpark in der Vend\u00e9e","_seopress_titles_desc":"Erleben Sie ein Familienabenteuer im Ch\u00e2teau des Aventuriers: Schatzsuche, Augmented Reality und historische R\u00e4tsel. Das Schloss liegt in der N\u00e4he des Campingplatzes Parfums d'\u00c9t\u00e9. ","_seopress_robots_index":"","_gt_ctv_global_id":"","_gt_ctv_id_group":false,"inline_featured_image":false,"gt_fse_maillage_image":"https:\/\/camping-parfums-ete.fr\/wp-content\/uploads\/2025\/09\/blog-1-Chateau-des-aventuriers.webp","gt_fse_maillage_titre":"Burg der Abenteurer","gt_fse_maillage_alt":"Burg der Abenteurer","gt_fse_maillage_resume":"","footnotes":""},"categories":[],"tags":[],"class_list":["post-3082","page","type-page","status-publish","has-post-thumbnail","hentry"],"acf":[],"_links":{"self":[{"href":"https:\/\/camping-parfums-ete.fr\/de\/wp-json\/wp\/v2\/pages\/3082","targetHints":{"allow":["GET"]}}],"collection":[{"href":"https:\/\/camping-parfums-ete.fr\/de\/wp-json\/wp\/v2\/pages"}],"about":[{"href":"https:\/\/camping-parfums-ete.fr\/de\/wp-json\/wp\/v2\/types\/page"}],"author":[{"embeddable":true,"href":"https:\/\/camping-parfums-ete.fr\/de\/wp-json\/wp\/v2\/users\/1"}],"replies":[{"embeddable":true,"href":"https:\/\/camping-parfums-ete.fr\/de\/wp-json\/wp\/v2\/comments?post=3082"}],"version-history":[{"count":0,"href":"https:\/\/camping-parfums-ete.fr\/de\/wp-json\/wp\/v2\/pages\/3082\/revisions"}],"up":[{"embeddable":true,"href":"https:\/\/camping-parfums-ete.fr\/de\/wp-json\/wp\/v2\/pages\/2882"}],"wp:featuredmedia":[{"embeddable":true,"href":"https:\/\/camping-parfums-ete.fr\/de\/wp-json\/wp\/v2\/media\/1835"}],"wp:attachment":[{"href":"https:\/\/camping-parfums-ete.fr\/de\/wp-json\/wp\/v2\/media?parent=3082"}],"wp:term":[{"taxonomy":"category","embeddable":true,"href":"https:\/\/camping-parfums-ete.fr\/de\/wp-json\/wp\/v2\/categories?post=3082"},{"taxonomy":"post_tag","embeddable":true,"href":"https:\/\/camping-parfums-ete.fr\/de\/wp-json\/wp\/v2\/tags?post=3082"}],"curies":[{"name":"wp","href":"https:\/\/api.w.org\/{rel}","templated":true}]}}