{"id":3072,"date":"2025-09-03T11:56:41","date_gmt":"2025-09-03T09:56:41","guid":{"rendered":"https:\/\/camping-parfums-ete.fr\/tourisme-vendee\/chateau-de-talmont\/"},"modified":"2025-09-24T11:15:31","modified_gmt":"2025-09-24T09:15:31","slug":"chateau-de-talmont","status":"publish","type":"page","link":"https:\/\/camping-parfums-ete.fr\/de\/tourismus-vendee\/chateau-de-talmont\/","title":{"rendered":"Schloss von Talmont-Saint-Hilaire"},"content":{"rendered":"\n<p>Wenn Sie auf der Suche nach einem unvergesslichen Ausflug w\u00e4hrend Ihres Campingurlaubs sind, sollten Sie sich einen Besuch des majest\u00e4tischen<strong> Ch\u00e2teau de Talmont in Talmont-Saint-Hilaire<\/strong> nicht entgehen lassen. Nur 15 Autominuten von Ihrem sicheren Hafen auf dem <a href=\"https:\/\/camping-parfums-ete.fr\/camping-talmont-saint-hilaire\/\">4-Sterne-Campingplatz bei Talmont-Saint-Hilaire<\/a> entfernt, verspricht dieser Ausflug einen bereichernden und spannenden Tag. Nutzen Sie diese N\u00e4he, um in die Geschichte einzutauchen und eine symboltr\u00e4chtige St\u00e4tte der Region zu entdecken, w\u00e4hrend Sie den Komfort und die Dienstleistungen Ihres Campingplatzes genie\u00dfen. Ob Sie nun ein Geschichts- oder Naturliebhaber sind oder einfach eine interessante Aktivit\u00e4t f\u00fcr die ganze Familie suchen, das <strong>Schloss Talmont in der Vend\u00e9e<\/strong> wird all Ihre Erwartungen erf\u00fcllen und Ihnen ein einzigartiges Erlebnis bieten.   <\/p>\n\n<h2 class=\"wp-block-heading has-custom-color-1-color has-text-color has-link-color has-retcaro-font-family wp-elements-d85259a49e5bdedf2da006d4c604f563\" style=\"font-size:clamp(1.743rem, 1.743rem + ((1vw - 0.2rem) * 2.095), 3rem);line-height:1\">Die Geschichte des Schlosses von Talmont<\/h2>\n\n<p>Die im 11. Jahrhundert errichtete Burg von Talmont ist ein lebendiges Zeugnis der mittelalterlichen Architektur und der st\u00fcrmischen Geschichte der Region. Die <strong>vom m\u00e4chtigen Wilhelm dem Kahlen errichtete<\/strong> Burg spielte w\u00e4hrend der Religionskriege eine strategische Rolle und erlebte zahlreiche Belagerungen. Im Laufe der Jahrhunderte war sie Schauplatz zahlreicher historischer Ereignisse und sah emblematische Figuren kommen und gehen, was dazu beitrug, die Identit\u00e4t von Talmont-Saint-Hilaire zu formen. Bei einem Spaziergang durch seine H\u00f6fe und Stadtmauern werden Sie die einzigartige Atmosph\u00e4re dieser geschichtstr\u00e4chtigen Orte sp\u00fcren. Die imposanten T\u00fcrme und die \u00dcberreste der Stadtmauern versetzen Sie in eine l\u00e4ngst vergangene Zeit, in der Ritter und Herren das Land beherrschten. Jeder Stein erz\u00e4hlt eine Geschichte, jeder Winkel birgt ein Geheimnis und macht Ihren Besuch zu einem wahren Eintauchen in die Vergangenheit.    <\/p>\n\n<h2 class=\"wp-block-heading has-custom-color-1-color has-text-color has-link-color has-retcaro-font-family wp-elements-76e134dc951567431e3f3a6258cf0e82\" style=\"font-size:clamp(1.743rem, 1.743rem + ((1vw - 0.2rem) * 2.095), 3rem);line-height:1\">F\u00fchrungen und Ausstellungen<\/h2>\n\n<p><strong>Das Ch\u00e2teau de Talmont<\/strong> bietet ein <strong>abwechslungsreiches Besichtigungserlebnis f\u00fcr die ganze Familie<\/strong>. Geschichtsinteressierte werden die Ausstellungen und Rekonstruktionen zu sch\u00e4tzen wissen, die das Alltagsleben im Mittelalter veranschaulichen. Auf Schautafeln werden die verschiedenen Bauphasen und die wichtigsten Ereignisse in der Geschichte der Burg detailliert erl\u00e4utert, sodass jeder den Reichtum der Anlage verstehen und sch\u00e4tzen lernen kann. Die j\u00fcngsten Besucher k\u00f6nnen sich bei <strong>interaktiven Workshops<\/strong> und <strong>mittelalterlichen Animationen<\/strong> vergn\u00fcgen. Diese spielerischen und lehrreichen Aktivit\u00e4ten erm\u00f6glichen es ihnen, das Leben im Mittelalter auf unterhaltsame und verbindliche Weise kennenzulernen. F\u00fcr diejenigen, die ihr Wissen vertiefen m\u00f6chten, werden <strong>gef\u00fchrte Touren<\/strong> angeboten, und <strong>Falknereivorf\u00fchrungen<\/strong> verleihen Ihrem Besuch eine spektakul\u00e4re Note. W\u00e4hrend des Sommers bietet die Burg auch Nachtf\u00fchrungen an, die eine andere, magische Perspektive auf diese historische St\u00e4tte bieten.      <\/p>\n\n<div class=\"wp-block-columns is-layout-flex wp-container-core-columns-is-layout-28f84493 wp-block-columns-is-layout-flex\">\n<div class=\"wp-block-column is-layout-flow wp-block-column-is-layout-flow\">\n<figure class=\"wp-block-image size-full\"><img decoding=\"async\" width=\"900\" height=\"600\" src=\"https:\/\/camping-parfums-ete.fr\/wp-content\/uploads\/2025\/09\/blog-1-vendee-chateau-talmont-1.webp\" alt=\"blog vendee chateau talmont\" class=\"wp-image-1822\" style=\"object-fit:cover\" srcset=\"https:\/\/camping-parfums-ete.fr\/wp-content\/uploads\/2025\/09\/blog-1-vendee-chateau-talmont-1.webp 900w, https:\/\/camping-parfums-ete.fr\/wp-content\/uploads\/2025\/09\/blog-1-vendee-chateau-talmont-1-300x200.webp 300w, https:\/\/camping-parfums-ete.fr\/wp-content\/uploads\/2025\/09\/blog-1-vendee-chateau-talmont-1-768x512.webp 768w\" sizes=\"(max-width: 900px) 100vw, 900px\" \/><\/figure>\n<\/div>\n\n\n\n<div class=\"wp-block-column is-layout-flow wp-block-column-is-layout-flow\">\n<figure class=\"wp-block-image size-full\"><img decoding=\"async\" width=\"900\" height=\"600\" src=\"https:\/\/camping-parfums-ete.fr\/wp-content\/uploads\/2025\/09\/blog-1-vendee-chateau-talmont-2.webp\" alt=\"blog vendee chateau talmont\" class=\"wp-image-1825\" srcset=\"https:\/\/camping-parfums-ete.fr\/wp-content\/uploads\/2025\/09\/blog-1-vendee-chateau-talmont-2.webp 900w, https:\/\/camping-parfums-ete.fr\/wp-content\/uploads\/2025\/09\/blog-1-vendee-chateau-talmont-2-300x200.webp 300w, https:\/\/camping-parfums-ete.fr\/wp-content\/uploads\/2025\/09\/blog-1-vendee-chateau-talmont-2-768x512.webp 768w\" sizes=\"(max-width: 900px) 100vw, 900px\" \/><\/figure>\n<\/div>\n<\/div>\n\n<div class=\"wp-block-group has-custom-color-1-color has-custom-color-2-background-color has-text-color has-background has-link-color wp-elements-5d70e7ef7f383010bbc9aa0615d21283 has-global-padding is-layout-constrained wp-container-core-group-is-layout-0d0226ac wp-block-group-is-layout-constrained\" style=\"border-left-width:5px;padding-top:20px;padding-right:20px;padding-bottom:20px;padding-left:20px\">\n<p class=\"has-base-2-color has-text-color has-link-color wp-elements-bd5c2f49da93ad55c8f9258040109428\"><strong>Praktische Informationen :<\/strong> Entfernung zum Campingplatz : <em>7 km<\/em><\/p>\n<\/div>\n\n<div class=\"wp-block-buttons is-layout-flex wp-block-buttons-is-layout-flex\">\n<div class=\"wp-block-button btn-2 is-style-outline is-style-outline--1\"><a class=\"wp-block-button__link has-custom-color-3-color has-text-color has-link-color has-border-color has-custom-color-3-border-color has-custom-font-size wp-element-button\" href=\"https:\/\/chateaudetalmont.com\/\" style=\"border-width:2px;border-radius:0px;padding-top:10px;padding-right:30px;padding-bottom:10px;padding-left:30px;font-size:clamp(14.642px, 0.915rem + ((1vw - 3.2px) * 0.766), 22px);font-style:normal;font-weight:600\">\u00d6ffnungszeiten und Preise<\/a><\/div>\n<\/div>\n\n<div style=\"height:20px\" aria-hidden=\"true\" class=\"wp-block-spacer gt-hide-mobile\"><\/div>\n\n<h2 class=\"wp-block-heading has-custom-color-1-color has-text-color has-link-color has-retcaro-font-family wp-elements-62b645c683685e0eeb3697a34cef74cc\" style=\"font-size:clamp(1.743rem, 1.743rem + ((1vw - 0.2rem) * 2.095), 3rem);line-height:1\">Ihr Campingurlaub in der N\u00e4he von Talmont-Saint-Hilaire<\/h2>\n\n<p>Nach einem Tag voller Entdeckungen finden Sie die Ruhe und den Komfort des Campingplatzes Les Parfums d&#8217;\u00c9t\u00e9. Dieser 4-Sterne-Campingplatz liegt direkt am Meer und ist die ideale Wahl f\u00fcr einen erholsamen und kraftspendenden Urlaub. Nutzen Sie das Schwimmbad, um sich abzuk\u00fchlen, oder entspannen Sie sich inmitten der Natur in einer ruhigen und friedlichen Umgebung. Ob Sie sich f\u00fcr einen traditionellen Stellplatz oder den Komfort eines Mobilheims entscheiden, Sie werden alle Annehmlichkeiten genie\u00dfen, die Sie f\u00fcr einen angenehmen Aufenthalt ben\u00f6tigen. Der Campingplatz Les Parfums d&#8217;\u00c9t\u00e9 zeichnet sich durch seine freundliche und famili\u00e4re Atmosph\u00e4re aus. Eingebettet in eine gr\u00fcne Oase bietet er den perfekten Rahmen, um sich nach Ihren kulturellen Erkundungen zu entspannen. Die <strong>N\u00e4he zum Schloss Talmont<\/strong> erm\u00f6glicht es Ihnen, Entspannung und Entdeckungen zu kombinieren, was Ihren Urlaub noch bereichernder macht. Wenn Sie sich f\u00fcr den <strong>Campingplatz Les Parfums d&#8217;\u00c9t\u00e9 in der N\u00e4he von Talmont-Saint-Hilaire<\/strong> entscheiden, w\u00e4hlen Sie ein einzigartiges Erlebnis, das Natur, Komfort und historisches Erbe miteinander verbindet.       <\/p>\n","protected":false},"excerpt":{"rendered":"<p>Wenn Sie auf der Suche nach einem unvergesslichen Ausflug w\u00e4hrend Ihres Campingurlaubs sind, sollten Sie sich einen Besuch des majest\u00e4tischen Ch\u00e2teau de Talmont in Talmont-Saint-Hilaire nicht entgehen lassen. Nur 15 Autominuten von Ihrem sicheren Hafen auf dem 4-Sterne-Campingplatz bei Talmont-Saint-Hilaire entfernt, verspricht dieser Ausflug einen bereichernden und spannenden Tag. Nutzen Sie diese N\u00e4he, um in [&hellip;]<\/p>\n","protected":false},"author":1,"featured_media":1821,"parent":2882,"menu_order":0,"comment_status":"closed","ping_status":"closed","template":"wp-custom-template-sous-pages-blog-articles","meta":{"_acf_changed":false,"_seopress_robots_primary_cat":"","_seopress_titles_title":"Ch\u00e2teau de Talmont - Mittelalterliche Besichtigungen und Veranstaltungen in der N\u00e4he des Campingplatzes in der Vend\u00e9e","_seopress_titles_desc":"Entdecken Sie das Ch\u00e2teau de Talmont, eine mittelalterliche Festung aus dem 11. Jahrhundert in Talmont-Saint-Hilaire. F\u00fchrungen, Animationen und Schnitzeljagd f\u00fcr die ganze Familie. 30 Minuten vom Campingplatz Parfums d'\u00c9t\u00e9 entfernt.  ","_seopress_robots_index":"","_gt_ctv_global_id":"","_gt_ctv_id_group":false,"inline_featured_image":false,"gt_fse_maillage_image":"https:\/\/camping-parfums-ete.fr\/wp-content\/uploads\/2025\/09\/blog-1-vendee-chateau-talmont.webp","gt_fse_maillage_titre":"Schloss Talmont-Saint-Hilaireauto","gt_fse_maillage_alt":"Schloss von Talmont-Saint-Hilaire","gt_fse_maillage_resume":"","footnotes":""},"categories":[],"tags":[],"class_list":["post-3072","page","type-page","status-publish","has-post-thumbnail","hentry"],"acf":[],"_links":{"self":[{"href":"https:\/\/camping-parfums-ete.fr\/de\/wp-json\/wp\/v2\/pages\/3072","targetHints":{"allow":["GET"]}}],"collection":[{"href":"https:\/\/camping-parfums-ete.fr\/de\/wp-json\/wp\/v2\/pages"}],"about":[{"href":"https:\/\/camping-parfums-ete.fr\/de\/wp-json\/wp\/v2\/types\/page"}],"author":[{"embeddable":true,"href":"https:\/\/camping-parfums-ete.fr\/de\/wp-json\/wp\/v2\/users\/1"}],"replies":[{"embeddable":true,"href":"https:\/\/camping-parfums-ete.fr\/de\/wp-json\/wp\/v2\/comments?post=3072"}],"version-history":[{"count":0,"href":"https:\/\/camping-parfums-ete.fr\/de\/wp-json\/wp\/v2\/pages\/3072\/revisions"}],"up":[{"embeddable":true,"href":"https:\/\/camping-parfums-ete.fr\/de\/wp-json\/wp\/v2\/pages\/2882"}],"wp:featuredmedia":[{"embeddable":true,"href":"https:\/\/camping-parfums-ete.fr\/de\/wp-json\/wp\/v2\/media\/1821"}],"wp:attachment":[{"href":"https:\/\/camping-parfums-ete.fr\/de\/wp-json\/wp\/v2\/media?parent=3072"}],"wp:term":[{"taxonomy":"category","embeddable":true,"href":"https:\/\/camping-parfums-ete.fr\/de\/wp-json\/wp\/v2\/categories?post=3072"},{"taxonomy":"post_tag","embeddable":true,"href":"https:\/\/camping-parfums-ete.fr\/de\/wp-json\/wp\/v2\/tags?post=3072"}],"curies":[{"name":"wp","href":"https:\/\/api.w.org\/{rel}","templated":true}]}}