{"id":3061,"date":"2025-09-03T13:58:22","date_gmt":"2025-09-03T11:58:22","guid":{"rendered":"https:\/\/camping-parfums-ete.fr\/tourisme-vendee\/ile-dyeu\/"},"modified":"2025-09-24T11:15:32","modified_gmt":"2025-09-24T09:15:32","slug":"ile-dyeu","status":"publish","type":"page","link":"https:\/\/camping-parfums-ete.fr\/de\/tourismus-vendee\/ile-dyeu\/","title":{"rendered":"\u00cele d&#8217;Yeu"},"content":{"rendered":"\n<p>Die Ile d&#8217;Yeu ist eine der sch\u00f6nsten Inseln Frankreichs. Die Insel liegt 17 km vor der K\u00fcste der Vend\u00e9e und kann nur zu Fu\u00df oder mit dem Fahrrad erkundet werden. Sie birgt eine gro\u00dfe Vielfalt an absolut au\u00dfergew\u00f6hnlichen Landschaften. Die Ile d&#8217;Yeu war lange Zeit der gr\u00f6\u00dfte Thunfischhafen der Atlantikk\u00fcste und widmet dem Fischfang noch immer einen aktiven Platz.   <\/p>\n\n<p>Nehmen Sie das Boot in Richtung Insel (45 Min. bis 1 Std. \u00dcberfahrt). Entdecken Sie Port Joinville, Wanderungen oder Radtouren, die wilde K\u00fcste mit ihren Buchten und Klippen, das historische Erbe der Insel&#8230; <\/p>\n\n<div class=\"wp-block-group has-custom-color-1-color has-custom-color-2-background-color has-text-color has-background has-link-color wp-elements-48e9b31f8dea8953b0486f7aac1f1e0f has-global-padding is-layout-constrained wp-container-core-group-is-layout-0d0226ac wp-block-group-is-layout-constrained\" style=\"border-left-width:5px;padding-top:20px;padding-right:20px;padding-bottom:20px;padding-left:20px\">\n<p class=\"has-base-2-color has-text-color has-link-color wp-elements-0226e1fd46550ae603309e5400acc721\"><strong>Praktische Informationen :<\/strong> Entfernung vom Campingplatz : 50 km &#8211; Von Saint Gilles Croix de Vie aus &#8211; Von April bis September<\/p>\n<\/div>\n","protected":false},"excerpt":{"rendered":"<p>Die Ile d&#8217;Yeu ist eine der sch\u00f6nsten Inseln Frankreichs. Die Insel liegt 17 km vor der K\u00fcste der Vend\u00e9e und kann nur zu Fu\u00df oder mit dem Fahrrad erkundet werden. Sie birgt eine gro\u00dfe Vielfalt an absolut au\u00dfergew\u00f6hnlichen Landschaften. Die Ile d&#8217;Yeu war lange Zeit der gr\u00f6\u00dfte Thunfischhafen der Atlantikk\u00fcste und widmet dem Fischfang noch [&hellip;]<\/p>\n","protected":false},"author":1,"featured_media":1860,"parent":2882,"menu_order":25,"comment_status":"closed","ping_status":"closed","template":"wp-custom-template-sous-pages-blog-articles","meta":{"_acf_changed":false,"_seopress_robots_primary_cat":"","_seopress_titles_title":"\u00cele d'Yeu - Inselausflug von Jard-sur-Mer aus","_seopress_titles_desc":"Die \u00cele d'Yeu, die mit dem Boot von Jard-sur-Mer aus erreichbar ist, bietet Str\u00e4nde, Wanderwege und wilde Landschaften f\u00fcr einen Tag voller Abwechslung.","_seopress_robots_index":"","_gt_ctv_global_id":"","_gt_ctv_id_group":false,"inline_featured_image":false,"gt_fse_maillage_image":"https:\/\/camping-parfums-ete.fr\/wp-content\/uploads\/2025\/09\/blog-1-Ile-Yeu.webp","gt_fse_maillage_titre":"\u00cele d'Yeu","gt_fse_maillage_alt":"\u00cele d'Yeu","gt_fse_maillage_resume":"","footnotes":""},"categories":[],"tags":[],"class_list":["post-3061","page","type-page","status-publish","has-post-thumbnail","hentry"],"acf":[],"_links":{"self":[{"href":"https:\/\/camping-parfums-ete.fr\/de\/wp-json\/wp\/v2\/pages\/3061","targetHints":{"allow":["GET"]}}],"collection":[{"href":"https:\/\/camping-parfums-ete.fr\/de\/wp-json\/wp\/v2\/pages"}],"about":[{"href":"https:\/\/camping-parfums-ete.fr\/de\/wp-json\/wp\/v2\/types\/page"}],"author":[{"embeddable":true,"href":"https:\/\/camping-parfums-ete.fr\/de\/wp-json\/wp\/v2\/users\/1"}],"replies":[{"embeddable":true,"href":"https:\/\/camping-parfums-ete.fr\/de\/wp-json\/wp\/v2\/comments?post=3061"}],"version-history":[{"count":0,"href":"https:\/\/camping-parfums-ete.fr\/de\/wp-json\/wp\/v2\/pages\/3061\/revisions"}],"up":[{"embeddable":true,"href":"https:\/\/camping-parfums-ete.fr\/de\/wp-json\/wp\/v2\/pages\/2882"}],"wp:featuredmedia":[{"embeddable":true,"href":"https:\/\/camping-parfums-ete.fr\/de\/wp-json\/wp\/v2\/media\/1860"}],"wp:attachment":[{"href":"https:\/\/camping-parfums-ete.fr\/de\/wp-json\/wp\/v2\/media?parent=3061"}],"wp:term":[{"taxonomy":"category","embeddable":true,"href":"https:\/\/camping-parfums-ete.fr\/de\/wp-json\/wp\/v2\/categories?post=3061"},{"taxonomy":"post_tag","embeddable":true,"href":"https:\/\/camping-parfums-ete.fr\/de\/wp-json\/wp\/v2\/tags?post=3061"}],"curies":[{"name":"wp","href":"https:\/\/api.w.org\/{rel}","templated":true}]}}