{"id":3047,"date":"2025-09-03T14:21:25","date_gmt":"2025-09-03T12:21:25","guid":{"rendered":"https:\/\/camping-parfums-ete.fr\/tourisme-vendee\/la-folie-de-finfarine\/"},"modified":"2025-09-24T11:15:30","modified_gmt":"2025-09-24T09:15:30","slug":"la-folie-de-finfarine","status":"publish","type":"page","link":"https:\/\/camping-parfums-ete.fr\/de\/tourismus-vendee\/la-folie-de-finfarine\/","title":{"rendered":"Der Wahnsinn von Finfarine"},"content":{"rendered":"\n<p>Entdecken Sie die 1001 Geheimnisse des Bienenlebens!<\/p>\n\n<p>Betreten Sie mit Ihrer Familie den riesigen Bienenstock (interaktives Museum \u00fcber das Leben der Bienen). W\u00e4hrend der Animation Honig und Bienen nehmen Sie an der \u00d6ffnung eines Bienenstocks und der Herstellung von Honig teil. Ab 3 Jahren k\u00f6nnen Kinder in den Spielbereichen die Biene in ihrer Umgebung verstehen, indem sie ihre 5 Sinne einsetzen. Auf einem 10 ha gro\u00dfen Erlebnisparcours tauchen sie anhand einer vom Baummann erz\u00e4hlten Geschichte in das Leben der Bienen ein. Es erwarten Sie Workshops, Spiele und zahlreiche Animationen, nicht zu vergessen die Schatzsuche, bei der Sie in die Vergangenheit reisen m\u00fcssen, indem Sie versteckte R\u00e4tsel l\u00f6sen.    <\/p>\n\n<div class=\"wp-block-buttons is-layout-flex wp-block-buttons-is-layout-flex\">\n<div class=\"wp-block-button btn-2 is-style-outline is-style-outline--1\"><a class=\"wp-block-button__link has-custom-color-3-color has-text-color has-link-color has-border-color has-custom-color-3-border-color has-custom-font-size wp-element-button\" href=\"https:\/\/www.finfarine.fr\/\" style=\"border-width:2px;border-radius:0px;padding-top:10px;padding-right:30px;padding-bottom:10px;padding-left:30px;font-size:clamp(14.642px, 0.915rem + ((1vw - 3.2px) * 0.766), 22px);font-style:normal;font-weight:600\">\u00d6ffnungszeiten und Preise<\/a><\/div>\n<\/div>\n\n<div style=\"height:20px\" aria-hidden=\"true\" class=\"wp-block-spacer gt-hide-mobile\"><\/div>\n\n<div class=\"wp-block-group has-custom-color-1-color has-custom-color-2-background-color has-text-color has-background has-link-color wp-elements-78a942cbe4d9d33ee414b392d6cb3950 has-global-padding is-layout-constrained wp-container-core-group-is-layout-0d0226ac wp-block-group-is-layout-constrained\" style=\"border-left-width:5px;padding-top:20px;padding-right:20px;padding-bottom:20px;padding-left:20px\">\n<p class=\"has-base-2-color has-text-color has-link-color wp-elements-aae3db17ad875e656ed999b63b913ad4\"><strong>Praktische Informationen :<\/strong> Entfernung vom Campingplatz : 16 km<\/p>\n<\/div>\n","protected":false},"excerpt":{"rendered":"<p>Entdecken Sie die 1001 Geheimnisse des Bienenlebens! Betreten Sie mit Ihrer Familie den riesigen Bienenstock (interaktives Museum \u00fcber das Leben der Bienen). W\u00e4hrend der Animation Honig und Bienen nehmen Sie an der \u00d6ffnung eines Bienenstocks und der Herstellung von Honig teil. Ab 3 Jahren k\u00f6nnen Kinder in den Spielbereichen die Biene in ihrer Umgebung verstehen, [&hellip;]<\/p>\n","protected":false},"author":1,"featured_media":1875,"parent":2882,"menu_order":0,"comment_status":"closed","ping_status":"closed","template":"wp-custom-template-sous-pages-blog-articles","meta":{"_acf_changed":false,"_seopress_robots_primary_cat":"","_seopress_titles_title":"La Folie de Finfarine - Vergn\u00fcgungspark in der Vend\u00e9e","_seopress_titles_desc":"Am\u00fcsieren Sie sich mit der ganzen Familie in La Folie de Finfarine: Karussells, Spiele und Shows f\u00fcr Gro\u00df und Klein. In der N\u00e4he des Campingplatzes Parfums d'\u00c9t\u00e9 gelegen. ","_seopress_robots_index":"","_gt_ctv_global_id":"","_gt_ctv_id_group":false,"inline_featured_image":false,"gt_fse_maillage_image":"https:\/\/camping-parfums-ete.fr\/wp-content\/uploads\/2025\/09\/blog-1-La-Folie-de-finfarine-.webp","gt_fse_maillage_titre":"Automatischer Entwurf","gt_fse_maillage_alt":"Automatischer Entwurf","gt_fse_maillage_resume":"","footnotes":""},"categories":[],"tags":[],"class_list":["post-3047","page","type-page","status-publish","has-post-thumbnail","hentry"],"acf":[],"_links":{"self":[{"href":"https:\/\/camping-parfums-ete.fr\/de\/wp-json\/wp\/v2\/pages\/3047","targetHints":{"allow":["GET"]}}],"collection":[{"href":"https:\/\/camping-parfums-ete.fr\/de\/wp-json\/wp\/v2\/pages"}],"about":[{"href":"https:\/\/camping-parfums-ete.fr\/de\/wp-json\/wp\/v2\/types\/page"}],"author":[{"embeddable":true,"href":"https:\/\/camping-parfums-ete.fr\/de\/wp-json\/wp\/v2\/users\/1"}],"replies":[{"embeddable":true,"href":"https:\/\/camping-parfums-ete.fr\/de\/wp-json\/wp\/v2\/comments?post=3047"}],"version-history":[{"count":0,"href":"https:\/\/camping-parfums-ete.fr\/de\/wp-json\/wp\/v2\/pages\/3047\/revisions"}],"up":[{"embeddable":true,"href":"https:\/\/camping-parfums-ete.fr\/de\/wp-json\/wp\/v2\/pages\/2882"}],"wp:featuredmedia":[{"embeddable":true,"href":"https:\/\/camping-parfums-ete.fr\/de\/wp-json\/wp\/v2\/media\/1875"}],"wp:attachment":[{"href":"https:\/\/camping-parfums-ete.fr\/de\/wp-json\/wp\/v2\/media?parent=3047"}],"wp:term":[{"taxonomy":"category","embeddable":true,"href":"https:\/\/camping-parfums-ete.fr\/de\/wp-json\/wp\/v2\/categories?post=3047"},{"taxonomy":"post_tag","embeddable":true,"href":"https:\/\/camping-parfums-ete.fr\/de\/wp-json\/wp\/v2\/tags?post=3047"}],"curies":[{"name":"wp","href":"https:\/\/api.w.org\/{rel}","templated":true}]}}