{"id":3038,"date":"2025-08-04T15:21:07","date_gmt":"2025-08-04T13:21:07","guid":{"rendered":"https:\/\/camping-parfums-ete.fr\/politique-de-confidentialite\/"},"modified":"2025-09-23T15:29:58","modified_gmt":"2025-09-23T13:29:58","slug":"datenschutzrichtlinie","status":"publish","type":"page","link":"https:\/\/camping-parfums-ete.fr\/de\/datenschutzrichtlinie\/","title":{"rendered":"Datenschutzrichtlinie"},"content":{"rendered":"\n<div class=\"wp-block-group title-breadcrumb has-global-padding is-layout-constrained wp-container-core-group-is-layout-e82caa68 wp-block-group-is-layout-constrained\" style=\"padding-top:8rem;padding-right:5rem;padding-bottom:8rem;padding-left:5rem\">\n<div class=\"wp-block-group is-horizontal is-content-justification-center is-layout-flex wp-container-core-group-is-layout-7d41eec0 wp-block-group-is-layout-flex\">\n<p class=\"has-text-align-center has-custom-color-1-color has-text-color has-link-color wp-elements-0e1daa1e2c2538ac1dfcd3f98ee94c98\"><a href=\"https:\/\/camping-parfums-ete.fr\/de\/\" data-type=\"page\" data-id=\"5\">Campingplatz Parfums d&#8217;\u00e9t\u00e9<\/a> &gt;<\/p>\n\n\n<p class=\"has-text-align-center has-custom-color-1-color has-text-color has-link-color\">Datenschutzrichtlinie<\/p>\n<\/div>\n\n\n\n<h1 class=\"wp-block-heading has-text-align-center has-custom-color-1-color has-text-color has-link-color has-retcaro-font-family wp-elements-411e57fcd9c3cc9a10a43c413667a9a6\" style=\"font-size:clamp(1.743rem, 1.743rem + ((1vw - 0.2rem) * 2.095), 3rem);line-height:1\">DATENSCHUTZRICHTLINIE<\/h1>\n\n\n\n<h2 class=\"wp-block-heading has-text-align-left has-custom-color-1-color has-text-color has-link-color has-retcaro-font-family wp-elements-96fcf95871afbb8a7d5ff3f1ed5da2a7\" style=\"font-size:clamp(1.743rem, 1.743rem + ((1vw - 0.2rem) * 2.095), 3rem);line-height:1\">Inhaltsverzeichnis<\/h2>\n\n\n\n<ul style=\"margin-right:var(--wp--preset--spacing--30);margin-left:var(--wp--preset--spacing--30)\" class=\"wp-block-list ls-list ls-list-undefined\">\n<li><a href=\"https:\/\/camping-parfums-ete.fr\/de\/datenschutzrichtlinie\/#gdpr-1\" data-type=\"page\" data-id=\"3\">Wer sind wir?<\/a><\/li>\n\n\n\n<li><a href=\"https:\/\/camping-parfums-ete.fr\/de\/datenschutzrichtlinie\/#gdpr-2\">Verwendung der gesammelten pers\u00f6nlichen Daten<\/a><\/li>\n\n\n\n<li><a href=\"https:\/\/camping-parfums-ete.fr\/de\/datenschutzrichtlinie\/#gdpr-3\">Kommentare<\/a><\/li>\n\n\n\n<li><a href=\"https:\/\/camping-parfums-ete.fr\/de\/datenschutzrichtlinie\/#gdpr-4\">Medien<\/a><\/li>\n\n\n\n<li><a href=\"https:\/\/camping-parfums-ete.fr\/de\/datenschutzrichtlinie\/#gdpr-5\">Kontaktformulare<\/a><\/li>\n\n\n\n<li><a href=\"https:\/\/camping-parfums-ete.fr\/de\/datenschutzrichtlinie\/#gdpr-6\">Verwendung von Cookies<\/a><\/li>\n\n\n\n<li><a href=\"https:\/\/camping-parfums-ete.fr\/de\/datenschutzrichtlinie\/#gdpr-7\">Statistiken und Messung des Publikums<\/a><\/li>\n\n\n\n<li><a href=\"https:\/\/camping-parfums-ete.fr\/de\/datenschutzrichtlinie\/#gdpr-8\">Speicherfristen f\u00fcr Ihre Daten<\/a><\/li>\n\n\n\n<li><a href=\"https:\/\/camping-parfums-ete.fr\/de\/datenschutzrichtlinie\/#gdpr-9\">Die Rechte, die Sie \u00fcber Ihre Daten haben<\/a><\/li>\n\n\n\n<li><a href=\"https:\/\/camping-parfums-ete.fr\/de\/datenschutzrichtlinie\/#gdpr-10\">\u00dcbermittlung Ihrer pers\u00f6nlichen Daten<\/a><\/li>\n\n\n\n<li><a href=\"https:\/\/camping-parfums-ete.fr\/de\/datenschutzrichtlinie\/#gdpr-11\">Wie wir Ihre Daten sch\u00fctzen<\/a><\/li>\n\n\n\n<li><a href=\"https:\/\/camping-parfums-ete.fr\/de\/datenschutzrichtlinie\/#gdpr-12\">Kontaktinformationen<\/a><\/li>\n<\/ul>\n\n\n\n<h2 class=\"wp-block-heading has-custom-color-1-color has-text-color has-link-color has-retcaro-font-family wp-elements-b858e3ae281ac7e64c44a79edd309f8b\" id=\"gdpr-1\" style=\"font-size:clamp(1.743rem, 1.743rem + ((1vw - 0.2rem) * 2.095), 3rem);line-height:1\">Wer sind wir?<\/h2>\n\n\n\n<p class=\"ls-paragraph\">Entdecken Sie alle unsere Informationen auf der Seite <a href=\"https:\/\/camping-parfums-ete.fr\/de\/impressum\/\" data-type=\"page\" data-id=\"827\">Impressum<\/a>.<\/p>\n\n\n\n<h2 class=\"wp-block-heading has-custom-color-1-color has-text-color has-link-color has-retcaro-font-family wp-elements-cd26c99629dbbf7b08832083e06039c1\" id=\"gdpr-2\" style=\"font-size:clamp(1.743rem, 1.743rem + ((1vw - 0.2rem) * 2.095), 3rem);line-height:1\">Verwendung der gesammelten pers\u00f6nlichen Daten<\/h2>\n\n\n\n<p class=\"ls-paragraph\">Wir sammeln automatisch und direkt keine Daten \u00fcber Sie.<\/p>\n\n\n\n<p class=\"ls-paragraph\">Dessen ungeachtet k\u00f6nnen wir Informationen, einschlie\u00dflich personenbezogener Informationen, von Dritten sammeln (siehe Abschnitt <a href=\"https:\/\/www.camping-taranis.fr\/politique-de-confidentialite\/#gdpr-5\">Cookies<\/a>).<\/p>\n\n\n\n<h2 class=\"wp-block-heading has-custom-color-1-color has-text-color has-link-color has-retcaro-font-family wp-elements-b31279ffb0a7b29377f3785894d62ed7\" id=\"gdpr-3\" style=\"font-size:clamp(1.743rem, 1.743rem + ((1vw - 0.2rem) * 2.095), 3rem);line-height:1\">Kommentare<\/h2>\n\n\n\n<p class=\"ls-paragraph\">Wenn Sie einen Kommentar auf unserer Website hinterlassen, werden die im Kommentarformular eingetragenen Daten, aber auch Ihre IP-Adresse und der User Agent Ihres Browsers gesammelt, um uns bei der Erkennung unerw\u00fcnschter Kommentare zu helfen.<\/p>\n\n\n\n<p class=\"ls-paragraph\">Eine aus Ihrer E-Mail-Adresse erstellte anonymisierte Zeichenfolge (auch Hash genannt) kann an den Gravatar-Dienst gesendet werden, um zu \u00fcberpr\u00fcfen, ob Sie den Dienst nutzen. Die Datenschutzbestimmungen des Gravatar-Dienstes finden Sie unter https:\/\/automattic.com\/privacy\/. Nachdem Sie Ihren Kommentar freigeschaltet haben, wird Ihr Profilbild neben Ihrem Kommentar \u00f6ffentlich sichtbar sein. <\/p>\n\n\n\n<h2 class=\"wp-block-heading has-custom-color-1-color has-text-color has-link-color has-retcaro-font-family wp-elements-3f25d1cdf8604fad1f0e715836af0da6\" id=\"gdpr-4\" style=\"font-size:clamp(1.743rem, 1.743rem + ((1vw - 0.2rem) * 2.095), 3rem);line-height:1\">Medien<\/h2>\n\n\n\n<p class=\"ls-paragraph\">Wenn Sie ein registrierter Nutzer oder eine registrierte Nutzerin sind und Bilder auf die Website hochladen, empfehlen wir Ihnen, keine Bilder hochzuladen, die EXIF-Daten von GPS-Koordinaten enthalten. Die Besucher Ihrer Website k\u00f6nnen aus diesen Bildern Standortdaten herunterladen und extrahieren. <\/p>\n\n\n\n<h2 class=\"wp-block-heading has-custom-color-1-color has-text-color has-link-color has-retcaro-font-family wp-elements-86cb95830e88355ba0078d4cbb310eab\" id=\"gdpr-5\" style=\"font-size:clamp(1.743rem, 1.743rem + ((1vw - 0.2rem) * 2.095), 3rem);line-height:1\">Kontaktformulare<\/h2>\n\n\n\n<p class=\"ls-paragraph\">Sie k\u00f6nnen uns beim Ausf\u00fcllen eines Formulars Informationen zur Verf\u00fcgung stellen. Diese Informationen werden uns per E-Mail \u00fcbermittelt und nicht anders als in unserem E-Mail-Service gespeichert. Wenn die Informationen zu kommerziellen Zwecken verwendet werden, wird dies am Ende des Formulars angegeben. Wir werden immer Ihre Zustimmung einholen, wenn wir Informationen \u00fcber ein Formular sammeln.  <\/p>\n\n\n\n<h2 class=\"wp-block-heading has-custom-color-1-color has-text-color has-link-color has-retcaro-font-family wp-elements-080959df98974f569db28c1b28d37f77\" id=\"gdpr-6\" style=\"font-size:clamp(1.743rem, 1.743rem + ((1vw - 0.2rem) * 2.095), 3rem);line-height:1\">Verwendung von Cookies<\/h2>\n\n\n\n<p class=\"ls-paragraph\"><strong>Was ist ein Cookie?<\/strong><br\/>Ein Cookie ist eine kleine Datendatei, die auf Ihr Ger\u00e4t \u00fcbertragen und dort gespeichert wird. Konkret erm\u00f6glicht uns ein Cookie zum Beispiel, Ihren Browser oder Ihre Sprache zu erkennen oder Ihre Einstellungen zu speichern.<br\/>Auf unserer Website werden zwei Arten von Cookies verwendet: &#8222;Sitzungscookies&#8220; und &#8222;dauerhafte Cookies&#8220;. Sitzungscookies verfallen, wenn Sie Ihren Browser schlie\u00dfen, w\u00e4hrend dauerhafte Cookies auf Ihrem Ger\u00e4t verbleiben, nachdem Sie Ihren Browser geschlossen haben, und bei Ihrem n\u00e4chsten Besuch auf unserer Seite wieder verwendet werden k\u00f6nnen.  <\/p>\n\n\n\n<p class=\"ls-paragraph\">Weitere Informationen finden Sie unter <a href=\"https:\/\/allaboutcookies.org\/fr\" target=\"_blank\" rel=\"noreferrer noopener\">allaboutcookies.org<\/a>.<\/p>\n\n\n\n<p class=\"ls-paragraph\"><strong>Unsere Cookies<\/strong><\/p>\n\n\n\n<p class=\"ls-paragraph\">Wenn Sie einen Kommentar auf unserer Website abgeben, wird Ihnen angeboten, Ihren Namen, Ihre E-Mail-Adresse und Ihre Website in Cookies zu speichern. Dies dient lediglich Ihrer Bequemlichkeit, damit Sie diese Informationen nicht eingeben m\u00fcssen, wenn Sie sp\u00e4ter einen weiteren Kommentar abgeben. Diese Cookies laufen nach einem Jahr ab.  <\/p>\n\n\n\n<p class=\"ls-paragraph\">Wenn Sie ein Konto haben und sich auf dieser Website anmelden, wird ein tempor\u00e4res Cookie erstellt, um festzustellen, ob Ihr Browser Cookies akzeptiert. Es enth\u00e4lt keine personenbezogenen Daten und wird automatisch gel\u00f6scht, wenn Sie Ihren Browser schlie\u00dfen. <\/p>\n\n\n\n<p class=\"ls-paragraph\">Wenn Sie sich anmelden, setzen wir eine Reihe von Cookies, um Ihre Anmeldeinformationen und Bildschirmeinstellungen zu speichern. Die Lebensdauer eines Anmelde-Cookies betr\u00e4gt zwei Tage, die eines Cookies f\u00fcr die Bildschirmeinstellungen ein Jahr. Wenn Sie &#8222;An mich erinnern&#8220; ankreuzen, wird Ihr Anmelde-Cookie zwei Wochen lang gespeichert. Wenn Sie sich von Ihrem Konto abmelden, wird das Anmelde-Cookie gel\u00f6scht.   <\/p>\n\n\n\n<p class=\"ls-paragraph\">Wenn Sie einen Artikel bearbeiten oder ver\u00f6ffentlichen, wird ein zus\u00e4tzliches Cookie in Ihrem Browser gespeichert. Dieses Cookie enth\u00e4lt keine pers\u00f6nlichen Daten. Es zeigt lediglich die Kennung des Artikels an, den Sie gerade bearbeitet haben. Es l\u00e4uft nach einem Tag ab.   <\/p>\n\n\n\n<p class=\"ls-paragraph\"><strong>Cookies von Drittanbietern<\/strong><\/p>\n\n\n\n<p class=\"ls-paragraph\">Die Artikel auf dieser Website k\u00f6nnen eingebettete Inhalte enthalten (z. B. Videos, Bilder, Artikel &#8230;). Von anderen Websites eingebettete Inhalte verhalten sich genauso, als w\u00fcrde der Besucher diese andere Website besuchen. <\/p>\n\n\n\n<p class=\"ls-paragraph\">Diese Websites k\u00f6nnten Daten \u00fcber Sie sammeln, Cookies verwenden, Tracking-Tools von Drittanbietern einbetten und Ihre Interaktionen mit diesen eingebetteten Inhalten verfolgen, wenn Sie ein angemeldetes Konto auf ihrer Website haben.<\/p>\n\n\n\n<p class=\"ls-paragraph\">Wir k\u00f6nnen bestimmten Gesch\u00e4ftspartnern gestatten, Technologien auf unserer Website zu installieren. Diese Partner setzen diese Technologien ein, um uns bei der Analyse der Art und Weise zu helfen, wie Sie die Website nutzen, z. B. indem sie die Dienste Dritter, \u00fcber die Sie auf die Plattform gelangt sind, bewerten, um unsere Dienste auf unserer Website und auf den Websites Dritter zu vermarkten und zu bewerben, um uns bei der Aufdeckung und Verhinderung von Betrug oder der Durchf\u00fchrung von Risikobewertungen zu unterst\u00fctzen oder um Informationen \u00fcber Ihre Aktivit\u00e4ten auf der Website zu sammeln. <\/p>\n\n\n\n<p class=\"ls-paragraph\">Unsere Website kann Social Plugins verwenden, die von Drittunternehmen bereitgestellt und betrieben werden, wie z. B. die &#8222;Gef\u00e4llt mir&#8220;-Schaltfl\u00e4che von Facebook. Dementsprechend k\u00f6nnen Sie dem Dritten Informationen senden, die Sie in einem bestimmten Bereich unserer Website ansehen. Wenn Sie nicht in Ihr bei der Drittpartei er\u00f6ffnetes Konto eingeloggt sind, kann die Drittpartei Ihre Identit\u00e4t nicht erfahren. Wenn Sie in Ihr Konto bei der Drittpartei eingeloggt sind, kann die Drittpartei die Informationen oder Aktionen, die sich auf Ihre Interaktionen mit unserer Website beziehen, mit Ihrem Konto bei der Drittpartei verkn\u00fcpfen. Bitte lesen Sie die Datenschutzrichtlinien der Drittpartei, um mehr \u00fcber deren Datenpraktiken zu erfahren.    <\/p>\n\n\n\n<p class=\"ls-paragraph\">Eine Liste der auf dieser Seite verwendeten Cookies von Drittanbietern ist \u00fcber das <a href=\"#moove_gdpr_cookie_modal\">Cookie-Verwaltungsfeld<\/a> verf\u00fcgbar.<\/p>\n\n\n\n<h2 class=\"wp-block-heading has-custom-color-1-color has-text-color has-link-color has-retcaro-font-family wp-elements-97fc5b73cf47957b356e3d8904def233\" id=\"gdpr-7\" style=\"font-size:clamp(1.743rem, 1.743rem + ((1vw - 0.2rem) * 2.095), 3rem);line-height:1\">Statistiken und Messung des Publikums<\/h2>\n\n\n\n<p class=\"ls-paragraph\">Im Bereich der Analyse arbeiten wir mit Google Analytics, um Informationen \u00fcber die Nutzung unserer Website zu erhalten und diese zu verbessern. Diese Funktion kann \u00fcber das <a href=\"#moove_gdpr_cookie_modal\">Cookie-Panel<\/a> deaktiviert werden. <\/p>\n\n\n\n<p class=\"ls-paragraph\">Um zu verhindern, dass Google Analytics Ihre Informationen zu Analysezwecken verwendet, k\u00f6nnen Sie auch das Browser-Add-on zur Deaktivierung von Google Analytics installieren, indem Sie <a href=\"https:\/\/tools.google.com\/dlpage\/gaoptout\" rel=\"noreferrer noopener\" target=\"_blank\">hier<\/a> klicken. Beachten Sie, dass wir keine Kontrolle \u00fcber diesen Deaktivierungslink haben und nicht f\u00fcr die Verf\u00fcgbarkeit oder Richtigkeit dieses Mechanismus verantwortlich sind. Weitere Informationen finden Sie <a href=\"https:\/\/support.google.com\/analytics\/answer\/6004245\" rel=\"noreferrer noopener\" target=\"_blank\">in dieser Dokumentation<\/a>.  <\/p>\n\n\n\n<h2 class=\"wp-block-heading has-custom-color-1-color has-text-color has-link-color has-retcaro-font-family wp-elements-50527e600eb81d18d9af7936ad9d2d67\" id=\"gdpr-8\" style=\"font-size:clamp(1.743rem, 1.743rem + ((1vw - 0.2rem) * 2.095), 3rem);line-height:1\">Speicherfristen f\u00fcr Ihre Daten<\/h2>\n\n\n\n<p class=\"ls-paragraph\">Wenn Sie einen Kommentar hinterlassen, werden der Kommentar und seine Metadaten auf unbestimmte Zeit gespeichert. Dadurch werden nachfolgende Kommentare automatisch erkannt und genehmigt, anstatt sie in der Moderationswarteschlange zu belassen. <\/p>\n\n\n\n<p class=\"ls-paragraph\">F\u00fcr Nutzerinnen und Nutzer, die sich auf unserer Website registrieren (sofern dies m\u00f6glich ist), speichern wir auch die in ihrem Profil angegebenen pers\u00f6nlichen Daten. Alle Nutzerinnen und Nutzer k\u00f6nnen ihre pers\u00f6nlichen Informationen (mit Ausnahme ihres Benutzernamens) jederzeit einsehen, \u00e4ndern oder l\u00f6schen. Auch die Verwalter der Website k\u00f6nnen diese Informationen einsehen und \u00e4ndern.  <\/p>\n\n\n\n<h2 class=\"wp-block-heading has-custom-color-1-color has-text-color has-link-color has-retcaro-font-family wp-elements-bbb6e0bfa5ad69d7fc5ef08ac948cd89\" id=\"gdpr-9\" style=\"font-size:clamp(1.743rem, 1.743rem + ((1vw - 0.2rem) * 2.095), 3rem);line-height:1\">Die Rechte, die Sie \u00fcber Ihre Daten haben<\/h2>\n\n\n\n<p class=\"ls-paragraph\">Wenn Sie ein Benutzerkonto haben oder Kommentare auf der Website hinterlassen haben, k\u00f6nnen Sie eine Datei anfordern, die alle personenbezogenen Daten enth\u00e4lt, die wir \u00fcber Sie gespeichert haben, einschlie\u00dflich der Daten, die Sie uns zur Verf\u00fcgung gestellt haben. Sie k\u00f6nnen auch verlangen, dass die personenbezogenen Daten \u00fcber Sie gel\u00f6scht werden. Dies gilt nicht f\u00fcr Daten, die zu administrativen, rechtlichen oder Sicherheitszwecken gespeichert werden.  <\/p>\n\n\n\n<h2 class=\"wp-block-heading has-custom-color-1-color has-text-color has-link-color has-retcaro-font-family wp-elements-9d28392bfcc82c95411ffdd330ce3104\" id=\"gdpr-10\" style=\"font-size:clamp(1.743rem, 1.743rem + ((1vw - 0.2rem) * 2.095), 3rem);line-height:1\">\u00dcbermittlung Ihrer pers\u00f6nlichen Daten<\/h2>\n\n\n\n<p class=\"ls-paragraph\">Die Kommentare der Besucher k\u00f6nnen mithilfe eines automatisierten Dienstes zur Erkennung unerw\u00fcnschter Kommentare \u00fcberpr\u00fcft werden<br\/>Alle personenbezogenen Daten, die wir verarbeiten, werden im Herzen der Europ\u00e4ischen Union verarbeitet.<\/p>\n\n\n\n<h2 class=\"wp-block-heading has-custom-color-1-color has-text-color has-link-color has-retcaro-font-family wp-elements-f4ba8b92ee5eec5b40ee9b889002dfbb\" id=\"gdpr-11\" style=\"font-size:clamp(1.743rem, 1.743rem + ((1vw - 0.2rem) * 2.095), 3rem);line-height:1\">Wie wir Ihre Daten sch\u00fctzen<\/h2>\n\n\n\n<p class=\"ls-paragraph\">Wir implementieren und aktualisieren st\u00e4ndig die <strong>Sicherheit<\/strong> der Website, um Ihre Daten vor unberechtigtem Zugriff, Verlust, Zerst\u00f6rung oder Ver\u00e4nderung zu sch\u00fctzen. Wir arbeiten also daran, Ihre Daten so unangreifbar wie m\u00f6glich zu machen. Da das Internet keine 100%ig sichere Umgebung ist, k\u00f6nnen wir die Sicherheit der \u00dcbertragung oder Speicherung Ihrer Daten nicht vollst\u00e4ndig garantieren.  <\/p>\n\n\n\n<h2 class=\"wp-block-heading has-custom-color-1-color has-text-color has-link-color has-retcaro-font-family wp-elements-9a501d1ae6fd19fdf000df4747e16181\" id=\"gdpr-12\" style=\"font-size:clamp(1.743rem, 1.743rem + ((1vw - 0.2rem) * 2.095), 3rem);line-height:1\">Kontaktinformationen<\/h2>\n\n\n\n<p class=\"ls-paragraph\">Wenn Sie Anfragen oder Fragen zu Ihren pers\u00f6nlichen Daten haben, kontaktieren Sie uns bitte unter rgpd@geek-tonic.com, weitere Kontaktinformationen finden Sie in unserem <a href=\"https:\/\/camping-parfums-ete.fr\/de\/impressum\/\" data-type=\"page\" data-id=\"827\">Impressum<\/a>. Bitte beachten Sie, dass wir Sie m\u00f6glicherweise bitten, Ihre Identit\u00e4t zu \u00fcberpr\u00fcfen, bevor wir weitere Schritte bez\u00fcglich Ihrer Anfrage unternehmen. <\/p>\n<\/div>\n\n<p><\/p>\n","protected":false},"excerpt":{"rendered":"<p>Campingplatz Parfums d&#8217;\u00e9t\u00e9 &gt; DATENSCHUTZRICHTLINIE Inhaltsverzeichnis Wer sind wir? Entdecken Sie alle unsere Informationen auf der Seite Impressum. Verwendung der gesammelten pers\u00f6nlichen Daten Wir sammeln automatisch und direkt keine Daten \u00fcber Sie. Dessen ungeachtet k\u00f6nnen wir Informationen, einschlie\u00dflich personenbezogener Informationen, von Dritten sammeln (siehe Abschnitt Cookies). Kommentare Wenn Sie einen Kommentar auf unserer Website hinterlassen, [&hellip;]<\/p>\n","protected":false},"author":1,"featured_media":2588,"parent":0,"menu_order":0,"comment_status":"closed","ping_status":"closed","template":"","meta":{"_acf_changed":false,"_seopress_robots_primary_cat":"","_seopress_titles_title":"Datenschutzrichtlinie","_seopress_titles_desc":"Erfahren Sie mehr \u00fcber unsere Datenschutzrichtlinie: Informationen \u00fcber die Erhebung, Verwendung und den Schutz Ihrer pers\u00f6nlichen Daten beim Surfen und Buchen auf unserer Website.","_seopress_robots_index":"","_gt_ctv_global_id":"","_gt_ctv_id_group":false,"inline_featured_image":false,"gt_fse_maillage_image":"https:\/\/camping-parfums-ete.fr\/wp-content\/uploads\/2025\/09\/Camping_Parfum_d_ete_ceil-scaled-e1758018959464.jpg","gt_fse_maillage_titre":"Datenschutzrichtlinie","gt_fse_maillage_alt":"Camping Sommerparfum ceil","gt_fse_maillage_resume":"","footnotes":""},"categories":[],"tags":[],"class_list":["post-3038","page","type-page","status-publish","has-post-thumbnail","hentry"],"acf":[],"_links":{"self":[{"href":"https:\/\/camping-parfums-ete.fr\/de\/wp-json\/wp\/v2\/pages\/3038","targetHints":{"allow":["GET"]}}],"collection":[{"href":"https:\/\/camping-parfums-ete.fr\/de\/wp-json\/wp\/v2\/pages"}],"about":[{"href":"https:\/\/camping-parfums-ete.fr\/de\/wp-json\/wp\/v2\/types\/page"}],"author":[{"embeddable":true,"href":"https:\/\/camping-parfums-ete.fr\/de\/wp-json\/wp\/v2\/users\/1"}],"replies":[{"embeddable":true,"href":"https:\/\/camping-parfums-ete.fr\/de\/wp-json\/wp\/v2\/comments?post=3038"}],"version-history":[{"count":0,"href":"https:\/\/camping-parfums-ete.fr\/de\/wp-json\/wp\/v2\/pages\/3038\/revisions"}],"wp:featuredmedia":[{"embeddable":true,"href":"https:\/\/camping-parfums-ete.fr\/de\/wp-json\/wp\/v2\/media\/2588"}],"wp:attachment":[{"href":"https:\/\/camping-parfums-ete.fr\/de\/wp-json\/wp\/v2\/media?parent=3038"}],"wp:term":[{"taxonomy":"category","embeddable":true,"href":"https:\/\/camping-parfums-ete.fr\/de\/wp-json\/wp\/v2\/categories?post=3038"},{"taxonomy":"post_tag","embeddable":true,"href":"https:\/\/camping-parfums-ete.fr\/de\/wp-json\/wp\/v2\/tags?post=3038"}],"curies":[{"name":"wp","href":"https:\/\/api.w.org\/{rel}","templated":true}]}}