{"id":3030,"date":"2025-08-04T15:21:12","date_gmt":"2025-08-04T13:21:12","guid":{"rendered":"https:\/\/camping-parfums-ete.fr\/camping-piscine-chauffee-jard-sur-mer\/"},"modified":"2025-09-23T15:26:49","modified_gmt":"2025-09-23T13:26:49","slug":"campingplatz-beheiztes-schwimbad-jard-sur-mer","status":"publish","type":"page","link":"https:\/\/camping-parfums-ete.fr\/de\/campingplatz-beheiztes-schwimbad-jard-sur-mer\/","title":{"rendered":"Schwimmbad"},"content":{"rendered":"\n<div class=\"wp-block-group title-breadcrumb has-global-padding is-layout-constrained wp-container-core-group-is-layout-e82caa68 wp-block-group-is-layout-constrained\" style=\"padding-top:8rem;padding-right:5rem;padding-bottom:8rem;padding-left:5rem\">\n<div class=\"wp-block-group is-horizontal is-content-justification-center is-layout-flex wp-container-core-group-is-layout-7d41eec0 wp-block-group-is-layout-flex\">\n<p class=\"has-text-align-center has-custom-color-1-color has-text-color has-link-color wp-elements-0e1daa1e2c2538ac1dfcd3f98ee94c98\"><a href=\"https:\/\/camping-parfums-ete.fr\/de\/\" data-type=\"page\" data-id=\"5\">Campingplatz Parfums d&#8217;\u00e9t\u00e9<\/a> &gt;<\/p>\n\n\n<p class=\"has-text-align-center has-custom-color-1-color has-text-color has-link-color\">Schwimmbad<\/p>\n<\/div>\n\n\n\n<h1 class=\"wp-block-heading has-text-align-center has-custom-color-1-color has-text-color has-link-color has-retcaro-font-family wp-elements-4df422531db00aaa06568f15f1bca879\" style=\"font-size:clamp(1.743rem, 1.743rem + ((1vw - 0.2rem) * 2.095), 3rem);line-height:1\">Campingplatz mit beheiztem Schwimmbad in der Vend\u00e9e<\/h1>\n<\/div>\n\n<div class=\"wp-block-group gt_1-cta-1photofull_003 has-global-padding is-layout-constrained wp-container-core-group-is-layout-4480ce65 wp-block-group-is-layout-constrained\" style=\"margin-top:0;margin-bottom:0\">\n<div data-swiper=\"{&quot;speed&quot;:1000,&quot;autoplay&quot;:{&quot;delay&quot;:5000,&quot;disableOnInteraction&quot;:false},&quot;spaceBetween&quot;:0,&quot;slidesPerView&quot;:1,&quot;pagination&quot;:{&quot;el&quot;:&quot;.swiper-pagination&quot;,&quot;dynamicBullets&quot;:true,&quot;clickable&quot;:true,&quot;type&quot;:&quot;bullets&quot;},&quot;navigation&quot;:{&quot;nextEl&quot;:&quot;.swiper-button-next&quot;,&quot;prevEl&quot;:&quot;.swiper-button-prev&quot;},&quot;breakpoints&quot;:[{&quot;slidesPerView&quot;:1}]}\" class=\"wp-block-cover\" style=\"padding-top:0px;padding-right:0px;padding-bottom:0px;padding-left:0px\"><img decoding=\"async\" width=\"2560\" height=\"1707\" class=\"wp-block-cover__image-background wp-image-2385 size-full\" alt=\"Piscine Parfum d ete\" src=\"https:\/\/camping-parfums-ete.fr\/wp-content\/uploads\/2025\/09\/Piscine_Parfum_d_ete-scaled.jpg\" data-object-fit=\"cover\" srcset=\"https:\/\/camping-parfums-ete.fr\/wp-content\/uploads\/2025\/09\/Piscine_Parfum_d_ete-scaled.jpg 2560w, https:\/\/camping-parfums-ete.fr\/wp-content\/uploads\/2025\/09\/Piscine_Parfum_d_ete-300x200.jpg 300w, https:\/\/camping-parfums-ete.fr\/wp-content\/uploads\/2025\/09\/Piscine_Parfum_d_ete-1024x683.jpg 1024w, https:\/\/camping-parfums-ete.fr\/wp-content\/uploads\/2025\/09\/Piscine_Parfum_d_ete-768x512.jpg 768w, https:\/\/camping-parfums-ete.fr\/wp-content\/uploads\/2025\/09\/Piscine_Parfum_d_ete-1536x1024.jpg 1536w, https:\/\/camping-parfums-ete.fr\/wp-content\/uploads\/2025\/09\/Piscine_Parfum_d_ete-2048x1365.jpg 2048w\" sizes=\"(max-width: 2560px) 100vw, 2560px\" \/><span aria-hidden=\"true\" class=\"wp-block-cover__background has-background-dim\" style=\"background-color:#666d6b\"><\/span><div class=\"wp-block-cover__inner-container has-global-padding is-layout-constrained wp-container-core-cover-is-layout-f5c98baf wp-block-cover-is-layout-constrained\">\n<div class=\"wp-block-columns is-layout-flex wp-container-core-columns-is-layout-28f84493 wp-block-columns-is-layout-flex\">\n<div class=\"wp-block-column has-custom-color-2-background-color has-background is-layout-flow wp-block-column-is-layout-flow\" style=\"padding-top:10.31em;padding-right:8.69em;padding-bottom:10.31em;padding-left:8.69em;flex-basis:50%\">\n<h2 class=\"wp-block-heading has-base-2-color has-text-color has-link-color has-retcaro-font-family wp-elements-2ded7acd327559cb1e51c2a6b9bf377e\" style=\"font-size:clamp(1.743rem, 1.743rem + ((1vw - 0.2rem) * 2.095), 3rem);line-height:1\">Eintauchen in das beheizte Schwimmbad in Jard-sur-Mer<\/h2>\n\n\n\n<div style=\"height:20px\" aria-hidden=\"true\" class=\"wp-block-spacer gt-hide-mobile\"><\/div>\n\n\n\n<p class=\"has-base-2-color has-text-color has-link-color wp-elements-412ac7a5684f9a80dfcce9840375302c\">Entdecken Sie unseren Campingplatz mit beheiztem Schwimmbad in der Vend\u00e9e. Das <strong>Wasser hat eine Temperatur von 28 \u00b0C<\/strong> und ist ideal, um einen Moment der Entspannung unter der Sonne zu genie\u00dfen. <\/p>\n\n\n\n<p class=\"has-base-2-color has-text-color has-link-color wp-elements-acf87977e74c28e8ca6eee73a3d3c0ad\">Ob Sie schwimmen, sich entspannen oder mit der Familie Spa\u00df haben wollen, unser Schwimmbad ist der perfekte Ort, um eine angenehme Zeit zu verbringen. Ein Teil des Schwimmbads ist auch mit einem Sonnensegel ausgestattet und bietet einen k\u00fchleren Bereich f\u00fcr diejenigen, die sich lieber vor der Sonne sch\u00fctzen, aber trotzdem in der N\u00e4he des Wassers bleiben m\u00f6chten. <\/p>\n\n\n\n<p class=\"has-base-2-color has-text-color has-link-color wp-elements-e258d582215f0e1308ce79378964fd84\">Das Schwimmbad ist t\u00e4glich von 9:00 bis 19:00 Uhr ge\u00f6ffnet und bietet Ihnen w\u00e4hrend Ihres Aufenthalts ein <strong>erfrischendes und entspannendes Erlebnis<\/strong>. Kommen Sie und nutzen Sie ihn, um jeden Tag zu einem unvergesslichen Erlebnis zu machen! <\/p>\n<\/div>\n<\/div>\n<\/div><\/div>\n<\/div>\n\n<div class=\"wp-block-group gt_1-cta-1photo_002 inverse has-global-padding is-layout-constrained wp-container-core-group-is-layout-d6554d75 wp-block-group-is-layout-constrained\" style=\"margin-top:0px;margin-bottom:0px\">\n<div class=\"wp-block-columns are-vertically-aligned-center is-layout-flex wp-container-core-columns-is-layout-33ba964e wp-block-columns-is-layout-flex\">\n<div class=\"wp-block-column is-vertically-aligned-center image has-custom-color-4-background-color has-background is-layout-flow wp-block-column-is-layout-flow\" style=\"padding-top:8rem;padding-bottom:8rem;flex-basis:50%\">\n<figure class=\"wp-block-image size-full\"><img decoding=\"async\" width=\"2560\" height=\"1707\" src=\"https:\/\/camping-parfums-ete.fr\/wp-content\/uploads\/2025\/09\/Patougeoire_Camping_Parfum_d_ete_-scaled.jpg\" alt=\"Patouoire Camping Parfum d'ete\" class=\"wp-image-2392\" srcset=\"https:\/\/camping-parfums-ete.fr\/wp-content\/uploads\/2025\/09\/Patougeoire_Camping_Parfum_d_ete_-scaled.jpg 2560w, https:\/\/camping-parfums-ete.fr\/wp-content\/uploads\/2025\/09\/Patougeoire_Camping_Parfum_d_ete_-300x200.jpg 300w, https:\/\/camping-parfums-ete.fr\/wp-content\/uploads\/2025\/09\/Patougeoire_Camping_Parfum_d_ete_-1024x683.jpg 1024w, https:\/\/camping-parfums-ete.fr\/wp-content\/uploads\/2025\/09\/Patougeoire_Camping_Parfum_d_ete_-768x512.jpg 768w, https:\/\/camping-parfums-ete.fr\/wp-content\/uploads\/2025\/09\/Patougeoire_Camping_Parfum_d_ete_-1536x1024.jpg 1536w, https:\/\/camping-parfums-ete.fr\/wp-content\/uploads\/2025\/09\/Patougeoire_Camping_Parfum_d_ete_-2048x1365.jpg 2048w\" sizes=\"(max-width: 2560px) 100vw, 2560px\" \/><\/figure>\n<\/div>\n\n\n\n<div class=\"wp-block-column is-vertically-aligned-center content is-layout-flow wp-block-column-is-layout-flow\" style=\"padding-top:8rem;padding-bottom:8em;padding-left:8rem;flex-basis:50%\">\n<h2 class=\"wp-block-heading has-custom-color-1-color has-text-color has-link-color has-retcaro-font-family wp-elements-a92925c3404d20994029f212eea5ff2a\" style=\"font-size:clamp(1.743rem, 1.743rem + ((1vw - 0.2rem) * 2.095), 3rem);line-height:1\">Das Planschbecken, um die Freuden des Wassers zu entdecken<\/h2>\n\n\n\n<div style=\"height:20px\" aria-hidden=\"true\" class=\"wp-block-spacer gt-hide-mobile\"><\/div>\n\n\n\n<p>Entdecken Sie das <strong>Planschbecken<\/strong> auf unserem <a href=\"https:\/\/camping-parfums-ete.fr\/de\/\" data-type=\"page\" data-id=\"5\">Campingplatz in Jard-sur-Mer<\/a>, das speziell f\u00fcr Kleinkinder konzipiert wurde. Es ist ein sicherer und lustiger Bereich, in dem sich Ihre Kinder in aller Ruhe entfalten k\u00f6nnen.<\/p>\n\n\n\n<p>Mit flachem, geeignetem Wasser ist das Planschbecken der ideale Ort f\u00fcr Kinder von 0 bis 6 Jahren, um unter dem wachsamen Auge der Eltern zu spielen, zu planschen und sich abzuk\u00fchlen.<\/p>\n\n\n\n<p> Es befindet sich in der N\u00e4he des Hauptschwimmbads und erm\u00f6glicht es den Kleinsten, <strong>das Wasser in aller Sicherheit zu genie\u00dfen<\/strong>. Er ist t\u00e4glich von 9:00 bis 19:00 Uhr zug\u00e4nglich und ein perfekter Ort f\u00fcr fr\u00f6hliche Momente und Lachen mit der ganzen Familie. <\/p>\n\n\n\n<div style=\"height:20px\" aria-hidden=\"true\" class=\"wp-block-spacer gt-hide-mobile\"><\/div>\n\n\n\n<div class=\"wp-block-buttons is-layout-flex wp-block-buttons-is-layout-flex\">\n<div class=\"wp-block-button btn-2 is-style-outline is-style-outline--1\"><a class=\"wp-block-button__link has-custom-color-1-color has-text-color has-link-color has-border-color has-custom-color-3-border-color has-custom-font-size wp-element-button\" style=\"border-width:2px;border-radius:0px;padding-top:10px;padding-right:30px;padding-bottom:10px;padding-left:30px;font-size:clamp(14.642px, 0.915rem + ((1vw - 3.2px) * 0.766), 22px);font-style:normal;font-weight:600\">Entdecken<\/a><\/div>\n<\/div>\n<\/div>\n<\/div>\n<\/div>\n\n<div class=\"wp-block-group contenu-simple has-custom-color-1-background-color has-background has-global-padding is-layout-constrained wp-container-core-group-is-layout-d16f4fc3 wp-block-group-is-layout-constrained\" style=\"padding-top:6rem;padding-bottom:6rem;background-image:url(&apos;https:\/\/camping-parfums-ete.fr\/wp-content\/uploads\/2025\/08\/bouquet-footer.svg&apos;);background-position:50% 50%;background-repeat:no-repeat;background-size:contain;background-attachment:scroll;\">\n<div class=\"wp-block-columns are-vertically-aligned-center is-layout-flex wp-container-core-columns-is-layout-89b078ac wp-block-columns-is-layout-flex\">\n<div class=\"wp-block-column is-vertically-aligned-center is-layout-flow wp-block-column-is-layout-flow\" style=\"flex-basis:66.66%\">\n<h2 class=\"wp-block-heading has-base-2-color has-text-color has-link-color has-retcaro-font-family wp-elements-9d1c34e7d79ba2fd8e66dfad6458dfa0\" style=\"font-size:clamp(1.743rem, 1.743rem + ((1vw - 0.2rem) * 2.095), 3rem);line-height:1\">Faulenzen unter der Sonne der Vend\u00e9e auf den Liegest\u00fchlen am Schwimmbad<\/h2>\n\n\n\n<div style=\"height:20px\" aria-hidden=\"true\" class=\"wp-block-spacer gt-hide-mobile\"><\/div>\n\n\n\n<p class=\"has-base-2-color has-text-color has-link-color wp-elements-1211793a34e8b3dd621c6b5911b84769\">G\u00f6nnen Sie sich einen Moment puren <strong>Nichtstuns<\/strong> unter der Sonne der Vend\u00e9e, indem Sie es sich auf einer unserer <strong>Liegen am Schwimmbad<\/strong> bequem machen. Nutzen Sie unseren Entspannungsbereich, in dem die Liegest\u00fchle f\u00fcr alle unsere Urlauber ohne vorherige Reservierung frei zug\u00e4nglich sind.  <\/p>\n\n\n\n<p class=\"has-base-2-color has-text-color has-link-color wp-elements-0d9e1c9a44b6fb881ef2991103140225\">Sie k\u00f6nnen sich unter den <strong>Sonnensegeln <\/strong>, die f\u00fcr eine angenehme K\u00fchle sorgen, sonnen und gleichzeitig das auf 28\u00b0C beheizte Schwimmbad f\u00fcr einen entspannenden Sprung ins Wasser nutzen. Ob Sie sich gerne sonnen oder schwimmen, unser Schwimmbadbereich ist der ideale Ort, um sich zu entspannen und die Freuden des Sommers in der Vend\u00e9e in vollen Z\u00fcgen zu genie\u00dfen. <\/p>\n<\/div>\n\n\n\n<div class=\"wp-block-column is-vertically-aligned-center is-layout-flow wp-block-column-is-layout-flow\" style=\"flex-basis:33.33%\">\n<figure class=\"wp-block-image size-full\"><img decoding=\"async\" width=\"1627\" height=\"1705\" src=\"https:\/\/camping-parfums-ete.fr\/wp-content\/uploads\/2025\/09\/Transats_Camping_Parfum_d_ete-scaled-e1758007737734.jpg\" alt=\"Liegestuhl Camping Parfum d'ete\" class=\"wp-image-2397\" style=\"aspect-ratio:1;object-fit:cover\" srcset=\"https:\/\/camping-parfums-ete.fr\/wp-content\/uploads\/2025\/09\/Transats_Camping_Parfum_d_ete-scaled-e1758007737734.jpg 1627w, https:\/\/camping-parfums-ete.fr\/wp-content\/uploads\/2025\/09\/Transats_Camping_Parfum_d_ete-scaled-e1758007737734-286x300.jpg 286w, https:\/\/camping-parfums-ete.fr\/wp-content\/uploads\/2025\/09\/Transats_Camping_Parfum_d_ete-scaled-e1758007737734-977x1024.jpg 977w, https:\/\/camping-parfums-ete.fr\/wp-content\/uploads\/2025\/09\/Transats_Camping_Parfum_d_ete-scaled-e1758007737734-768x805.jpg 768w, https:\/\/camping-parfums-ete.fr\/wp-content\/uploads\/2025\/09\/Transats_Camping_Parfum_d_ete-scaled-e1758007737734-1466x1536.jpg 1466w\" sizes=\"(max-width: 1627px) 100vw, 1627px\" \/><\/figure>\n<\/div>\n<\/div>\n<\/div>\n\n<div class=\"wp-block-group bloc-maillage has-custom-color-2-background-color has-background has-global-padding is-layout-constrained wp-container-core-group-is-layout-d71674b8 wp-block-group-is-layout-constrained\" style=\"padding-top:8rem;padding-right:8rem;padding-bottom:8rem;padding-left:8rem\">\n<p class=\"has-text-align-center has-base-2-color has-text-color has-link-color has-retcaro-font-family wp-elements-c2abced90eb2c94a2d9079184e3e6dfd\" style=\"font-size:clamp(1.743rem, 1.743rem + ((1vw - 0.2rem) * 2.095), 3rem);line-height:1\">Entdecken Sie Aktivit\u00e4ten, Unterk\u00fcnfte und Dienstleistungen<\/p>\n\n\n\n<div style=\"height:80px\" aria-hidden=\"true\" class=\"wp-block-spacer gt-show-mobile\"><\/div>\n\n\n\n<div class=\"wp-block-group maillage is-layout-flow wp-block-group-is-layout-flow\">\n<div class=\"wp-block-query alignfull is-layout-flow wp-block-query-is-layout-flow\"><ul class=\"columns-3 wp-block-post-template is-layout-grid wp-container-core-post-template-is-layout-572542b5 wp-block-post-template-is-layout-grid\"><li class=\"wp-block-post post-3092 page type-page status-publish has-post-thumbnail hentry\">\n\n<div class=\"wp-block-group overflow-hidden gt-maillage has-global-padding is-layout-constrained wp-block-group-is-layout-constrained\">\n<figure class=\"wp-block-image gt-maillage__image\"><img decoding=\"async\" src=\"https:\/\/camping-parfums-ete.fr\/wp-content\/uploads\/2025\/09\/activites-camping-scaled.jpg\" alt=\"Campingaktivit\u00e4ten\" style=\"aspect-ratio:3\/4;object-fit:cover\"\/><\/figure>\n\n\n\n<p class=\"has-text-align-left gt-maillage__title gt-btn-arrow has-base-2-color has-text-color has-link-color has-basteleur-font-family wp-elements-c3fce88dbfe2f55436b5c55d179b053b\" style=\"border-right-style:none;border-right-width:0px;border-bottom-style:none;border-bottom-width:0px;padding-right:1rem;font-size:clamp(1.403rem, 1.403rem + ((1vw - 0.2rem) * 1.495), 2.3rem);font-style:normal;font-weight:500;text-transform:none\">Aktivit\u00e4ten<\/p>\n\n\n<a class=\"is-style-lien-cover wp-block-read-more\" href=\"https:\/\/camping-parfums-ete.fr\/de\/campingplatz-aktivitaeten-animationen-jard-sur-mer\/\" target=\"_self\">Weiterlesen<span class=\"screen-reader-text\">: Aktivit\u00e4ten<\/span><\/a><\/div>\n\n<\/li><li class=\"wp-block-post post-3035 page type-page status-publish has-post-thumbnail hentry\">\n\n<div class=\"wp-block-group overflow-hidden gt-maillage has-global-padding is-layout-constrained wp-block-group-is-layout-constrained\">\n<figure class=\"wp-block-image gt-maillage__image\"><img decoding=\"async\" src=\"https:\/\/camping-parfums-ete.fr\/wp-content\/uploads\/2025\/08\/Mobil-home-Loggia-32m\u00b2-.jpg\" alt=\"Mobilheim Loggia m\u00b2  \" style=\"aspect-ratio:3\/4;object-fit:cover\"\/><\/figure>\n\n\n\n<p class=\"has-text-align-left gt-maillage__title gt-btn-arrow has-base-2-color has-text-color has-link-color has-basteleur-font-family wp-elements-c3fce88dbfe2f55436b5c55d179b053b\" style=\"border-right-style:none;border-right-width:0px;border-bottom-style:none;border-bottom-width:0px;padding-right:1rem;font-size:clamp(1.403rem, 1.403rem + ((1vw - 0.2rem) * 1.495), 2.3rem);font-style:normal;font-weight:500;text-transform:none\">Unterk\u00fcnfte<\/p>\n\n\n<a class=\"is-style-lien-cover wp-block-read-more\" href=\"https:\/\/camping-parfums-ete.fr\/de\/ungewoehnliche-unterkunft-mobilheimvermietungen-jard-sur-mer\/\" target=\"_self\">Weiterlesen<span class=\"screen-reader-text\">: Unterk\u00fcnfte<\/span><\/a><\/div>\n\n<\/li><li class=\"wp-block-post post-3126 page type-page status-publish has-post-thumbnail hentry\">\n\n<div class=\"wp-block-group overflow-hidden gt-maillage has-global-padding is-layout-constrained wp-block-group-is-layout-constrained\">\n<figure class=\"wp-block-image gt-maillage__image\"><img decoding=\"async\" src=\"https:\/\/camping-parfums-ete.fr\/wp-content\/uploads\/2025\/09\/Ginguette_Camping_Parfum_d_ete-scaled.jpg\" alt=\"Ginguette Camping Parfum d&apos;ete\" style=\"aspect-ratio:3\/4;object-fit:cover\"\/><\/figure>\n\n\n\n<p class=\"has-text-align-left gt-maillage__title gt-btn-arrow has-base-2-color has-text-color has-link-color has-basteleur-font-family wp-elements-c3fce88dbfe2f55436b5c55d179b053b\" style=\"border-right-style:none;border-right-width:0px;border-bottom-style:none;border-bottom-width:0px;padding-right:1rem;font-size:clamp(1.403rem, 1.403rem + ((1vw - 0.2rem) * 1.495), 2.3rem);font-style:normal;font-weight:500;text-transform:none\">Dienstleistungen<\/p>\n\n\n<a class=\"is-style-lien-cover wp-block-read-more\" href=\"https:\/\/camping-parfums-ete.fr\/de\/campingplatz-services-gaststaette-jard-sur-mer\/\" target=\"_self\">Weiterlesen<span class=\"screen-reader-text\">: Dienstleistungen<\/span><\/a><\/div>\n\n<\/li><\/ul><\/div>\n<\/div>\n<\/div>\n","protected":false},"excerpt":{"rendered":"<p>Campingplatz Parfums d&#8217;\u00e9t\u00e9 &gt; Campingplatz mit beheiztem Schwimmbad in der Vend\u00e9e Das Planschbecken, um die Freuden des Wassers zu entdecken Entdecken Sie das Planschbecken auf unserem Campingplatz in Jard-sur-Mer, das speziell f\u00fcr Kleinkinder konzipiert wurde. Es ist ein sicherer und lustiger Bereich, in dem sich Ihre Kinder in aller Ruhe entfalten k\u00f6nnen. Mit flachem, geeignetem [&hellip;]<\/p>\n","protected":false},"author":1,"featured_media":2652,"parent":0,"menu_order":0,"comment_status":"closed","ping_status":"closed","template":"","meta":{"_acf_changed":false,"_seopress_robots_primary_cat":"","_seopress_titles_title":"Campingplatz mit beheiztem Schwimmbad in Jard-sur-Mer | Pataugeoire Vend\u00e9e","_seopress_titles_desc":"Campingplatz mit beheiztem Schwimmbad in Jard-sur-Mer in der Vend\u00e9e. Genie\u00dfen Sie das 28 \u00b0C warme Wasser, ein Kinderplanschbecken und einen Entspannungsbereich mit Liegest\u00fchlen. Ein gelungener Familienurlaub am Meer!  ","_seopress_robots_index":"","_gt_ctv_global_id":"","_gt_ctv_id_group":false,"inline_featured_image":false,"gt_fse_maillage_image":"https:\/\/camping-parfums-ete.fr\/wp-content\/uploads\/2025\/09\/Piscine_Parfum_d_ete-scaled.jpg","gt_fse_maillage_titre":"Schwimmbad","gt_fse_maillage_alt":"Schwimmbad Sommerparfum","gt_fse_maillage_resume":"","footnotes":""},"categories":[],"tags":[],"class_list":["post-3030","page","type-page","status-publish","has-post-thumbnail","hentry"],"acf":[],"_links":{"self":[{"href":"https:\/\/camping-parfums-ete.fr\/de\/wp-json\/wp\/v2\/pages\/3030","targetHints":{"allow":["GET"]}}],"collection":[{"href":"https:\/\/camping-parfums-ete.fr\/de\/wp-json\/wp\/v2\/pages"}],"about":[{"href":"https:\/\/camping-parfums-ete.fr\/de\/wp-json\/wp\/v2\/types\/page"}],"author":[{"embeddable":true,"href":"https:\/\/camping-parfums-ete.fr\/de\/wp-json\/wp\/v2\/users\/1"}],"replies":[{"embeddable":true,"href":"https:\/\/camping-parfums-ete.fr\/de\/wp-json\/wp\/v2\/comments?post=3030"}],"version-history":[{"count":0,"href":"https:\/\/camping-parfums-ete.fr\/de\/wp-json\/wp\/v2\/pages\/3030\/revisions"}],"wp:featuredmedia":[{"embeddable":true,"href":"https:\/\/camping-parfums-ete.fr\/de\/wp-json\/wp\/v2\/media\/2652"}],"wp:attachment":[{"href":"https:\/\/camping-parfums-ete.fr\/de\/wp-json\/wp\/v2\/media?parent=3030"}],"wp:term":[{"taxonomy":"category","embeddable":true,"href":"https:\/\/camping-parfums-ete.fr\/de\/wp-json\/wp\/v2\/categories?post=3030"},{"taxonomy":"post_tag","embeddable":true,"href":"https:\/\/camping-parfums-ete.fr\/de\/wp-json\/wp\/v2\/tags?post=3030"}],"curies":[{"name":"wp","href":"https:\/\/api.w.org\/{rel}","templated":true}]}}