{"id":3003,"date":"2025-08-25T16:09:07","date_gmt":"2025-08-25T14:09:07","guid":{"rendered":"https:\/\/camping-parfums-ete.fr\/mentions-legales\/"},"modified":"2025-09-23T15:29:58","modified_gmt":"2025-09-23T13:29:58","slug":"impressum","status":"publish","type":"page","link":"https:\/\/camping-parfums-ete.fr\/de\/impressum\/","title":{"rendered":"Impressum"},"content":{"rendered":"\n<div class=\"wp-block-group title-breadcrumb has-global-padding is-layout-constrained wp-container-core-group-is-layout-e82caa68 wp-block-group-is-layout-constrained\" style=\"padding-top:8rem;padding-right:5rem;padding-bottom:8rem;padding-left:5rem\">\n<div class=\"wp-block-group is-horizontal is-content-justification-center is-layout-flex wp-container-core-group-is-layout-7d41eec0 wp-block-group-is-layout-flex\">\n<p class=\"has-text-align-center has-custom-color-1-color has-text-color has-link-color wp-elements-0e1daa1e2c2538ac1dfcd3f98ee94c98\"><a href=\"https:\/\/camping-parfums-ete.fr\/de\/\" data-type=\"page\" data-id=\"5\">Campingplatz Parfums d&#8217;\u00e9t\u00e9<\/a> &gt;<\/p>\n\n\n<p class=\"has-text-align-center has-custom-color-1-color has-text-color has-link-color\">Impressum<\/p>\n<\/div>\n\n\n\n<h1 class=\"wp-block-heading has-text-align-center has-custom-color-1-color has-text-color has-link-color has-retcaro-font-family wp-elements-67f1fbe445a0ae4570c32c604750fba0\" style=\"font-size:clamp(1.743rem, 1.743rem + ((1vw - 0.2rem) * 2.095), 3rem);line-height:1\">Impressum<\/h1>\n\n\n\n<h2 class=\"wp-block-heading has-text-align-left has-custom-color-1-color has-text-color has-link-color has-retcaro-font-family wp-elements-962166ca20181b57901e271674e104d6\" style=\"font-size:clamp(1.743rem, 1.743rem + ((1vw - 0.2rem) * 2.095), 3rem);line-height:1\">Verantwortlich f\u00fcr die Seite<\/h2>\n\n\n\n<p><strong>Adresse<\/strong>: 18 bis rue Pierre Curie<br\/>85520 Jard-Sur-Mer<br\/><strong>Tel:<\/strong> 02 51 33 58 65<br\/><strong>Mail:<\/strong> info@camping-parfums-ete.fr<br\/><strong>SIRET:<\/strong> 43449669100024<br\/><strong>RCS:<\/strong> La Roche-sur-Yon B 434 496 691<br\/><strong>TVA:<\/strong> FR11434496691<br\/><strong>Kapital:<\/strong> 8 000,00 \u20ac.<\/p>\n\n\n\n<h2 class=\"wp-block-heading has-custom-color-1-color has-text-color has-link-color has-retcaro-font-family wp-elements-b669eaa4cf1f338bb749268b4faadacd\" style=\"font-size:clamp(1.743rem, 1.743rem + ((1vw - 0.2rem) * 2.095), 3rem);line-height:1\">Umsetzung<\/h2>\n\n\n\n<p><strong>GEEK TONIC<\/strong> Vertreten durch Herrn Yohan Darmayan in seiner Eigenschaft als Gesch\u00e4ftsf\u00fchrer <br\/>Firmensitz: 16 chemin de Sabalce 64100 Bayonne<br\/>Tel.: <a href=\"https:\/\/www.google.com\/search?q=geek+tonic&amp;sxsrf=ALiCzsb97zG2dngu-WqfTOdPG_O6pmDSPQ%3A1665557722642&amp;ei=2mRGY-_0JorhlwS4vpuoCA&amp;ved=0ahUKEwjvyaSDjtr6AhWK8IUKHTjfBoUQ4dUDCA4&amp;uact=5&amp;oq=geek+tonic&amp;gs_lcp=Cgdnd3Mtd2l6EAMyBAgjECcyCgguEMcBEK8BECcyBggAEBYQHjIGCAAQFhAeMgIIJjoKCAAQRxDWBBCwAzoNCAAQ5AIQ1gQQsAMYAToICAAQFhAeEA86CAgAEBYQHhAKOgUIABCABDoLCC4QgAQQxwEQ0QM6CggAEIAEEIcCEBQ6CggAEIAEEAoQywFKBAhNGAFKBAhBGABKBAhGGAFQ4wtYgh1gkyBoAnABeACAAawBiAHRBJIBAzUuMZgBAKABAcgBDcABAdoBBggBEAEYCQ&amp;sclient=gws-wiz#\">05 32 74 11 52<\/a> <br\/>E-mail: support@geek-tonic.com <br\/>Website: <a href=\"https:\/\/www.geek-tonic.com\/\">www.geek-tonic.com<\/a> <br\/>SIRET: 89746755100015<br\/>APE: 6201Z<\/p>\n\n\n\n<h2 class=\"wp-block-heading has-custom-color-1-color has-text-color has-link-color has-retcaro-font-family wp-elements-6cbcd8bca6b92d0036170b66887995fc\" style=\"font-size:clamp(1.743rem, 1.743rem + ((1vw - 0.2rem) * 2.095), 3rem);line-height:1\">Urheberrecht und Copyright<\/h2>\n\n\n\n<p>Der gesamte Inhalt dieser Website unterliegt dem Urheberrecht sowie dem geistigen Eigentum der franz\u00f6sischen Gesetzgebung. Jede Vervielf\u00e4ltigung (einschlie\u00dflich Fotos, Icons und herunterladbarer Dokumente) ist ohne vorherige Zustimmung von GEEK TONIC untersagt. Die Vervielf\u00e4ltigung der gesamten oder eines Teils der Website auf einem elektronischen Datentr\u00e4ger in einem Papier- oder elektronischen Format ist untersagt. GEEK TONIC \u00fcbernimmt keine Verantwortung f\u00fcr die auf der Website vorhandenen Inhalte. GEEK TONIC \u00fcbernimmt auch keine Verantwortung f\u00fcr externe Links, die auf die vorliegende Website verweisen.   <\/p>\n\n\n\n<h2 class=\"wp-block-heading has-custom-color-1-color has-text-color has-link-color has-retcaro-font-family wp-elements-fab40dac79b9ef858ae615aa16e5d894\" style=\"font-size:clamp(1.743rem, 1.743rem + ((1vw - 0.2rem) * 2.095), 3rem);line-height:1\">Pers\u00f6nliche Daten und namentliche Informationen<\/h2>\n\n\n\n<p>Sie haben ein Recht auf Zugang, \u00c4nderung, Berichtigung und L\u00f6schung der Sie betreffenden Daten gem\u00e4\u00df Artikel 34 des Gesetzes &#8222;Informatique et Libert\u00e9s&#8220; Nr. 78-17 vom 6. Januar 1978, ge\u00e4ndert am 6. August 2018. Um dieses Zugangsrecht zu entfalten, k\u00f6nnen Sie dies auf einfache schriftliche Anfrage an den Herausgeber der Website tun. <\/p>\n\n\n\n<h2 class=\"wp-block-heading has-custom-color-1-color has-text-color has-link-color has-retcaro-font-family wp-elements-14a852349acff7bc55b08d1582e0b024\" style=\"font-size:clamp(1.743rem, 1.743rem + ((1vw - 0.2rem) * 2.095), 3rem);line-height:1\">Gesetzgebung<\/h2>\n\n\n\n<p>Gem\u00e4\u00df dem Gesetz vom 11. M\u00e4rz 1957 (Art. 41) und dem Gesetz \u00fcber geistiges Eigentum vom 1. Juli 1992 ist es verboten, einen Teil der Website ohne vorherige Genehmigung des Herausgebers der Website teilweise oder vollst\u00e4ndig zu vervielf\u00e4ltigen. Die Logos, Bilder, Fotos, Videos, Grafiken und Texte sind Eigentum ihrer jeweiligen Besitzer. Diese Website kann ohne ihr Wissen mit anderen Websites \u00fcber Hypermedia-Links verbunden sein. Der Herausgeber der Website lehnt jede Verantwortung f\u00fcr die auf diesen anderen Websites dargestellten Informationen ab. Der Internetnutzer erkennt an, dass die Nutzung dieser Website dem franz\u00f6sischen Recht unterliegt.    <\/p>\n\n\n\n<h2 class=\"wp-block-heading has-custom-color-1-color has-text-color has-link-color has-retcaro-font-family wp-elements-8af7a8b3a72eb5526b55ccadc3177f41\" style=\"font-size:clamp(1.743rem, 1.743rem + ((1vw - 0.2rem) * 2.095), 3rem);line-height:1\">Schlichtung von Verbraucherrechtsstreitigkeiten<\/h2>\n\n\n\n<p>Gem\u00e4\u00df den Bestimmungen des Verbraucherschutzgesetzes \u00fcber das Verfahren zur Schlichtung von Verbraucherrechtsstreitigkeiten&#8220; hat der Kunde das Recht, sich kostenlos an den vom <strong>Campingplatz Parfum d&#8217;\u00e9t\u00e9 <\/strong> angebotenen Schlichtungsdienst zu wenden. Der so vorgeschlagene Mediator &#8222;Verbraucherrecht&#8220; ist CM2C. Diese Schlichtungsstelle ist erreichbar \u00fcber : &#8211; elektronisch: www.cm2c.net; &#8211; oder auf dem Postweg: CM2C &#8211; Centre de m\u00e9diation et r\u00e8glement amiable des huissiers de justice- 14, Rue Saint-Jean, 75017 Paris.  <\/p>\n\n\n\n<h2 class=\"wp-block-heading has-custom-color-1-color has-text-color has-link-color has-retcaro-font-family wp-elements-63c8bbb77f27198956c8b6c4ab6e01ff\" style=\"font-size:clamp(1.743rem, 1.743rem + ((1vw - 0.2rem) * 2.095), 3rem);line-height:1\">Verantwortung f\u00fcr legale Inhalte<\/h2>\n\n\n\n<p>Als Eigent\u00fcmer Ihrer Website sind Sie daf\u00fcr verantwortlich, dass die Seiten Impressum und Datenschutzrichtlinie den geltenden Gesetzen entsprechen, insbesondere der GDPR (General Data Protection Regulation) f\u00fcr Websites, die personenbezogene Daten sammeln. Diese Seiten sollten regelm\u00e4\u00dfig aktualisiert werden und die rechtlichen und praktischen Informationen Ihres Unternehmens sowie die Verarbeitung personenbezogener Daten, die Sie vornehmen, transparent wiedergeben. <\/p>\n\n\n\n<p class=\"has-text-align-left\">Unsere Agentur kann Sie bei der technischen Einrichtung dieser Seiten unterst\u00fctzen, aber Sie bleiben f\u00fcr die rechtlichen Inhalte auf diesen Seiten verantwortlich. Wir empfehlen Ihnen dringend, einen Rechtsexperten zu konsultieren, um sicherzustellen, dass Ihr Impressum und Ihre Datenschutzrichtlinie mit den f\u00fcr Ihr Unternehmen geltenden Gesetzen \u00fcbereinstimmen. Kontaktieren Sie uns bei Bedarf, wir k\u00f6nnen Sie an eine Partneranw\u00e4ltin verweisen.Parfums d&#8217;\u00e9t\u00e9, Ihr <a href=\"https:\/\/camping-parfums-ete.fr\/de\/\" data-type=\"page\" data-id=\"5\">Campingplatz in Jard-sur-mer<\/a> empf\u00e4ngt Sie in ruhiger Lage unter den W\u00e4ldern. Hier gibt es <strong>Aktivit\u00e4ten f\u00fcr Gro\u00df und Klein<\/strong>, und es werden <strong>Veranstaltungen<\/strong> in <strong>famili\u00e4rer Atmosph\u00e4re<\/strong> organisiert. Sie werden sich bei Ihrem Aufenthalt auf unserem Campingplatz mit Aktivit\u00e4ten und Animationen in der Vend\u00e9e nicht langweilen.    <\/p>\n<\/div>\n","protected":false},"excerpt":{"rendered":"<p>Campingplatz Parfums d&#8217;\u00e9t\u00e9 &gt; Impressum Verantwortlich f\u00fcr die Seite Adresse: 18 bis rue Pierre Curie85520 Jard-Sur-MerTel: 02 51 33 58 65Mail: info@camping-parfums-ete.frSIRET: 43449669100024RCS: La Roche-sur-Yon B 434 496 691TVA: FR11434496691Kapital: 8 000,00 \u20ac. Umsetzung GEEK TONIC Vertreten durch Herrn Yohan Darmayan in seiner Eigenschaft als Gesch\u00e4ftsf\u00fchrer Firmensitz: 16 chemin de Sabalce 64100 BayonneTel.: 05 32 [&hellip;]<\/p>\n","protected":false},"author":1,"featured_media":2588,"parent":0,"menu_order":0,"comment_status":"closed","ping_status":"closed","template":"","meta":{"_acf_changed":false,"_seopress_robots_primary_cat":"","_seopress_titles_title":"Impressum","_seopress_titles_desc":"Sehen Sie sich das Impressum unseres Campingplatzes in Jard-sur-Mer in der Vend\u00e9e an: Herausgeber der Website, Hoster, Urheberrechte, Datenschutz und Einhaltung der DSGVO.","_seopress_robots_index":"","_gt_ctv_global_id":"","_gt_ctv_id_group":false,"inline_featured_image":false,"gt_fse_maillage_image":"https:\/\/camping-parfums-ete.fr\/wp-content\/uploads\/2025\/09\/Camping_Parfum_d_ete_ceil-scaled.jpg","gt_fse_maillage_titre":"Automatischer Entwurf","gt_fse_maillage_alt":"Camping Sommerparfum ceil","gt_fse_maillage_resume":"","footnotes":""},"categories":[],"tags":[],"class_list":["post-3003","page","type-page","status-publish","has-post-thumbnail","hentry"],"acf":[],"_links":{"self":[{"href":"https:\/\/camping-parfums-ete.fr\/de\/wp-json\/wp\/v2\/pages\/3003","targetHints":{"allow":["GET"]}}],"collection":[{"href":"https:\/\/camping-parfums-ete.fr\/de\/wp-json\/wp\/v2\/pages"}],"about":[{"href":"https:\/\/camping-parfums-ete.fr\/de\/wp-json\/wp\/v2\/types\/page"}],"author":[{"embeddable":true,"href":"https:\/\/camping-parfums-ete.fr\/de\/wp-json\/wp\/v2\/users\/1"}],"replies":[{"embeddable":true,"href":"https:\/\/camping-parfums-ete.fr\/de\/wp-json\/wp\/v2\/comments?post=3003"}],"version-history":[{"count":0,"href":"https:\/\/camping-parfums-ete.fr\/de\/wp-json\/wp\/v2\/pages\/3003\/revisions"}],"wp:featuredmedia":[{"embeddable":true,"href":"https:\/\/camping-parfums-ete.fr\/de\/wp-json\/wp\/v2\/media\/2588"}],"wp:attachment":[{"href":"https:\/\/camping-parfums-ete.fr\/de\/wp-json\/wp\/v2\/media?parent=3003"}],"wp:term":[{"taxonomy":"category","embeddable":true,"href":"https:\/\/camping-parfums-ete.fr\/de\/wp-json\/wp\/v2\/categories?post=3003"},{"taxonomy":"post_tag","embeddable":true,"href":"https:\/\/camping-parfums-ete.fr\/de\/wp-json\/wp\/v2\/tags?post=3003"}],"curies":[{"name":"wp","href":"https:\/\/api.w.org\/{rel}","templated":true}]}}