{"id":2977,"date":"2025-09-03T16:13:48","date_gmt":"2025-09-03T14:13:48","guid":{"rendered":"https:\/\/camping-parfums-ete.fr\/tourisme-vendee\/randonnees-jard-sur-mer\/"},"modified":"2025-09-24T11:15:31","modified_gmt":"2025-09-24T09:15:31","slug":"randonnees-jard-sur-mer","status":"publish","type":"page","link":"https:\/\/camping-parfums-ete.fr\/de\/tourismus-vendee\/randonnees-jard-sur-mer\/","title":{"rendered":"Wanderungen in Jard-sur-Mer"},"content":{"rendered":"\n<p>Wenn Sie einen dynamischen und sportlichen Urlaub in einem <strong>geografischen Gebiet<\/strong> verbringen m\u00f6chten, das sich <strong>f\u00fcr Wanderungen eignet<\/strong>, ist der <strong>Ferienort Jard sur Mer<\/strong> das Ziel, das wir Ihnen empfehlen. Dieser Ort, der auf einer L\u00e4nge von 7 km vom Atlantischen Ozean begrenzt wird, bietet eine atemberaubende Naturkulisse. <\/p>\n\n<p>Sie werden angenehm \u00fcberrascht sein von der Sch\u00f6nheit des Gr\u00fcns, der W\u00e4lder und seines \u00d6kosystems, in dem sich eine unvergleichliche Flora und Fauna entwickelt hat. <strong>Jard sur Mer ist ein charmantes Dorf in der Vend\u00e9e<\/strong>, das \u00fcber zahlreiche Naturschaupl\u00e4tze verf\u00fcgt, die von <strong>Wanderwegen<\/strong> durchzogen sind, ein sehenswertes Kulturerbe besitzt und verschiedene Veranstaltungen anbietet.<\/p>\n\n<div class=\"wp-block-columns is-layout-flex wp-container-core-columns-is-layout-28f84493 wp-block-columns-is-layout-flex\">\n<div class=\"wp-block-column is-layout-flow wp-block-column-is-layout-flow\">\n<figure class=\"wp-block-image size-full\"><img decoding=\"async\" width=\"1024\" height=\"308\" src=\"https:\/\/camping-parfums-ete.fr\/wp-content\/uploads\/2025\/09\/blog-1-Jard-sur-Mer-1.webp\" alt=\"Blog Jard sur Mer\" class=\"wp-image-2039\" style=\"aspect-ratio:1;object-fit:cover\" srcset=\"https:\/\/camping-parfums-ete.fr\/wp-content\/uploads\/2025\/09\/blog-1-Jard-sur-Mer-1.webp 1024w, https:\/\/camping-parfums-ete.fr\/wp-content\/uploads\/2025\/09\/blog-1-Jard-sur-Mer-1-300x90.webp 300w, https:\/\/camping-parfums-ete.fr\/wp-content\/uploads\/2025\/09\/blog-1-Jard-sur-Mer-1-768x231.webp 768w\" sizes=\"(max-width: 1024px) 100vw, 1024px\" \/><\/figure>\n<\/div>\n\n\n\n<div class=\"wp-block-column is-layout-flow wp-block-column-is-layout-flow\">\n<figure class=\"wp-block-image size-full\"><img decoding=\"async\" width=\"1024\" height=\"359\" src=\"https:\/\/camping-parfums-ete.fr\/wp-content\/uploads\/2025\/09\/blog-1-Jard-sur-Mer-2.webp\" alt=\"Blog Jard sur Mer\" class=\"wp-image-2042\" style=\"aspect-ratio:1;object-fit:cover\" srcset=\"https:\/\/camping-parfums-ete.fr\/wp-content\/uploads\/2025\/09\/blog-1-Jard-sur-Mer-2.webp 1024w, https:\/\/camping-parfums-ete.fr\/wp-content\/uploads\/2025\/09\/blog-1-Jard-sur-Mer-2-300x105.webp 300w, https:\/\/camping-parfums-ete.fr\/wp-content\/uploads\/2025\/09\/blog-1-Jard-sur-Mer-2-768x269.webp 768w\" sizes=\"(max-width: 1024px) 100vw, 1024px\" \/><\/figure>\n<\/div>\n<\/div>\n\n<h2 class=\"wp-block-heading has-custom-color-1-color has-text-color has-link-color has-retcaro-font-family wp-elements-a30f943058e6726338ad04e9cd27fdc0\" style=\"font-size:clamp(1.743rem, 1.743rem + ((1vw - 0.2rem) * 2.095), 3rem);line-height:1\">Rundreisen ab Jard-sur-Mer<\/h2>\n\n<p>Beim <strong>Wandern k\u00f6nnen Sie die Natur besser kennen lernen<\/strong> und unvergessliche Abenteuer erleben. Informieren Sie sich \u00fcber die <strong>besten Wanderrouten in Jard-sur-Mer<\/strong> und w\u00e4hlen Sie je nach Ihrer k\u00f6rperlichen Verfassung und dem gew\u00fcnschten Schwierigkeitsgrad. <\/p>\n\n<h3 class=\"wp-block-heading has-custom-color-1-color has-text-color has-link-color has-retcaro-font-family wp-elements-6b14e2a932bd17f9c453531901225b30\" style=\"font-size:clamp(1.25rem, 1.25rem + ((1vw - 0.2rem) * 1.25), 2rem);line-height:1\">Der Rundweg der Pointe du Payr\u00e9 in Jard-sur-Mer<\/h3>\n\n<p>Es handelt sich um eine <strong>4,82 km lange Wanderstrecke<\/strong> mit H\u00f6henunterschieden zwischen -10 m und +10 m. Dieser Rundweg l\u00e4sst sich leicht in einer Stunde und 25 Minuten bew\u00e4ltigen und f\u00fchrt Sie zur\u00fcck zum Ausgangspunkt. Sie ben\u00f6tigen keine besondere Ausr\u00fcstung, aber Sie k\u00f6nnen ein Mittagessen mitbringen, um ein gem\u00fctliches Picknick in der Natur zu machen.  <\/p>\n\n<p>Vom Parkplatz Petite Bernarde aus k\u00f6nnen Sie den Weg nehmen, der sich im Nordwesten durchl\u00f6chert, indem Sie entlang des Wasserspiegels laufen. Sie kommen dann durch einen h\u00fcbschen Steineichenwald und erreichen die Klippe. Vermeiden Sie es, zu nah an den Rand zu gehen, wenn Sie Ihren Weg in westlicher Richtung fortsetzen.  <\/p>\n\n<p>Sie werden begeistert sein, wenn Sie von <strong>der Pointe du Payr\u00e9<\/strong> aus die umliegende Landschaft betrachten: die M\u00fcndung des Payr\u00e9, den Strand von Veillon, Port-Bourgenay und bei sch\u00f6nem Wetter Les Sables-d&#8217;Olonne. Wenn Sie den Pfeilen folgen, die den Weg markieren, gelangen Sie zur\u00fcck zum Ausgangspunkt am Parkplatz. <\/p>\n\n<h3 class=\"wp-block-heading has-custom-color-1-color has-text-color has-link-color has-retcaro-font-family wp-elements-fc968cb1b2584e8a1eccb5df9faac73c\" style=\"font-size:clamp(1.25rem, 1.25rem + ((1vw - 0.2rem) * 1.25), 2rem);line-height:1\">Von Jard-sur-Mer nach Saint-Vincent-sur-Jard<\/h3>\n\n<p>Diese <strong>f\u00fcr Anf\u00e4nger geeignete Wanderung <\/strong>erstreckt sich \u00fcber eine Strecke von 9,71 km und ist in 2 Stunden und 50 Minuten zu bew\u00e4ltigen. Mit H\u00f6henunterschieden zwischen -20 m und +20 m bietet er Ihnen die M\u00f6glichkeit, die Landschaft auf einer H\u00f6he von 24 m zu bewundern. <\/p>\n\n<p>Auf diesem Rundweg werden Sie zahlreiche Geb\u00e4ude entdecken, die das Erbe des Dorfes ausmachen: die Kapelle Sainte-Anne, die Kirche Sainte-Radegonde, die M\u00fchle von Conchette, aber auch den Strand von Boisvinet und das Haus von Clemenceau in <a href=\"https:\/\/camping-parfums-ete.fr\/camping-saint-vincent-sur-jard\/\">Saint-Vincent-sur-Jard<\/a>. Auf dem R\u00fcckweg nach Jard-sur-Mer haben Sie die Gelegenheit, durch den Staatswald zu fahren. <\/p>\n\n<h2 class=\"wp-block-heading has-custom-color-1-color has-text-color has-link-color has-retcaro-font-family wp-elements-b4dd7bf6840fe7c792a178fd315164e0\" style=\"font-size:clamp(1.743rem, 1.743rem + ((1vw - 0.2rem) * 2.095), 3rem);line-height:1\">Wanderrouten in der N\u00e4he<\/h2>\n\n<p><strong>In Talmont-Saint-Hilaire und Umgebung<\/strong> finden Sie auch etwa 20 <strong>Wanderrouten<\/strong>, wenn Sie Ihren <strong>Urlaub in Jard-sur-Mer<\/strong> in der Vend\u00e9e verbringen.<\/p>\n\n<h3 class=\"wp-block-heading has-custom-color-1-color has-text-color has-link-color has-retcaro-font-family wp-elements-4806dd1a5acbddd60f00e73c6b422fd2\" style=\"font-size:clamp(1.25rem, 1.25rem + ((1vw - 0.2rem) * 1.25), 2rem);line-height:1\">Die S\u00fcmpfe von La Guitti\u00e8re<\/h3>\n\n<p>Auf diesem <strong>Rundweg in der N\u00e4he von Jard-sur-Mer<\/strong> k\u00f6nnen Sie die S\u00fcmpfe von La Guitti\u00e8re in der Gemeinde <a href=\"https:\/\/camping-parfums-ete.fr\/camping-talmont-saint-hilaire\/\">Talmont-Saint-Hilaire<\/a> entdecken. Sie k\u00f6nnen auch Austern bei den Produzenten probieren, die sie auf dem Weg verkaufen. Die 7,07 km lange Strecke ist in 2 Stunden zu bew\u00e4ltigen und weist praktisch keine H\u00f6henunterschiede auf (+3 m\/-3 m), der h\u00f6chste Punkt liegt bei 4 m.  <\/p>\n\n<p>Der Rundweg beginnt am Parkplatz des Port de la Guitti\u00e8re, dann geht es am Strand entlang zu den Austernzuchtanlagen und dann zur M\u00fcndung des Payr\u00e9. Sie werden die Sumpflandschaft mit ihren verschiedenen Vogelarten genie\u00dfen. Anschlie\u00dfend m\u00fcssen Sie durch den Chemin du Grand Marais gehen und dabei auf dem Radweg bleiben.  <\/p>\n\n<p>Dieser Rundgang f\u00fchrt Sie auch zur Kreuzung der Rue des Salines und dann auf einen Fahrweg, von dem aus Sie ausgetrocknete Salzg\u00e4rten und Salicornia beobachten k\u00f6nnen, die im Herbst wundersch\u00f6ne Farben haben. Sie kommen an der Kreuzung der Rue Saint-Henri Dorie und am Grand \u00celot vorbei, bevor Sie zum Parkplatz des Port de la Guitti\u00e8re zur\u00fcckkehren. <\/p>\n\n<h3 class=\"wp-block-heading has-custom-color-1-color has-text-color has-link-color has-retcaro-font-family wp-elements-89a749c4e2579ed6d7aa56294ab4ff7c\" style=\"font-size:clamp(1.25rem, 1.25rem + ((1vw - 0.2rem) * 1.25), 2rem);line-height:1\">Sumpf und Schloss in Talmont-Saint-Hilaire<\/h3>\n\n<p>Dieser 11,32 km lange Rundweg ist im Durchschnitt in 3 Stunden und 20 Minuten zu schaffen und f\u00fchrt Sie durch die Stadt Talmont mit ihren S\u00fcmpfen und dem Fluss Payr\u00e9. Sie sehen die Burg von Richard L\u00f6wenherz in Talmont. Es handelt sich um eine mittelschwere Wanderung mit H\u00f6henunterschieden von -50 m bis +43 m. Sie k\u00f6nnen atemberaubende Panoramen sehen, wenn Sie den h\u00f6chsten Punkt erreichen, der 28 m hoch ist.   <\/p>\n\n<p>Von der Rue des Ribandeaux aus gehen Sie in Richtung S\u00fcden zum Aussichtspunkt, von dem aus Sie einen sch\u00f6nen Blick auf die S\u00fcmpfe, die Kirche und das Schloss von Talmont haben. Sie kommen dann an Grand Ribandeau, La Vignoli\u00e8re, dem Stop vor Malvoie und der Passerelle du Cul d&#8217;\u00c2ne vorbei. Wenn Sie die Stra\u00dfe nach links und den Weg nach links nehmen, erreichen Sie die Kreuzung Rue de la Tonnelle. Nehmen Sie nach der Br\u00fccke den Weg nach rechts, um zum Schloss von Talmont zu gelangen. Sie haben die M\u00f6glichkeit, auf dem Schlossplatz eine Schlemmerpause einzulegen oder Ihren Durst zu l\u00f6schen. Gehen Sie dann zur Kreuzung, um zur Rue des Marais und zur\u00fcck zum Parkplatz Les Ribandeaux zu gelangen.     <\/p>\n\n<h2 class=\"wp-block-heading has-custom-color-1-color has-text-color has-link-color has-retcaro-font-family wp-elements-51489b7279cbd61e790ad758bcc40f54\" style=\"font-size:clamp(1.743rem, 1.743rem + ((1vw - 0.2rem) * 2.095), 3rem);line-height:1\">Ihr Campingurlaub in Jard-sur-Mer<\/h2>\n\n<p>Buchen Sie ein Mobilheim oder einen Stellplatz f\u00fcr Ihr Wohnmobil auf dem Campingplatz Parfums d&#8217;\u00c9t\u00e9. Diese <a href=\"https:\/\/camping-parfums-ete.fr\/\">4-Sterne-Anlage in Jard-sur-Mer<\/a>, 500 m vom Stadtzentrum und 300 m von der K\u00fcste entfernt, empf\u00e4ngt Sie in einer sch\u00f6nen nat\u00fcrlichen Umgebung von 5,3 Hektar. <\/p>\n\n<p>Er ist ideal f\u00fcr einen Urlaub mit der Familie, mit Freunden oder zu zweit und beherbergt eine sch\u00f6ne Badelandschaft mit einem beheizten Schwimmbad im Freien. Der Park umfasst au\u00dferdem einen Kinderclub, Sportpl\u00e4tze, eine Boulebahn und Tischtennisplatten. Sie verf\u00fcgen dort \u00fcber alle notwendigen Einrichtungen, um einen optimalen Komfort zu genie\u00dfen.  <\/p>\n\n<div class=\"wp-block-columns is-layout-flex wp-container-core-columns-is-layout-28f84493 wp-block-columns-is-layout-flex\">\n<div class=\"wp-block-column is-layout-flow wp-block-column-is-layout-flow\">\n<figure class=\"wp-block-image size-full\"><img decoding=\"async\" width=\"701\" height=\"526\" src=\"https:\/\/camping-parfums-ete.fr\/wp-content\/uploads\/2025\/09\/blog-1-Jard-sur-Mer-4.webp\" alt=\"Blog Jard sur Mer\" class=\"wp-image-2045\" style=\"aspect-ratio:1;object-fit:cover\" srcset=\"https:\/\/camping-parfums-ete.fr\/wp-content\/uploads\/2025\/09\/blog-1-Jard-sur-Mer-4.webp 701w, https:\/\/camping-parfums-ete.fr\/wp-content\/uploads\/2025\/09\/blog-1-Jard-sur-Mer-4-300x225.webp 300w\" sizes=\"(max-width: 701px) 100vw, 701px\" \/><\/figure>\n<\/div>\n\n\n\n<div class=\"wp-block-column is-layout-flow wp-block-column-is-layout-flow\">\n<figure class=\"wp-block-image size-full\"><img decoding=\"async\" width=\"701\" height=\"526\" src=\"https:\/\/camping-parfums-ete.fr\/wp-content\/uploads\/2025\/09\/blog-1-Jard-sur-Mer-5.webp\" alt=\"Blog Jard sur Mer\" class=\"wp-image-2048\" style=\"aspect-ratio:1;object-fit:cover\" srcset=\"https:\/\/camping-parfums-ete.fr\/wp-content\/uploads\/2025\/09\/blog-1-Jard-sur-Mer-5.webp 701w, https:\/\/camping-parfums-ete.fr\/wp-content\/uploads\/2025\/09\/blog-1-Jard-sur-Mer-5-300x225.webp 300w\" sizes=\"(max-width: 701px) 100vw, 701px\" \/><\/figure>\n<\/div>\n<\/div>\n","protected":false},"excerpt":{"rendered":"<p>Wenn Sie einen dynamischen und sportlichen Urlaub in einem geografischen Gebiet verbringen m\u00f6chten, das sich f\u00fcr Wanderungen eignet, ist der Ferienort Jard sur Mer das Ziel, das wir Ihnen empfehlen. Dieser Ort, der auf einer L\u00e4nge von 7 km vom Atlantischen Ozean begrenzt wird, bietet eine atemberaubende Naturkulisse. Sie werden angenehm \u00fcberrascht sein von der [&hellip;]<\/p>\n","protected":false},"author":1,"featured_media":2038,"parent":2882,"menu_order":0,"comment_status":"closed","ping_status":"closed","template":"wp-custom-template-sous-pages-blog-articles","meta":{"_acf_changed":false,"_seopress_robots_primary_cat":"","_seopress_titles_title":"Wanderungen in Jard-sur-Mer - Wanderwege in der Vend\u00e9e","_seopress_titles_desc":"Erkunden Sie die Wanderwege in Jard-sur-Mer: Staatswald, D\u00fcnen und unber\u00fchrte Landschaften. Nur wenige Minuten vom Campingplatz Parfums d'\u00c9t\u00e9 entfernt. ","_seopress_robots_index":"","_gt_ctv_global_id":"","_gt_ctv_id_group":false,"inline_featured_image":false,"gt_fse_maillage_image":"https:\/\/camping-parfums-ete.fr\/wp-content\/uploads\/2025\/09\/blog-1-randonnees-jard-sur-mer.webp","gt_fse_maillage_titre":"Automatischer Entwurf","gt_fse_maillage_alt":"Automatischer Entwurf","gt_fse_maillage_resume":"","footnotes":""},"categories":[],"tags":[],"class_list":["post-2977","page","type-page","status-publish","has-post-thumbnail","hentry"],"acf":[],"_links":{"self":[{"href":"https:\/\/camping-parfums-ete.fr\/de\/wp-json\/wp\/v2\/pages\/2977","targetHints":{"allow":["GET"]}}],"collection":[{"href":"https:\/\/camping-parfums-ete.fr\/de\/wp-json\/wp\/v2\/pages"}],"about":[{"href":"https:\/\/camping-parfums-ete.fr\/de\/wp-json\/wp\/v2\/types\/page"}],"author":[{"embeddable":true,"href":"https:\/\/camping-parfums-ete.fr\/de\/wp-json\/wp\/v2\/users\/1"}],"replies":[{"embeddable":true,"href":"https:\/\/camping-parfums-ete.fr\/de\/wp-json\/wp\/v2\/comments?post=2977"}],"version-history":[{"count":0,"href":"https:\/\/camping-parfums-ete.fr\/de\/wp-json\/wp\/v2\/pages\/2977\/revisions"}],"up":[{"embeddable":true,"href":"https:\/\/camping-parfums-ete.fr\/de\/wp-json\/wp\/v2\/pages\/2882"}],"wp:featuredmedia":[{"embeddable":true,"href":"https:\/\/camping-parfums-ete.fr\/de\/wp-json\/wp\/v2\/media\/2038"}],"wp:attachment":[{"href":"https:\/\/camping-parfums-ete.fr\/de\/wp-json\/wp\/v2\/media?parent=2977"}],"wp:term":[{"taxonomy":"category","embeddable":true,"href":"https:\/\/camping-parfums-ete.fr\/de\/wp-json\/wp\/v2\/categories?post=2977"},{"taxonomy":"post_tag","embeddable":true,"href":"https:\/\/camping-parfums-ete.fr\/de\/wp-json\/wp\/v2\/tags?post=2977"}],"curies":[{"name":"wp","href":"https:\/\/api.w.org\/{rel}","templated":true}]}}