{"id":2975,"date":"2025-09-03T15:30:45","date_gmt":"2025-09-03T13:30:45","guid":{"rendered":"https:\/\/camping-parfums-ete.fr\/tourisme-vendee\/parcs-ostreicoles\/"},"modified":"2025-09-24T11:15:29","modified_gmt":"2025-09-24T09:15:29","slug":"parcs-ostreicoles","status":"publish","type":"page","link":"https:\/\/camping-parfums-ete.fr\/de\/tourismus-vendee\/parcs-ostreicoles\/","title":{"rendered":"Austernparks"},"content":{"rendered":"\n<p>Im Herzen des Estuaire du Payr\u00e9 erstreckt sich das Austernzuchtgebiet La Guitti\u00e8re, das von den Gezeiten beeinflusst wird. Die Auster von La Guitti\u00e8re hat aufgrund ihrer Farbe und ihres milden Geschmacks den Ruf des Gebiets begr\u00fcndet. Die Rinne ist reich an spezifischem Phytoplankton, das mit dem Brackwassercharakter des Gebiets zusammenh\u00e4ngt und ihm so seine Besonderheiten verleiht.  <\/p>\n\n<p>Gef\u00fchrte Besichtigung mit Reservierung (Dauer 2 Stunden), die mit einer Austernprobe endet, zu der Landwein, Brot, Zitrone und Butter gereicht werden. Dieser gesellige Moment findet in einer ehemaligen Salorge (Salzspeicher) statt, die auch als Ausstellungsort dient. <\/p>\n\n<div class=\"wp-block-group has-custom-color-1-color has-custom-color-2-background-color has-text-color has-background has-link-color wp-elements-ba92567cbf8c35b9fc6676f2c8224df9 has-global-padding is-layout-constrained wp-container-core-group-is-layout-0d0226ac wp-block-group-is-layout-constrained\" style=\"border-left-width:5px;padding-top:20px;padding-right:20px;padding-bottom:20px;padding-left:20px\">\n<p class=\"has-base-2-color has-text-color has-link-color wp-elements-f683131af24795444aaa34592fb49760\"><strong>Praktische Informationen :<\/strong> Entfernung zum Campingplatz : 9 km<\/p>\n<\/div>\n","protected":false},"excerpt":{"rendered":"<p>Im Herzen des Estuaire du Payr\u00e9 erstreckt sich das Austernzuchtgebiet La Guitti\u00e8re, das von den Gezeiten beeinflusst wird. Die Auster von La Guitti\u00e8re hat aufgrund ihrer Farbe und ihres milden Geschmacks den Ruf des Gebiets begr\u00fcndet. Die Rinne ist reich an spezifischem Phytoplankton, das mit dem Brackwassercharakter des Gebiets zusammenh\u00e4ngt und ihm so seine Besonderheiten [&hellip;]<\/p>\n","protected":false},"author":1,"featured_media":1979,"parent":2882,"menu_order":0,"comment_status":"closed","ping_status":"closed","template":"wp-custom-template-sous-pages-blog-articles","meta":{"_acf_changed":false,"_seopress_robots_primary_cat":"","_seopress_titles_title":"Parcs Ostr\u00e9icoles - Entdeckung der Muschel- und Austernzucht in der Vend\u00e9e","_seopress_titles_desc":"Erkunden Sie die Austernparks in der Baie de l'Aiguillon, die nur wenige Kilometer vom Campingplatz Parfums d'\u00c9t\u00e9 entfernt sind, und tauchen Sie in die Kultur der lokalen Austern und Muscheln ein.","_seopress_robots_index":"","_gt_ctv_global_id":"","_gt_ctv_id_group":false,"inline_featured_image":false,"gt_fse_maillage_image":"https:\/\/camping-parfums-ete.fr\/wp-content\/uploads\/2025\/09\/blog-1-parcs-ostreicoles.webp","gt_fse_maillage_titre":"Austernparks","gt_fse_maillage_alt":"Austernparks","gt_fse_maillage_resume":"","footnotes":""},"categories":[],"tags":[],"class_list":["post-2975","page","type-page","status-publish","has-post-thumbnail","hentry"],"acf":[],"_links":{"self":[{"href":"https:\/\/camping-parfums-ete.fr\/de\/wp-json\/wp\/v2\/pages\/2975","targetHints":{"allow":["GET"]}}],"collection":[{"href":"https:\/\/camping-parfums-ete.fr\/de\/wp-json\/wp\/v2\/pages"}],"about":[{"href":"https:\/\/camping-parfums-ete.fr\/de\/wp-json\/wp\/v2\/types\/page"}],"author":[{"embeddable":true,"href":"https:\/\/camping-parfums-ete.fr\/de\/wp-json\/wp\/v2\/users\/1"}],"replies":[{"embeddable":true,"href":"https:\/\/camping-parfums-ete.fr\/de\/wp-json\/wp\/v2\/comments?post=2975"}],"version-history":[{"count":0,"href":"https:\/\/camping-parfums-ete.fr\/de\/wp-json\/wp\/v2\/pages\/2975\/revisions"}],"up":[{"embeddable":true,"href":"https:\/\/camping-parfums-ete.fr\/de\/wp-json\/wp\/v2\/pages\/2882"}],"wp:featuredmedia":[{"embeddable":true,"href":"https:\/\/camping-parfums-ete.fr\/de\/wp-json\/wp\/v2\/media\/1979"}],"wp:attachment":[{"href":"https:\/\/camping-parfums-ete.fr\/de\/wp-json\/wp\/v2\/media?parent=2975"}],"wp:term":[{"taxonomy":"category","embeddable":true,"href":"https:\/\/camping-parfums-ete.fr\/de\/wp-json\/wp\/v2\/categories?post=2975"},{"taxonomy":"post_tag","embeddable":true,"href":"https:\/\/camping-parfums-ete.fr\/de\/wp-json\/wp\/v2\/tags?post=2975"}],"curies":[{"name":"wp","href":"https:\/\/api.w.org\/{rel}","templated":true}]}}