{"id":2957,"date":"2025-09-03T15:54:32","date_gmt":"2025-09-03T13:54:32","guid":{"rendered":"https:\/\/camping-parfums-ete.fr\/tourisme-vendee\/sables-dolonne\/"},"modified":"2025-09-24T11:15:32","modified_gmt":"2025-09-24T09:15:32","slug":"sables-dolonne","status":"publish","type":"page","link":"https:\/\/camping-parfums-ete.fr\/de\/tourismus-vendee\/sables-dolonne\/","title":{"rendered":"Les Sables d&#8217;Olonne"},"content":{"rendered":"\n<p>Das 270\u00b0 zum Meer hin ge\u00f6ffnete Les <strong>Sables d&#8217;Olonne<\/strong> ist zweifellos einer der beliebtesten Badeorte Frankreichs: eine riesige, von einem herrlichen Sandstrand ges\u00e4umte Bucht, ein Jachthafen, in dem das legend\u00e4re Rennen Vend\u00e9e Globe stattfindet, das Seefahrerviertel La Chaume, ein reiches historisches Erbe, Viertel mit typischen, engen Stra\u00dfen wie das der Ile Penotte &#8230; ein ganzes Programm.<\/p>\n\n<p>Nutzen Sie Ihren Aufenthalt auf dem Campingplatz La Ventouse, um die sehr illustre Stadt Les Sables d&#8217;Olonne zu besuchen, die nur 20 Minuten von Jard sur Mer entfernt liegt.<\/p>\n\n<p><strong>Ideen f\u00fcr Ausfl\u00fcge :<\/strong><\/p>\n\n<p>Es gibt unz\u00e4hlige Dinge, die man in Les Sables d&#8217;Olonne unternehmen kann, aber ich empfehle Ihnen, Ihren Besuch am gro\u00dfen Strand und der Uferpromenade zu beginnen, ohne den Fischerhafen und das malerische Viertel La Chaume zu vergessen.<\/p>\n\n<p><strong>Zu sehen und zu tun :<\/strong><\/p>\n\n<ul class=\"wp-block-list\">\n<li>Seine feinen Sandstr\u00e4nde, sein nat\u00fcrliches Meerwasserschwimmbad (quartier de la Chaume), sein auf 29\u00b0C beheiztes Meerwasserschwimmbad auf der Seite des Bahndamms und seine Thalassotherapie.<\/li>\n\n\n\n<li>2 Casinos: &#8222;Les Atlantes&#8220; und &#8222;Le Casino des pins&#8220;, stimmungsvolle Bars, eine Bowlingbahn, Diskotheken.<\/li>\n\n\n\n<li>Seine Jahrmarkts- und Lebensmittelm\u00e4rkte: Verpassen Sie nicht die Markthalle Les Halles Centrales.<\/li>\n\n\n\n<li>Sein Fischerei-\/Handelshafen und Port Olona, in dem alle vier Jahre das ber\u00fchmte Rennen VENDEE GLOBE stattfindet.<\/li>\n\n\n\n<li>Seine Wassersportarten: Wasserscooter, Ausfl\u00fcge mit dem Kanu oder Kajak, Anlegeboote, Surfen, Amateur-Meeresfischerei, Tauchen, Segeln&#8230;<\/li>\n\n\n\n<li>Sein historisches Erbe: Der Turm von Arundel, die Priorei St Nicolas, die Abtei von Sainte Croix, die Kirche Notre Dame de Bon Port und die pr\u00e4chtigen Villen am Meer aus dem sp\u00e4ten 19\u1d49 Jahrhundert.<\/li>\n\n\n\n<li>Seine Museen, sein Zoo, seine F\u00fchrungen&#8230;<\/li>\n<\/ul>\n\n<p>Das Viertel der Penotte-Insel<\/p>\n\n<p>Das Viertel Ile Penotte liegt zwischen dem gro\u00dfen Strand und dem Fischereihafen und ist im Laufe der Jahre zu einer Sehensw\u00fcrdigkeit in Les Sables d&#8217;Olonne geworden. Das Viertel mit seinen engen und verwinkelten Gassen verdankt seinen Ruhm den Fassaden, die wie ein riesiges Fresko mit Mosaiken aus Muscheln geschm\u00fcckt sind. 1997 beschloss <a href=\"http:\/\/ile-penotte-lessablesdolonne.com\/\">Dani\u00e8le Aubin-Arnaud<\/a>, das Viertel ihrer Kindheit wiederzubeleben, indem sie die Fassaden der H\u00e4user verzierte. Heute ist die Penotte-Insel dank der Frau, die nun &#8222;die Muscheldame&#8220; genannt wird, und mit der Hilfe der Bewohner des Viertels zu einem h\u00fcbschen Fu\u00dfg\u00e4ngerviertel geworden, das ebenso malerisch wie unterhaltsam ist.   <\/p>\n\n<div class=\"wp-block-columns is-layout-flex wp-container-core-columns-is-layout-28f84493 wp-block-columns-is-layout-flex\">\n<div class=\"wp-block-column is-layout-flow wp-block-column-is-layout-flow\">\n<figure class=\"wp-block-image size-full\"><img decoding=\"async\" width=\"1024\" height=\"683\" src=\"https:\/\/camping-parfums-ete.fr\/wp-content\/uploads\/2025\/09\/blog-1-sables-dolonne-1.webp\" alt=\"blog sables dolonne\" class=\"wp-image-2014\" style=\"aspect-ratio:3\/4;object-fit:cover\" srcset=\"https:\/\/camping-parfums-ete.fr\/wp-content\/uploads\/2025\/09\/blog-1-sables-dolonne-1.webp 1024w, https:\/\/camping-parfums-ete.fr\/wp-content\/uploads\/2025\/09\/blog-1-sables-dolonne-1-300x200.webp 300w, https:\/\/camping-parfums-ete.fr\/wp-content\/uploads\/2025\/09\/blog-1-sables-dolonne-1-768x512.webp 768w\" sizes=\"(max-width: 1024px) 100vw, 1024px\" \/><\/figure>\n<\/div>\n\n\n\n<div class=\"wp-block-column is-layout-flow wp-block-column-is-layout-flow\">\n<figure class=\"wp-block-image size-large\"><img decoding=\"async\" width=\"768\" height=\"1024\" src=\"https:\/\/camping-parfums-ete.fr\/wp-content\/uploads\/2025\/09\/blog-1-sables-dolonne-2-768x1024.webp\" alt=\"blog sables dolonne\" class=\"wp-image-2017\" style=\"aspect-ratio:3\/4;object-fit:cover\" srcset=\"https:\/\/camping-parfums-ete.fr\/wp-content\/uploads\/2025\/09\/blog-1-sables-dolonne-2-768x1024.webp 768w, https:\/\/camping-parfums-ete.fr\/wp-content\/uploads\/2025\/09\/blog-1-sables-dolonne-2-225x300.webp 225w, https:\/\/camping-parfums-ete.fr\/wp-content\/uploads\/2025\/09\/blog-1-sables-dolonne-2-1152x1536.webp 1152w, https:\/\/camping-parfums-ete.fr\/wp-content\/uploads\/2025\/09\/blog-1-sables-dolonne-2.webp 1536w\" sizes=\"(max-width: 768px) 100vw, 768px\" \/><\/figure>\n<\/div>\n<\/div>\n","protected":false},"excerpt":{"rendered":"<p>Das 270\u00b0 zum Meer hin ge\u00f6ffnete Les Sables d&#8217;Olonne ist zweifellos einer der beliebtesten Badeorte Frankreichs: eine riesige, von einem herrlichen Sandstrand ges\u00e4umte Bucht, ein Jachthafen, in dem das legend\u00e4re Rennen Vend\u00e9e Globe stattfindet, das Seefahrerviertel La Chaume, ein reiches historisches Erbe, Viertel mit typischen, engen Stra\u00dfen wie das der Ile Penotte &#8230; ein ganzes [&hellip;]<\/p>\n","protected":false},"author":1,"featured_media":2023,"parent":2882,"menu_order":27,"comment_status":"closed","ping_status":"closed","template":"wp-custom-template-sous-pages-blog-articles","meta":{"_acf_changed":false,"_seopress_robots_primary_cat":"","_seopress_titles_title":"Les Sables d'Olonne - Badeort in der N\u00e4he","_seopress_titles_desc":"Les Sables d'Olonne, 30 Minuten vom Campingplatz Parfums d'\u00c9t\u00e9 entfernt, bietet Str\u00e4nde, Einkaufsm\u00f6glichkeiten und Aktivit\u00e4ten f\u00fcr die ganze Familie.","_seopress_robots_index":"","_gt_ctv_global_id":"","_gt_ctv_id_group":false,"inline_featured_image":false,"gt_fse_maillage_image":"https:\/\/camping-parfums-ete.fr\/wp-content\/uploads\/2025\/09\/blog-1-sables-dolonne.webp","gt_fse_maillage_titre":"Les Sables d'Olonne","gt_fse_maillage_alt":"Les Sables d'Olonne","gt_fse_maillage_resume":"","footnotes":""},"categories":[],"tags":[],"class_list":["post-2957","page","type-page","status-publish","has-post-thumbnail","hentry"],"acf":[],"_links":{"self":[{"href":"https:\/\/camping-parfums-ete.fr\/de\/wp-json\/wp\/v2\/pages\/2957","targetHints":{"allow":["GET"]}}],"collection":[{"href":"https:\/\/camping-parfums-ete.fr\/de\/wp-json\/wp\/v2\/pages"}],"about":[{"href":"https:\/\/camping-parfums-ete.fr\/de\/wp-json\/wp\/v2\/types\/page"}],"author":[{"embeddable":true,"href":"https:\/\/camping-parfums-ete.fr\/de\/wp-json\/wp\/v2\/users\/1"}],"replies":[{"embeddable":true,"href":"https:\/\/camping-parfums-ete.fr\/de\/wp-json\/wp\/v2\/comments?post=2957"}],"version-history":[{"count":0,"href":"https:\/\/camping-parfums-ete.fr\/de\/wp-json\/wp\/v2\/pages\/2957\/revisions"}],"up":[{"embeddable":true,"href":"https:\/\/camping-parfums-ete.fr\/de\/wp-json\/wp\/v2\/pages\/2882"}],"wp:featuredmedia":[{"embeddable":true,"href":"https:\/\/camping-parfums-ete.fr\/de\/wp-json\/wp\/v2\/media\/2023"}],"wp:attachment":[{"href":"https:\/\/camping-parfums-ete.fr\/de\/wp-json\/wp\/v2\/media?parent=2957"}],"wp:term":[{"taxonomy":"category","embeddable":true,"href":"https:\/\/camping-parfums-ete.fr\/de\/wp-json\/wp\/v2\/categories?post=2957"},{"taxonomy":"post_tag","embeddable":true,"href":"https:\/\/camping-parfums-ete.fr\/de\/wp-json\/wp\/v2\/tags?post=2957"}],"curies":[{"name":"wp","href":"https:\/\/api.w.org\/{rel}","templated":true}]}}