{"id":2954,"date":"2025-09-03T15:43:58","date_gmt":"2025-09-03T13:43:58","guid":{"rendered":"https:\/\/camping-parfums-ete.fr\/tourisme-vendee\/puy-du-fou\/"},"modified":"2025-09-24T11:15:32","modified_gmt":"2025-09-24T09:15:32","slug":"puy-du-fou","status":"publish","type":"page","link":"https:\/\/camping-parfums-ete.fr\/de\/tourismus-vendee\/puy-du-fou\/","title":{"rendered":"Puy du Fou"},"content":{"rendered":"\n<p>Nur wenige Autominuten vom Campingplatz in Jard sur Mer entfernt k\u00f6nnen Sie den Park Puy du Fou entdecken. Dieser Freizeitpark, den man nicht mehr vorstellen muss, ist mittlerweile ein Muss in der Vend\u00e9e. In der Tat reisen jede Saison Tausende von Menschen an, um diesen Park in der Vend\u00e9e zu entdecken. Der Puy du Fou hat zahlreiche Auszeichnungen erhalten, die ihm zu internationaler Bekanntheit verholfen haben:   <\/p>\n\n<ul class=\"wp-block-list\">\n<li>Beste Neusch\u00f6pfung weltweit<\/li>\n\n\n\n<li>Beste Show des Jahres<\/li>\n\n\n\n<li>Beste europ\u00e4ische Kreation<\/li>\n\n\n\n<li>Bester Park der Welt<\/li>\n\n\n\n<li>Bester europ\u00e4ischer Park<\/li>\n<\/ul>\n\n<p>Wenn Sie im Park ankommen, werden Sie sofort in die Vergangenheit zur\u00fcckversetzt. Die Kulissen, die Kost\u00fcme, die Geb\u00e4ude &#8211; alles ist so gestaltet und durchdacht, dass Sie sich wirklich in eine andere Zeit versetzt f\u00fchlen. Auf Ihrem Spaziergang k\u00f6nnen Sie althergebrachte Techniken und D\u00f6rfer aus verschiedenen Epochen entdecken, z. B. die mittelalterliche Stadt, das Dorf aus dem 18.  <\/p>\n\n<p>Sie werden mehr als einen Tag ben\u00f6tigen, um alle atemberaubenden Shows des Parks zu erleben. Erleben Sie die Zeit C\u00e4sars bei den Gladiatorenk\u00e4mpfen, entdecken Sie das Spektakel der Wikinger, erleben Sie eine leidenschaftliche Liebesgeschichte w\u00e4hrend des Verdun-Krieges, f\u00fchlen Sie sich in die Zeit der Ritter der Tafelrunde zur\u00fcckversetzt&#8230; Jedes Jahr erneuert sich der Park und bietet seinen Besuchern etwas Neues. <\/p>\n\n<p>F\u00fcr weitere Informationen stehen wir Ihnen gerne an der Rezeption des Campingplatzes zur Verf\u00fcgung.<\/p>\n\n<p><\/p>\n","protected":false},"excerpt":{"rendered":"<p>Nur wenige Autominuten vom Campingplatz in Jard sur Mer entfernt k\u00f6nnen Sie den Park Puy du Fou entdecken. Dieser Freizeitpark, den man nicht mehr vorstellen muss, ist mittlerweile ein Muss in der Vend\u00e9e. In der Tat reisen jede Saison Tausende von Menschen an, um diesen Park in der Vend\u00e9e zu entdecken. Der Puy du Fou [&hellip;]<\/p>\n","protected":false},"author":1,"featured_media":1994,"parent":2882,"menu_order":28,"comment_status":"closed","ping_status":"closed","template":"wp-custom-template-sous-pages-blog-articles","meta":{"_acf_changed":false,"_seopress_robots_primary_cat":"","_seopress_titles_title":"Puy du Fou - Historischer Themenpark in der Vend\u00e9e","_seopress_titles_desc":"Der Puy du Fou, 1,5 Stunden vom Campingplatz Parfums d'\u00c9t\u00e9 entfernt, bietet immersive Shows, die die Geschichte Frankreichs nachzeichnen.","_seopress_robots_index":"","_gt_ctv_global_id":"","_gt_ctv_id_group":false,"inline_featured_image":false,"gt_fse_maillage_image":"https:\/\/camping-parfums-ete.fr\/wp-content\/uploads\/2025\/09\/blog-1-puy-du-fou.webp","gt_fse_maillage_titre":"Puy du Fou","gt_fse_maillage_alt":"blog puy du fou","gt_fse_maillage_resume":"","footnotes":""},"categories":[],"tags":[],"class_list":["post-2954","page","type-page","status-publish","has-post-thumbnail","hentry"],"acf":[],"_links":{"self":[{"href":"https:\/\/camping-parfums-ete.fr\/de\/wp-json\/wp\/v2\/pages\/2954","targetHints":{"allow":["GET"]}}],"collection":[{"href":"https:\/\/camping-parfums-ete.fr\/de\/wp-json\/wp\/v2\/pages"}],"about":[{"href":"https:\/\/camping-parfums-ete.fr\/de\/wp-json\/wp\/v2\/types\/page"}],"author":[{"embeddable":true,"href":"https:\/\/camping-parfums-ete.fr\/de\/wp-json\/wp\/v2\/users\/1"}],"replies":[{"embeddable":true,"href":"https:\/\/camping-parfums-ete.fr\/de\/wp-json\/wp\/v2\/comments?post=2954"}],"version-history":[{"count":0,"href":"https:\/\/camping-parfums-ete.fr\/de\/wp-json\/wp\/v2\/pages\/2954\/revisions"}],"up":[{"embeddable":true,"href":"https:\/\/camping-parfums-ete.fr\/de\/wp-json\/wp\/v2\/pages\/2882"}],"wp:featuredmedia":[{"embeddable":true,"href":"https:\/\/camping-parfums-ete.fr\/de\/wp-json\/wp\/v2\/media\/1994"}],"wp:attachment":[{"href":"https:\/\/camping-parfums-ete.fr\/de\/wp-json\/wp\/v2\/media?parent=2954"}],"wp:term":[{"taxonomy":"category","embeddable":true,"href":"https:\/\/camping-parfums-ete.fr\/de\/wp-json\/wp\/v2\/categories?post=2954"},{"taxonomy":"post_tag","embeddable":true,"href":"https:\/\/camping-parfums-ete.fr\/de\/wp-json\/wp\/v2\/tags?post=2954"}],"curies":[{"name":"wp","href":"https:\/\/api.w.org\/{rel}","templated":true}]}}