{"id":2948,"date":"2025-09-03T15:50:23","date_gmt":"2025-09-03T13:50:23","guid":{"rendered":"https:\/\/camping-parfums-ete.fr\/tourisme-vendee\/reserve-naturelle-nationale-michel-brosselin\/"},"modified":"2025-09-24T11:15:31","modified_gmt":"2025-09-24T09:15:31","slug":"reserve-naturelle-nationale-michel-brosselin","status":"publish","type":"page","link":"https:\/\/camping-parfums-ete.fr\/de\/tourismus-vendee\/reserve-naturelle-nationale-michel-brosselin\/","title":{"rendered":"Nationales Naturreservat Michel Brosselin"},"content":{"rendered":"\n<p>Seit der Gr\u00fcndung des Reservats wurden hier bereits 275 Vogelarten gez\u00e4hlt. Im Zentrum des Reservats befindet sich ein 63 m2 gro\u00dfes, gut ausgestattetes Observatorium, von dem aus Sie diesen ruhigen Ort in Begleitung von Naturf\u00fchrern und Animateuren erkunden k\u00f6nnen. Wie in allen Naturschutzgebieten wird vor allem der Lebensraum mit seiner gesamten Fauna und Flora gesch\u00fctzt. Seit 1976 wurden im Rahmen von Bestandsaufnahmen und naturalistischen Beobachtungen folgende Arten erfasst: 339 Pflanzenarten, 820 Insektenarten, 91 Spinnenarten, 29 S\u00e4ugetierarten, 17 Fischarten, 11 Amphibienarten, 8 Reptilienarten&#8230;   <\/p>\n\n<p>Um diesen Reichtum und die f\u00fcr seine Fauna notwendige Ruhe bestm\u00f6glich zu bewahren, ist der Zugang zum Naturschutzgebiet reglementiert und nur w\u00e4hrend der \u00d6ffnungszeiten f\u00fcr Besichtigungen und Veranstaltungen m\u00f6glich.<br\/><\/p>\n\n<div class=\"wp-block-group has-custom-color-1-color has-custom-color-2-background-color has-text-color has-background has-link-color wp-elements-f258038545a70857f29608edbc807c1e has-global-padding is-layout-constrained wp-container-core-group-is-layout-0d0226ac wp-block-group-is-layout-constrained\" style=\"border-left-width:5px;padding-top:20px;padding-right:20px;padding-bottom:20px;padding-left:20px\">\n<p class=\"has-base-2-color has-text-color has-link-color wp-elements-ca27d0ad27d078c7acdbbb3cbf9c410d\"><strong>Praktische Informationen :<\/strong> Entfernung vom Campingplatz : 31 km<\/p>\n<\/div>\n\n<div style=\"height:20px\" aria-hidden=\"true\" class=\"wp-block-spacer gt-hide-mobile\"><\/div>\n\n<div class=\"wp-block-buttons is-layout-flex wp-block-buttons-is-layout-flex\">\n<div class=\"wp-block-button btn-2 is-style-outline is-style-outline--1\"><a class=\"wp-block-button__link has-custom-color-3-color has-text-color has-link-color has-border-color has-custom-color-3-border-color has-custom-font-size wp-element-button\" href=\"https:\/\/www.reservenaturelle-saintdenisdupayre.fr\/\" style=\"border-width:2px;border-radius:0px;padding-top:10px;padding-right:30px;padding-bottom:10px;padding-left:30px;font-size:clamp(14.642px, 0.915rem + ((1vw - 3.2px) * 0.766), 22px);font-style:normal;font-weight:600\">\u00d6ffnungszeiten und Preise<\/a><\/div>\n<\/div>\n","protected":false},"excerpt":{"rendered":"<p>Seit der Gr\u00fcndung des Reservats wurden hier bereits 275 Vogelarten gez\u00e4hlt. Im Zentrum des Reservats befindet sich ein 63 m2 gro\u00dfes, gut ausgestattetes Observatorium, von dem aus Sie diesen ruhigen Ort in Begleitung von Naturf\u00fchrern und Animateuren erkunden k\u00f6nnen. Wie in allen Naturschutzgebieten wird vor allem der Lebensraum mit seiner gesamten Fauna und Flora gesch\u00fctzt. [&hellip;]<\/p>\n","protected":false},"author":1,"featured_media":2008,"parent":2882,"menu_order":0,"comment_status":"closed","ping_status":"closed","template":"wp-custom-template-sous-pages-blog-articles","meta":{"_acf_changed":false,"_seopress_robots_primary_cat":"","_seopress_titles_title":"R\u00e9serve Naturelle Michel Brosselin - Vogelschutzgebiet in der Vend\u00e9e","_seopress_titles_desc":"Das Nationale Naturschutzgebiet Michel Brosselin in der N\u00e4he des Campingplatzes Parfums d'\u00c9t\u00e9 ist eine Oase f\u00fcr Zugv\u00f6gel und Naturliebhaber.","_seopress_robots_index":"","_gt_ctv_global_id":"","_gt_ctv_id_group":false,"inline_featured_image":false,"gt_fse_maillage_image":"https:\/\/camping-parfums-ete.fr\/wp-content\/uploads\/2025\/09\/blog-1-reserve-naturelle-nationale-michel-brosselin.webp","gt_fse_maillage_titre":"Nationales Naturreservat Michel Brosselin","gt_fse_maillage_alt":"Nationales Naturreservat Michel Brosselin","gt_fse_maillage_resume":"","footnotes":""},"categories":[],"tags":[],"class_list":["post-2948","page","type-page","status-publish","has-post-thumbnail","hentry"],"acf":[],"_links":{"self":[{"href":"https:\/\/camping-parfums-ete.fr\/de\/wp-json\/wp\/v2\/pages\/2948","targetHints":{"allow":["GET"]}}],"collection":[{"href":"https:\/\/camping-parfums-ete.fr\/de\/wp-json\/wp\/v2\/pages"}],"about":[{"href":"https:\/\/camping-parfums-ete.fr\/de\/wp-json\/wp\/v2\/types\/page"}],"author":[{"embeddable":true,"href":"https:\/\/camping-parfums-ete.fr\/de\/wp-json\/wp\/v2\/users\/1"}],"replies":[{"embeddable":true,"href":"https:\/\/camping-parfums-ete.fr\/de\/wp-json\/wp\/v2\/comments?post=2948"}],"version-history":[{"count":0,"href":"https:\/\/camping-parfums-ete.fr\/de\/wp-json\/wp\/v2\/pages\/2948\/revisions"}],"up":[{"embeddable":true,"href":"https:\/\/camping-parfums-ete.fr\/de\/wp-json\/wp\/v2\/pages\/2882"}],"wp:featuredmedia":[{"embeddable":true,"href":"https:\/\/camping-parfums-ete.fr\/de\/wp-json\/wp\/v2\/media\/2008"}],"wp:attachment":[{"href":"https:\/\/camping-parfums-ete.fr\/de\/wp-json\/wp\/v2\/media?parent=2948"}],"wp:term":[{"taxonomy":"category","embeddable":true,"href":"https:\/\/camping-parfums-ete.fr\/de\/wp-json\/wp\/v2\/categories?post=2948"},{"taxonomy":"post_tag","embeddable":true,"href":"https:\/\/camping-parfums-ete.fr\/de\/wp-json\/wp\/v2\/tags?post=2948"}],"curies":[{"name":"wp","href":"https:\/\/api.w.org\/{rel}","templated":true}]}}