{"id":2933,"date":"2025-09-03T15:34:28","date_gmt":"2025-09-03T13:34:28","guid":{"rendered":"https:\/\/camping-parfums-ete.fr\/tourisme-vendee\/pointe-du-payre\/"},"modified":"2025-09-24T11:15:32","modified_gmt":"2025-09-24T09:15:32","slug":"pointe-du-payre","status":"publish","type":"page","link":"https:\/\/camping-parfums-ete.fr\/de\/tourismus-vendee\/pointe-du-payre\/","title":{"rendered":"Pointe du Payr\u00e9"},"content":{"rendered":"\n<p>Die Pointe du Payr\u00e9 ist einer der sch\u00f6nsten Spazierg\u00e4nge in der Vend\u00e9e. Bei einem Spaziergang durch dieses Gebiet, das sich im Besitz des K\u00fcstenkonservatoriums befindet, kann man einen der sch\u00f6nsten Steineichenw\u00e4lder der Atlantikk\u00fcste entdecken. Die hier lebenden Pflanzen haben sich in vielerlei Hinsicht an die Gischt und den Boden angepasst. Sie bieten daher eine Vielzahl von Formen und Farben.     <\/p>\n\n<p>Auf einem Pfad \u00fcber die Klippen kann man sich mit der geologischen Geschichte der s\u00fcdlichen Vend\u00e9e auseinandersetzen. Die verschiedenen geologischen Schichten bieten uns Farben, die von Blau bis Ocker variieren. Durch den starken anthropogenen Druck wird diese Klippe jedoch nach und nach zur\u00fcckgedr\u00e4ngt und k\u00f6nnte, wenn sie nicht gesch\u00fctzt wird, sehr schnell verschwinden.  <\/p>\n\n<div class=\"wp-block-group has-custom-color-1-color has-custom-color-2-background-color has-text-color has-background has-link-color wp-elements-688525fc1087c34ba4b97dbf978ab653 has-global-padding is-layout-constrained wp-container-core-group-is-layout-0d0226ac wp-block-group-is-layout-constrained\" style=\"border-left-width:5px;padding-top:20px;padding-right:20px;padding-bottom:20px;padding-left:20px\">\n<p class=\"has-base-2-color has-text-color has-link-color wp-elements-9e44111b684b35d38a7398f089f61f12\"><strong>Praktische Informationen:<\/strong> Start auf dem Parkplatz des Strandes der Mine &#8211; Jard s\/Mer, gef\u00fchrte Besichtigung nach Reservierung (Dauer 3 Stunden)<\/p>\n<\/div>\n","protected":false},"excerpt":{"rendered":"<p>Die Pointe du Payr\u00e9 ist einer der sch\u00f6nsten Spazierg\u00e4nge in der Vend\u00e9e. Bei einem Spaziergang durch dieses Gebiet, das sich im Besitz des K\u00fcstenkonservatoriums befindet, kann man einen der sch\u00f6nsten Steineichenw\u00e4lder der Atlantikk\u00fcste entdecken. Die hier lebenden Pflanzen haben sich in vielerlei Hinsicht an die Gischt und den Boden angepasst. Sie bieten daher eine Vielzahl [&hellip;]<\/p>\n","protected":false},"author":1,"featured_media":1986,"parent":2882,"menu_order":22,"comment_status":"closed","ping_status":"closed","template":"wp-custom-template-sous-pages-blog-articles","meta":{"_acf_changed":false,"_seopress_robots_primary_cat":"","_seopress_titles_title":"Pointe du Payr\u00e9 - Nat\u00fcrlicher Standort in Jard-sur-Mer","_seopress_titles_desc":"Die Pointe du Payr\u00e9, 5 Minuten vom Campingplatz Parfums d'\u00c9t\u00e9 entfernt, bietet einen nat\u00fcrlichen Rahmen f\u00fcr Spazierg\u00e4nge zwischen Meer und S\u00fcmpfen.","_seopress_robots_index":"","_gt_ctv_global_id":"","_gt_ctv_id_group":false,"inline_featured_image":false,"gt_fse_maillage_image":"https:\/\/camping-parfums-ete.fr\/wp-content\/uploads\/2025\/09\/blog-1-pointe-du-payre.webp","gt_fse_maillage_titre":"Pointe du Payr\u00e9","gt_fse_maillage_alt":"Pointe du Payr\u00e9","gt_fse_maillage_resume":"","footnotes":""},"categories":[],"tags":[],"class_list":["post-2933","page","type-page","status-publish","has-post-thumbnail","hentry"],"acf":[],"_links":{"self":[{"href":"https:\/\/camping-parfums-ete.fr\/de\/wp-json\/wp\/v2\/pages\/2933","targetHints":{"allow":["GET"]}}],"collection":[{"href":"https:\/\/camping-parfums-ete.fr\/de\/wp-json\/wp\/v2\/pages"}],"about":[{"href":"https:\/\/camping-parfums-ete.fr\/de\/wp-json\/wp\/v2\/types\/page"}],"author":[{"embeddable":true,"href":"https:\/\/camping-parfums-ete.fr\/de\/wp-json\/wp\/v2\/users\/1"}],"replies":[{"embeddable":true,"href":"https:\/\/camping-parfums-ete.fr\/de\/wp-json\/wp\/v2\/comments?post=2933"}],"version-history":[{"count":0,"href":"https:\/\/camping-parfums-ete.fr\/de\/wp-json\/wp\/v2\/pages\/2933\/revisions"}],"up":[{"embeddable":true,"href":"https:\/\/camping-parfums-ete.fr\/de\/wp-json\/wp\/v2\/pages\/2882"}],"wp:featuredmedia":[{"embeddable":true,"href":"https:\/\/camping-parfums-ete.fr\/de\/wp-json\/wp\/v2\/media\/1986"}],"wp:attachment":[{"href":"https:\/\/camping-parfums-ete.fr\/de\/wp-json\/wp\/v2\/media?parent=2933"}],"wp:term":[{"taxonomy":"category","embeddable":true,"href":"https:\/\/camping-parfums-ete.fr\/de\/wp-json\/wp\/v2\/categories?post=2933"},{"taxonomy":"post_tag","embeddable":true,"href":"https:\/\/camping-parfums-ete.fr\/de\/wp-json\/wp\/v2\/tags?post=2933"}],"curies":[{"name":"wp","href":"https:\/\/api.w.org\/{rel}","templated":true}]}}