{"id":2931,"date":"2025-09-03T14:11:03","date_gmt":"2025-09-03T12:11:03","guid":{"rendered":"https:\/\/camping-parfums-ete.fr\/tourisme-vendee\/jard-sur-mer\/"},"modified":"2025-09-24T11:15:30","modified_gmt":"2025-09-24T09:15:30","slug":"jard-sur-mer","status":"publish","type":"page","link":"https:\/\/camping-parfums-ete.fr\/de\/tourismus-vendee\/jard-sur-mer\/","title":{"rendered":"Jard-sur-Mer"},"content":{"rendered":"\n<p><strong>Jard-sur-Mer<\/strong> ist eine K\u00fcstenstadt, in der es sich gut leben l\u00e4sst. Man kommt hierher, um spazieren zu gehen, sich zu erholen, neue Kraft zu sch\u00f6pfen und zu baden. Ob mit der Familie, mit Freunden oder f\u00fcr ein romantisches Wochenende, die <strong>C\u00f4te de Lumi\u00e8re<\/strong> erstrahlt in tausend Lichtern. Ihre Architektur tr\u00e4gt ebenfalls dazu bei, sie zu einem Touristenort zu machen. Sportler kommen mit angenehmen Wanderungen, die ein herrliches Panorama auf den Atlantischen Ozean bieten, nicht zu kurz. Jard-sur-Mer ist eine Gemeinde, die Sie mit offenen Armen empf\u00e4ngt. Besuchen Sie sie!      <\/p>\n\n<h2 class=\"wp-block-heading has-custom-color-1-color has-text-color has-link-color has-retcaro-font-family wp-elements-b0102bf26faea6a468658651df423cb3\" style=\"font-size:clamp(1.743rem, 1.743rem + ((1vw - 0.2rem) * 2.095), 3rem);line-height:1\">Jard-sur-Mer besuchen<\/h2>\n\n<p>Sport, Kultur, Freizeit &#8211; Jard-sur-Mer ist eine angenehme Stadt f\u00fcr Gro\u00df und Klein. F\u00fcr ein Wochenende oder einen l\u00e4ngeren Aufenthalt stehen zahlreiche Aktivit\u00e4ten zur Verf\u00fcgung. Wandern Sie auf dem Wanderweg <a href=\"https:\/\/camping-parfums-ete.fr\/alentours\/pointe-du-payre\/\">Pointe du Payr\u00e9<\/a>; besuchen Sie die M\u00e4rkte, um lokale Spezialit\u00e4ten zu probieren; erholen Sie sich am <strong>Strand von Boisvinet<\/strong>; probieren Sie die gastronomischen Traditionen der Region in einem der Restaurants der Stadt. In Jard-sur-Mer ist es unm\u00f6glich, sich zu langweilen. Ein Aufenthalt auf dem <strong>Campingplatz<\/strong> Parfums d&#8217;\u00e9t\u00e9 <strong>in Jard-sur-Mer<\/strong> ist ideal, um alles in der N\u00e4he zu haben. Er liegt nur <strong>400 Meter vom Meer<\/strong> entfernt und ist der perfekte Ort, um es zu genie\u00dfen.     <\/p>\n\n<h2 class=\"wp-block-heading has-custom-color-1-color has-text-color has-link-color has-retcaro-font-family wp-elements-99ce10be32e42c38b70a9ca776a9ec46\" style=\"font-size:clamp(1.265rem, 1.265rem + ((1vw - 0.2rem) * 1.275), 2.03rem);line-height:1\">Jard-sur-Mer, seine Geschichte, seine Naturlandschaften<\/h2>\n\n<p><strong>Jard-sur-Mer<\/strong> tr\u00e4gt sein Motto zu Recht: &#8222;en tout temps, je brille&#8220;. Als historische Stadt, die direkt am Meer liegt, ist es eine Postkartenlandschaft, die man hier entdecken kann. In der Antike befanden sich an der K\u00fcste der Vend\u00e9e Lagerh\u00e4user und Basiliken. Die Stadt war eine Drehscheibe f\u00fcr den Handel. Es gibt atemberaubende Landschaften wie La <strong>Ragounite<\/strong>. An diesem wundersch\u00f6nen Strand scheinen die Felsen im Meer zu liegen. Man f\u00fchlt sich dort wie allein auf der Welt!      <\/p>\n\n<h3 class=\"wp-block-heading has-custom-color-1-color has-text-color has-link-color has-retcaro-font-family wp-elements-6d90bf02e1bd6b7e7b3d35e975192bf8\" style=\"font-size:clamp(1.25rem, 1.25rem + ((1vw - 0.2rem) * 1.25), 2rem);line-height:1\">Die M\u00e4rkte in Jard-sur-Mer<\/h3>\n\n<p>Ob Floh- oder Stra\u00dfenmarkt, in Jard-sur-Mer gibt es unz\u00e4hlige St\u00e4nde, auch au\u00dferhalb der Saison. Die Atmosph\u00e4re ist hier besonders und sehr herzlich. Hier findet man eine gro\u00dfe Auswahl an regionalen und handwerklichen Produkten. Mehrere hundert Aussteller reihen ihre voll ausgestatteten St\u00e4nde entlang der wuseligen Alleen auf. Eine gute M\u00f6glichkeit, um nach sch\u00f6nen Souvenirs zu suchen, die man von einem angenehmen Aufenthalt am Meer mit nach Hause nehmen kann.    <\/p>\n\n<p>Jeden Montagmorgen von 8.00 bis 13.00 Uhr <strong>auf dem Place des Ormeaux<\/strong> ist der Wochenmarkt von Jard-sur-Mer in vollem Gange. Mit etwa 150 H\u00e4ndlern ist dieser Markt auf regionaler Ebene bekannt und ein Muss w\u00e4hrend Ihres Campingurlaubs in der Vend\u00e9e. <\/p>\n\n<h3 class=\"wp-block-heading has-custom-color-1-color has-text-color has-link-color has-retcaro-font-family wp-elements-4ca81213ce43bbaf78235895a06423a8\" style=\"font-size:clamp(1.25rem, 1.25rem + ((1vw - 0.2rem) * 1.25), 2rem);line-height:1\">Wanderungen und Radwege in Jard-sur-Mer<\/h3>\n\n<p>Die Stadt liegt ideal <strong>am Atlantischen Ozean<\/strong> und beherbergt eine bemerkenswerte Flora und Fauna. Es ist sch\u00f6n, hierher zu kommen, um neue Energie zu tanken oder sich in einer entspannenden Umgebung zu bewegen. Radfahren ist eine gute M\u00f6glichkeit, diese K\u00fcste zu erkunden, die ungeahnte Sch\u00e4tze verbirgt. Les Marais, <strong>Plage du Goulet<\/strong>, die Bucht von Cayola &#8230;: Auf zahlreichen Radwegen k\u00f6nnen Sportler oder Familien auf der Suche nach Abenteuern magische Orte entdecken. F\u00fcr diejenigen, die lieber zu Fu\u00df gehen und anhalten, um Fotos zu machen, gibt es ausgeschilderte Wanderwege, auf denen man nichts verpassen kann. Die alte Windm\u00fchle ausgehend von der <strong>Plage du Bouil<\/strong>, der Pfad zur <strong>Pointe du Payr\u00e9<\/strong>, die <strong>S\u00fcmpfe von Veillon<\/strong>&#8230;: Es gibt viele Orte, an denen man sich verewigen kann!     <\/p>\n\n<h3 class=\"wp-block-heading has-custom-color-1-color has-text-color has-link-color has-retcaro-font-family wp-elements-fdfe2b49f05d98314cc94cb449510a81\" style=\"font-size:clamp(1.25rem, 1.25rem + ((1vw - 0.2rem) * 1.25), 2rem);line-height:1\">Was man mit der Familie in Jard-sur-Mer unternehmen kann<\/h3>\n\n<p>Kinos, Schwimmen am Strand, Freizeitpark (Water Fun), Waldspazierg\u00e4nge, Ausritte&#8230;: Es gibt zahlreiche Aktivit\u00e4ten, die sowohl den Kleinen als auch den Gro\u00dfen Freude bereiten. Jard-sur-Mer ist der ideale Ort, um sich bleibende Erinnerungen zu schaffen. Die Vegetation ist in der Stadt allgegenw\u00e4rtig und \u00fcberragt den Strand f\u00fcr einen garantierten Wow-Effekt.  <\/p>\n\n<h2 class=\"wp-block-heading has-custom-color-1-color has-text-color has-link-color has-retcaro-font-family wp-elements-51103b2e048c27e601fe8f261e133aca\" style=\"font-size:clamp(1.743rem, 1.743rem + ((1vw - 0.2rem) * 2.095), 3rem);line-height:1\">Was kann man in der Umgebung von Jard-sur-mer in der Vend\u00e9e unternehmen?<\/h2>\n\n<p>Jard-sur-Mer lockt mit seiner bukolischen und romantischen Seite. Aber es ist die gesamte <strong>Vend\u00e9e<\/strong>, die man besuchen sollte. Die Orte sind paradiesisch und es gibt zahlreiche Aktivit\u00e4ten. Es ist unm\u00f6glich, sich zu langweilen. Ob Sie nun Sport treiben, faulenzen, essen, die Natur entdecken oder mit der Familie spielen m\u00f6chten, Sie werden auf jeden Fall bedient. Die umliegenden Sehensw\u00fcrdigkeiten sind \u00fcbrigens auch f\u00fcr Kulturinteressierte interessant. Als touristischer H\u00f6hepunkt in der N\u00e4he ist das <a href=\"https:\/\/camping-parfums-ete.fr\/alentours\/chateau-de-talmont\/\">Schloss Talmont-Saint-Hilaire<\/a> nicht zu \u00fcbersehen. Es liegt nur sieben Kilometer von der Stadt entfernt und bietet eine \u00fcppige Natur, durch die man gerne streift. In den Sommermonaten sollten Sie es nicht vers\u00e4umen, eine Auff\u00fchrung an diesem wahrhaft magischen Ort zu besuchen!        <\/p>\n\n<h3 class=\"wp-block-heading has-custom-color-1-color has-text-color has-link-color has-retcaro-font-family wp-elements-8bdeb502f71485afea9978c6bb5bc003\" style=\"font-size:clamp(1.25rem, 1.25rem + ((1vw - 0.2rem) * 1.25), 2rem);line-height:1\">Angenehme St\u00e4dte \u00fcberall in der Vend\u00e9e<\/h3>\n\n<p>Auch die umliegenden St\u00e4dte sind landschaftlich reizvolle Orte, um sich zu erholen: Longeville-sur-Mer, La <a href=\"https:\/\/camping-parfums-ete.fr\/alentours\/visiter-et-sejourner-pres-de-la-tranche-sur-mer-en-vendee\/\">Tranche sur<\/a> Mer, Ars-en-R\u00e9, La Faute-sur-Mer usw. Diese St\u00e4dte reihen sich aneinander und sind alle gleicherma\u00dfen charmant und malerisch. Sie liegen weniger als drei\u00dfig Kilometer von <a href=\"https:\/\/www.ville-jardsurmer.fr\/\" target=\"_blank\" rel=\"noreferrer noopener\">Jard-sur-Mer<\/a> entfernt und man kommt hierher, um die Str\u00e4nde, die Nachtclubs oder die Restaurants, die \u00fcppige Natur und das L\u00e4cheln der Einwohner zu entdecken.  <\/p>\n\n<h3 class=\"wp-block-heading has-custom-color-1-color has-text-color has-link-color has-retcaro-font-family wp-elements-1879fb66e33edd1f8c21e0a91adc1820\" style=\"font-size:clamp(1.25rem, 1.25rem + ((1vw - 0.2rem) * 1.25), 2rem);line-height:1\">Str\u00e4nde, so weit das Auge reicht<\/h3>\n\n<p>Die 25 km langen Str\u00e4nde scheinen endlos zu sein: Willkommen in Les <strong>Sables d&#8217;Olonne<\/strong>! Der Leuchtturm, das Kasino, die Restaurants entlang der Corniche, der Hafen&#8230;: Die Stadt versteht es, Kultur und Natur perfekt miteinander zu verbinden. Einer der paradiesischsten Orte der Region ist die Pointe du Payr\u00e9. Diese unumg\u00e4ngliche Naturst\u00e4tte ist ein wahres Schmuckk\u00e4stchen, das \u00fcber markierte Wanderwege leicht zug\u00e4nglich ist.  <\/p>\n\n<h2 class=\"wp-block-heading has-custom-color-1-color has-text-color has-link-color has-retcaro-font-family wp-elements-d9277e8397136b95b3f819cb494dafa1\" style=\"font-size:clamp(1.743rem, 1.743rem + ((1vw - 0.2rem) * 2.095), 3rem);line-height:1\">Wo kann man auf dem Campingplatz in Jard-sur-Mer \u00fcbernachten?<\/h2>\n\n<p>Nur 400 Meter vom Strand und 500 Meter vom Stadtzentrum entfernt empf\u00e4ngt Sie der <strong>Campingplatz Parfums d&#8217;\u00c9t\u00e9<\/strong> das ganze Jahr \u00fcber in einer gr\u00fcnen Naturlandschaft. Als <strong>4-Sterne-Campingplatz in der Vend\u00e9e<\/strong> ist die Infrastruktur perfekt auf einen entspannten und komfortablen Aufenthalt ausgelegt. In einem f\u00fcr die Vend\u00e9e typischen Kiefernwald gelegen, beherbergen <strong>Stellpl\u00e4tze<\/strong> f\u00fcr Zelte, Wohnmobile, Wohnwagen, aber auch <strong>Mobilheime<\/strong> die Urlauber. F\u00fcr diejenigen, die eine <strong>ungew\u00f6hnliche Nacht in der Vend\u00e9e<\/strong> verbringen m\u00f6chten, stehen au\u00dferdem Zigeunerwagen oder sogar \u00d6kolodges zur Verf\u00fcgung.  <\/p>\n\n<p>Der Campingplatz bietet zahlreiche Aktivit\u00e4ten, sodass sich jeder besch\u00e4ftigen kann. Spielplatz, Kinderclub, Sportpl\u00e4tze&#8230; B\u00fchne frei f\u00fcr Spa\u00df und das Leben im Freien! Hier kann man zwischen zwei Wanderungen oder Radtouren Sport treiben. P\u00e9tanque zum Aperitif, Tischtennis mit Ihren Teenagern oder ein bisschen Fu\u00dfball unter Freunden.   <\/p>\n\n<p>Auf diesem \u00f6kologischen Campingplatz kommt die Natur wieder zu ihrem Recht. Autos sind verboten; alles ist zu Fu\u00df erreichbar, sei es f\u00fcr Aktivit\u00e4ten oder zum Einkaufen. Es ist eine wahre Freude, inmitten einer gesch\u00fctzten Flora und Fauna zu wohnen. Im Herzen von <strong>Jard-sur-Mer<\/strong> ist der Campingplatz Parfums d&#8217;\u00c9t\u00e9 der ideale Ort, um sich zu erholen. Faulenzer- oder Sporturlaub; Kultur- oder Natururlaub; Urlaub mit der Familie, zu zweit oder mit Freunden&#8230; Sie entscheiden selbst, welche Art von Aufenthalt Ihnen gef\u00e4llt. Der Campingplatz bietet Ihnen daf\u00fcr ein sch\u00f6nes, nach Sommer duftendes Schmuckk\u00e4stchen in unmittelbarer N\u00e4he der K\u00fcste der Vend\u00e9e.     <\/p>\n","protected":false},"excerpt":{"rendered":"<p>Jard-sur-Mer ist eine K\u00fcstenstadt, in der es sich gut leben l\u00e4sst. Man kommt hierher, um spazieren zu gehen, sich zu erholen, neue Kraft zu sch\u00f6pfen und zu baden. Ob mit der Familie, mit Freunden oder f\u00fcr ein romantisches Wochenende, die C\u00f4te de Lumi\u00e8re erstrahlt in tausend Lichtern. Ihre Architektur tr\u00e4gt ebenfalls dazu bei, sie zu [&hellip;]<\/p>\n","protected":false},"author":1,"featured_media":1867,"parent":2882,"menu_order":0,"comment_status":"closed","ping_status":"closed","template":"wp-custom-template-sous-pages-blog-articles","meta":{"_acf_changed":false,"_seopress_robots_primary_cat":"","_seopress_titles_title":"Jard-sur-Mer - Charmantes K\u00fcstendorf in der Vend\u00e9e","_seopress_titles_desc":"Entdecken Sie Jard-sur-Mer: Str\u00e4nde, K\u00fcstenpfade und eine authentische Atmosph\u00e4re. Nur wenige Minuten vom Campingplatz Parfums d'\u00c9t\u00e9 entfernt, f\u00fcr einen heiteren Urlaub. ","_seopress_robots_index":"","_gt_ctv_global_id":"","_gt_ctv_id_group":false,"inline_featured_image":false,"gt_fse_maillage_image":"https:\/\/camping-parfums-ete.fr\/wp-content\/uploads\/2025\/09\/blog-1-Jard-sur-Mer.webp","gt_fse_maillage_titre":"Jard-sur-Mer","gt_fse_maillage_alt":"Jard-sur-Mer","gt_fse_maillage_resume":"","footnotes":""},"categories":[],"tags":[],"class_list":["post-2931","page","type-page","status-publish","has-post-thumbnail","hentry"],"acf":[],"_links":{"self":[{"href":"https:\/\/camping-parfums-ete.fr\/de\/wp-json\/wp\/v2\/pages\/2931","targetHints":{"allow":["GET"]}}],"collection":[{"href":"https:\/\/camping-parfums-ete.fr\/de\/wp-json\/wp\/v2\/pages"}],"about":[{"href":"https:\/\/camping-parfums-ete.fr\/de\/wp-json\/wp\/v2\/types\/page"}],"author":[{"embeddable":true,"href":"https:\/\/camping-parfums-ete.fr\/de\/wp-json\/wp\/v2\/users\/1"}],"replies":[{"embeddable":true,"href":"https:\/\/camping-parfums-ete.fr\/de\/wp-json\/wp\/v2\/comments?post=2931"}],"version-history":[{"count":0,"href":"https:\/\/camping-parfums-ete.fr\/de\/wp-json\/wp\/v2\/pages\/2931\/revisions"}],"up":[{"embeddable":true,"href":"https:\/\/camping-parfums-ete.fr\/de\/wp-json\/wp\/v2\/pages\/2882"}],"wp:featuredmedia":[{"embeddable":true,"href":"https:\/\/camping-parfums-ete.fr\/de\/wp-json\/wp\/v2\/media\/1867"}],"wp:attachment":[{"href":"https:\/\/camping-parfums-ete.fr\/de\/wp-json\/wp\/v2\/media?parent=2931"}],"wp:term":[{"taxonomy":"category","embeddable":true,"href":"https:\/\/camping-parfums-ete.fr\/de\/wp-json\/wp\/v2\/categories?post=2931"},{"taxonomy":"post_tag","embeddable":true,"href":"https:\/\/camping-parfums-ete.fr\/de\/wp-json\/wp\/v2\/tags?post=2931"}],"curies":[{"name":"wp","href":"https:\/\/api.w.org\/{rel}","templated":true}]}}