{"id":2924,"date":"2025-09-03T16:00:51","date_gmt":"2025-09-03T14:00:51","guid":{"rendered":"https:\/\/camping-parfums-ete.fr\/tourisme-vendee\/zoo-des-sables\/"},"modified":"2025-09-24T11:15:32","modified_gmt":"2025-09-24T09:15:32","slug":"zoo-des-sables","status":"publish","type":"page","link":"https:\/\/camping-parfums-ete.fr\/de\/tourismus-vendee\/zoo-des-sables\/","title":{"rendered":"Zoo in Les Sables d&#8217;Olonne"},"content":{"rendered":"\n<p>Der Zoo von Les Sables d&#8217;Olonne, die zweitgr\u00f6\u00dfte Touristenattraktion in der Vend\u00e9e, ist eine 3 Hektar gro\u00dfe gr\u00fcne Insel mit \u00f6kologischer Ausrichtung. Eine Umweltpolitik wurde eingef\u00fchrt, um seine negativen Auswirkungen auf die Umwelt zu begrenzen: Kompostierung, Verwendung von Recyclingmaterial, Einschr\u00e4nkung des Einsatzes giftiger Produkte&#8230;.. <\/p>\n\n<p>In einer nat\u00fcrlichen und gr\u00fcnen Umgebung beherbergt er rund 360 Tiere, die zu etwa 50 bedrohten Arten geh\u00f6ren: Giraffen, Pandas, L\u00f6wen, Gibbons, Papageien.<\/p>\n\n<div class=\"wp-block-group has-custom-color-1-color has-custom-color-2-background-color has-text-color has-background has-link-color wp-elements-7a55b390b04c7526a6d389310bf1b83d has-global-padding is-layout-constrained wp-container-core-group-is-layout-0d0226ac wp-block-group-is-layout-constrained\" style=\"border-left-width:5px;padding-top:20px;padding-right:20px;padding-bottom:20px;padding-left:20px\">\n<p class=\"has-base-2-color has-text-color has-link-color wp-elements-d9714e7644fd168da49f593486b82e13\"><strong>Praktische Informationen :<\/strong> Entfernung vom Campingplatz : 19 km<\/p>\n<\/div>\n\n<div style=\"height:20px\" aria-hidden=\"true\" class=\"wp-block-spacer gt-hide-mobile\"><\/div>\n\n<div class=\"wp-block-buttons is-layout-flex wp-block-buttons-is-layout-flex\">\n<div class=\"wp-block-button btn-2 is-style-outline is-style-outline--1\"><a class=\"wp-block-button__link has-custom-color-3-color has-text-color has-link-color has-border-color has-custom-color-3-border-color has-custom-font-size wp-element-button\" href=\"https:\/\/www.zoodessables.fr\/\" style=\"border-width:2px;border-radius:0px;padding-top:10px;padding-right:30px;padding-bottom:10px;padding-left:30px;font-size:clamp(14.642px, 0.915rem + ((1vw - 3.2px) * 0.766), 22px);font-style:normal;font-weight:600\">\u00d6ffnungszeiten und Preise<\/a><\/div>\n<\/div>\n","protected":false},"excerpt":{"rendered":"<p>Der Zoo von Les Sables d&#8217;Olonne, die zweitgr\u00f6\u00dfte Touristenattraktion in der Vend\u00e9e, ist eine 3 Hektar gro\u00dfe gr\u00fcne Insel mit \u00f6kologischer Ausrichtung. Eine Umweltpolitik wurde eingef\u00fchrt, um seine negativen Auswirkungen auf die Umwelt zu begrenzen: Kompostierung, Verwendung von Recyclingmaterial, Einschr\u00e4nkung des Einsatzes giftiger Produkte&#8230;.. In einer nat\u00fcrlichen und gr\u00fcnen Umgebung beherbergt er rund 360 Tiere, [&hellip;]<\/p>\n","protected":false},"author":1,"featured_media":2030,"parent":2882,"menu_order":23,"comment_status":"closed","ping_status":"closed","template":"wp-custom-template-sous-pages-blog-articles","meta":{"_acf_changed":false,"_seopress_robots_primary_cat":"","_seopress_titles_title":"Zoo des Sables d'Olonne - Tierpark zum Entdecken","_seopress_titles_desc":"Der Zoo von Les Sables d'Olonne, 30 Minuten vom Campingplatz Parfums d'\u00c9t\u00e9 entfernt, beherbergt eine Vielzahl von Tieren in einer nat\u00fcrlichen Umgebung.","_seopress_robots_index":"","_gt_ctv_global_id":"","_gt_ctv_id_group":false,"inline_featured_image":false,"gt_fse_maillage_image":"https:\/\/camping-parfums-ete.fr\/wp-content\/uploads\/2025\/09\/blog-1-zoo-des-sables.webp","gt_fse_maillage_titre":"Zoo in Les Sables d'Olonne","gt_fse_maillage_alt":"Zoo in Les Sables d'Olonne","gt_fse_maillage_resume":"","footnotes":""},"categories":[],"tags":[],"class_list":["post-2924","page","type-page","status-publish","has-post-thumbnail","hentry"],"acf":[],"_links":{"self":[{"href":"https:\/\/camping-parfums-ete.fr\/de\/wp-json\/wp\/v2\/pages\/2924","targetHints":{"allow":["GET"]}}],"collection":[{"href":"https:\/\/camping-parfums-ete.fr\/de\/wp-json\/wp\/v2\/pages"}],"about":[{"href":"https:\/\/camping-parfums-ete.fr\/de\/wp-json\/wp\/v2\/types\/page"}],"author":[{"embeddable":true,"href":"https:\/\/camping-parfums-ete.fr\/de\/wp-json\/wp\/v2\/users\/1"}],"replies":[{"embeddable":true,"href":"https:\/\/camping-parfums-ete.fr\/de\/wp-json\/wp\/v2\/comments?post=2924"}],"version-history":[{"count":0,"href":"https:\/\/camping-parfums-ete.fr\/de\/wp-json\/wp\/v2\/pages\/2924\/revisions"}],"up":[{"embeddable":true,"href":"https:\/\/camping-parfums-ete.fr\/de\/wp-json\/wp\/v2\/pages\/2882"}],"wp:featuredmedia":[{"embeddable":true,"href":"https:\/\/camping-parfums-ete.fr\/de\/wp-json\/wp\/v2\/media\/2030"}],"wp:attachment":[{"href":"https:\/\/camping-parfums-ete.fr\/de\/wp-json\/wp\/v2\/media?parent=2924"}],"wp:term":[{"taxonomy":"category","embeddable":true,"href":"https:\/\/camping-parfums-ete.fr\/de\/wp-json\/wp\/v2\/categories?post=2924"},{"taxonomy":"post_tag","embeddable":true,"href":"https:\/\/camping-parfums-ete.fr\/de\/wp-json\/wp\/v2\/tags?post=2924"}],"curies":[{"name":"wp","href":"https:\/\/api.w.org\/{rel}","templated":true}]}}