{"id":2914,"date":"2025-09-03T15:24:25","date_gmt":"2025-09-03T13:24:25","guid":{"rendered":"https:\/\/camping-parfums-ete.fr\/tourisme-vendee\/parc-de-la-cour-daron\/"},"modified":"2025-09-24T11:15:31","modified_gmt":"2025-09-24T09:15:31","slug":"parc-de-la-cour-daron","status":"publish","type":"page","link":"https:\/\/camping-parfums-ete.fr\/de\/tourismus-vendee\/parc-de-la-cour-daron\/","title":{"rendered":"Parc de la Cour d&#8217;Aron"},"content":{"rendered":"\n<p>Der Blumen- und Tropenpark Court d&#8217;Aron l\u00e4dt Sie zu einer wahren Weltreise des botanischen Erbes ein.<\/p>\n\n<p>Stauden und einj\u00e4hrige Pflanzen aus allen f\u00fcnf Kontinenten werden Sie ansprechen und bewundern. Jenseits der Bambusgew\u00f6lbe, der Bananenstauden und der chinesischen Palmen k\u00f6nnen Sie ab Juli die Bl\u00fcte der asiatischen Lotusblumen entdecken. Tropisches Gew\u00e4chshaus von 340 m\u00b2, japanischer Garten, Bauernhof der Vend\u00e9e, Rosengarten.    <\/p>\n\n<div class=\"wp-block-group has-custom-color-1-color has-custom-color-2-background-color has-text-color has-background has-link-color wp-elements-df06e09403d24495fd3240e8c879c904 has-global-padding is-layout-constrained wp-container-core-group-is-layout-0d0226ac wp-block-group-is-layout-constrained\" style=\"border-left-width:5px;padding-top:20px;padding-right:20px;padding-bottom:20px;padding-left:20px\">\n<p class=\"has-base-2-color has-text-color has-link-color wp-elements-3c11bd5e19e83d341363583955fd2210\"><strong>Praktische Informationen :<\/strong> Entfernung vom Campingplatz : 21 km<\/p>\n<\/div>\n\n<div style=\"height:20px\" aria-hidden=\"true\" class=\"wp-block-spacer gt-hide-mobile\"><\/div>\n\n<div class=\"wp-block-buttons is-layout-flex wp-block-buttons-is-layout-flex\">\n<div class=\"wp-block-button btn-2 is-style-outline is-style-outline--1\"><a class=\"wp-block-button__link has-custom-color-3-color has-text-color has-link-color has-border-color has-custom-color-3-border-color has-custom-font-size wp-element-button\" href=\"https:\/\/www.parcsetjardins.fr\/jardins\/1248-parc-floral-et-tropical-de-la-court-d-aron\" style=\"border-width:2px;border-radius:0px;padding-top:10px;padding-right:30px;padding-bottom:10px;padding-left:30px;font-size:clamp(14.642px, 0.915rem + ((1vw - 3.2px) * 0.766), 22px);font-style:normal;font-weight:600\">\u00d6ffnungszeiten und Preise<\/a><\/div>\n<\/div>\n","protected":false},"excerpt":{"rendered":"<p>Der Blumen- und Tropenpark Court d&#8217;Aron l\u00e4dt Sie zu einer wahren Weltreise des botanischen Erbes ein. Stauden und einj\u00e4hrige Pflanzen aus allen f\u00fcnf Kontinenten werden Sie ansprechen und bewundern. Jenseits der Bambusgew\u00f6lbe, der Bananenstauden und der chinesischen Palmen k\u00f6nnen Sie ab Juli die Bl\u00fcte der asiatischen Lotusblumen entdecken. Tropisches Gew\u00e4chshaus von 340 m\u00b2, japanischer Garten, [&hellip;]<\/p>\n","protected":false},"author":1,"featured_media":1966,"parent":2882,"menu_order":0,"comment_status":"closed","ping_status":"closed","template":"wp-custom-template-sous-pages-blog-articles","meta":{"_acf_changed":false,"_seopress_robots_primary_cat":"","_seopress_titles_title":"Parc de la Cour d'Aron - Natur und Erholung in Saint-Hilaire-de-Talmont","_seopress_titles_desc":"Der Parc de la Cour d'Aron in der N\u00e4he des Campingplatzes Parfums d'\u00c9t\u00e9 bietet mit seinen Spielpl\u00e4tzen und Gr\u00fcnfl\u00e4chen einen nat\u00fcrlichen Rahmen f\u00fcr Spazierg\u00e4nge mit der ganzen Familie.","_seopress_robots_index":"","_gt_ctv_global_id":"","_gt_ctv_id_group":false,"inline_featured_image":false,"gt_fse_maillage_image":"https:\/\/camping-parfums-ete.fr\/wp-content\/uploads\/2025\/09\/blog-1-cour-aron.webp","gt_fse_maillage_titre":"Parc de la Cour d'Aron","gt_fse_maillage_alt":"Parc de la Cour d'Aron","gt_fse_maillage_resume":"","footnotes":""},"categories":[],"tags":[],"class_list":["post-2914","page","type-page","status-publish","has-post-thumbnail","hentry"],"acf":[],"_links":{"self":[{"href":"https:\/\/camping-parfums-ete.fr\/de\/wp-json\/wp\/v2\/pages\/2914","targetHints":{"allow":["GET"]}}],"collection":[{"href":"https:\/\/camping-parfums-ete.fr\/de\/wp-json\/wp\/v2\/pages"}],"about":[{"href":"https:\/\/camping-parfums-ete.fr\/de\/wp-json\/wp\/v2\/types\/page"}],"author":[{"embeddable":true,"href":"https:\/\/camping-parfums-ete.fr\/de\/wp-json\/wp\/v2\/users\/1"}],"replies":[{"embeddable":true,"href":"https:\/\/camping-parfums-ete.fr\/de\/wp-json\/wp\/v2\/comments?post=2914"}],"version-history":[{"count":0,"href":"https:\/\/camping-parfums-ete.fr\/de\/wp-json\/wp\/v2\/pages\/2914\/revisions"}],"up":[{"embeddable":true,"href":"https:\/\/camping-parfums-ete.fr\/de\/wp-json\/wp\/v2\/pages\/2882"}],"wp:featuredmedia":[{"embeddable":true,"href":"https:\/\/camping-parfums-ete.fr\/de\/wp-json\/wp\/v2\/media\/1966"}],"wp:attachment":[{"href":"https:\/\/camping-parfums-ete.fr\/de\/wp-json\/wp\/v2\/media?parent=2914"}],"wp:term":[{"taxonomy":"category","embeddable":true,"href":"https:\/\/camping-parfums-ete.fr\/de\/wp-json\/wp\/v2\/categories?post=2914"},{"taxonomy":"post_tag","embeddable":true,"href":"https:\/\/camping-parfums-ete.fr\/de\/wp-json\/wp\/v2\/tags?post=2914"}],"curies":[{"name":"wp","href":"https:\/\/api.w.org\/{rel}","templated":true}]}}