{"id":2898,"date":"2025-09-03T14:38:32","date_gmt":"2025-09-03T12:38:32","guid":{"rendered":"https:\/\/camping-parfums-ete.fr\/tourisme-vendee\/marais-salants\/"},"modified":"2025-09-24T11:15:31","modified_gmt":"2025-09-24T09:15:31","slug":"marais-salants","status":"publish","type":"page","link":"https:\/\/camping-parfums-ete.fr\/de\/tourismus-vendee\/marais-salants\/","title":{"rendered":"Salzs\u00fcmpfe"},"content":{"rendered":"\n<p>In einer noch unber\u00fchrten Umgebung bieten die S\u00fcmpfe von La Guitti\u00e8re den Gruppen ihre ganze Vielfalt und Geschichte. Zwischen den Fl\u00fcgen der Watv\u00f6gel und den schillernden Farben sind die Saunag\u00e4nger damit besch\u00e4ftigt, die traditionellen Techniken und die Erhaltung dieses einzigartigen Ortes aufrechtzuerhalten. Die Salzgewinnung war einst der Motor der Wirtschaftst\u00e4tigkeit in der Region und h\u00e4ngt heute von der Arbeit einiger weniger Personen ab. Die Farbe des Salzes hat das Dorf schon immer ber\u00fchmt gemacht, da das Verfahren in Frankreich einzigartig ist.   <\/p>\n\n<p>Entdecken Sie in einer zweist\u00fcndigen Animation die Arbeit des Sauniers, die Funktionsweise der Fischs\u00fcmpfe und den Kreislauf des Wassers.<\/p>\n\n<div class=\"wp-block-group has-custom-color-1-color has-custom-color-2-background-color has-text-color has-background has-link-color wp-elements-ba92567cbf8c35b9fc6676f2c8224df9 has-global-padding is-layout-constrained wp-container-core-group-is-layout-0d0226ac wp-block-group-is-layout-constrained\" style=\"border-left-width:5px;padding-top:20px;padding-right:20px;padding-bottom:20px;padding-left:20px\">\n<p class=\"has-base-2-color has-text-color has-link-color wp-elements-f683131af24795444aaa34592fb49760\"><strong>Praktische Informationen :<\/strong> Entfernung zum Campingplatz : 9 km<\/p>\n<\/div>\n","protected":false},"excerpt":{"rendered":"<p>In einer noch unber\u00fchrten Umgebung bieten die S\u00fcmpfe von La Guitti\u00e8re den Gruppen ihre ganze Vielfalt und Geschichte. Zwischen den Fl\u00fcgen der Watv\u00f6gel und den schillernden Farben sind die Saunag\u00e4nger damit besch\u00e4ftigt, die traditionellen Techniken und die Erhaltung dieses einzigartigen Ortes aufrechtzuerhalten. Die Salzgewinnung war einst der Motor der Wirtschaftst\u00e4tigkeit in der Region und h\u00e4ngt [&hellip;]<\/p>\n","protected":false},"author":1,"featured_media":1898,"parent":2882,"menu_order":0,"comment_status":"closed","ping_status":"closed","template":"wp-custom-template-sous-pages-blog-articles","meta":{"_acf_changed":false,"_seopress_robots_primary_cat":"","_seopress_titles_title":"Salzs\u00fcmpfe in der Vend\u00e9e - Entdeckungsreise mit der Familie","_seopress_titles_desc":"Erkunden Sie die Salzg\u00e4rten der Vend\u00e9e: gef\u00fchrte Touren, Vogelbeobachtung und Salzernte. Nur wenige Kilometer vom Campingplatz Parfums d'\u00c9t\u00e9 entfernt. ","_seopress_robots_index":"","_gt_ctv_global_id":"","_gt_ctv_id_group":false,"inline_featured_image":false,"gt_fse_maillage_image":"https:\/\/camping-parfums-ete.fr\/wp-content\/uploads\/2025\/09\/blog-1-marais-salants.webp","gt_fse_maillage_titre":"Salzs\u00fcmpfe","gt_fse_maillage_alt":"Salzs\u00fcmpfe","gt_fse_maillage_resume":"","footnotes":""},"categories":[],"tags":[],"class_list":["post-2898","page","type-page","status-publish","has-post-thumbnail","hentry"],"acf":[],"_links":{"self":[{"href":"https:\/\/camping-parfums-ete.fr\/de\/wp-json\/wp\/v2\/pages\/2898","targetHints":{"allow":["GET"]}}],"collection":[{"href":"https:\/\/camping-parfums-ete.fr\/de\/wp-json\/wp\/v2\/pages"}],"about":[{"href":"https:\/\/camping-parfums-ete.fr\/de\/wp-json\/wp\/v2\/types\/page"}],"author":[{"embeddable":true,"href":"https:\/\/camping-parfums-ete.fr\/de\/wp-json\/wp\/v2\/users\/1"}],"replies":[{"embeddable":true,"href":"https:\/\/camping-parfums-ete.fr\/de\/wp-json\/wp\/v2\/comments?post=2898"}],"version-history":[{"count":0,"href":"https:\/\/camping-parfums-ete.fr\/de\/wp-json\/wp\/v2\/pages\/2898\/revisions"}],"up":[{"embeddable":true,"href":"https:\/\/camping-parfums-ete.fr\/de\/wp-json\/wp\/v2\/pages\/2882"}],"wp:featuredmedia":[{"embeddable":true,"href":"https:\/\/camping-parfums-ete.fr\/de\/wp-json\/wp\/v2\/media\/1898"}],"wp:attachment":[{"href":"https:\/\/camping-parfums-ete.fr\/de\/wp-json\/wp\/v2\/media?parent=2898"}],"wp:term":[{"taxonomy":"category","embeddable":true,"href":"https:\/\/camping-parfums-ete.fr\/de\/wp-json\/wp\/v2\/categories?post=2898"},{"taxonomy":"post_tag","embeddable":true,"href":"https:\/\/camping-parfums-ete.fr\/de\/wp-json\/wp\/v2\/tags?post=2898"}],"curies":[{"name":"wp","href":"https:\/\/api.w.org\/{rel}","templated":true}]}}