{"id":2896,"date":"2025-09-03T14:36:03","date_gmt":"2025-09-03T12:36:03","guid":{"rendered":"https:\/\/camping-parfums-ete.fr\/tourisme-vendee\/maison-de-george-clemenceau\/"},"modified":"2025-09-24T11:15:30","modified_gmt":"2025-09-24T09:15:30","slug":"maison-de-george-clemenceau","status":"publish","type":"page","link":"https:\/\/camping-parfums-ete.fr\/de\/tourismus-vendee\/maison-de-george-clemenceau\/","title":{"rendered":"Haus von George Cl\u00e9menceau"},"content":{"rendered":"\n<p>Auf dem H\u00f6hepunkt seines Ruhmes zog sich der &#8222;Vater des Sieges&#8220; 1919 aus dem politischen Leben zur\u00fcck, in dem er die letzten zehn Jahre seines Lebens Kraft tankte.<\/p>\n\n<p>Zwischen dem Ozean und dem Fischerhaus, das er mietete, ging Georges Clemenceau, ein guter Freund von Claude Monet, die Wette ein, einen &#8222;impressionistischen Garten&#8220; auf der D\u00fcne zu schaffen. Drei Gartentypen umsp\u00fclen die Umgebung dieses Fischerhauses: ein impressionistisch inspirierter Garten vor dem Haus mit Blick auf das Meer, der auch &#8222;Blumenterrasse&#8220; genannt wird, ein pointillistisch inspirierter Strauchgarten (die Spitzen der kleinen, spitz geschnittenen Str\u00e4ucher zittern im Wind) im Osten und schlie\u00dflich ein &#8222;englischer&#8220; Garten, der auch &#8222;Blumengehege&#8220; genannt wird, im Norden. <\/p>\n\n<div class=\"wp-block-group has-custom-color-1-color has-custom-color-2-background-color has-text-color has-background has-link-color wp-elements-c5e2bf088b359e1983bbccc711ef01be has-global-padding is-layout-constrained wp-container-core-group-is-layout-0d0226ac wp-block-group-is-layout-constrained\" style=\"border-left-width:5px;padding-top:20px;padding-right:20px;padding-bottom:20px;padding-left:20px\">\n<p class=\"has-base-2-color has-text-color has-link-color wp-elements-219bd9720075dd9de4987d9dba403f64\"><strong>Praktische Informationen :<\/strong> Entfernung zum Campingplatz : 3 km<\/p>\n<\/div>\n\n<div style=\"height:20px\" aria-hidden=\"true\" class=\"wp-block-spacer gt-hide-mobile\"><\/div>\n\n<div class=\"wp-block-buttons is-layout-flex wp-block-buttons-is-layout-flex\">\n<div class=\"wp-block-button btn-2 is-style-outline is-style-outline--1\"><a class=\"wp-block-button__link has-custom-color-3-color has-text-color has-link-color has-border-color has-custom-color-3-border-color has-custom-font-size wp-element-button\" href=\"https:\/\/www.maison-de-clemenceau.fr\/\" style=\"border-width:2px;border-radius:0px;padding-top:10px;padding-right:30px;padding-bottom:10px;padding-left:30px;font-size:clamp(14.642px, 0.915rem + ((1vw - 3.2px) * 0.766), 22px);font-style:normal;font-weight:600\">\u00d6ffnungszeiten und Preise<\/a><\/div>\n<\/div>\n","protected":false},"excerpt":{"rendered":"<p>Auf dem H\u00f6hepunkt seines Ruhmes zog sich der &#8222;Vater des Sieges&#8220; 1919 aus dem politischen Leben zur\u00fcck, in dem er die letzten zehn Jahre seines Lebens Kraft tankte. Zwischen dem Ozean und dem Fischerhaus, das er mietete, ging Georges Clemenceau, ein guter Freund von Claude Monet, die Wette ein, einen &#8222;impressionistischen Garten&#8220; auf der D\u00fcne [&hellip;]<\/p>\n","protected":false},"author":1,"featured_media":1891,"parent":2882,"menu_order":0,"comment_status":"closed","ping_status":"closed","template":"wp-custom-template-sous-pages-blog-articles","meta":{"_acf_changed":false,"_seopress_robots_primary_cat":"","_seopress_titles_title":"Maison de Georges Clemenceau - Historischer Rundgang in der Vend\u00e9e","_seopress_titles_desc":"Besuchen Sie das Haus von Georges Clemenceau in Saint-Vincent-sur-Jard: historisches Herrenhaus, G\u00e4rten und japanische Kunst. In der N\u00e4he des Campingplatzes Parfums d'\u00c9t\u00e9. ","_seopress_robots_index":"","_gt_ctv_global_id":"","_gt_ctv_id_group":false,"inline_featured_image":false,"gt_fse_maillage_image":"https:\/\/camping-parfums-ete.fr\/wp-content\/uploads\/2025\/09\/blog-1-saint-Vincent-sur-Jard-maison-clemenceaul.webp","gt_fse_maillage_titre":"Haus von George Cl\u00e9menceau","gt_fse_maillage_alt":"Haus von George Cl\u00e9menceau","gt_fse_maillage_resume":"","footnotes":""},"categories":[],"tags":[],"class_list":["post-2896","page","type-page","status-publish","has-post-thumbnail","hentry"],"acf":[],"_links":{"self":[{"href":"https:\/\/camping-parfums-ete.fr\/de\/wp-json\/wp\/v2\/pages\/2896","targetHints":{"allow":["GET"]}}],"collection":[{"href":"https:\/\/camping-parfums-ete.fr\/de\/wp-json\/wp\/v2\/pages"}],"about":[{"href":"https:\/\/camping-parfums-ete.fr\/de\/wp-json\/wp\/v2\/types\/page"}],"author":[{"embeddable":true,"href":"https:\/\/camping-parfums-ete.fr\/de\/wp-json\/wp\/v2\/users\/1"}],"replies":[{"embeddable":true,"href":"https:\/\/camping-parfums-ete.fr\/de\/wp-json\/wp\/v2\/comments?post=2896"}],"version-history":[{"count":0,"href":"https:\/\/camping-parfums-ete.fr\/de\/wp-json\/wp\/v2\/pages\/2896\/revisions"}],"up":[{"embeddable":true,"href":"https:\/\/camping-parfums-ete.fr\/de\/wp-json\/wp\/v2\/pages\/2882"}],"wp:featuredmedia":[{"embeddable":true,"href":"https:\/\/camping-parfums-ete.fr\/de\/wp-json\/wp\/v2\/media\/1891"}],"wp:attachment":[{"href":"https:\/\/camping-parfums-ete.fr\/de\/wp-json\/wp\/v2\/media?parent=2896"}],"wp:term":[{"taxonomy":"category","embeddable":true,"href":"https:\/\/camping-parfums-ete.fr\/de\/wp-json\/wp\/v2\/categories?post=2896"},{"taxonomy":"post_tag","embeddable":true,"href":"https:\/\/camping-parfums-ete.fr\/de\/wp-json\/wp\/v2\/tags?post=2896"}],"curies":[{"name":"wp","href":"https:\/\/api.w.org\/{rel}","templated":true}]}}