{"id":2885,"date":"2025-09-03T11:05:42","date_gmt":"2025-09-03T09:05:42","guid":{"rendered":"https:\/\/camping-parfums-ete.fr\/tourisme-vendee\/camping-tranche-sur-mer\/"},"modified":"2025-09-24T11:15:30","modified_gmt":"2025-09-24T09:15:30","slug":"camping-tranche-sur-mer","status":"publish","type":"page","link":"https:\/\/camping-parfums-ete.fr\/de\/tourismus-vendee\/camping-tranche-sur-mer\/","title":{"rendered":"La Tranche-sur-Mer"},"content":{"rendered":"\n<p>La Tranche-sur-Mer ist ein h\u00fcbscher K\u00fcstenort in der Region Pays-de-la-Loire, im Departement Vend\u00e9e. La Tranche-sur-Mer genie\u00dft eine privilegierte und einzigartige Lage <strong>am Atlantischen Ozean<\/strong> und zieht jedes Jahr zahlreiche Touristen an, die sich an der ruhigen und friedlichen K\u00fcste entspannen wollen. Wenn Sie mehr \u00fcber diese besondere Gemeinde in der Vend\u00e9e erfahren m\u00f6chten, finden Sie hier die wichtigsten Fakten.  <\/p>\n\n<h2 class=\"wp-block-heading has-custom-color-1-color has-text-color has-link-color has-retcaro-font-family wp-elements-bba2c735ea1eaa4419702e446565f79a\" style=\"font-size:clamp(1.743rem, 1.743rem + ((1vw - 0.2rem) * 2.095), 3rem);line-height:1\">La Tranche-sur-Mer besuchen<\/h2>\n\n<p>Die Gemeinde <strong>La Tranche-sur-Mer<\/strong> bietet ihren Einwohnern und Besuchern 13 einzigartige Kilometer feinen Sandstrand, der zum Entspannen und Baden einl\u00e4dt. Neben der sch\u00f6nen Landschaft und der au\u00dfergew\u00f6hnlichen K\u00fcste profitiert La Tranche-sur-Mer auch von einem g\u00fcnstigen Klima. Der Sonnenschein innerhalb der Gemeinde ist einzigartig und fast das ganze Jahr \u00fcber vorhanden, auch in Jahreszeiten, in denen er normalerweise unerwartet ist.  <\/p>\n\n<p>La Tranche-sur-Mer liegt gegen\u00fcber der ber\u00fchmten <strong>\u00cele de R\u00e9<\/strong> und bietet mit seinem 9 km langen, nach S\u00fcden ausgerichteten Strand ein angenehmes und aufregendes Panorama zum Sonnenbaden. Die Zeit und die fortschreitende Bebauung konnten der aufregenden Authentizit\u00e4t dieses Ortes nichts anhaben, der dank der ihn umgebenden W\u00e4lder von Ver\u00e4nderungen verschont geblieben ist. <\/p>\n\n<p>La <a href=\"https:\/\/www.latranchesurmer-tourisme.fr\/\">Tranche-sur-Mer<\/a> ist so friedlich und fr\u00f6hlich, dass es mit dem <strong>G\u00fctesiegel &#8222;Famille Plus&#8220;<\/strong> ausgezeichnet wurde. Dieses best\u00e4tigt, dass die Gemeinde in der Vend\u00e9e daf\u00fcr geeignet ist, Familien einen herzlichen und angenehmen Empfang zu bereiten, mit Entspannungs- und Freizeitbereichen, die sowohl f\u00fcr Erwachsene als auch f\u00fcr Kinder geeignet sind. <\/p>\n\n<p>In der Gemeinde gibt es eine Vielzahl von Aktivit\u00e4ten, insbesondere solche, die mit dem Meer zu tun haben, wie Surfen, Angeln, Kreuzfahrten oder Tauchen.<\/p>\n\n<h2 class=\"wp-block-heading has-custom-color-1-color has-text-color has-link-color has-retcaro-font-family wp-elements-c7b04ed753ae53931731a2abefd69552\" style=\"font-size:clamp(1.743rem, 1.743rem + ((1vw - 0.2rem) * 2.095), 3rem);line-height:1\">Was kann man in der Umgebung von La Tranche-sur-Mer in der Vend\u00e9e unternehmen?<\/h2>\n\n<p>Neben den Aktivit\u00e4ten und der wunderbaren Zeit, die man in <strong>La Tranche-sur-Mer<\/strong> verbringen kann, ist die Stadt auch von aufregenden Zielen umgeben. Das gilt zum Beispiel f\u00fcr Les <a href=\"https:\/\/camping-parfums-ete.fr\/alentours\/sables-dolonne\/\">Sables d&#8217;Olonne<\/a>, eine ebenso attraktive Nachbargemeinde mit zahlreichen historischen Denkm\u00e4lern und spannenden Aktivit\u00e4ten, zu denen auch <a href=\"https:\/\/camping-parfums-ete.fr\/alentours\/zoo-des-sables\/\">der Zoo<\/a> geh\u00f6rt, in dem \u00fcber 500 Tierarten leben. <\/p>\n\n<p>Ebenfalls in der N\u00e4he von La Tranche-sur-Mer liegt das charmante kleine Dorf <strong>Jard-sur-Mer<\/strong>, das Sie an der Atlantikk\u00fcste der Vend\u00e9e empf\u00e4ngt. <a href=\"https:\/\/camping-parfums-ete.fr\/alentours\/jard-sur-mer\/\">Jard-sur-Mer<\/a> ist wegen seiner feinen Sandstr\u00e4nde, Wassersportm\u00f6glichkeiten und Restaurants ein beliebtes Urlaubsziel und bietet dar\u00fcber hinaus kulturelle Aktivit\u00e4ten wie Musik- und Gastronomiefestivals. Au\u00dferdem k\u00f6nnen Sie den Yachthafen entdecken, der ein idealer Ausgangspunkt f\u00fcr Ausfl\u00fcge auf dem Meer ist. Naturliebhaber k\u00f6nnen den Wald von Jard und die Salzg\u00e4rten erkunden, die eine einzigartige Flora und Fauna beherbergen. Au\u00dferdem sind sie friedliche Orte, an denen man gut spazieren gehen kann.    <\/p>\n\n<p>In der N\u00e4he von La Tranche-sur-Mer k\u00f6nnen Sie auch die bereits erw\u00e4hnte<a href=\"https:\/\/www.iledere.com\/\" target=\"_blank\" rel=\"noreferrer noopener\">\u00cele de R\u00e9<\/a>, den ber\u00fchmtesten Teil des Charente-Archipels, entdecken. Bei einem Besuch der \u00cele de R\u00e9 k\u00f6nnen Sie eine ganze Reihe von Sehensw\u00fcrdigkeiten wie den <strong>Phare des Baleines<\/strong> oder <strong>die<\/strong> \u00fcber 700 Jahre alte <strong>Abtei Les Ch\u00e2teliers<\/strong> entdecken. <\/p>\n\n<p>In der Umgebung von La Tranche-sur-Mer in der Vend\u00e9e warten viele weitere tolle Ziele auf Sie.<\/p>\n\n<h2 class=\"wp-block-heading has-custom-color-1-color has-text-color has-link-color has-retcaro-font-family wp-elements-b756e14c59d20c8a8f11b9ec233bcd45\" style=\"font-size:clamp(1.743rem, 1.743rem + ((1vw - 0.2rem) * 2.095), 3rem);line-height:1\">Wo kann man in der N\u00e4he von La Tranche-sur-Mer \u00fcbernachten?<\/h2>\n\n<p>Der <strong>Campingplatz Vend\u00e9e bord de mer<\/strong> Parfums d&#8217;\u00e9t\u00e9 in Jard-sur-Mer liegt nur wenige Autominuten von der Gemeinde La <strong>Tranche-sur-Mer<\/strong> entfernt. Dieser Campingplatz mit seinem herzlichen Empfang und seiner fr\u00f6hlichen Atmosph\u00e4re empf\u00e4ngt Sie in seinen zahlreichen <strong>Mobilheimen<\/strong> und <strong>Stellpl\u00e4tzen<\/strong>, wo Sie sich f\u00fcr die Dauer Ihres Aufenthalts entspannen k\u00f6nnen. Dieser <strong>4-Sterne-Campingplatz<\/strong> bietet Ihnen einen hochwertigen Service mit optimalem Komfort und mehreren Entspannungsaktivit\u00e4ten. Er liegt nur <strong>400 Meter vom Meer<\/strong> entfernt, so dass die Camper in wenigen Minuten im <strong>Meer<\/strong> schwimmen k\u00f6nnen.   <\/p>\n\n<p>Der <strong>Campingplatz in Jard sur Mer<\/strong>, Parfums d&#8217;\u00e9t\u00e9 ist ein Campingplatz inmitten der Natur in der Vend\u00e9e, von dem aus Sie schnell auf Fahrradwege gelangen, auf denen Sie sich die Beine vertreten und ein wenig Sport treiben k\u00f6nnen, w\u00e4hrend Sie die Umgebung erkunden. Es ist auch m\u00f6glich, direkt vom Campingplatz aus zu wandern. Abenteuerlustige k\u00f6nnen kilometerlange Strecken inmitten der Natur zur\u00fccklegen, um neue Energie zu tanken. <\/p>\n\n<p>Boulepl\u00e4tze, Tischtennisplatten, Multisportpl\u00e4tze und Animationen am Jachthafen geh\u00f6ren ebenfalls zu den Aktivit\u00e4ten, die auf diesem <strong>Campingplatz an der Atlantikk\u00fcste<\/strong> angeboten werden.<\/p>\n","protected":false},"excerpt":{"rendered":"<p>La Tranche-sur-Mer ist ein h\u00fcbscher K\u00fcstenort in der Region Pays-de-la-Loire, im Departement Vend\u00e9e. La Tranche-sur-Mer genie\u00dft eine privilegierte und einzigartige Lage am Atlantischen Ozean und zieht jedes Jahr zahlreiche Touristen an, die sich an der ruhigen und friedlichen K\u00fcste entspannen wollen. Wenn Sie mehr \u00fcber diese besondere Gemeinde in der Vend\u00e9e erfahren m\u00f6chten, finden Sie [&hellip;]<\/p>\n","protected":false},"author":1,"featured_media":1648,"parent":2882,"menu_order":0,"comment_status":"closed","ping_status":"closed","template":"wp-custom-template-sous-pages-blog-articles","meta":{"_acf_changed":false,"_seopress_robots_primary_cat":"","_seopress_titles_title":"Campingplatz in der N\u00e4he von La Tranche-sur-Mer - Aufenthalt in der Vend\u00e9e","_seopress_titles_desc":"\u00dcbernachten Sie auf dem Campingplatz Parfums d'\u00c9t\u00e9 in der N\u00e4he von La Tranche-sur-Mer: Mobilheime, beheiztes Schwimmbad und einfacher Zugang zu Str\u00e4nden und Gesch\u00e4ften.","_seopress_robots_index":"","_gt_ctv_global_id":"","_gt_ctv_id_group":false,"inline_featured_image":false,"gt_fse_maillage_image":"https:\/\/camping-parfums-ete.fr\/wp-content\/uploads\/2025\/09\/blog-1-La-Tranche-sur-Mer.webp","gt_fse_maillage_titre":"La Tranche-sur-Mer","gt_fse_maillage_alt":"La Tranche-sur-Mer","gt_fse_maillage_resume":"","footnotes":""},"categories":[],"tags":[],"class_list":["post-2885","page","type-page","status-publish","has-post-thumbnail","hentry"],"acf":[],"_links":{"self":[{"href":"https:\/\/camping-parfums-ete.fr\/de\/wp-json\/wp\/v2\/pages\/2885","targetHints":{"allow":["GET"]}}],"collection":[{"href":"https:\/\/camping-parfums-ete.fr\/de\/wp-json\/wp\/v2\/pages"}],"about":[{"href":"https:\/\/camping-parfums-ete.fr\/de\/wp-json\/wp\/v2\/types\/page"}],"author":[{"embeddable":true,"href":"https:\/\/camping-parfums-ete.fr\/de\/wp-json\/wp\/v2\/users\/1"}],"replies":[{"embeddable":true,"href":"https:\/\/camping-parfums-ete.fr\/de\/wp-json\/wp\/v2\/comments?post=2885"}],"version-history":[{"count":0,"href":"https:\/\/camping-parfums-ete.fr\/de\/wp-json\/wp\/v2\/pages\/2885\/revisions"}],"up":[{"embeddable":true,"href":"https:\/\/camping-parfums-ete.fr\/de\/wp-json\/wp\/v2\/pages\/2882"}],"wp:featuredmedia":[{"embeddable":true,"href":"https:\/\/camping-parfums-ete.fr\/de\/wp-json\/wp\/v2\/media\/1648"}],"wp:attachment":[{"href":"https:\/\/camping-parfums-ete.fr\/de\/wp-json\/wp\/v2\/media?parent=2885"}],"wp:term":[{"taxonomy":"category","embeddable":true,"href":"https:\/\/camping-parfums-ete.fr\/de\/wp-json\/wp\/v2\/categories?post=2885"},{"taxonomy":"post_tag","embeddable":true,"href":"https:\/\/camping-parfums-ete.fr\/de\/wp-json\/wp\/v2\/tags?post=2885"}],"curies":[{"name":"wp","href":"https:\/\/api.w.org\/{rel}","templated":true}]}}