{"id":2850,"date":"2025-09-02T13:46:02","date_gmt":"2025-09-02T11:46:02","guid":{"rendered":"https:\/\/camping-parfums-ete.fr\/aquarium-de-vendee\/"},"modified":"2025-09-24T11:15:32","modified_gmt":"2025-09-24T09:15:32","slug":"aquarium-de-vendee","status":"publish","type":"page","link":"https:\/\/camping-parfums-ete.fr\/de\/tourismus-vendee\/aquarium-de-vendee\/","title":{"rendered":"Aquarium der Vend\u00e9e"},"content":{"rendered":"\n<h2 class=\"wp-block-heading has-custom-color-1-color has-text-color has-link-color has-retcaro-font-family wp-elements-a95a2456416496b9af0410ac606bbf95\" style=\"font-size:clamp(1.743rem, 1.743rem + ((1vw - 0.2rem) * 2.095), 3rem);line-height:1\">Ein faszinierendes Eintauchen in die Meereswelt<\/h2>\n\n<p>Das Aquarium de Vend\u00e9e ist ein \u00fcberschaubares Aquarium in Talmont Saint Hilaire, das einen fantastischen Besuch im Herzen des Meereslebens anbietet. Entdecken Sie mehr als 500 au\u00dfergew\u00f6hnliche Arten in drei verschiedenen Welten, die die vier Ecken der Meereswelt repr\u00e4sentieren. <\/p>\n\n<p>Dieses Aquarium liegt nur 13 km von Ihrem Campingplatz entfernt und bietet ein perfektes immersives Erlebnis f\u00fcr die ganze Familie. Mit ganzj\u00e4hriger Animation, kostenlosen Parkpl\u00e4tzen, einem Imbiss in der Saison und einem vollst\u00e4ndig behindertengerechten Gel\u00e4nde ist es ein idealer Ausflug w\u00e4hrend Ihres Urlaubs in der Vend\u00e9e. <\/p>\n\n<div class=\"wp-block-group has-custom-color-1-color has-custom-color-2-background-color has-text-color has-background has-link-color wp-elements-42f70a4bf9111416676502fb33832c4e has-global-padding is-layout-constrained wp-container-core-group-is-layout-0d0226ac wp-block-group-is-layout-constrained\" style=\"border-left-width:5px;padding-top:20px;padding-right:20px;padding-bottom:20px;padding-left:20px\">\n<p class=\"has-base-2-color has-text-color has-link-color wp-elements-41171c72ceae5ec8b995bb8e3c442f9e\"><strong>Praktische Informationen :<\/strong> Entfernung zum Campingplatz : 13 km &#8211; Kostenlose Parkpl\u00e4tze &#8211; Zug\u00e4nglich f\u00fcr Personen mit eingeschr\u00e4nkter Mobilit\u00e4t &#8211; Ganzj\u00e4hriges Unterhaltungsprogramm<\/p>\n<\/div>\n\n<div style=\"height:20px\" aria-hidden=\"true\" class=\"wp-block-spacer gt-hide-mobile\"><\/div>\n\n<div class=\"wp-block-buttons is-layout-flex wp-block-buttons-is-layout-flex\">\n<div class=\"wp-block-button btn-2 is-style-outline is-style-outline--1\"><a class=\"wp-block-button__link has-custom-color-3-color has-text-color has-link-color has-border-color has-custom-color-3-border-color has-custom-font-size wp-element-button\" href=\"https:\/\/www.aquarium-vendee.com\/\" style=\"border-width:2px;border-radius:0px;padding-top:10px;padding-right:30px;padding-bottom:10px;padding-left:30px;font-size:clamp(14.642px, 0.915rem + ((1vw - 3.2px) * 0.766), 22px);font-style:normal;font-weight:600\">\u00d6ffnungszeiten und Preise<\/a><\/div>\n<\/div>\n","protected":false},"excerpt":{"rendered":"<p>Ein faszinierendes Eintauchen in die Meereswelt Das Aquarium de Vend\u00e9e ist ein \u00fcberschaubares Aquarium in Talmont Saint Hilaire, das einen fantastischen Besuch im Herzen des Meereslebens anbietet. Entdecken Sie mehr als 500 au\u00dfergew\u00f6hnliche Arten in drei verschiedenen Welten, die die vier Ecken der Meereswelt repr\u00e4sentieren. Dieses Aquarium liegt nur 13 km von Ihrem Campingplatz entfernt [&hellip;]<\/p>\n","protected":false},"author":1,"featured_media":1618,"parent":2882,"menu_order":26,"comment_status":"closed","ping_status":"closed","template":"wp-custom-template-sous-pages-blog-articles","meta":{"_acf_changed":false,"_seopress_robots_primary_cat":"","_seopress_titles_title":"Aquarium de Vend\u00e9e - Eintauchen in die Weltmeere","_seopress_titles_desc":"Das Aquarium der Vend\u00e9e, 30 Minuten vom Campingplatz Parfums d'\u00c9t\u00e9 entfernt, zeigt eine Vielzahl von Meerestieren in einer immersiven Umgebung.","_seopress_robots_index":"","_gt_ctv_global_id":"","_gt_ctv_id_group":false,"inline_featured_image":false,"gt_fse_maillage_image":"https:\/\/camping-parfums-ete.fr\/wp-content\/uploads\/2025\/09\/blog-1-aquariumvendee.webp","gt_fse_maillage_titre":"Automatischer Entwurf","gt_fse_maillage_alt":"Automatischer Entwurf","gt_fse_maillage_resume":"","footnotes":""},"categories":[],"tags":[],"class_list":["post-2850","page","type-page","status-publish","has-post-thumbnail","hentry"],"acf":[],"_links":{"self":[{"href":"https:\/\/camping-parfums-ete.fr\/de\/wp-json\/wp\/v2\/pages\/2850","targetHints":{"allow":["GET"]}}],"collection":[{"href":"https:\/\/camping-parfums-ete.fr\/de\/wp-json\/wp\/v2\/pages"}],"about":[{"href":"https:\/\/camping-parfums-ete.fr\/de\/wp-json\/wp\/v2\/types\/page"}],"author":[{"embeddable":true,"href":"https:\/\/camping-parfums-ete.fr\/de\/wp-json\/wp\/v2\/users\/1"}],"replies":[{"embeddable":true,"href":"https:\/\/camping-parfums-ete.fr\/de\/wp-json\/wp\/v2\/comments?post=2850"}],"version-history":[{"count":0,"href":"https:\/\/camping-parfums-ete.fr\/de\/wp-json\/wp\/v2\/pages\/2850\/revisions"}],"up":[{"embeddable":true,"href":"https:\/\/camping-parfums-ete.fr\/de\/wp-json\/wp\/v2\/pages\/2882"}],"wp:featuredmedia":[{"embeddable":true,"href":"https:\/\/camping-parfums-ete.fr\/de\/wp-json\/wp\/v2\/media\/1618"}],"wp:attachment":[{"href":"https:\/\/camping-parfums-ete.fr\/de\/wp-json\/wp\/v2\/media?parent=2850"}],"wp:term":[{"taxonomy":"category","embeddable":true,"href":"https:\/\/camping-parfums-ete.fr\/de\/wp-json\/wp\/v2\/categories?post=2850"},{"taxonomy":"post_tag","embeddable":true,"href":"https:\/\/camping-parfums-ete.fr\/de\/wp-json\/wp\/v2\/tags?post=2850"}],"curies":[{"name":"wp","href":"https:\/\/api.w.org\/{rel}","templated":true}]}}